{"id":92,"date":"2023-06-07T11:03:26","date_gmt":"2023-06-07T09:03:26","guid":{"rendered":"https:\/\/www.schlossnotdienst-hamburg.de\/sicherheitstechnik-grindel\/?page_id=92"},"modified":"2023-06-09T12:09:29","modified_gmt":"2023-06-09T10:09:29","slug":"einbau-einer-stark-erhoehten-einbruchhemmung-2","status":"publish","type":"page","link":"https:\/\/www.schlossnotdienst-hamburg.de\/sicherheitstechnik-grindel\/news\/einbau-einer-stark-erhoehten-einbruchhemmung-2\/","title":{"rendered":"Einbau einer stark erh\u00f6hten Einbruchhemmung"},"content":{"rendered":"<h1>Einbau einer stark erh\u00f6hten Einbruchhemmung<\/h1>\n<p>&nbsp;&nbsp;<\/p>\n<p><img decoding=\"async\" src=\"https:\/\/www.schlossnotdienst-hamburg.de\/sicherheitstechnik-grindel\/wp-content\/uploads\/Einbruchhemmung-1.jpg\" alt=\"Einbau einer stark erh\u00f6hten Einbruchhemmung\" \/><\/p>\n<p>&nbsp;&nbsp;<\/p>\n<p><img decoding=\"async\" src=\"https:\/\/www.schlossnotdienst-hamburg.de\/sicherheitstechnik-grindel\/wp-content\/uploads\/Einbruchhemmung-2.jpg\" alt=\"Einbau einer stark erh\u00f6hten Einbruchhemmung\" \/><\/p>\n<p>&nbsp;&nbsp;<\/p>\n<p><img decoding=\"async\" src=\"https:\/\/www.schlossnotdienst-hamburg.de\/sicherheitstechnik-grindel\/wp-content\/uploads\/Einbruchhemmung-3.jpg\" alt=\"Einbau einer stark erh\u00f6hten Einbruchhemmung\" \/><\/p>\n<p>&nbsp;&nbsp;<\/p>\n<p>Oft spricht man von Einbruchschutz, doch korrekterweise m\u00fcsste man von Einbruchhemmung sprechen. Denn die eingesetzten Mittel, um den Zugang zu dem gesch\u00fctzten Bereich zu erzwingen, werden immer ins Verh\u00e4ltnis gesetzt zu der dem Eindringling zur Verf\u00fcgung stehenden Zeit und zu seiner Erfahrung.<\/p>\n<p>In den meisten F\u00e4llen versuchen sich Einbrecher zun\u00e4chst an der T\u00fcr des Geb\u00e4udes. Die T\u00fcr ist also das wichtigste Elemente der \u00e4u\u00dferen Geb\u00e4udeh\u00fclle, das gesichert werden muss.<\/p>\n<p>Generell sind bei der Bildung von Geb\u00e4udeabschnitten (Einbruchhemmung, Brandschutz, Schalld\u00e4mmung \u2026) immer die Geb\u00e4ude\u00f6ffnungen der Schwachpunkt.<\/p>\n<h3>24h-Notfallservice<\/h3>\n<p><a href=\\\"tel:+4940447985\\\"><font size=\\\"+4\\\">040 &#8211; 44 79 85<\/font><\/a> <\/p>\n<p><strong>\u00dcbrigens &#8222;arbeiten&#8220; Einbrecher auch tags\u00fcber!<\/strong><\/p>\n<p>Die Statistiken bringen es ans Licht. Einbrecher gehen nicht nur im Schutze der Dunkelheit ans Werk, sondern ebenso h\u00e4ufig am hellen Tag. Wenn die Bewohner au\u00dfer Haus sind. Sch\u00fctzen Sie sich also rund um die Uhr!<\/p>\n<p><strong>Sie sollten Einbrecher nicht \u201eeinladen\u201c!<\/strong><\/p>\n<p>Denken Sie daran: Das Sprichwort \u201eGelegenheit macht Diebe\u201c gilt nach wie vor! Wer mal eben das Haus verl\u00e4sst und die Fenster gekippt l\u00e4sst oder die Haust\u00fcr nur zuzieht,, l\u00e4dt zum Einbruch geradezu ein. Denn die meisten Einbrecher sind Gelegenheitst\u00e4ter. Die auf Schwachpunkte am Haus aufmerksam werden.<\/p>\n<p><strong>Unsere Tipp: mechanische T\u00fcrsicherung!<\/strong><\/p>\n<p>Etwa die H\u00e4lfte aller Einbrecher w\u00e4hlt die Eingangst\u00fcren zum Eindringen in die Zielr\u00e4ume. Typische Angriffspunkte an einer T\u00fcr sind schwache Schlie\u00dfbleche. Ferner vorstehende Zylinder und abschraubbare T\u00fcrschilder. Laut Statistik werden die meisten T\u00fcren mit einfachsten Mitteln aufgehebelt. Machen Sie es dem Einbrecher nicht so leicht! Eine gute mechanische Sicherung kann Einbr\u00fcche wirkungsvoll verhindern. Denn Einbrecher geben recht schnell auf, wenn sie nicht binnen kurzer Zeit ins Haus gelangen. <\/p>\n<p>&nbsp;&nbsp;<\/p>\n<p><a href=\"https:\/\/www.schlossnotdienst-hamburg.de\/sicherheitstechnik-grindel\/news\/\">&raquo; Zur News-\u00dcbersicht<\/a><\/p>\n","protected":false},"excerpt":{"rendered":"<p>Einbau einer stark erh\u00f6hten Einbruchhemmung &nbsp;&nbsp; &nbsp;&nbsp; &nbsp;&nbsp; &nbsp;&nbsp; Oft spricht man von Einbruchschutz, doch korrekterweise m\u00fcsste man von Einbruchhemmung sprechen. Denn die eingesetzten Mittel, um den Zugang zu dem gesch\u00fctzten Bereich zu erzwingen, werden immer ins Verh\u00e4ltnis gesetzt zu der dem Eindringling zur Verf\u00fcgung stehenden Zeit und zu seiner Erfahrung. In den meisten F\u00e4llen &hellip; <a href=\"https:\/\/www.schlossnotdienst-hamburg.de\/sicherheitstechnik-grindel\/news\/einbau-einer-stark-erhoehten-einbruchhemmung-2\/\" class=\"more-link\"><span class=\"screen-reader-text\">\u201eEinbau einer stark erh\u00f6hten Einbruchhemmung\u201c <\/span>weiterlesen<\/a><\/p>\n","protected":false},"author":1,"featured_media":0,"parent":58,"menu_order":81,"comment_status":"closed","ping_status":"closed","template":"","meta":{"footnotes":""},"class_list":["post-92","page","type-page","status-publish","hentry"],"yoast_head":"<!-- This site is optimized with the Yoast SEO plugin v26.9 - https:\/\/yoast.com\/product\/yoast-seo-wordpress\/ -->\n<title>Einbau einer stark erh\u00f6hten Einbruchhemmung<\/title>\n<meta name=\"robots\" content=\"index, follow, max-snippet:-1, max-image-preview:large, max-video-preview:-1\" \/>\n<link rel=\"canonical\" href=\"https:\/\/www.schlossnotdienst-hamburg.de\/sicherheitstechnik-grindel\/news\/einbau-einer-stark-erhoehten-einbruchhemmung-2\/\" \/>\n<meta property=\"og:locale\" content=\"de_DE\" \/>\n<meta property=\"og:type\" content=\"article\" \/>\n<meta property=\"og:title\" content=\"Einbau einer stark erh\u00f6hten Einbruchhemmung\" \/>\n<meta property=\"og:description\" content=\"Einbau einer stark erh\u00f6hten Einbruchhemmung &nbsp;&nbsp; &nbsp;&nbsp; &nbsp;&nbsp; &nbsp;&nbsp; Oft spricht man von Einbruchschutz, doch korrekterweise m\u00fcsste man von Einbruchhemmung sprechen. Denn die eingesetzten Mittel, um den Zugang zu dem gesch\u00fctzten Bereich zu erzwingen, werden immer ins Verh\u00e4ltnis gesetzt zu der dem Eindringling zur Verf\u00fcgung stehenden Zeit und zu seiner Erfahrung. In den meisten F\u00e4llen &hellip; \u201eEinbau einer stark erh\u00f6hten Einbruchhemmung\u201c weiterlesen\" \/>\n<meta property=\"og:url\" content=\"https:\/\/www.schlossnotdienst-hamburg.de\/sicherheitstechnik-grindel\/news\/einbau-einer-stark-erhoehten-einbruchhemmung-2\/\" \/>\n<meta property=\"og:site_name\" content=\"Sicherheitstechnik Grindel\" \/>\n<meta property=\"article:modified_time\" content=\"2023-06-09T10:09:29+00:00\" \/>\n<meta property=\"og:image\" content=\"https:\/\/www.schlossnotdienst-hamburg.de\/sicherheitstechnik-grindel\/wp-content\/uploads\/Einbruchhemmung-1.jpg\" \/>\n<meta name=\"twitter:card\" content=\"summary_large_image\" \/>\n<meta name=\"twitter:label1\" content=\"Gesch\u00e4tzte Lesezeit\" \/>\n\t<meta name=\"twitter:data1\" content=\"3\u00a0Minuten\" \/>\n<script type=\"application\/ld+json\" class=\"yoast-schema-graph\">{\"@context\":\"https:\/\/schema.org\",\"@graph\":[{\"@type\":\"WebPage\",\"@id\":\"https:\/\/www.schlossnotdienst-hamburg.de\/sicherheitstechnik-grindel\/news\/einbau-einer-stark-erhoehten-einbruchhemmung-2\/\",\"url\":\"https:\/\/www.schlossnotdienst-hamburg.de\/sicherheitstechnik-grindel\/news\/einbau-einer-stark-erhoehten-einbruchhemmung-2\/\",\"name\":\"Einbau einer stark erh\u00f6hten Einbruchhemmung\",\"isPartOf\":{\"@id\":\"https:\/\/www.schlossnotdienst-hamburg.de\/sicherheitstechnik-grindel\/#website\"},\"primaryImageOfPage\":{\"@id\":\"https:\/\/www.schlossnotdienst-hamburg.de\/sicherheitstechnik-grindel\/news\/einbau-einer-stark-erhoehten-einbruchhemmung-2\/#primaryimage\"},\"image\":{\"@id\":\"https:\/\/www.schlossnotdienst-hamburg.de\/sicherheitstechnik-grindel\/news\/einbau-einer-stark-erhoehten-einbruchhemmung-2\/#primaryimage\"},\"thumbnailUrl\":\"https:\/\/www.schlossnotdienst-hamburg.de\/sicherheitstechnik-grindel\/wp-content\/uploads\/Einbruchhemmung-1.jpg\",\"datePublished\":\"2023-06-07T09:03:26+00:00\",\"dateModified\":\"2023-06-09T10:09:29+00:00\",\"breadcrumb\":{\"@id\":\"https:\/\/www.schlossnotdienst-hamburg.de\/sicherheitstechnik-grindel\/news\/einbau-einer-stark-erhoehten-einbruchhemmung-2\/#breadcrumb\"},\"inLanguage\":\"de\",\"potentialAction\":[{\"@type\":\"ReadAction\",\"target\":[\"https:\/\/www.schlossnotdienst-hamburg.de\/sicherheitstechnik-grindel\/news\/einbau-einer-stark-erhoehten-einbruchhemmung-2\/\"]}]},{\"@type\":\"ImageObject\",\"inLanguage\":\"de\",\"@id\":\"https:\/\/www.schlossnotdienst-hamburg.de\/sicherheitstechnik-grindel\/news\/einbau-einer-stark-erhoehten-einbruchhemmung-2\/#primaryimage\",\"url\":\"https:\/\/www.schlossnotdienst-hamburg.de\/sicherheitstechnik-grindel\/wp-content\/uploads\/Einbruchhemmung-1.jpg\",\"contentUrl\":\"https:\/\/www.schlossnotdienst-hamburg.de\/sicherheitstechnik-grindel\/wp-content\/uploads\/Einbruchhemmung-1.jpg\",\"width\":412,\"height\":550},{\"@type\":\"BreadcrumbList\",\"@id\":\"https:\/\/www.schlossnotdienst-hamburg.de\/sicherheitstechnik-grindel\/news\/einbau-einer-stark-erhoehten-einbruchhemmung-2\/#breadcrumb\",\"itemListElement\":[{\"@type\":\"ListItem\",\"position\":1,\"name\":\"Startseite\",\"item\":\"https:\/\/www.schlossnotdienst-hamburg.de\/sicherheitstechnik-grindel\/\"},{\"@type\":\"ListItem\",\"position\":2,\"name\":\"News\",\"item\":\"https:\/\/www.schlossnotdienst-hamburg.de\/sicherheitstechnik-grindel\/news\/\"},{\"@type\":\"ListItem\",\"position\":3,\"name\":\"Einbau einer stark erh\u00f6hten Einbruchhemmung\"}]},{\"@type\":\"WebSite\",\"@id\":\"https:\/\/www.schlossnotdienst-hamburg.de\/sicherheitstechnik-grindel\/#website\",\"url\":\"https:\/\/www.schlossnotdienst-hamburg.de\/sicherheitstechnik-grindel\/\",\"name\":\"Sicherheitstechnik Grindel\",\"description\":\"\",\"potentialAction\":[{\"@type\":\"SearchAction\",\"target\":{\"@type\":\"EntryPoint\",\"urlTemplate\":\"https:\/\/www.schlossnotdienst-hamburg.de\/sicherheitstechnik-grindel\/?s={search_term_string}\"},\"query-input\":{\"@type\":\"PropertyValueSpecification\",\"valueRequired\":true,\"valueName\":\"search_term_string\"}}],\"inLanguage\":\"de\"}]}<\/script>\n<!-- \/ Yoast SEO plugin. -->","yoast_head_json":{"title":"Einbau einer stark erh\u00f6hten Einbruchhemmung","robots":{"index":"index","follow":"follow","max-snippet":"max-snippet:-1","max-image-preview":"max-image-preview:large","max-video-preview":"max-video-preview:-1"},"canonical":"https:\/\/www.schlossnotdienst-hamburg.de\/sicherheitstechnik-grindel\/news\/einbau-einer-stark-erhoehten-einbruchhemmung-2\/","og_locale":"de_DE","og_type":"article","og_title":"Einbau einer stark erh\u00f6hten Einbruchhemmung","og_description":"Einbau einer stark erh\u00f6hten Einbruchhemmung &nbsp;&nbsp; &nbsp;&nbsp; &nbsp;&nbsp; &nbsp;&nbsp; Oft spricht man von Einbruchschutz, doch korrekterweise m\u00fcsste man von Einbruchhemmung sprechen. Denn die eingesetzten Mittel, um den Zugang zu dem gesch\u00fctzten Bereich zu erzwingen, werden immer ins Verh\u00e4ltnis gesetzt zu der dem Eindringling zur Verf\u00fcgung stehenden Zeit und zu seiner Erfahrung. In den meisten F\u00e4llen &hellip; \u201eEinbau einer stark erh\u00f6hten Einbruchhemmung\u201c weiterlesen","og_url":"https:\/\/www.schlossnotdienst-hamburg.de\/sicherheitstechnik-grindel\/news\/einbau-einer-stark-erhoehten-einbruchhemmung-2\/","og_site_name":"Sicherheitstechnik Grindel","article_modified_time":"2023-06-09T10:09:29+00:00","og_image":[{"url":"https:\/\/www.schlossnotdienst-hamburg.de\/sicherheitstechnik-grindel\/wp-content\/uploads\/Einbruchhemmung-1.jpg","type":"","width":"","height":""}],"twitter_card":"summary_large_image","twitter_misc":{"Gesch\u00e4tzte Lesezeit":"3\u00a0Minuten"},"schema":{"@context":"https:\/\/schema.org","@graph":[{"@type":"WebPage","@id":"https:\/\/www.schlossnotdienst-hamburg.de\/sicherheitstechnik-grindel\/news\/einbau-einer-stark-erhoehten-einbruchhemmung-2\/","url":"https:\/\/www.schlossnotdienst-hamburg.de\/sicherheitstechnik-grindel\/news\/einbau-einer-stark-erhoehten-einbruchhemmung-2\/","name":"Einbau einer stark erh\u00f6hten Einbruchhemmung","isPartOf":{"@id":"https:\/\/www.schlossnotdienst-hamburg.de\/sicherheitstechnik-grindel\/#website"},"primaryImageOfPage":{"@id":"https:\/\/www.schlossnotdienst-hamburg.de\/sicherheitstechnik-grindel\/news\/einbau-einer-stark-erhoehten-einbruchhemmung-2\/#primaryimage"},"image":{"@id":"https:\/\/www.schlossnotdienst-hamburg.de\/sicherheitstechnik-grindel\/news\/einbau-einer-stark-erhoehten-einbruchhemmung-2\/#primaryimage"},"thumbnailUrl":"https:\/\/www.schlossnotdienst-hamburg.de\/sicherheitstechnik-grindel\/wp-content\/uploads\/Einbruchhemmung-1.jpg","datePublished":"2023-06-07T09:03:26+00:00","dateModified":"2023-06-09T10:09:29+00:00","breadcrumb":{"@id":"https:\/\/www.schlossnotdienst-hamburg.de\/sicherheitstechnik-grindel\/news\/einbau-einer-stark-erhoehten-einbruchhemmung-2\/#breadcrumb"},"inLanguage":"de","potentialAction":[{"@type":"ReadAction","target":["https:\/\/www.schlossnotdienst-hamburg.de\/sicherheitstechnik-grindel\/news\/einbau-einer-stark-erhoehten-einbruchhemmung-2\/"]}]},{"@type":"ImageObject","inLanguage":"de","@id":"https:\/\/www.schlossnotdienst-hamburg.de\/sicherheitstechnik-grindel\/news\/einbau-einer-stark-erhoehten-einbruchhemmung-2\/#primaryimage","url":"https:\/\/www.schlossnotdienst-hamburg.de\/sicherheitstechnik-grindel\/wp-content\/uploads\/Einbruchhemmung-1.jpg","contentUrl":"https:\/\/www.schlossnotdienst-hamburg.de\/sicherheitstechnik-grindel\/wp-content\/uploads\/Einbruchhemmung-1.jpg","width":412,"height":550},{"@type":"BreadcrumbList","@id":"https:\/\/www.schlossnotdienst-hamburg.de\/sicherheitstechnik-grindel\/news\/einbau-einer-stark-erhoehten-einbruchhemmung-2\/#breadcrumb","itemListElement":[{"@type":"ListItem","position":1,"name":"Startseite","item":"https:\/\/www.schlossnotdienst-hamburg.de\/sicherheitstechnik-grindel\/"},{"@type":"ListItem","position":2,"name":"News","item":"https:\/\/www.schlossnotdienst-hamburg.de\/sicherheitstechnik-grindel\/news\/"},{"@type":"ListItem","position":3,"name":"Einbau einer stark erh\u00f6hten Einbruchhemmung"}]},{"@type":"WebSite","@id":"https:\/\/www.schlossnotdienst-hamburg.de\/sicherheitstechnik-grindel\/#website","url":"https:\/\/www.schlossnotdienst-hamburg.de\/sicherheitstechnik-grindel\/","name":"Sicherheitstechnik Grindel","description":"","potentialAction":[{"@type":"SearchAction","target":{"@type":"EntryPoint","urlTemplate":"https:\/\/www.schlossnotdienst-hamburg.de\/sicherheitstechnik-grindel\/?s={search_term_string}"},"query-input":{"@type":"PropertyValueSpecification","valueRequired":true,"valueName":"search_term_string"}}],"inLanguage":"de"}]}},"_links":{"self":[{"href":"https:\/\/www.schlossnotdienst-hamburg.de\/sicherheitstechnik-grindel\/wp-json\/wp\/v2\/pages\/92","targetHints":{"allow":["GET"]}}],"collection":[{"href":"https:\/\/www.schlossnotdienst-hamburg.de\/sicherheitstechnik-grindel\/wp-json\/wp\/v2\/pages"}],"about":[{"href":"https:\/\/www.schlossnotdienst-hamburg.de\/sicherheitstechnik-grindel\/wp-json\/wp\/v2\/types\/page"}],"author":[{"embeddable":true,"href":"https:\/\/www.schlossnotdienst-hamburg.de\/sicherheitstechnik-grindel\/wp-json\/wp\/v2\/users\/1"}],"replies":[{"embeddable":true,"href":"https:\/\/www.schlossnotdienst-hamburg.de\/sicherheitstechnik-grindel\/wp-json\/wp\/v2\/comments?post=92"}],"version-history":[{"count":7,"href":"https:\/\/www.schlossnotdienst-hamburg.de\/sicherheitstechnik-grindel\/wp-json\/wp\/v2\/pages\/92\/revisions"}],"predecessor-version":[{"id":170,"href":"https:\/\/www.schlossnotdienst-hamburg.de\/sicherheitstechnik-grindel\/wp-json\/wp\/v2\/pages\/92\/revisions\/170"}],"up":[{"embeddable":true,"href":"https:\/\/www.schlossnotdienst-hamburg.de\/sicherheitstechnik-grindel\/wp-json\/wp\/v2\/pages\/58"}],"wp:attachment":[{"href":"https:\/\/www.schlossnotdienst-hamburg.de\/sicherheitstechnik-grindel\/wp-json\/wp\/v2\/media?parent=92"}],"curies":[{"name":"wp","href":"https:\/\/api.w.org\/{rel}","templated":true}]}}