{"id":89,"date":"2023-06-07T11:00:31","date_gmt":"2023-06-07T09:00:31","guid":{"rendered":"https:\/\/www.schlossnotdienst-hamburg.de\/sicherheitstechnik-grindel\/?page_id=89"},"modified":"2023-06-09T11:55:57","modified_gmt":"2023-06-09T09:55:57","slug":"energetische-fenstermodernisierung","status":"publish","type":"page","link":"https:\/\/www.schlossnotdienst-hamburg.de\/sicherheitstechnik-grindel\/news\/energetische-fenstermodernisierung\/","title":{"rendered":"Energetische Fenstermodernisierung"},"content":{"rendered":"<h1>Energetische Fenstermodernisierung<\/h1>\n<p>Energetische Bestandsfenstermodernisierung mit hoch w\u00e4rmed\u00e4mmender Neuverglasung ( U-Glas = 1,1 W\/qmK ).<\/p>\n<p>&nbsp;&nbsp;<\/p>\n<p><img decoding=\"async\" src=\"https:\/\/www.schlossnotdienst-hamburg.de\/sicherheitstechnik-grindel\/wp-content\/uploads\/Energetische-Fenstermodernisierung2.jpg\" alt=\"Energetische Fenstermodernisierung\" \/><\/p>\n<p>&nbsp;&nbsp;<\/p>\n<p><img decoding=\"async\" src=\"https:\/\/www.schlossnotdienst-hamburg.de\/sicherheitstechnik-grindel\/wp-content\/uploads\/Energetische-Fenstermodernisierung.jpg\" alt=\"Fenstermodernisierung\" \/><br \/>\n&nbsp;&nbsp;<\/p>\n<h2>Unseren 24h Notdienst-Service in Hamburg erreichen Sie unter:<\/h2>\n<p><a href=\\\"tel:+4940447985\\\"><font size=\\\"+4\\\">040 &#8211; 44 79 85<\/font><\/a> <\/p>\n<h3>Sch\u00f6n und warm \u2013 dank energetischer Fenstermodernisierung<\/h3>\n<p>Es muss nicht immer der Denkmalschutz sein, der f\u00fcr eine Fenstersanierung spricht. Alte Fenster haben einen Charme, den man durch wei\u00dfes Plastik einfach nicht ersetzen kann. Dennoch sind Fenster die Bauteile, \u00fcber die am meisten Energie in Form von W\u00e4rme verloren geht. Somit l\u00e4sst sich mit dem Austausch der Fenster auf einen Schlag eine Menge Energiekosten sparen. Der Wohnkomfort wird deutlich erh\u00f6ht. Dank moderner Werkstoffe und ihrem planvollen Einsatz gibt es bei der Fenstersanierung heute Alternativen zum Austausch historischer Fenster.<\/p>\n<h3>Alte Fenster sanieren<\/h3>\n<p>Den thermischen Schwachpunkt des Geb\u00e4udes verringern.<\/p>\n<p>Dadurch dass Fenster einen h\u00f6heren W\u00e4rmedurchgangskoeffizienten aufweisen als alle anderen Bauteile, etwa W\u00e4nde oder Dachkonstruktionen, sind alte Fenster meist schlicht nicht dicht. Will man alte Fenster beim Sanieren an moderne Standards anpassen, gilt es genau wie beim Fensteraustausch diese beiden Schwachstellen zu verringern. Allerdings ist es dar\u00fcber hinaus m\u00f6glich, das einfallende Licht als W\u00e4rmequelle f\u00fcr den Innenraum zu nutzen. So kann man W\u00e4rmeverluste ausgleichen, die an anderer Stelle entstehen.<\/p>\n<p>Mit einigem Aufwand ist es m\u00f6glich, historische Fenster mit einer Fenstersanierung energetisch zu verbessern. M\u00f6chte man nach der Sanierung die Vorgaben der EnEV einhalten, gilt es bestehende Fenster entweder mit einer Kombination verschiedener Ma\u00dfnahmen umzur\u00fcsten. Ferne auf fertige L\u00f6sungen zur\u00fcckzugreifen. <\/p>\n<p>Die ersten Sanierungswellen Anfang der 90iger Jahre haben solche Fenstereinheiten mit unbeschichteten Isoliergl\u00e4sern in den Geb\u00e4udebestand gebracht. Seinerzeit noch entsprechend dem Sanierungsstandard. Heute oftmals noch ein intaktes Bauelement, aber energetisch nicht mehr auf der H\u00f6he der Zeit.<\/p>\n<p>Eine umst\u00e4ndliche und aufwendige Totalsanierung der Fenster w\u00e4re hier unangebracht und teuer. Ein einfacher Wechsel der Bestandsscheiben gegen hochw\u00e4rmed\u00e4mmende Isoliergl\u00e4ser mit Beschichtung bringt eine erhebliche Energieeinsparung. Die W\u00e4rmeverluste des Glases werden nahezu gedrittelt.<\/p>\n<p>Wie funktioniert so ein Wechsel? Ein Fachmann von Sicherheitstechnik Grindel nimmt ein Aufma\u00df der betreffenden Fenster und Gl\u00e4ser. Dabei k\u00f6nnen gleich die einzelnen Bestandsteile des Fensters wie Beschl\u00e4ge oder Dichtungen auf ihre Beschaffenheit \u00fcberpr\u00fcft werden. Damit kann auch eine Einsch\u00e4tzung erfolgen, ob Rahmen und Beschl\u00e4ge ggf. den Einbau h\u00f6herwertiger Funktionsgl\u00e4ser erm\u00f6glichen. Ferner erhalten Sie ein Angebot \u00fcber die f\u00fcr sie geeigneten Produkte und Leistungen.<\/p>\n<p>Wenn Sie sich f\u00fcr Sicherheitstechnik Grindel entscheiden, erhalten Sie die Komplettleistung aus einer Hand.<\/p>\n<p>&nbsp;&nbsp;<\/p>\n<p><a href=\"https:\/\/www.schlossnotdienst-hamburg.de\/sicherheitstechnik-grindel\/news\/\">&raquo; Zur News-\u00dcbersicht<\/a><\/p>\n","protected":false},"excerpt":{"rendered":"<p>Energetische Fenstermodernisierung Energetische Bestandsfenstermodernisierung mit hoch w\u00e4rmed\u00e4mmender Neuverglasung ( U-Glas = 1,1 W\/qmK ). &nbsp;&nbsp; &nbsp;&nbsp; &nbsp;&nbsp; Unseren 24h Notdienst-Service in Hamburg erreichen Sie unter: 040 &#8211; 44 79 85 Sch\u00f6n und warm \u2013 dank energetischer Fenstermodernisierung Es muss nicht immer der Denkmalschutz sein, der f\u00fcr eine Fenstersanierung spricht. Alte Fenster haben einen Charme, den &hellip; <a href=\"https:\/\/www.schlossnotdienst-hamburg.de\/sicherheitstechnik-grindel\/news\/energetische-fenstermodernisierung\/\" class=\"more-link\"><span class=\"screen-reader-text\">\u201eEnergetische Fenstermodernisierung\u201c <\/span>weiterlesen<\/a><\/p>\n","protected":false},"author":1,"featured_media":0,"parent":58,"menu_order":75,"comment_status":"closed","ping_status":"closed","template":"","meta":{"footnotes":""},"class_list":["post-89","page","type-page","status-publish","hentry"],"yoast_head":"<!-- This site is optimized with the Yoast SEO plugin v26.9 - https:\/\/yoast.com\/product\/yoast-seo-wordpress\/ -->\n<title>Energetische Fenstermodernisierung - Sicherheitstechnik Grindel<\/title>\n<meta name=\"robots\" content=\"index, follow, max-snippet:-1, max-image-preview:large, max-video-preview:-1\" \/>\n<link rel=\"canonical\" href=\"https:\/\/www.schlossnotdienst-hamburg.de\/sicherheitstechnik-grindel\/news\/energetische-fenstermodernisierung\/\" \/>\n<meta property=\"og:locale\" content=\"de_DE\" \/>\n<meta property=\"og:type\" content=\"article\" \/>\n<meta property=\"og:title\" content=\"Energetische Fenstermodernisierung - Sicherheitstechnik Grindel\" \/>\n<meta property=\"og:description\" content=\"Energetische Fenstermodernisierung Energetische Bestandsfenstermodernisierung mit hoch w\u00e4rmed\u00e4mmender Neuverglasung ( U-Glas = 1,1 W\/qmK ). &nbsp;&nbsp; &nbsp;&nbsp; &nbsp;&nbsp; Unseren 24h Notdienst-Service in Hamburg erreichen Sie unter: 040 &#8211; 44 79 85 Sch\u00f6n und warm \u2013 dank energetischer Fenstermodernisierung Es muss nicht immer der Denkmalschutz sein, der f\u00fcr eine Fenstersanierung spricht. Alte Fenster haben einen Charme, den &hellip; \u201eEnergetische Fenstermodernisierung\u201c weiterlesen\" \/>\n<meta property=\"og:url\" content=\"https:\/\/www.schlossnotdienst-hamburg.de\/sicherheitstechnik-grindel\/news\/energetische-fenstermodernisierung\/\" \/>\n<meta property=\"og:site_name\" content=\"Sicherheitstechnik Grindel\" \/>\n<meta property=\"article:modified_time\" content=\"2023-06-09T09:55:57+00:00\" \/>\n<meta property=\"og:image\" content=\"https:\/\/www.schlossnotdienst-hamburg.de\/sicherheitstechnik-grindel\/wp-content\/uploads\/Energetische-Fenstermodernisierung2.jpg\" \/>\n<meta name=\"twitter:card\" content=\"summary_large_image\" \/>\n<meta name=\"twitter:label1\" content=\"Gesch\u00e4tzte Lesezeit\" \/>\n\t<meta name=\"twitter:data1\" content=\"3\u00a0Minuten\" \/>\n<script type=\"application\/ld+json\" class=\"yoast-schema-graph\">{\"@context\":\"https:\/\/schema.org\",\"@graph\":[{\"@type\":\"WebPage\",\"@id\":\"https:\/\/www.schlossnotdienst-hamburg.de\/sicherheitstechnik-grindel\/news\/energetische-fenstermodernisierung\/\",\"url\":\"https:\/\/www.schlossnotdienst-hamburg.de\/sicherheitstechnik-grindel\/news\/energetische-fenstermodernisierung\/\",\"name\":\"Energetische Fenstermodernisierung - Sicherheitstechnik Grindel\",\"isPartOf\":{\"@id\":\"https:\/\/www.schlossnotdienst-hamburg.de\/sicherheitstechnik-grindel\/#website\"},\"primaryImageOfPage\":{\"@id\":\"https:\/\/www.schlossnotdienst-hamburg.de\/sicherheitstechnik-grindel\/news\/energetische-fenstermodernisierung\/#primaryimage\"},\"image\":{\"@id\":\"https:\/\/www.schlossnotdienst-hamburg.de\/sicherheitstechnik-grindel\/news\/energetische-fenstermodernisierung\/#primaryimage\"},\"thumbnailUrl\":\"https:\/\/www.schlossnotdienst-hamburg.de\/sicherheitstechnik-grindel\/wp-content\/uploads\/Energetische-Fenstermodernisierung2.jpg\",\"datePublished\":\"2023-06-07T09:00:31+00:00\",\"dateModified\":\"2023-06-09T09:55:57+00:00\",\"breadcrumb\":{\"@id\":\"https:\/\/www.schlossnotdienst-hamburg.de\/sicherheitstechnik-grindel\/news\/energetische-fenstermodernisierung\/#breadcrumb\"},\"inLanguage\":\"de\",\"potentialAction\":[{\"@type\":\"ReadAction\",\"target\":[\"https:\/\/www.schlossnotdienst-hamburg.de\/sicherheitstechnik-grindel\/news\/energetische-fenstermodernisierung\/\"]}]},{\"@type\":\"ImageObject\",\"inLanguage\":\"de\",\"@id\":\"https:\/\/www.schlossnotdienst-hamburg.de\/sicherheitstechnik-grindel\/news\/energetische-fenstermodernisierung\/#primaryimage\",\"url\":\"https:\/\/www.schlossnotdienst-hamburg.de\/sicherheitstechnik-grindel\/wp-content\/uploads\/Energetische-Fenstermodernisierung2.jpg\",\"contentUrl\":\"https:\/\/www.schlossnotdienst-hamburg.de\/sicherheitstechnik-grindel\/wp-content\/uploads\/Energetische-Fenstermodernisierung2.jpg\",\"width\":412,\"height\":550},{\"@type\":\"BreadcrumbList\",\"@id\":\"https:\/\/www.schlossnotdienst-hamburg.de\/sicherheitstechnik-grindel\/news\/energetische-fenstermodernisierung\/#breadcrumb\",\"itemListElement\":[{\"@type\":\"ListItem\",\"position\":1,\"name\":\"Startseite\",\"item\":\"https:\/\/www.schlossnotdienst-hamburg.de\/sicherheitstechnik-grindel\/\"},{\"@type\":\"ListItem\",\"position\":2,\"name\":\"News\",\"item\":\"https:\/\/www.schlossnotdienst-hamburg.de\/sicherheitstechnik-grindel\/news\/\"},{\"@type\":\"ListItem\",\"position\":3,\"name\":\"Energetische Fenstermodernisierung\"}]},{\"@type\":\"WebSite\",\"@id\":\"https:\/\/www.schlossnotdienst-hamburg.de\/sicherheitstechnik-grindel\/#website\",\"url\":\"https:\/\/www.schlossnotdienst-hamburg.de\/sicherheitstechnik-grindel\/\",\"name\":\"Sicherheitstechnik Grindel\",\"description\":\"\",\"potentialAction\":[{\"@type\":\"SearchAction\",\"target\":{\"@type\":\"EntryPoint\",\"urlTemplate\":\"https:\/\/www.schlossnotdienst-hamburg.de\/sicherheitstechnik-grindel\/?s={search_term_string}\"},\"query-input\":{\"@type\":\"PropertyValueSpecification\",\"valueRequired\":true,\"valueName\":\"search_term_string\"}}],\"inLanguage\":\"de\"}]}<\/script>\n<!-- \/ Yoast SEO plugin. -->","yoast_head_json":{"title":"Energetische Fenstermodernisierung - Sicherheitstechnik Grindel","robots":{"index":"index","follow":"follow","max-snippet":"max-snippet:-1","max-image-preview":"max-image-preview:large","max-video-preview":"max-video-preview:-1"},"canonical":"https:\/\/www.schlossnotdienst-hamburg.de\/sicherheitstechnik-grindel\/news\/energetische-fenstermodernisierung\/","og_locale":"de_DE","og_type":"article","og_title":"Energetische Fenstermodernisierung - Sicherheitstechnik Grindel","og_description":"Energetische Fenstermodernisierung Energetische Bestandsfenstermodernisierung mit hoch w\u00e4rmed\u00e4mmender Neuverglasung ( U-Glas = 1,1 W\/qmK ). &nbsp;&nbsp; &nbsp;&nbsp; &nbsp;&nbsp; Unseren 24h Notdienst-Service in Hamburg erreichen Sie unter: 040 &#8211; 44 79 85 Sch\u00f6n und warm \u2013 dank energetischer Fenstermodernisierung Es muss nicht immer der Denkmalschutz sein, der f\u00fcr eine Fenstersanierung spricht. Alte Fenster haben einen Charme, den &hellip; \u201eEnergetische Fenstermodernisierung\u201c weiterlesen","og_url":"https:\/\/www.schlossnotdienst-hamburg.de\/sicherheitstechnik-grindel\/news\/energetische-fenstermodernisierung\/","og_site_name":"Sicherheitstechnik Grindel","article_modified_time":"2023-06-09T09:55:57+00:00","og_image":[{"url":"https:\/\/www.schlossnotdienst-hamburg.de\/sicherheitstechnik-grindel\/wp-content\/uploads\/Energetische-Fenstermodernisierung2.jpg","type":"","width":"","height":""}],"twitter_card":"summary_large_image","twitter_misc":{"Gesch\u00e4tzte Lesezeit":"3\u00a0Minuten"},"schema":{"@context":"https:\/\/schema.org","@graph":[{"@type":"WebPage","@id":"https:\/\/www.schlossnotdienst-hamburg.de\/sicherheitstechnik-grindel\/news\/energetische-fenstermodernisierung\/","url":"https:\/\/www.schlossnotdienst-hamburg.de\/sicherheitstechnik-grindel\/news\/energetische-fenstermodernisierung\/","name":"Energetische Fenstermodernisierung - Sicherheitstechnik Grindel","isPartOf":{"@id":"https:\/\/www.schlossnotdienst-hamburg.de\/sicherheitstechnik-grindel\/#website"},"primaryImageOfPage":{"@id":"https:\/\/www.schlossnotdienst-hamburg.de\/sicherheitstechnik-grindel\/news\/energetische-fenstermodernisierung\/#primaryimage"},"image":{"@id":"https:\/\/www.schlossnotdienst-hamburg.de\/sicherheitstechnik-grindel\/news\/energetische-fenstermodernisierung\/#primaryimage"},"thumbnailUrl":"https:\/\/www.schlossnotdienst-hamburg.de\/sicherheitstechnik-grindel\/wp-content\/uploads\/Energetische-Fenstermodernisierung2.jpg","datePublished":"2023-06-07T09:00:31+00:00","dateModified":"2023-06-09T09:55:57+00:00","breadcrumb":{"@id":"https:\/\/www.schlossnotdienst-hamburg.de\/sicherheitstechnik-grindel\/news\/energetische-fenstermodernisierung\/#breadcrumb"},"inLanguage":"de","potentialAction":[{"@type":"ReadAction","target":["https:\/\/www.schlossnotdienst-hamburg.de\/sicherheitstechnik-grindel\/news\/energetische-fenstermodernisierung\/"]}]},{"@type":"ImageObject","inLanguage":"de","@id":"https:\/\/www.schlossnotdienst-hamburg.de\/sicherheitstechnik-grindel\/news\/energetische-fenstermodernisierung\/#primaryimage","url":"https:\/\/www.schlossnotdienst-hamburg.de\/sicherheitstechnik-grindel\/wp-content\/uploads\/Energetische-Fenstermodernisierung2.jpg","contentUrl":"https:\/\/www.schlossnotdienst-hamburg.de\/sicherheitstechnik-grindel\/wp-content\/uploads\/Energetische-Fenstermodernisierung2.jpg","width":412,"height":550},{"@type":"BreadcrumbList","@id":"https:\/\/www.schlossnotdienst-hamburg.de\/sicherheitstechnik-grindel\/news\/energetische-fenstermodernisierung\/#breadcrumb","itemListElement":[{"@type":"ListItem","position":1,"name":"Startseite","item":"https:\/\/www.schlossnotdienst-hamburg.de\/sicherheitstechnik-grindel\/"},{"@type":"ListItem","position":2,"name":"News","item":"https:\/\/www.schlossnotdienst-hamburg.de\/sicherheitstechnik-grindel\/news\/"},{"@type":"ListItem","position":3,"name":"Energetische Fenstermodernisierung"}]},{"@type":"WebSite","@id":"https:\/\/www.schlossnotdienst-hamburg.de\/sicherheitstechnik-grindel\/#website","url":"https:\/\/www.schlossnotdienst-hamburg.de\/sicherheitstechnik-grindel\/","name":"Sicherheitstechnik Grindel","description":"","potentialAction":[{"@type":"SearchAction","target":{"@type":"EntryPoint","urlTemplate":"https:\/\/www.schlossnotdienst-hamburg.de\/sicherheitstechnik-grindel\/?s={search_term_string}"},"query-input":{"@type":"PropertyValueSpecification","valueRequired":true,"valueName":"search_term_string"}}],"inLanguage":"de"}]}},"_links":{"self":[{"href":"https:\/\/www.schlossnotdienst-hamburg.de\/sicherheitstechnik-grindel\/wp-json\/wp\/v2\/pages\/89","targetHints":{"allow":["GET"]}}],"collection":[{"href":"https:\/\/www.schlossnotdienst-hamburg.de\/sicherheitstechnik-grindel\/wp-json\/wp\/v2\/pages"}],"about":[{"href":"https:\/\/www.schlossnotdienst-hamburg.de\/sicherheitstechnik-grindel\/wp-json\/wp\/v2\/types\/page"}],"author":[{"embeddable":true,"href":"https:\/\/www.schlossnotdienst-hamburg.de\/sicherheitstechnik-grindel\/wp-json\/wp\/v2\/users\/1"}],"replies":[{"embeddable":true,"href":"https:\/\/www.schlossnotdienst-hamburg.de\/sicherheitstechnik-grindel\/wp-json\/wp\/v2\/comments?post=89"}],"version-history":[{"count":5,"href":"https:\/\/www.schlossnotdienst-hamburg.de\/sicherheitstechnik-grindel\/wp-json\/wp\/v2\/pages\/89\/revisions"}],"predecessor-version":[{"id":167,"href":"https:\/\/www.schlossnotdienst-hamburg.de\/sicherheitstechnik-grindel\/wp-json\/wp\/v2\/pages\/89\/revisions\/167"}],"up":[{"embeddable":true,"href":"https:\/\/www.schlossnotdienst-hamburg.de\/sicherheitstechnik-grindel\/wp-json\/wp\/v2\/pages\/58"}],"wp:attachment":[{"href":"https:\/\/www.schlossnotdienst-hamburg.de\/sicherheitstechnik-grindel\/wp-json\/wp\/v2\/media?parent=89"}],"curies":[{"name":"wp","href":"https:\/\/api.w.org\/{rel}","templated":true}]}}