{"id":86,"date":"2023-06-07T10:58:43","date_gmt":"2023-06-07T08:58:43","guid":{"rendered":"https:\/\/www.schlossnotdienst-hamburg.de\/sicherheitstechnik-grindel\/?page_id=86"},"modified":"2023-06-09T11:51:40","modified_gmt":"2023-06-09T09:51:40","slug":"sanierung-und-abdichtung","status":"publish","type":"page","link":"https:\/\/www.schlossnotdienst-hamburg.de\/sicherheitstechnik-grindel\/news\/sanierung-und-abdichtung\/","title":{"rendered":"Sanierung und Abdichtung"},"content":{"rendered":"<h1>Sanierung und Abdichtung Wintergarten<\/h1>\n<p>Sanierung und Abdichtung eines nicht wasserdichten Wintergartens<\/p>\n<p>&nbsp;&nbsp;<\/p>\n<p><img decoding=\"async\" src=\"https:\/\/www.schlossnotdienst-hamburg.de\/sicherheitstechnik-grindel\/wp-content\/uploads\/Sanierung-Abdichtung.jpg\" alt=\"Sanierung und Abdichtung\" \/><\/p>\n<p>&nbsp;&nbsp;<\/p>\n<h3>Abdichtung Wintergarten und Lichtkuppeln<\/h3>\n<p>Undichte Glasd\u00e4cher und Lichtkuppeln k\u00f6nnen zu Sch\u00e4den an tragenden Bauteilen f\u00fchren.<br \/>\nUm gr\u00f6\u00dfere Sch\u00e4den und Kosten zu vermeiden, sollte zeitnah nach dem Entdecken der Undichtigkeit Abhilfe geschaffen werden.<\/p>\n<p>Zu unseren Leistungen z\u00e4hlen neben dem Abdichten von Glasd\u00e4chern, Winterg\u00e4rten und Lichtkuppeln auch der Scheibenaustausch. Weiterhin das Silikonfugen erneuern, die Beschlagreparatur und Ersatzteilbeschaffung.<\/p>\n<p><strong>Regelm\u00e4\u00dfige Pr\u00fcfung aller Bauteile ist sinnvoll<\/strong><br \/>\nJedes Bauteil sollte von Zeit zu Zeit einer kritischen Pr\u00fcfung unterzogen werden. Beim Dach sind vor allem bei \u00e4lteren Winterg\u00e4rten noch Materialien wie Kunststoff im Einsatz. Mit der Zeit k\u00f6nnen diese br\u00fcchig oder por\u00f6s werden. <\/p>\n<p>Ausserdem hat sich in den letzten Jahren viel auf technischer Ebene getan. Sodass eine Neueindeckung auch infrage kommt. Im Zuge solcher \u00dcberlegungen kann auch die Gesamtkonstruktion unter die Lupe genommen werden. Es w\u00e4re zum Beispiel auch ein guter Zeitpunkt, um das Material des Daches zu wechseln. Um es noch stabiler zu gestalten, oder weil man schon immer ein Glasdach haben wollte. Dieses aber zur Bauzeit m\u00f6glicherweise technisch noch nicht so ausgereift war wie heutzutage.<\/p>\n<p>&nbsp;&nbsp;<\/p>\n<p><a href=\"https:\/\/www.schlossnotdienst-hamburg.de\/sicherheitstechnik-grindel\/news\/\">&raquo; Zur News-\u00dcbersicht<\/a><\/p>\n","protected":false},"excerpt":{"rendered":"<p>Sanierung und Abdichtung Wintergarten Sanierung und Abdichtung eines nicht wasserdichten Wintergartens &nbsp;&nbsp; &nbsp;&nbsp; Abdichtung Wintergarten und Lichtkuppeln Undichte Glasd\u00e4cher und Lichtkuppeln k\u00f6nnen zu Sch\u00e4den an tragenden Bauteilen f\u00fchren. Um gr\u00f6\u00dfere Sch\u00e4den und Kosten zu vermeiden, sollte zeitnah nach dem Entdecken der Undichtigkeit Abhilfe geschaffen werden. Zu unseren Leistungen z\u00e4hlen neben dem Abdichten von Glasd\u00e4chern, Winterg\u00e4rten &hellip; <a href=\"https:\/\/www.schlossnotdienst-hamburg.de\/sicherheitstechnik-grindel\/news\/sanierung-und-abdichtung\/\" class=\"more-link\"><span class=\"screen-reader-text\">\u201eSanierung und Abdichtung\u201c <\/span>weiterlesen<\/a><\/p>\n","protected":false},"author":1,"featured_media":0,"parent":58,"menu_order":70,"comment_status":"closed","ping_status":"closed","template":"","meta":{"footnotes":""},"class_list":["post-86","page","type-page","status-publish","hentry"],"yoast_head":"<!-- This site is optimized with the Yoast SEO plugin v26.9 - https:\/\/yoast.com\/product\/yoast-seo-wordpress\/ -->\n<title>Sanierung und Abdichtung eines nicht wasserdichten Wintergartens<\/title>\n<meta name=\"robots\" content=\"index, follow, max-snippet:-1, max-image-preview:large, max-video-preview:-1\" \/>\n<link rel=\"canonical\" href=\"https:\/\/www.schlossnotdienst-hamburg.de\/sicherheitstechnik-grindel\/news\/sanierung-und-abdichtung\/\" \/>\n<meta property=\"og:locale\" content=\"de_DE\" \/>\n<meta property=\"og:type\" content=\"article\" \/>\n<meta property=\"og:title\" content=\"Sanierung und Abdichtung eines nicht wasserdichten Wintergartens\" \/>\n<meta property=\"og:description\" content=\"Sanierung und Abdichtung Wintergarten Sanierung und Abdichtung eines nicht wasserdichten Wintergartens &nbsp;&nbsp; &nbsp;&nbsp; Abdichtung Wintergarten und Lichtkuppeln Undichte Glasd\u00e4cher und Lichtkuppeln k\u00f6nnen zu Sch\u00e4den an tragenden Bauteilen f\u00fchren. Um gr\u00f6\u00dfere Sch\u00e4den und Kosten zu vermeiden, sollte zeitnah nach dem Entdecken der Undichtigkeit Abhilfe geschaffen werden. Zu unseren Leistungen z\u00e4hlen neben dem Abdichten von Glasd\u00e4chern, Winterg\u00e4rten &hellip; \u201eSanierung und Abdichtung\u201c weiterlesen\" \/>\n<meta property=\"og:url\" content=\"https:\/\/www.schlossnotdienst-hamburg.de\/sicherheitstechnik-grindel\/news\/sanierung-und-abdichtung\/\" \/>\n<meta property=\"og:site_name\" content=\"Sicherheitstechnik Grindel\" \/>\n<meta property=\"article:modified_time\" content=\"2023-06-09T09:51:40+00:00\" \/>\n<meta property=\"og:image\" content=\"https:\/\/www.schlossnotdienst-hamburg.de\/sicherheitstechnik-grindel\/wp-content\/uploads\/Sanierung-Abdichtung.jpg\" \/>\n<meta name=\"twitter:card\" content=\"summary_large_image\" \/>\n<meta name=\"twitter:label1\" content=\"Gesch\u00e4tzte Lesezeit\" \/>\n\t<meta name=\"twitter:data1\" content=\"2\u00a0Minuten\" \/>\n<script type=\"application\/ld+json\" class=\"yoast-schema-graph\">{\"@context\":\"https:\/\/schema.org\",\"@graph\":[{\"@type\":\"WebPage\",\"@id\":\"https:\/\/www.schlossnotdienst-hamburg.de\/sicherheitstechnik-grindel\/news\/sanierung-und-abdichtung\/\",\"url\":\"https:\/\/www.schlossnotdienst-hamburg.de\/sicherheitstechnik-grindel\/news\/sanierung-und-abdichtung\/\",\"name\":\"Sanierung und Abdichtung eines nicht wasserdichten Wintergartens\",\"isPartOf\":{\"@id\":\"https:\/\/www.schlossnotdienst-hamburg.de\/sicherheitstechnik-grindel\/#website\"},\"primaryImageOfPage\":{\"@id\":\"https:\/\/www.schlossnotdienst-hamburg.de\/sicherheitstechnik-grindel\/news\/sanierung-und-abdichtung\/#primaryimage\"},\"image\":{\"@id\":\"https:\/\/www.schlossnotdienst-hamburg.de\/sicherheitstechnik-grindel\/news\/sanierung-und-abdichtung\/#primaryimage\"},\"thumbnailUrl\":\"https:\/\/www.schlossnotdienst-hamburg.de\/sicherheitstechnik-grindel\/wp-content\/uploads\/Sanierung-Abdichtung.jpg\",\"datePublished\":\"2023-06-07T08:58:43+00:00\",\"dateModified\":\"2023-06-09T09:51:40+00:00\",\"breadcrumb\":{\"@id\":\"https:\/\/www.schlossnotdienst-hamburg.de\/sicherheitstechnik-grindel\/news\/sanierung-und-abdichtung\/#breadcrumb\"},\"inLanguage\":\"de\",\"potentialAction\":[{\"@type\":\"ReadAction\",\"target\":[\"https:\/\/www.schlossnotdienst-hamburg.de\/sicherheitstechnik-grindel\/news\/sanierung-und-abdichtung\/\"]}]},{\"@type\":\"ImageObject\",\"inLanguage\":\"de\",\"@id\":\"https:\/\/www.schlossnotdienst-hamburg.de\/sicherheitstechnik-grindel\/news\/sanierung-und-abdichtung\/#primaryimage\",\"url\":\"https:\/\/www.schlossnotdienst-hamburg.de\/sicherheitstechnik-grindel\/wp-content\/uploads\/Sanierung-Abdichtung.jpg\",\"contentUrl\":\"https:\/\/www.schlossnotdienst-hamburg.de\/sicherheitstechnik-grindel\/wp-content\/uploads\/Sanierung-Abdichtung.jpg\",\"width\":733,\"height\":550},{\"@type\":\"BreadcrumbList\",\"@id\":\"https:\/\/www.schlossnotdienst-hamburg.de\/sicherheitstechnik-grindel\/news\/sanierung-und-abdichtung\/#breadcrumb\",\"itemListElement\":[{\"@type\":\"ListItem\",\"position\":1,\"name\":\"Startseite\",\"item\":\"https:\/\/www.schlossnotdienst-hamburg.de\/sicherheitstechnik-grindel\/\"},{\"@type\":\"ListItem\",\"position\":2,\"name\":\"News\",\"item\":\"https:\/\/www.schlossnotdienst-hamburg.de\/sicherheitstechnik-grindel\/news\/\"},{\"@type\":\"ListItem\",\"position\":3,\"name\":\"Sanierung und Abdichtung\"}]},{\"@type\":\"WebSite\",\"@id\":\"https:\/\/www.schlossnotdienst-hamburg.de\/sicherheitstechnik-grindel\/#website\",\"url\":\"https:\/\/www.schlossnotdienst-hamburg.de\/sicherheitstechnik-grindel\/\",\"name\":\"Sicherheitstechnik Grindel\",\"description\":\"\",\"potentialAction\":[{\"@type\":\"SearchAction\",\"target\":{\"@type\":\"EntryPoint\",\"urlTemplate\":\"https:\/\/www.schlossnotdienst-hamburg.de\/sicherheitstechnik-grindel\/?s={search_term_string}\"},\"query-input\":{\"@type\":\"PropertyValueSpecification\",\"valueRequired\":true,\"valueName\":\"search_term_string\"}}],\"inLanguage\":\"de\"}]}<\/script>\n<!-- \/ Yoast SEO plugin. -->","yoast_head_json":{"title":"Sanierung und Abdichtung eines nicht wasserdichten Wintergartens","robots":{"index":"index","follow":"follow","max-snippet":"max-snippet:-1","max-image-preview":"max-image-preview:large","max-video-preview":"max-video-preview:-1"},"canonical":"https:\/\/www.schlossnotdienst-hamburg.de\/sicherheitstechnik-grindel\/news\/sanierung-und-abdichtung\/","og_locale":"de_DE","og_type":"article","og_title":"Sanierung und Abdichtung eines nicht wasserdichten Wintergartens","og_description":"Sanierung und Abdichtung Wintergarten Sanierung und Abdichtung eines nicht wasserdichten Wintergartens &nbsp;&nbsp; &nbsp;&nbsp; Abdichtung Wintergarten und Lichtkuppeln Undichte Glasd\u00e4cher und Lichtkuppeln k\u00f6nnen zu Sch\u00e4den an tragenden Bauteilen f\u00fchren. Um gr\u00f6\u00dfere Sch\u00e4den und Kosten zu vermeiden, sollte zeitnah nach dem Entdecken der Undichtigkeit Abhilfe geschaffen werden. Zu unseren Leistungen z\u00e4hlen neben dem Abdichten von Glasd\u00e4chern, Winterg\u00e4rten &hellip; \u201eSanierung und Abdichtung\u201c weiterlesen","og_url":"https:\/\/www.schlossnotdienst-hamburg.de\/sicherheitstechnik-grindel\/news\/sanierung-und-abdichtung\/","og_site_name":"Sicherheitstechnik Grindel","article_modified_time":"2023-06-09T09:51:40+00:00","og_image":[{"url":"https:\/\/www.schlossnotdienst-hamburg.de\/sicherheitstechnik-grindel\/wp-content\/uploads\/Sanierung-Abdichtung.jpg","type":"","width":"","height":""}],"twitter_card":"summary_large_image","twitter_misc":{"Gesch\u00e4tzte Lesezeit":"2\u00a0Minuten"},"schema":{"@context":"https:\/\/schema.org","@graph":[{"@type":"WebPage","@id":"https:\/\/www.schlossnotdienst-hamburg.de\/sicherheitstechnik-grindel\/news\/sanierung-und-abdichtung\/","url":"https:\/\/www.schlossnotdienst-hamburg.de\/sicherheitstechnik-grindel\/news\/sanierung-und-abdichtung\/","name":"Sanierung und Abdichtung eines nicht wasserdichten Wintergartens","isPartOf":{"@id":"https:\/\/www.schlossnotdienst-hamburg.de\/sicherheitstechnik-grindel\/#website"},"primaryImageOfPage":{"@id":"https:\/\/www.schlossnotdienst-hamburg.de\/sicherheitstechnik-grindel\/news\/sanierung-und-abdichtung\/#primaryimage"},"image":{"@id":"https:\/\/www.schlossnotdienst-hamburg.de\/sicherheitstechnik-grindel\/news\/sanierung-und-abdichtung\/#primaryimage"},"thumbnailUrl":"https:\/\/www.schlossnotdienst-hamburg.de\/sicherheitstechnik-grindel\/wp-content\/uploads\/Sanierung-Abdichtung.jpg","datePublished":"2023-06-07T08:58:43+00:00","dateModified":"2023-06-09T09:51:40+00:00","breadcrumb":{"@id":"https:\/\/www.schlossnotdienst-hamburg.de\/sicherheitstechnik-grindel\/news\/sanierung-und-abdichtung\/#breadcrumb"},"inLanguage":"de","potentialAction":[{"@type":"ReadAction","target":["https:\/\/www.schlossnotdienst-hamburg.de\/sicherheitstechnik-grindel\/news\/sanierung-und-abdichtung\/"]}]},{"@type":"ImageObject","inLanguage":"de","@id":"https:\/\/www.schlossnotdienst-hamburg.de\/sicherheitstechnik-grindel\/news\/sanierung-und-abdichtung\/#primaryimage","url":"https:\/\/www.schlossnotdienst-hamburg.de\/sicherheitstechnik-grindel\/wp-content\/uploads\/Sanierung-Abdichtung.jpg","contentUrl":"https:\/\/www.schlossnotdienst-hamburg.de\/sicherheitstechnik-grindel\/wp-content\/uploads\/Sanierung-Abdichtung.jpg","width":733,"height":550},{"@type":"BreadcrumbList","@id":"https:\/\/www.schlossnotdienst-hamburg.de\/sicherheitstechnik-grindel\/news\/sanierung-und-abdichtung\/#breadcrumb","itemListElement":[{"@type":"ListItem","position":1,"name":"Startseite","item":"https:\/\/www.schlossnotdienst-hamburg.de\/sicherheitstechnik-grindel\/"},{"@type":"ListItem","position":2,"name":"News","item":"https:\/\/www.schlossnotdienst-hamburg.de\/sicherheitstechnik-grindel\/news\/"},{"@type":"ListItem","position":3,"name":"Sanierung und Abdichtung"}]},{"@type":"WebSite","@id":"https:\/\/www.schlossnotdienst-hamburg.de\/sicherheitstechnik-grindel\/#website","url":"https:\/\/www.schlossnotdienst-hamburg.de\/sicherheitstechnik-grindel\/","name":"Sicherheitstechnik Grindel","description":"","potentialAction":[{"@type":"SearchAction","target":{"@type":"EntryPoint","urlTemplate":"https:\/\/www.schlossnotdienst-hamburg.de\/sicherheitstechnik-grindel\/?s={search_term_string}"},"query-input":{"@type":"PropertyValueSpecification","valueRequired":true,"valueName":"search_term_string"}}],"inLanguage":"de"}]}},"_links":{"self":[{"href":"https:\/\/www.schlossnotdienst-hamburg.de\/sicherheitstechnik-grindel\/wp-json\/wp\/v2\/pages\/86","targetHints":{"allow":["GET"]}}],"collection":[{"href":"https:\/\/www.schlossnotdienst-hamburg.de\/sicherheitstechnik-grindel\/wp-json\/wp\/v2\/pages"}],"about":[{"href":"https:\/\/www.schlossnotdienst-hamburg.de\/sicherheitstechnik-grindel\/wp-json\/wp\/v2\/types\/page"}],"author":[{"embeddable":true,"href":"https:\/\/www.schlossnotdienst-hamburg.de\/sicherheitstechnik-grindel\/wp-json\/wp\/v2\/users\/1"}],"replies":[{"embeddable":true,"href":"https:\/\/www.schlossnotdienst-hamburg.de\/sicherheitstechnik-grindel\/wp-json\/wp\/v2\/comments?post=86"}],"version-history":[{"count":6,"href":"https:\/\/www.schlossnotdienst-hamburg.de\/sicherheitstechnik-grindel\/wp-json\/wp\/v2\/pages\/86\/revisions"}],"predecessor-version":[{"id":166,"href":"https:\/\/www.schlossnotdienst-hamburg.de\/sicherheitstechnik-grindel\/wp-json\/wp\/v2\/pages\/86\/revisions\/166"}],"up":[{"embeddable":true,"href":"https:\/\/www.schlossnotdienst-hamburg.de\/sicherheitstechnik-grindel\/wp-json\/wp\/v2\/pages\/58"}],"wp:attachment":[{"href":"https:\/\/www.schlossnotdienst-hamburg.de\/sicherheitstechnik-grindel\/wp-json\/wp\/v2\/media?parent=86"}],"curies":[{"name":"wp","href":"https:\/\/api.w.org\/{rel}","templated":true}]}}