{"id":80,"date":"2023-06-07T10:54:42","date_gmt":"2023-06-07T08:54:42","guid":{"rendered":"https:\/\/www.schlossnotdienst-hamburg.de\/sicherheitstechnik-grindel\/?page_id=80"},"modified":"2023-06-09T11:20:04","modified_gmt":"2023-06-09T09:20:04","slug":"herstellung-und-montage-von-stahl-glaswaenden-im-industriedesign-fuer-loft-bueros","status":"publish","type":"page","link":"https:\/\/www.schlossnotdienst-hamburg.de\/sicherheitstechnik-grindel\/news\/herstellung-und-montage-von-stahl-glaswaenden-im-industriedesign-fuer-loft-bueros\/","title":{"rendered":"Herstellung und Montage von Stahl-Glasw\u00e4nden im Industriedesign f\u00fcr Loft-B\u00fcros"},"content":{"rendered":"<h1>Herstellung und Montage von Stahl-Glasw\u00e4nden im Industriedesign f\u00fcr Loft-B\u00fcros.<\/h1>\n<p>Eingebaut wurde 10mm dickes ESG-Sicherheitsglas.Unser Kunde war sehr zufrieden \u00fcber das Ergebnis.<\/p>\n<p>&nbsp;&nbsp;<\/p>\n<p><img decoding=\"async\" src=\"https:\/\/www.schlossnotdienst-hamburg.de\/sicherheitstechnik-grindel\/wp-content\/uploads\/Stahl-Glaswand.jpg\" alt=\"Montage von Stahl-Glasw\u00e4nden\" \/><\/p>\n<p>&nbsp;&nbsp;<\/p>\n<p><img decoding=\"async\" src=\"https:\/\/www.schlossnotdienst-hamburg.de\/sicherheitstechnik-grindel\/wp-content\/uploads\/Stahl-Glaswand2.jpg\" alt=\"Herstellung und Montage\" \/><\/p>\n<p>&nbsp;&nbsp;<\/p>\n<p><a href=\"https:\/\/www.schlossnotdienst-hamburg.de\/sicherheitstechnik-grindel\/news\/\">&raquo; Zur News-\u00dcbersicht<\/a><\/p>\n","protected":false},"excerpt":{"rendered":"<p>Herstellung und Montage von Stahl-Glasw\u00e4nden im Industriedesign f\u00fcr Loft-B\u00fcros. Eingebaut wurde 10mm dickes ESG-Sicherheitsglas.Unser Kunde war sehr zufrieden \u00fcber das Ergebnis. &nbsp;&nbsp; &nbsp;&nbsp; &nbsp;&nbsp; &raquo; Zur News-\u00dcbersicht<\/p>\n","protected":false},"author":1,"featured_media":0,"parent":58,"menu_order":60,"comment_status":"closed","ping_status":"closed","template":"","meta":{"footnotes":""},"class_list":["post-80","page","type-page","status-publish","hentry"],"yoast_head":"<!-- This site is optimized with the Yoast SEO plugin v26.9 - https:\/\/yoast.com\/product\/yoast-seo-wordpress\/ -->\n<title>Herstellung und Montage von Stahl-Glasw\u00e4nden<\/title>\n<meta name=\"robots\" content=\"index, follow, max-snippet:-1, max-image-preview:large, max-video-preview:-1\" \/>\n<link rel=\"canonical\" href=\"https:\/\/www.schlossnotdienst-hamburg.de\/sicherheitstechnik-grindel\/news\/herstellung-und-montage-von-stahl-glaswaenden-im-industriedesign-fuer-loft-bueros\/\" \/>\n<meta property=\"og:locale\" content=\"de_DE\" \/>\n<meta property=\"og:type\" content=\"article\" \/>\n<meta property=\"og:title\" content=\"Herstellung und Montage von Stahl-Glasw\u00e4nden\" \/>\n<meta property=\"og:description\" content=\"Herstellung und Montage von Stahl-Glasw\u00e4nden im Industriedesign f\u00fcr Loft-B\u00fcros. Eingebaut wurde 10mm dickes ESG-Sicherheitsglas.Unser Kunde war sehr zufrieden \u00fcber das Ergebnis. &nbsp;&nbsp; &nbsp;&nbsp; &nbsp;&nbsp; &raquo; Zur News-\u00dcbersicht\" \/>\n<meta property=\"og:url\" content=\"https:\/\/www.schlossnotdienst-hamburg.de\/sicherheitstechnik-grindel\/news\/herstellung-und-montage-von-stahl-glaswaenden-im-industriedesign-fuer-loft-bueros\/\" \/>\n<meta property=\"og:site_name\" content=\"Sicherheitstechnik Grindel\" \/>\n<meta property=\"article:modified_time\" content=\"2023-06-09T09:20:04+00:00\" \/>\n<meta property=\"og:image\" content=\"https:\/\/www.schlossnotdienst-hamburg.de\/sicherheitstechnik-grindel\/wp-content\/uploads\/Stahl-Glaswand.jpg\" \/>\n<meta name=\"twitter:card\" content=\"summary_large_image\" \/>\n<meta name=\"twitter:label1\" content=\"Gesch\u00e4tzte Lesezeit\" \/>\n\t<meta name=\"twitter:data1\" content=\"1\u00a0Minute\" \/>\n<script type=\"application\/ld+json\" class=\"yoast-schema-graph\">{\"@context\":\"https:\/\/schema.org\",\"@graph\":[{\"@type\":\"WebPage\",\"@id\":\"https:\/\/www.schlossnotdienst-hamburg.de\/sicherheitstechnik-grindel\/news\/herstellung-und-montage-von-stahl-glaswaenden-im-industriedesign-fuer-loft-bueros\/\",\"url\":\"https:\/\/www.schlossnotdienst-hamburg.de\/sicherheitstechnik-grindel\/news\/herstellung-und-montage-von-stahl-glaswaenden-im-industriedesign-fuer-loft-bueros\/\",\"name\":\"Herstellung und Montage von Stahl-Glasw\u00e4nden\",\"isPartOf\":{\"@id\":\"https:\/\/www.schlossnotdienst-hamburg.de\/sicherheitstechnik-grindel\/#website\"},\"primaryImageOfPage\":{\"@id\":\"https:\/\/www.schlossnotdienst-hamburg.de\/sicherheitstechnik-grindel\/news\/herstellung-und-montage-von-stahl-glaswaenden-im-industriedesign-fuer-loft-bueros\/#primaryimage\"},\"image\":{\"@id\":\"https:\/\/www.schlossnotdienst-hamburg.de\/sicherheitstechnik-grindel\/news\/herstellung-und-montage-von-stahl-glaswaenden-im-industriedesign-fuer-loft-bueros\/#primaryimage\"},\"thumbnailUrl\":\"https:\/\/www.schlossnotdienst-hamburg.de\/sicherheitstechnik-grindel\/wp-content\/uploads\/Stahl-Glaswand.jpg\",\"datePublished\":\"2023-06-07T08:54:42+00:00\",\"dateModified\":\"2023-06-09T09:20:04+00:00\",\"breadcrumb\":{\"@id\":\"https:\/\/www.schlossnotdienst-hamburg.de\/sicherheitstechnik-grindel\/news\/herstellung-und-montage-von-stahl-glaswaenden-im-industriedesign-fuer-loft-bueros\/#breadcrumb\"},\"inLanguage\":\"de\",\"potentialAction\":[{\"@type\":\"ReadAction\",\"target\":[\"https:\/\/www.schlossnotdienst-hamburg.de\/sicherheitstechnik-grindel\/news\/herstellung-und-montage-von-stahl-glaswaenden-im-industriedesign-fuer-loft-bueros\/\"]}]},{\"@type\":\"ImageObject\",\"inLanguage\":\"de\",\"@id\":\"https:\/\/www.schlossnotdienst-hamburg.de\/sicherheitstechnik-grindel\/news\/herstellung-und-montage-von-stahl-glaswaenden-im-industriedesign-fuer-loft-bueros\/#primaryimage\",\"url\":\"https:\/\/www.schlossnotdienst-hamburg.de\/sicherheitstechnik-grindel\/wp-content\/uploads\/Stahl-Glaswand.jpg\",\"contentUrl\":\"https:\/\/www.schlossnotdienst-hamburg.de\/sicherheitstechnik-grindel\/wp-content\/uploads\/Stahl-Glaswand.jpg\",\"width\":700,\"height\":521},{\"@type\":\"BreadcrumbList\",\"@id\":\"https:\/\/www.schlossnotdienst-hamburg.de\/sicherheitstechnik-grindel\/news\/herstellung-und-montage-von-stahl-glaswaenden-im-industriedesign-fuer-loft-bueros\/#breadcrumb\",\"itemListElement\":[{\"@type\":\"ListItem\",\"position\":1,\"name\":\"Startseite\",\"item\":\"https:\/\/www.schlossnotdienst-hamburg.de\/sicherheitstechnik-grindel\/\"},{\"@type\":\"ListItem\",\"position\":2,\"name\":\"News\",\"item\":\"https:\/\/www.schlossnotdienst-hamburg.de\/sicherheitstechnik-grindel\/news\/\"},{\"@type\":\"ListItem\",\"position\":3,\"name\":\"Herstellung und Montage von Stahl-Glasw\u00e4nden im Industriedesign f\u00fcr Loft-B\u00fcros\"}]},{\"@type\":\"WebSite\",\"@id\":\"https:\/\/www.schlossnotdienst-hamburg.de\/sicherheitstechnik-grindel\/#website\",\"url\":\"https:\/\/www.schlossnotdienst-hamburg.de\/sicherheitstechnik-grindel\/\",\"name\":\"Sicherheitstechnik Grindel\",\"description\":\"\",\"potentialAction\":[{\"@type\":\"SearchAction\",\"target\":{\"@type\":\"EntryPoint\",\"urlTemplate\":\"https:\/\/www.schlossnotdienst-hamburg.de\/sicherheitstechnik-grindel\/?s={search_term_string}\"},\"query-input\":{\"@type\":\"PropertyValueSpecification\",\"valueRequired\":true,\"valueName\":\"search_term_string\"}}],\"inLanguage\":\"de\"}]}<\/script>\n<!-- \/ Yoast SEO plugin. -->","yoast_head_json":{"title":"Herstellung und Montage von Stahl-Glasw\u00e4nden","robots":{"index":"index","follow":"follow","max-snippet":"max-snippet:-1","max-image-preview":"max-image-preview:large","max-video-preview":"max-video-preview:-1"},"canonical":"https:\/\/www.schlossnotdienst-hamburg.de\/sicherheitstechnik-grindel\/news\/herstellung-und-montage-von-stahl-glaswaenden-im-industriedesign-fuer-loft-bueros\/","og_locale":"de_DE","og_type":"article","og_title":"Herstellung und Montage von Stahl-Glasw\u00e4nden","og_description":"Herstellung und Montage von Stahl-Glasw\u00e4nden im Industriedesign f\u00fcr Loft-B\u00fcros. Eingebaut wurde 10mm dickes ESG-Sicherheitsglas.Unser Kunde war sehr zufrieden \u00fcber das Ergebnis. &nbsp;&nbsp; &nbsp;&nbsp; &nbsp;&nbsp; &raquo; Zur News-\u00dcbersicht","og_url":"https:\/\/www.schlossnotdienst-hamburg.de\/sicherheitstechnik-grindel\/news\/herstellung-und-montage-von-stahl-glaswaenden-im-industriedesign-fuer-loft-bueros\/","og_site_name":"Sicherheitstechnik Grindel","article_modified_time":"2023-06-09T09:20:04+00:00","og_image":[{"url":"https:\/\/www.schlossnotdienst-hamburg.de\/sicherheitstechnik-grindel\/wp-content\/uploads\/Stahl-Glaswand.jpg","type":"","width":"","height":""}],"twitter_card":"summary_large_image","twitter_misc":{"Gesch\u00e4tzte Lesezeit":"1\u00a0Minute"},"schema":{"@context":"https:\/\/schema.org","@graph":[{"@type":"WebPage","@id":"https:\/\/www.schlossnotdienst-hamburg.de\/sicherheitstechnik-grindel\/news\/herstellung-und-montage-von-stahl-glaswaenden-im-industriedesign-fuer-loft-bueros\/","url":"https:\/\/www.schlossnotdienst-hamburg.de\/sicherheitstechnik-grindel\/news\/herstellung-und-montage-von-stahl-glaswaenden-im-industriedesign-fuer-loft-bueros\/","name":"Herstellung und Montage von Stahl-Glasw\u00e4nden","isPartOf":{"@id":"https:\/\/www.schlossnotdienst-hamburg.de\/sicherheitstechnik-grindel\/#website"},"primaryImageOfPage":{"@id":"https:\/\/www.schlossnotdienst-hamburg.de\/sicherheitstechnik-grindel\/news\/herstellung-und-montage-von-stahl-glaswaenden-im-industriedesign-fuer-loft-bueros\/#primaryimage"},"image":{"@id":"https:\/\/www.schlossnotdienst-hamburg.de\/sicherheitstechnik-grindel\/news\/herstellung-und-montage-von-stahl-glaswaenden-im-industriedesign-fuer-loft-bueros\/#primaryimage"},"thumbnailUrl":"https:\/\/www.schlossnotdienst-hamburg.de\/sicherheitstechnik-grindel\/wp-content\/uploads\/Stahl-Glaswand.jpg","datePublished":"2023-06-07T08:54:42+00:00","dateModified":"2023-06-09T09:20:04+00:00","breadcrumb":{"@id":"https:\/\/www.schlossnotdienst-hamburg.de\/sicherheitstechnik-grindel\/news\/herstellung-und-montage-von-stahl-glaswaenden-im-industriedesign-fuer-loft-bueros\/#breadcrumb"},"inLanguage":"de","potentialAction":[{"@type":"ReadAction","target":["https:\/\/www.schlossnotdienst-hamburg.de\/sicherheitstechnik-grindel\/news\/herstellung-und-montage-von-stahl-glaswaenden-im-industriedesign-fuer-loft-bueros\/"]}]},{"@type":"ImageObject","inLanguage":"de","@id":"https:\/\/www.schlossnotdienst-hamburg.de\/sicherheitstechnik-grindel\/news\/herstellung-und-montage-von-stahl-glaswaenden-im-industriedesign-fuer-loft-bueros\/#primaryimage","url":"https:\/\/www.schlossnotdienst-hamburg.de\/sicherheitstechnik-grindel\/wp-content\/uploads\/Stahl-Glaswand.jpg","contentUrl":"https:\/\/www.schlossnotdienst-hamburg.de\/sicherheitstechnik-grindel\/wp-content\/uploads\/Stahl-Glaswand.jpg","width":700,"height":521},{"@type":"BreadcrumbList","@id":"https:\/\/www.schlossnotdienst-hamburg.de\/sicherheitstechnik-grindel\/news\/herstellung-und-montage-von-stahl-glaswaenden-im-industriedesign-fuer-loft-bueros\/#breadcrumb","itemListElement":[{"@type":"ListItem","position":1,"name":"Startseite","item":"https:\/\/www.schlossnotdienst-hamburg.de\/sicherheitstechnik-grindel\/"},{"@type":"ListItem","position":2,"name":"News","item":"https:\/\/www.schlossnotdienst-hamburg.de\/sicherheitstechnik-grindel\/news\/"},{"@type":"ListItem","position":3,"name":"Herstellung und Montage von Stahl-Glasw\u00e4nden im Industriedesign f\u00fcr Loft-B\u00fcros"}]},{"@type":"WebSite","@id":"https:\/\/www.schlossnotdienst-hamburg.de\/sicherheitstechnik-grindel\/#website","url":"https:\/\/www.schlossnotdienst-hamburg.de\/sicherheitstechnik-grindel\/","name":"Sicherheitstechnik Grindel","description":"","potentialAction":[{"@type":"SearchAction","target":{"@type":"EntryPoint","urlTemplate":"https:\/\/www.schlossnotdienst-hamburg.de\/sicherheitstechnik-grindel\/?s={search_term_string}"},"query-input":{"@type":"PropertyValueSpecification","valueRequired":true,"valueName":"search_term_string"}}],"inLanguage":"de"}]}},"_links":{"self":[{"href":"https:\/\/www.schlossnotdienst-hamburg.de\/sicherheitstechnik-grindel\/wp-json\/wp\/v2\/pages\/80","targetHints":{"allow":["GET"]}}],"collection":[{"href":"https:\/\/www.schlossnotdienst-hamburg.de\/sicherheitstechnik-grindel\/wp-json\/wp\/v2\/pages"}],"about":[{"href":"https:\/\/www.schlossnotdienst-hamburg.de\/sicherheitstechnik-grindel\/wp-json\/wp\/v2\/types\/page"}],"author":[{"embeddable":true,"href":"https:\/\/www.schlossnotdienst-hamburg.de\/sicherheitstechnik-grindel\/wp-json\/wp\/v2\/users\/1"}],"replies":[{"embeddable":true,"href":"https:\/\/www.schlossnotdienst-hamburg.de\/sicherheitstechnik-grindel\/wp-json\/wp\/v2\/comments?post=80"}],"version-history":[{"count":5,"href":"https:\/\/www.schlossnotdienst-hamburg.de\/sicherheitstechnik-grindel\/wp-json\/wp\/v2\/pages\/80\/revisions"}],"predecessor-version":[{"id":146,"href":"https:\/\/www.schlossnotdienst-hamburg.de\/sicherheitstechnik-grindel\/wp-json\/wp\/v2\/pages\/80\/revisions\/146"}],"up":[{"embeddable":true,"href":"https:\/\/www.schlossnotdienst-hamburg.de\/sicherheitstechnik-grindel\/wp-json\/wp\/v2\/pages\/58"}],"wp:attachment":[{"href":"https:\/\/www.schlossnotdienst-hamburg.de\/sicherheitstechnik-grindel\/wp-json\/wp\/v2\/media?parent=80"}],"curies":[{"name":"wp","href":"https:\/\/api.w.org\/{rel}","templated":true}]}}