{"id":74,"date":"2023-06-07T10:50:15","date_gmt":"2023-06-07T08:50:15","guid":{"rendered":"https:\/\/www.schlossnotdienst-hamburg.de\/sicherheitstechnik-grindel\/?page_id=74"},"modified":"2023-06-07T11:54:31","modified_gmt":"2023-06-07T09:54:31","slug":"montage-von-mehreren-schaufensterscheiben-in-der-hamburger-innenstadt","status":"publish","type":"page","link":"https:\/\/www.schlossnotdienst-hamburg.de\/sicherheitstechnik-grindel\/news\/montage-von-mehreren-schaufensterscheiben-in-der-hamburger-innenstadt\/","title":{"rendered":"Montage von mehreren Schaufensterscheiben in der Hamburger Innenstadt"},"content":{"rendered":"<h1>Montage von mehreren Schaufensterscheiben in der Hamburger Innenstadt<\/h1>\n<p>Es war eine Kranmontage wegen der extrem hohen Glasgewichte von \u00fcber 350 kg pro Scheibe erforderlich.<br \/>\nNat\u00fcrlich montieren wir f\u00fcr unsere Gesch\u00e4ftskunden auch gerne fr\u00fchmorgens oder sp\u00e4tabends ausshalb deren Gesch\u00e4fts-\u00d6ffnungszeiten.<\/p>\n<p>&nbsp;&nbsp;<\/p>\n<p><img decoding=\"async\" src=\"https:\/\/www.schlossnotdienst-hamburg.de\/sicherheitstechnik-grindel\/wp-content\/uploads\/Schaufensterscheiben-1.jpg\" alt=\"Montage von Schaufensterscheiben\" \/><\/p>\n<p>&nbsp;&nbsp;<\/p>\n<p><a href=\"https:\/\/www.schlossnotdienst-hamburg.de\/sicherheitstechnik-grindel\/news\/\">&raquo; Zur News-\u00dcbersicht<\/a><\/p>\n","protected":false},"excerpt":{"rendered":"<p>Montage von mehreren Schaufensterscheiben in der Hamburger Innenstadt Es war eine Kranmontage wegen der extrem hohen Glasgewichte von \u00fcber 350 kg pro Scheibe erforderlich. Nat\u00fcrlich montieren wir f\u00fcr unsere Gesch\u00e4ftskunden auch gerne fr\u00fchmorgens oder sp\u00e4tabends ausshalb deren Gesch\u00e4fts-\u00d6ffnungszeiten. &nbsp;&nbsp; &nbsp;&nbsp; &raquo; Zur News-\u00dcbersicht<\/p>\n","protected":false},"author":1,"featured_media":0,"parent":58,"menu_order":40,"comment_status":"closed","ping_status":"closed","template":"","meta":{"footnotes":""},"class_list":["post-74","page","type-page","status-publish","hentry"],"yoast_head":"<!-- This site is optimized with the Yoast SEO plugin v26.9 - https:\/\/yoast.com\/product\/yoast-seo-wordpress\/ -->\n<title>Montage von Schaufensterscheiben in Hamburg<\/title>\n<meta name=\"robots\" content=\"index, follow, max-snippet:-1, max-image-preview:large, max-video-preview:-1\" \/>\n<link rel=\"canonical\" href=\"https:\/\/www.schlossnotdienst-hamburg.de\/sicherheitstechnik-grindel\/news\/montage-von-mehreren-schaufensterscheiben-in-der-hamburger-innenstadt\/\" \/>\n<meta property=\"og:locale\" content=\"de_DE\" \/>\n<meta property=\"og:type\" content=\"article\" \/>\n<meta property=\"og:title\" content=\"Montage von Schaufensterscheiben in Hamburg\" \/>\n<meta property=\"og:description\" content=\"Montage von mehreren Schaufensterscheiben in der Hamburger Innenstadt Es war eine Kranmontage wegen der extrem hohen Glasgewichte von \u00fcber 350 kg pro Scheibe erforderlich. Nat\u00fcrlich montieren wir f\u00fcr unsere Gesch\u00e4ftskunden auch gerne fr\u00fchmorgens oder sp\u00e4tabends ausshalb deren Gesch\u00e4fts-\u00d6ffnungszeiten. &nbsp;&nbsp; &nbsp;&nbsp; &raquo; Zur News-\u00dcbersicht\" \/>\n<meta property=\"og:url\" content=\"https:\/\/www.schlossnotdienst-hamburg.de\/sicherheitstechnik-grindel\/news\/montage-von-mehreren-schaufensterscheiben-in-der-hamburger-innenstadt\/\" \/>\n<meta property=\"og:site_name\" content=\"Sicherheitstechnik Grindel\" \/>\n<meta property=\"article:modified_time\" content=\"2023-06-07T09:54:31+00:00\" \/>\n<meta property=\"og:image\" content=\"https:\/\/www.schlossnotdienst-hamburg.de\/sicherheitstechnik-grindel\/wp-content\/uploads\/Schaufensterscheiben-1.jpg\" \/>\n<meta name=\"twitter:card\" content=\"summary_large_image\" \/>\n<meta name=\"twitter:label1\" content=\"Gesch\u00e4tzte Lesezeit\" \/>\n\t<meta name=\"twitter:data1\" content=\"1\u00a0Minute\" \/>\n<script type=\"application\/ld+json\" class=\"yoast-schema-graph\">{\"@context\":\"https:\/\/schema.org\",\"@graph\":[{\"@type\":\"WebPage\",\"@id\":\"https:\/\/www.schlossnotdienst-hamburg.de\/sicherheitstechnik-grindel\/news\/montage-von-mehreren-schaufensterscheiben-in-der-hamburger-innenstadt\/\",\"url\":\"https:\/\/www.schlossnotdienst-hamburg.de\/sicherheitstechnik-grindel\/news\/montage-von-mehreren-schaufensterscheiben-in-der-hamburger-innenstadt\/\",\"name\":\"Montage von Schaufensterscheiben in Hamburg\",\"isPartOf\":{\"@id\":\"https:\/\/www.schlossnotdienst-hamburg.de\/sicherheitstechnik-grindel\/#website\"},\"primaryImageOfPage\":{\"@id\":\"https:\/\/www.schlossnotdienst-hamburg.de\/sicherheitstechnik-grindel\/news\/montage-von-mehreren-schaufensterscheiben-in-der-hamburger-innenstadt\/#primaryimage\"},\"image\":{\"@id\":\"https:\/\/www.schlossnotdienst-hamburg.de\/sicherheitstechnik-grindel\/news\/montage-von-mehreren-schaufensterscheiben-in-der-hamburger-innenstadt\/#primaryimage\"},\"thumbnailUrl\":\"https:\/\/www.schlossnotdienst-hamburg.de\/sicherheitstechnik-grindel\/wp-content\/uploads\/Schaufensterscheiben-1.jpg\",\"datePublished\":\"2023-06-07T08:50:15+00:00\",\"dateModified\":\"2023-06-07T09:54:31+00:00\",\"breadcrumb\":{\"@id\":\"https:\/\/www.schlossnotdienst-hamburg.de\/sicherheitstechnik-grindel\/news\/montage-von-mehreren-schaufensterscheiben-in-der-hamburger-innenstadt\/#breadcrumb\"},\"inLanguage\":\"de\",\"potentialAction\":[{\"@type\":\"ReadAction\",\"target\":[\"https:\/\/www.schlossnotdienst-hamburg.de\/sicherheitstechnik-grindel\/news\/montage-von-mehreren-schaufensterscheiben-in-der-hamburger-innenstadt\/\"]}]},{\"@type\":\"ImageObject\",\"inLanguage\":\"de\",\"@id\":\"https:\/\/www.schlossnotdienst-hamburg.de\/sicherheitstechnik-grindel\/news\/montage-von-mehreren-schaufensterscheiben-in-der-hamburger-innenstadt\/#primaryimage\",\"url\":\"https:\/\/www.schlossnotdienst-hamburg.de\/sicherheitstechnik-grindel\/wp-content\/uploads\/Schaufensterscheiben-1.jpg\",\"contentUrl\":\"https:\/\/www.schlossnotdienst-hamburg.de\/sicherheitstechnik-grindel\/wp-content\/uploads\/Schaufensterscheiben-1.jpg\",\"width\":800,\"height\":635},{\"@type\":\"BreadcrumbList\",\"@id\":\"https:\/\/www.schlossnotdienst-hamburg.de\/sicherheitstechnik-grindel\/news\/montage-von-mehreren-schaufensterscheiben-in-der-hamburger-innenstadt\/#breadcrumb\",\"itemListElement\":[{\"@type\":\"ListItem\",\"position\":1,\"name\":\"Startseite\",\"item\":\"https:\/\/www.schlossnotdienst-hamburg.de\/sicherheitstechnik-grindel\/\"},{\"@type\":\"ListItem\",\"position\":2,\"name\":\"News\",\"item\":\"https:\/\/www.schlossnotdienst-hamburg.de\/sicherheitstechnik-grindel\/news\/\"},{\"@type\":\"ListItem\",\"position\":3,\"name\":\"Montage von mehreren Schaufensterscheiben in der Hamburger Innenstadt\"}]},{\"@type\":\"WebSite\",\"@id\":\"https:\/\/www.schlossnotdienst-hamburg.de\/sicherheitstechnik-grindel\/#website\",\"url\":\"https:\/\/www.schlossnotdienst-hamburg.de\/sicherheitstechnik-grindel\/\",\"name\":\"Sicherheitstechnik Grindel\",\"description\":\"\",\"potentialAction\":[{\"@type\":\"SearchAction\",\"target\":{\"@type\":\"EntryPoint\",\"urlTemplate\":\"https:\/\/www.schlossnotdienst-hamburg.de\/sicherheitstechnik-grindel\/?s={search_term_string}\"},\"query-input\":{\"@type\":\"PropertyValueSpecification\",\"valueRequired\":true,\"valueName\":\"search_term_string\"}}],\"inLanguage\":\"de\"}]}<\/script>\n<!-- \/ Yoast SEO plugin. -->","yoast_head_json":{"title":"Montage von Schaufensterscheiben in Hamburg","robots":{"index":"index","follow":"follow","max-snippet":"max-snippet:-1","max-image-preview":"max-image-preview:large","max-video-preview":"max-video-preview:-1"},"canonical":"https:\/\/www.schlossnotdienst-hamburg.de\/sicherheitstechnik-grindel\/news\/montage-von-mehreren-schaufensterscheiben-in-der-hamburger-innenstadt\/","og_locale":"de_DE","og_type":"article","og_title":"Montage von Schaufensterscheiben in Hamburg","og_description":"Montage von mehreren Schaufensterscheiben in der Hamburger Innenstadt Es war eine Kranmontage wegen der extrem hohen Glasgewichte von \u00fcber 350 kg pro Scheibe erforderlich. Nat\u00fcrlich montieren wir f\u00fcr unsere Gesch\u00e4ftskunden auch gerne fr\u00fchmorgens oder sp\u00e4tabends ausshalb deren Gesch\u00e4fts-\u00d6ffnungszeiten. &nbsp;&nbsp; &nbsp;&nbsp; &raquo; Zur News-\u00dcbersicht","og_url":"https:\/\/www.schlossnotdienst-hamburg.de\/sicherheitstechnik-grindel\/news\/montage-von-mehreren-schaufensterscheiben-in-der-hamburger-innenstadt\/","og_site_name":"Sicherheitstechnik Grindel","article_modified_time":"2023-06-07T09:54:31+00:00","og_image":[{"url":"https:\/\/www.schlossnotdienst-hamburg.de\/sicherheitstechnik-grindel\/wp-content\/uploads\/Schaufensterscheiben-1.jpg","type":"","width":"","height":""}],"twitter_card":"summary_large_image","twitter_misc":{"Gesch\u00e4tzte Lesezeit":"1\u00a0Minute"},"schema":{"@context":"https:\/\/schema.org","@graph":[{"@type":"WebPage","@id":"https:\/\/www.schlossnotdienst-hamburg.de\/sicherheitstechnik-grindel\/news\/montage-von-mehreren-schaufensterscheiben-in-der-hamburger-innenstadt\/","url":"https:\/\/www.schlossnotdienst-hamburg.de\/sicherheitstechnik-grindel\/news\/montage-von-mehreren-schaufensterscheiben-in-der-hamburger-innenstadt\/","name":"Montage von Schaufensterscheiben in Hamburg","isPartOf":{"@id":"https:\/\/www.schlossnotdienst-hamburg.de\/sicherheitstechnik-grindel\/#website"},"primaryImageOfPage":{"@id":"https:\/\/www.schlossnotdienst-hamburg.de\/sicherheitstechnik-grindel\/news\/montage-von-mehreren-schaufensterscheiben-in-der-hamburger-innenstadt\/#primaryimage"},"image":{"@id":"https:\/\/www.schlossnotdienst-hamburg.de\/sicherheitstechnik-grindel\/news\/montage-von-mehreren-schaufensterscheiben-in-der-hamburger-innenstadt\/#primaryimage"},"thumbnailUrl":"https:\/\/www.schlossnotdienst-hamburg.de\/sicherheitstechnik-grindel\/wp-content\/uploads\/Schaufensterscheiben-1.jpg","datePublished":"2023-06-07T08:50:15+00:00","dateModified":"2023-06-07T09:54:31+00:00","breadcrumb":{"@id":"https:\/\/www.schlossnotdienst-hamburg.de\/sicherheitstechnik-grindel\/news\/montage-von-mehreren-schaufensterscheiben-in-der-hamburger-innenstadt\/#breadcrumb"},"inLanguage":"de","potentialAction":[{"@type":"ReadAction","target":["https:\/\/www.schlossnotdienst-hamburg.de\/sicherheitstechnik-grindel\/news\/montage-von-mehreren-schaufensterscheiben-in-der-hamburger-innenstadt\/"]}]},{"@type":"ImageObject","inLanguage":"de","@id":"https:\/\/www.schlossnotdienst-hamburg.de\/sicherheitstechnik-grindel\/news\/montage-von-mehreren-schaufensterscheiben-in-der-hamburger-innenstadt\/#primaryimage","url":"https:\/\/www.schlossnotdienst-hamburg.de\/sicherheitstechnik-grindel\/wp-content\/uploads\/Schaufensterscheiben-1.jpg","contentUrl":"https:\/\/www.schlossnotdienst-hamburg.de\/sicherheitstechnik-grindel\/wp-content\/uploads\/Schaufensterscheiben-1.jpg","width":800,"height":635},{"@type":"BreadcrumbList","@id":"https:\/\/www.schlossnotdienst-hamburg.de\/sicherheitstechnik-grindel\/news\/montage-von-mehreren-schaufensterscheiben-in-der-hamburger-innenstadt\/#breadcrumb","itemListElement":[{"@type":"ListItem","position":1,"name":"Startseite","item":"https:\/\/www.schlossnotdienst-hamburg.de\/sicherheitstechnik-grindel\/"},{"@type":"ListItem","position":2,"name":"News","item":"https:\/\/www.schlossnotdienst-hamburg.de\/sicherheitstechnik-grindel\/news\/"},{"@type":"ListItem","position":3,"name":"Montage von mehreren Schaufensterscheiben in der Hamburger Innenstadt"}]},{"@type":"WebSite","@id":"https:\/\/www.schlossnotdienst-hamburg.de\/sicherheitstechnik-grindel\/#website","url":"https:\/\/www.schlossnotdienst-hamburg.de\/sicherheitstechnik-grindel\/","name":"Sicherheitstechnik Grindel","description":"","potentialAction":[{"@type":"SearchAction","target":{"@type":"EntryPoint","urlTemplate":"https:\/\/www.schlossnotdienst-hamburg.de\/sicherheitstechnik-grindel\/?s={search_term_string}"},"query-input":{"@type":"PropertyValueSpecification","valueRequired":true,"valueName":"search_term_string"}}],"inLanguage":"de"}]}},"_links":{"self":[{"href":"https:\/\/www.schlossnotdienst-hamburg.de\/sicherheitstechnik-grindel\/wp-json\/wp\/v2\/pages\/74","targetHints":{"allow":["GET"]}}],"collection":[{"href":"https:\/\/www.schlossnotdienst-hamburg.de\/sicherheitstechnik-grindel\/wp-json\/wp\/v2\/pages"}],"about":[{"href":"https:\/\/www.schlossnotdienst-hamburg.de\/sicherheitstechnik-grindel\/wp-json\/wp\/v2\/types\/page"}],"author":[{"embeddable":true,"href":"https:\/\/www.schlossnotdienst-hamburg.de\/sicherheitstechnik-grindel\/wp-json\/wp\/v2\/users\/1"}],"replies":[{"embeddable":true,"href":"https:\/\/www.schlossnotdienst-hamburg.de\/sicherheitstechnik-grindel\/wp-json\/wp\/v2\/comments?post=74"}],"version-history":[{"count":7,"href":"https:\/\/www.schlossnotdienst-hamburg.de\/sicherheitstechnik-grindel\/wp-json\/wp\/v2\/pages\/74\/revisions"}],"predecessor-version":[{"id":138,"href":"https:\/\/www.schlossnotdienst-hamburg.de\/sicherheitstechnik-grindel\/wp-json\/wp\/v2\/pages\/74\/revisions\/138"}],"up":[{"embeddable":true,"href":"https:\/\/www.schlossnotdienst-hamburg.de\/sicherheitstechnik-grindel\/wp-json\/wp\/v2\/pages\/58"}],"wp:attachment":[{"href":"https:\/\/www.schlossnotdienst-hamburg.de\/sicherheitstechnik-grindel\/wp-json\/wp\/v2\/media?parent=74"}],"curies":[{"name":"wp","href":"https:\/\/api.w.org\/{rel}","templated":true}]}}