{"id":58,"date":"2023-06-07T10:19:40","date_gmt":"2023-06-07T08:19:40","guid":{"rendered":"https:\/\/www.schlossnotdienst-hamburg.de\/sicherheitstechnik-grindel\/?page_id=58"},"modified":"2023-06-09T12:23:07","modified_gmt":"2023-06-09T10:23:07","slug":"news","status":"publish","type":"page","link":"https:\/\/www.schlossnotdienst-hamburg.de\/sicherheitstechnik-grindel\/news\/","title":{"rendered":"News"},"content":{"rendered":"<h1>News<\/h1>\n<p><img decoding=\"async\" src=\"https:\/\/www.schlossnotdienst-hamburg.de\/sicherheitstechnik-grindel\/wp-content\/uploads\/1-.jpg\" alt=\"News Sicherheitstechnik Grindel \" \/> &nbsp; >> &nbsp; <a href=\"https:\/\/www.schlossnotdienst-hamburg.de\/sicherheitstechnik-grindel\/news\/hoch-einbruchhemmendes-waermeschutzglas\/\">Hoch einbruchhemmendes W\u00e4rmeschutzglas<\/a><\/p>\n<p>&nbsp;&nbsp;<\/p>\n<p><img decoding=\"async\" src=\"https:\/\/www.schlossnotdienst-hamburg.de\/sicherheitstechnik-grindel\/wp-content\/uploads\/2-.jpg\" alt=\"News Sicherheitstechnik Grindel\" \/> &nbsp; >> &nbsp; <a href=\"https:\/\/www.schlossnotdienst-hamburg.de\/sicherheitstechnik-grindel\/news\/sicherheitstechnik-grindel-stellt-auch-transparente-echtglasschilder-her\/\">Sicherheitstechnik Grindel stellt auch transparente Echtglasschilder her<\/a><\/p>\n<p>&nbsp;&nbsp;<\/p>\n<p><img decoding=\"async\" src=\"https:\/\/www.schlossnotdienst-hamburg.de\/sicherheitstechnik-grindel\/wp-content\/uploads\/3-.jpg\" alt=\"News Sicherheitstechnik Grindel\" \/> &nbsp; >> &nbsp; <a href=\"https:\/\/www.schlossnotdienst-hamburg.de\/sicherheitstechnik-grindel\/news\/montage-von-mehreren-schaufensterscheiben-in-der-hamburger-innenstadt\/\">Montage von mehreren Schaufensterscheiben in der Hamburger Innenstadt<\/a><\/p>\n<p>&nbsp;&nbsp;<\/p>\n<p><img decoding=\"async\" src=\"https:\/\/www.schlossnotdienst-hamburg.de\/sicherheitstechnik-grindel\/wp-content\/uploads\/4-.jpg\" alt=\"News Sicherheitstechnik Grindel\" \/> &nbsp; >> &nbsp; <a href=\"https:\/\/www.schlossnotdienst-hamburg.de\/sicherheitstechnik-grindel\/news\/reparatur-einer-4m-hohen-glas-schiebeanlage-in-einem-einkaufszentrum\/\">Reparatur einer 4m hohen Glas-Schiebeanlage in einem Einkaufszentrum<\/a><\/p>\n<p>&nbsp;&nbsp;<\/p>\n<p><img decoding=\"async\" src=\"https:\/\/www.schlossnotdienst-hamburg.de\/sicherheitstechnik-grindel\/wp-content\/uploads\/5-.jpg\" alt=\"News Sicherheitstechnik Grindel\" \/> &nbsp; >> &nbsp; <a href=\"https:\/\/www.schlossnotdienst-hamburg.de\/sicherheitstechnik-grindel\/news\/herstellung-und-montage-von-stahl-glaswaenden-im-industriedesign-fuer-loft-bueros\/\">Herstellung und Montage von Stahl-Glasw\u00e4nden im Industriedesign f\u00fcr Loft-B\u00fcros.<\/a><\/p>\n<p>&nbsp;&nbsp;<\/p>\n<p> <img decoding=\"async\" src=\"https:\/\/www.schlossnotdienst-hamburg.de\/sicherheitstechnik-grindel\/wp-content\/uploads\/7-.jpg\" alt=\"Objekt Mozarteum HH\" \/> &nbsp; >> &nbsp; <a href=\"https:\/\/www.schlossnotdienst-hamburg.de\/sicherheitstechnik-grindel\/news\/objekt-mozarteum-hh\/\">Objekt Mozarteum HH<\/a><\/p>\n<p>&nbsp;&nbsp;<\/p>\n<p> <img decoding=\"async\" src=\"https:\/\/www.schlossnotdienst-hamburg.de\/sicherheitstechnik-grindel\/wp-content\/uploads\/8-.jpg\" alt=\"News Sicherheitstechnik Grindel\" \/> &nbsp; >> &nbsp; <a href=\"https:\/\/www.schlossnotdienst-hamburg.de\/sicherheitstechnik-grindel\/news\/sanierung-und-abdichtung\/\">Sanierung und Abdichtung<\/a><\/p>\n<p>&nbsp;&nbsp;<\/p>\n<p> <img decoding=\"async\" src=\"https:\/\/www.schlossnotdienst-hamburg.de\/sicherheitstechnik-grindel\/wp-content\/uploads\/9-.jpg\" alt=\"News Sicherheitstechnik Grindel\" \/> &nbsp; >> <a href=\"https:\/\/www.schlossnotdienst-hamburg.de\/sicherheitstechnik-grindel\/news\/energetische-fenstermodernisierung\/\">Energetische Fenstermodernisierung<\/a><\/p>\n<p>&nbsp;&nbsp;<\/p>\n<p> <img decoding=\"async\" src=\"https:\/\/www.schlossnotdienst-hamburg.de\/sicherheitstechnik-grindel\/wp-content\/uploads\/10-.jpg\" alt=\"News Sicherheitstechnik Grindel\" \/> &nbsp; >>&nbsp;&nbsp; <a href=\"https:\/\/www.schlossnotdienst-hamburg.de\/sicherheitstechnik-grindel\/news\/einbau-einer-stark-erhoehten-einbruchhemmung-2\/\">Einbau einer stark erh\u00f6hten Einbruchhemmung<\/a><\/p>\n<p>&nbsp;&nbsp;<\/p>\n<p> <img decoding=\"async\" src=\"https:\/\/www.schlossnotdienst-hamburg.de\/sicherheitstechnik-grindel\/wp-content\/uploads\/11-.jpg\" alt=\"News Sicherheitstechnik Grindel\" \/> &nbsp; >>&nbsp;&nbsp; <a href=\"https:\/\/www.schlossnotdienst-hamburg.de\/sicherheitstechnik-grindel\/news\/wir-bei-der-arbeit\/\">Wir bei der Arbeit<\/a><\/p>\n<p>&nbsp;&nbsp;<\/p>\n<p> <img decoding=\"async\" src=\"https:\/\/www.schlossnotdienst-hamburg.de\/sicherheitstechnik-grindel\/wp-content\/uploads\/12-.jpg\" alt=\"Einbau einer schweren Verbundsicherheitsscheibe (VSG)\" \/> &nbsp; >>&nbsp;&nbsp; <a href=\"https:\/\/www.schlossnotdienst-hamburg.de\/sicherheitstechnik-grindel\/news\/einbau-einer-schweren-verbundsicherheitsscheibe-vsg\/\">Einbau einer schweren Verbundsicherheitsscheibe (VSG)<\/a><\/p>\n<p>&nbsp;&nbsp;<\/p>\n<p> <img decoding=\"async\" src=\"https:\/\/www.schlossnotdienst-hamburg.de\/sicherheitstechnik-grindel\/wp-content\/uploads\/Tuerschloss-Austausch.jpg\" alt=\"T\u00fcr-Notreparatur nach Einbruch\" \/> &nbsp; >>&nbsp;&nbsp; <a href=\"https:\/\/www.schlossnotdienst-hamburg.de\/sicherheitstechnik-grindel\/news\/tuer-notreparatur-nach-einbruch\/\">T\u00fcr-Notreparatur nach Einbruch<\/a><\/p>\n","protected":false},"excerpt":{"rendered":"<p>News &nbsp; >> &nbsp; Hoch einbruchhemmendes W\u00e4rmeschutzglas &nbsp;&nbsp; &nbsp; >> &nbsp; Sicherheitstechnik Grindel stellt auch transparente Echtglasschilder her &nbsp;&nbsp; &nbsp; >> &nbsp; Montage von mehreren Schaufensterscheiben in der Hamburger Innenstadt &nbsp;&nbsp; &nbsp; >> &nbsp; Reparatur einer 4m hohen Glas-Schiebeanlage in einem Einkaufszentrum &nbsp;&nbsp; &nbsp; >> &nbsp; Herstellung und Montage von Stahl-Glasw\u00e4nden im Industriedesign f\u00fcr Loft-B\u00fcros. &hellip; <a href=\"https:\/\/www.schlossnotdienst-hamburg.de\/sicherheitstechnik-grindel\/news\/\" class=\"more-link\"><span class=\"screen-reader-text\">\u201eNews\u201c <\/span>weiterlesen<\/a><\/p>\n","protected":false},"author":1,"featured_media":0,"parent":0,"menu_order":50,"comment_status":"closed","ping_status":"closed","template":"","meta":{"footnotes":""},"class_list":["post-58","page","type-page","status-publish","hentry"],"yoast_head":"<!-- This site is optimized with the Yoast SEO plugin v26.9 - https:\/\/yoast.com\/product\/yoast-seo-wordpress\/ -->\n<title>News - Sicherheitstechnik Grindel<\/title>\n<meta name=\"robots\" content=\"index, follow, max-snippet:-1, max-image-preview:large, max-video-preview:-1\" \/>\n<link rel=\"canonical\" href=\"https:\/\/www.schlossnotdienst-hamburg.de\/sicherheitstechnik-grindel\/news\/\" \/>\n<meta property=\"og:locale\" content=\"de_DE\" \/>\n<meta property=\"og:type\" content=\"article\" \/>\n<meta property=\"og:title\" content=\"News - Sicherheitstechnik Grindel\" \/>\n<meta property=\"og:description\" content=\"News &nbsp; &gt;&gt; &nbsp; Hoch einbruchhemmendes W\u00e4rmeschutzglas &nbsp;&nbsp; &nbsp; &gt;&gt; &nbsp; Sicherheitstechnik Grindel stellt auch transparente Echtglasschilder her &nbsp;&nbsp; &nbsp; &gt;&gt; &nbsp; Montage von mehreren Schaufensterscheiben in der Hamburger Innenstadt &nbsp;&nbsp; &nbsp; &gt;&gt; &nbsp; Reparatur einer 4m hohen Glas-Schiebeanlage in einem Einkaufszentrum &nbsp;&nbsp; &nbsp; &gt;&gt; &nbsp; Herstellung und Montage von Stahl-Glasw\u00e4nden im Industriedesign f\u00fcr Loft-B\u00fcros. &hellip; \u201eNews\u201c weiterlesen\" \/>\n<meta property=\"og:url\" content=\"https:\/\/www.schlossnotdienst-hamburg.de\/sicherheitstechnik-grindel\/news\/\" \/>\n<meta property=\"og:site_name\" content=\"Sicherheitstechnik Grindel\" \/>\n<meta property=\"article:modified_time\" content=\"2023-06-09T10:23:07+00:00\" \/>\n<meta property=\"og:image\" content=\"https:\/\/www.schlossnotdienst-hamburg.de\/sicherheitstechnik-grindel\/wp-content\/uploads\/1-.jpg\" \/>\n<meta name=\"twitter:card\" content=\"summary_large_image\" \/>\n<meta name=\"twitter:label1\" content=\"Gesch\u00e4tzte Lesezeit\" \/>\n\t<meta name=\"twitter:data1\" content=\"3\u00a0Minuten\" \/>\n<script type=\"application\/ld+json\" class=\"yoast-schema-graph\">{\"@context\":\"https:\/\/schema.org\",\"@graph\":[{\"@type\":\"WebPage\",\"@id\":\"https:\/\/www.schlossnotdienst-hamburg.de\/sicherheitstechnik-grindel\/news\/\",\"url\":\"https:\/\/www.schlossnotdienst-hamburg.de\/sicherheitstechnik-grindel\/news\/\",\"name\":\"News - Sicherheitstechnik Grindel\",\"isPartOf\":{\"@id\":\"https:\/\/www.schlossnotdienst-hamburg.de\/sicherheitstechnik-grindel\/#website\"},\"primaryImageOfPage\":{\"@id\":\"https:\/\/www.schlossnotdienst-hamburg.de\/sicherheitstechnik-grindel\/news\/#primaryimage\"},\"image\":{\"@id\":\"https:\/\/www.schlossnotdienst-hamburg.de\/sicherheitstechnik-grindel\/news\/#primaryimage\"},\"thumbnailUrl\":\"https:\/\/www.schlossnotdienst-hamburg.de\/sicherheitstechnik-grindel\/wp-content\/uploads\/1-.jpg\",\"datePublished\":\"2023-06-07T08:19:40+00:00\",\"dateModified\":\"2023-06-09T10:23:07+00:00\",\"breadcrumb\":{\"@id\":\"https:\/\/www.schlossnotdienst-hamburg.de\/sicherheitstechnik-grindel\/news\/#breadcrumb\"},\"inLanguage\":\"de\",\"potentialAction\":[{\"@type\":\"ReadAction\",\"target\":[\"https:\/\/www.schlossnotdienst-hamburg.de\/sicherheitstechnik-grindel\/news\/\"]}]},{\"@type\":\"ImageObject\",\"inLanguage\":\"de\",\"@id\":\"https:\/\/www.schlossnotdienst-hamburg.de\/sicherheitstechnik-grindel\/news\/#primaryimage\",\"url\":\"https:\/\/www.schlossnotdienst-hamburg.de\/sicherheitstechnik-grindel\/wp-content\/uploads\/1-.jpg\",\"contentUrl\":\"https:\/\/www.schlossnotdienst-hamburg.de\/sicherheitstechnik-grindel\/wp-content\/uploads\/1-.jpg\",\"width\":120,\"height\":90},{\"@type\":\"BreadcrumbList\",\"@id\":\"https:\/\/www.schlossnotdienst-hamburg.de\/sicherheitstechnik-grindel\/news\/#breadcrumb\",\"itemListElement\":[{\"@type\":\"ListItem\",\"position\":1,\"name\":\"Startseite\",\"item\":\"https:\/\/www.schlossnotdienst-hamburg.de\/sicherheitstechnik-grindel\/\"},{\"@type\":\"ListItem\",\"position\":2,\"name\":\"News\"}]},{\"@type\":\"WebSite\",\"@id\":\"https:\/\/www.schlossnotdienst-hamburg.de\/sicherheitstechnik-grindel\/#website\",\"url\":\"https:\/\/www.schlossnotdienst-hamburg.de\/sicherheitstechnik-grindel\/\",\"name\":\"Sicherheitstechnik Grindel\",\"description\":\"\",\"potentialAction\":[{\"@type\":\"SearchAction\",\"target\":{\"@type\":\"EntryPoint\",\"urlTemplate\":\"https:\/\/www.schlossnotdienst-hamburg.de\/sicherheitstechnik-grindel\/?s={search_term_string}\"},\"query-input\":{\"@type\":\"PropertyValueSpecification\",\"valueRequired\":true,\"valueName\":\"search_term_string\"}}],\"inLanguage\":\"de\"}]}<\/script>\n<!-- \/ Yoast SEO plugin. -->","yoast_head_json":{"title":"News - Sicherheitstechnik Grindel","robots":{"index":"index","follow":"follow","max-snippet":"max-snippet:-1","max-image-preview":"max-image-preview:large","max-video-preview":"max-video-preview:-1"},"canonical":"https:\/\/www.schlossnotdienst-hamburg.de\/sicherheitstechnik-grindel\/news\/","og_locale":"de_DE","og_type":"article","og_title":"News - Sicherheitstechnik Grindel","og_description":"News &nbsp; >> &nbsp; Hoch einbruchhemmendes W\u00e4rmeschutzglas &nbsp;&nbsp; &nbsp; >> &nbsp; Sicherheitstechnik Grindel stellt auch transparente Echtglasschilder her &nbsp;&nbsp; &nbsp; >> &nbsp; Montage von mehreren Schaufensterscheiben in der Hamburger Innenstadt &nbsp;&nbsp; &nbsp; >> &nbsp; Reparatur einer 4m hohen Glas-Schiebeanlage in einem Einkaufszentrum &nbsp;&nbsp; &nbsp; >> &nbsp; Herstellung und Montage von Stahl-Glasw\u00e4nden im Industriedesign f\u00fcr Loft-B\u00fcros. &hellip; \u201eNews\u201c weiterlesen","og_url":"https:\/\/www.schlossnotdienst-hamburg.de\/sicherheitstechnik-grindel\/news\/","og_site_name":"Sicherheitstechnik Grindel","article_modified_time":"2023-06-09T10:23:07+00:00","og_image":[{"url":"https:\/\/www.schlossnotdienst-hamburg.de\/sicherheitstechnik-grindel\/wp-content\/uploads\/1-.jpg","type":"","width":"","height":""}],"twitter_card":"summary_large_image","twitter_misc":{"Gesch\u00e4tzte Lesezeit":"3\u00a0Minuten"},"schema":{"@context":"https:\/\/schema.org","@graph":[{"@type":"WebPage","@id":"https:\/\/www.schlossnotdienst-hamburg.de\/sicherheitstechnik-grindel\/news\/","url":"https:\/\/www.schlossnotdienst-hamburg.de\/sicherheitstechnik-grindel\/news\/","name":"News - Sicherheitstechnik Grindel","isPartOf":{"@id":"https:\/\/www.schlossnotdienst-hamburg.de\/sicherheitstechnik-grindel\/#website"},"primaryImageOfPage":{"@id":"https:\/\/www.schlossnotdienst-hamburg.de\/sicherheitstechnik-grindel\/news\/#primaryimage"},"image":{"@id":"https:\/\/www.schlossnotdienst-hamburg.de\/sicherheitstechnik-grindel\/news\/#primaryimage"},"thumbnailUrl":"https:\/\/www.schlossnotdienst-hamburg.de\/sicherheitstechnik-grindel\/wp-content\/uploads\/1-.jpg","datePublished":"2023-06-07T08:19:40+00:00","dateModified":"2023-06-09T10:23:07+00:00","breadcrumb":{"@id":"https:\/\/www.schlossnotdienst-hamburg.de\/sicherheitstechnik-grindel\/news\/#breadcrumb"},"inLanguage":"de","potentialAction":[{"@type":"ReadAction","target":["https:\/\/www.schlossnotdienst-hamburg.de\/sicherheitstechnik-grindel\/news\/"]}]},{"@type":"ImageObject","inLanguage":"de","@id":"https:\/\/www.schlossnotdienst-hamburg.de\/sicherheitstechnik-grindel\/news\/#primaryimage","url":"https:\/\/www.schlossnotdienst-hamburg.de\/sicherheitstechnik-grindel\/wp-content\/uploads\/1-.jpg","contentUrl":"https:\/\/www.schlossnotdienst-hamburg.de\/sicherheitstechnik-grindel\/wp-content\/uploads\/1-.jpg","width":120,"height":90},{"@type":"BreadcrumbList","@id":"https:\/\/www.schlossnotdienst-hamburg.de\/sicherheitstechnik-grindel\/news\/#breadcrumb","itemListElement":[{"@type":"ListItem","position":1,"name":"Startseite","item":"https:\/\/www.schlossnotdienst-hamburg.de\/sicherheitstechnik-grindel\/"},{"@type":"ListItem","position":2,"name":"News"}]},{"@type":"WebSite","@id":"https:\/\/www.schlossnotdienst-hamburg.de\/sicherheitstechnik-grindel\/#website","url":"https:\/\/www.schlossnotdienst-hamburg.de\/sicherheitstechnik-grindel\/","name":"Sicherheitstechnik Grindel","description":"","potentialAction":[{"@type":"SearchAction","target":{"@type":"EntryPoint","urlTemplate":"https:\/\/www.schlossnotdienst-hamburg.de\/sicherheitstechnik-grindel\/?s={search_term_string}"},"query-input":{"@type":"PropertyValueSpecification","valueRequired":true,"valueName":"search_term_string"}}],"inLanguage":"de"}]}},"_links":{"self":[{"href":"https:\/\/www.schlossnotdienst-hamburg.de\/sicherheitstechnik-grindel\/wp-json\/wp\/v2\/pages\/58","targetHints":{"allow":["GET"]}}],"collection":[{"href":"https:\/\/www.schlossnotdienst-hamburg.de\/sicherheitstechnik-grindel\/wp-json\/wp\/v2\/pages"}],"about":[{"href":"https:\/\/www.schlossnotdienst-hamburg.de\/sicherheitstechnik-grindel\/wp-json\/wp\/v2\/types\/page"}],"author":[{"embeddable":true,"href":"https:\/\/www.schlossnotdienst-hamburg.de\/sicherheitstechnik-grindel\/wp-json\/wp\/v2\/users\/1"}],"replies":[{"embeddable":true,"href":"https:\/\/www.schlossnotdienst-hamburg.de\/sicherheitstechnik-grindel\/wp-json\/wp\/v2\/comments?post=58"}],"version-history":[{"count":22,"href":"https:\/\/www.schlossnotdienst-hamburg.de\/sicherheitstechnik-grindel\/wp-json\/wp\/v2\/pages\/58\/revisions"}],"predecessor-version":[{"id":179,"href":"https:\/\/www.schlossnotdienst-hamburg.de\/sicherheitstechnik-grindel\/wp-json\/wp\/v2\/pages\/58\/revisions\/179"}],"wp:attachment":[{"href":"https:\/\/www.schlossnotdienst-hamburg.de\/sicherheitstechnik-grindel\/wp-json\/wp\/v2\/media?parent=58"}],"curies":[{"name":"wp","href":"https:\/\/api.w.org\/{rel}","templated":true}]}}