{"id":35,"date":"2023-06-01T17:31:20","date_gmt":"2023-06-01T15:31:20","guid":{"rendered":"https:\/\/www.schlossnotdienst-hamburg.de\/sicherheitstechnik-grindel\/?page_id=35"},"modified":"2023-08-11T12:08:06","modified_gmt":"2023-08-11T10:08:06","slug":"fenstersicherheit","status":"publish","type":"page","link":"https:\/\/www.schlossnotdienst-hamburg.de\/sicherheitstechnik-grindel\/fenstersicherheit\/","title":{"rendered":"Fenstersicherheit"},"content":{"rendered":"<h1>Fenster-Reparaturen und Instandsetzung von Fenstern und T\u00fcren<\/h1>\n<p>Wir reparieren alle Arten von Fenstern und T\u00fcren, ob Holz, Kunststoff, Aluminium oder aus Stahl.<\/p>\n<p>Zu unserem Service geh\u00f6ren auch Fehlersuche, Beschaffung von Ersatzteilen und der Einbau.<\/p>\n<h2>Unser <a href=\"https:\/\/www.schlossnotdienst-hamburg.de\/sicherheitstechnik-grindel\/24h-notfallservice\/\">24-Stunden Fensternotdienst-Service<\/a> in Hamburg<\/h2>\n<p><a href=\"tel:+4940447985\"><font size=\"+4\">040 &#8211; 44 79 85<\/font><\/a> <\/p>\n<p><strong>Reparatur von T\u00fcren<\/strong><\/p>\n<p><img decoding=\"async\" src=\"https:\/\/www.schlossnotdienst-hamburg.de\/sicherheitstechnik-grindel\/wp-content\/uploads\/Verbundsicherheitsscheibe3.jpg\" alt=\"Fenster Reparaturen Notdienst\"><\/p>\n<p>Wir bieten Ihnen den Austausch von T\u00fcrschlie\u00dfer, Schl\u00f6sser und Zylinder.<br \/>\nAu\u00dferdem die Installation von Schlie\u00dfanlagen im Hamburg und Umgebung.<br \/>\nFerner bieten wir Ihnen die Lieferung von Schlie\u00dfanlagen. Diese sind auf Ihren Bedarf zugeschnittenen. <\/p>\n<h3>Fenster-Reparaturen von Sicherheitstechnik Grindel<\/h3>\n<p>Reparaturen von Holz-, Kunststoff- und Metallfenster.<br \/>\nAu\u00dferdem setzen wir s\u00e4mtliche Beschlagsysteme instand.<br \/>\nSollten alte Systeme nicht mehr zu beschaffen sein, bauen wir f\u00fcr Sie ein neues Beschlagsystem ein.<\/p>\n<p><img decoding=\"async\" src=\"https:\/\/www.schlossnotdienst-hamburg.de\/sicherheitstechnik-grindel\/wp-content\/uploads\/Beschlagsysteme.jpg\" alt=\"Fenster Reparaturen\" \/><\/p>\n<p>Sicherheitstechnik Grindel repariert fast alle Fenstertypen!<\/p>\n<h3>Fenster-Reparaturen<\/h3>\n<p>Kunststoffelemente werden immer h\u00e4ufiger in Fenstern verbaut. Neben einer modernen Optik bietet Kunststoff den gro\u00dfen Vorteil, dass eine r\u00fcckstandslose Instandsetzung m\u00f6glich ist. Unser Team f\u00fcllt Kunststoffl\u00f6cher zun\u00e4chst auf. Danach schleifen und polieren wir dann Ihre Fensterrahmen. Damit ein optimales Ergebnis erzielt wird.<\/p>\n<p>Gerade beim Werkstoff Holz sind Instandsetzungsm\u00f6glichkeiten sehr erfolgreich. Demzufolge kann ein kompletter Austausch durch eine fachgerechte und professionelle Reparatur vermieden werden. Holzfenster reparieren bedeutet, Dellen und abgeplatzte Stellen zu entfernen. Dazu schleifen wir den Ausbruch und f\u00fcllen ihn mit einem hochwertigen Kunststoff. Auch die Reparatur mit Echtholzst\u00fccken ist m\u00f6glich. Durch spezielle Oberfl\u00e4chenbearbeitungstechniken k\u00f6nnen farbliche Unterschiede vollst\u00e4ndig ausgeglichen werden. Auf diese Weise erzielen wir ein ideales Ergebnis.<\/p>\n<p>Weiterhin ist Aluminium ein verh\u00e4ltnism\u00e4\u00dfig weiches, aber auch widerstandsf\u00e4higes Material. Diesen Eigenschaften ist es zu verdanken, dass Defekte an Aluminium-Fenster- und T\u00fcrelementen meist problemlos repariert werden k\u00f6nnen. Da unsere Fachleute \u00fcber bestimmte Verfahren des \u201eKaltrichtens\u201c Verformungen einfach ausgleichen. Anschlie\u00dfend schleifen und lackieren wir den Defekt. \u00c4hnlich wie bei Kunststoff- und Holzelementen sind mehrere Arbeitsschritte notwendig, um das gew\u00fcnschte Ergebnis zu erzielen.<\/p>\n<p>Entscheiden Sie sich f\u00fcr eine Fenster- und T\u00fcr- Reparaturen von Sicherheitstechnik Grindel!<\/p>\n<p><strong>Wir beraten Sie gerne zu den Themen Einbruchsicherung und professionelle Schlie\u00dfanlagen von T\u00fcren und Fenstern.<\/strong><br \/>\n<strong><a href=\"mailto:info@sicherheitstechnik-grindel.de\">e-Mail: info@sicherheitstechnik-grindel.de<\/a><\/strong><\/p>\n<div class=\"abstand10\">   <\/div>\n<p><a href=\"https:\/\/www.k-einbruch.de\/\" rel=\"noopener noreferrer\" target=\"_blank\"><img decoding=\"async\" src=\"https:\/\/www.schlossnotdienst-hamburg.de\/sicherheitstechnik-grindel\/wp-content\/uploads\/siegel_banner_kurz.gif\" alt=\"Fenster-Reparaturen Einbruchschutz Hamburg\"><\/a><\/p>\n<div class=\"csmm\">\n<div class=\"zweispalten\">\n<h3>Fenster-Modernisierung<\/h3>\n<p><strong>spart bares Geld!<\/strong><\/p>\n<p>Vielen Hausbesitzern ist nicht bewusst, dass alte Fenster und T\u00fcren teure Heizenergie durch veraltete Isoliergl\u00e4ser und undichte Rahmen wirkungslos nach drau\u00dfen verpuffen lassen.<\/p>\n<p>Wussten Sie schon, dass \u00fcber 70% aller Fensterverglasungen in Deutschland energetisch marode, also umweltsch\u00e4dlich, sind?<\/p>\n<p>Sind Ihre Fenster auch betroffen?<br \/>\nDas wissen Sie wahrscheinlich nicht einmal, denn Ihr Glas sieht noch genau so gut aus wie immer. Gut aussehen bedeutet aber nicht gut d\u00e4mmen.<\/p>\n<\/div>\n<div class=\"zweispaltenr\">\n<div class=\"abstand50\">   <\/div>\n<p><strong>So wird modernisiert:<\/strong><br \/>\nIhre alten Fenster werden mit einer modernen W\u00e4rmed\u00e4mmverglasung ausgestattet.<\/p>\n<p>Die Dichtungen und Beschl\u00e4ge werden kontrolliert, nachgestellt und bei Erfordernis ausgetauscht.<br \/>\nDas Ergebnis ist eindeutig :<br \/>\nBis zu 70% bessere W\u00e4rmed\u00e4mmwirkung ihrer \u201ealten\u201c Bestandsfenster und T\u00fcren.<\/p>\n<\/div>\n<\/div>\n<div class=\"csmm\">\n<div class=\"zweispalten\">\n<a href=\"https:\/\/www.schlossnotdienst-hamburg.de\/sicherheitstechnik-grindel\/news\/\">\u00bb Zur News-\u00dcbersicht<\/a><br \/>\n<a href=\"https:\/\/www.schlossnotdienst-hamburg.de\/schluesseldienst-grindel\/\" rel=\"noopener noreferrer\" target=\"_blank\">\u00bb Zu unserem Schl\u00fcsselnotdienst Hamburg<\/a>\n<\/div>\n<\/div>\n","protected":false},"excerpt":{"rendered":"<p>Fenster-Reparaturen und Instandsetzung von Fenstern und T\u00fcren Wir reparieren alle Arten von Fenstern und T\u00fcren, ob Holz, Kunststoff, Aluminium oder aus Stahl. Zu unserem Service geh\u00f6ren auch Fehlersuche, Beschaffung von Ersatzteilen und der Einbau. Unser 24-Stunden Fensternotdienst-Service in Hamburg 040 &#8211; 44 79 85 Reparatur von T\u00fcren Wir bieten Ihnen den Austausch von T\u00fcrschlie\u00dfer, Schl\u00f6sser &hellip; <a href=\"https:\/\/www.schlossnotdienst-hamburg.de\/sicherheitstechnik-grindel\/fenstersicherheit\/\" class=\"more-link\"><span class=\"screen-reader-text\">\u201eFenstersicherheit\u201c <\/span>weiterlesen<\/a><\/p>\n","protected":false},"author":1,"featured_media":0,"parent":0,"menu_order":20,"comment_status":"closed","ping_status":"closed","template":"","meta":{"footnotes":""},"class_list":["post-35","page","type-page","status-publish","hentry"],"yoast_head":"<!-- This site is optimized with the Yoast SEO plugin v26.9 - https:\/\/yoast.com\/product\/yoast-seo-wordpress\/ -->\n<title>Fenster-Reparaturen und Instandsetzung von Fenstern und T\u00fcren<\/title>\n<meta name=\"description\" content=\"Sicherheitstechnik Grindel aus Hamburg bietet Ihnen Fenster-Reparaturen und Instandsetzung von Fenstern und T\u00fcren. Tel.: 040 - 44 79 85\" \/>\n<meta name=\"robots\" content=\"index, follow, max-snippet:-1, max-image-preview:large, max-video-preview:-1\" \/>\n<link rel=\"canonical\" href=\"https:\/\/www.schlossnotdienst-hamburg.de\/sicherheitstechnik-grindel\/fenstersicherheit\/\" \/>\n<meta property=\"og:locale\" content=\"de_DE\" \/>\n<meta property=\"og:type\" content=\"article\" \/>\n<meta property=\"og:title\" content=\"Fenster-Reparaturen und Instandsetzung von Fenstern und T\u00fcren\" \/>\n<meta property=\"og:description\" content=\"Sicherheitstechnik Grindel aus Hamburg bietet Ihnen Fenster-Reparaturen und Instandsetzung von Fenstern und T\u00fcren. Tel.: 040 - 44 79 85\" \/>\n<meta property=\"og:url\" content=\"https:\/\/www.schlossnotdienst-hamburg.de\/sicherheitstechnik-grindel\/fenstersicherheit\/\" \/>\n<meta property=\"og:site_name\" content=\"Sicherheitstechnik Grindel\" \/>\n<meta property=\"article:modified_time\" content=\"2023-08-11T10:08:06+00:00\" \/>\n<meta property=\"og:image\" content=\"https:\/\/www.schlossnotdienst-hamburg.de\/sicherheitstechnik-grindel\/wp-content\/uploads\/Verbundsicherheitsscheibe3.jpg\" \/>\n<meta name=\"twitter:card\" content=\"summary_large_image\" \/>\n<meta name=\"twitter:label1\" content=\"Gesch\u00e4tzte Lesezeit\" \/>\n\t<meta name=\"twitter:data1\" content=\"4\u00a0Minuten\" \/>\n<script type=\"application\/ld+json\" class=\"yoast-schema-graph\">{\"@context\":\"https:\/\/schema.org\",\"@graph\":[{\"@type\":\"WebPage\",\"@id\":\"https:\/\/www.schlossnotdienst-hamburg.de\/sicherheitstechnik-grindel\/fenstersicherheit\/\",\"url\":\"https:\/\/www.schlossnotdienst-hamburg.de\/sicherheitstechnik-grindel\/fenstersicherheit\/\",\"name\":\"Fenster-Reparaturen und Instandsetzung von Fenstern und T\u00fcren\",\"isPartOf\":{\"@id\":\"https:\/\/www.schlossnotdienst-hamburg.de\/sicherheitstechnik-grindel\/#website\"},\"primaryImageOfPage\":{\"@id\":\"https:\/\/www.schlossnotdienst-hamburg.de\/sicherheitstechnik-grindel\/fenstersicherheit\/#primaryimage\"},\"image\":{\"@id\":\"https:\/\/www.schlossnotdienst-hamburg.de\/sicherheitstechnik-grindel\/fenstersicherheit\/#primaryimage\"},\"thumbnailUrl\":\"https:\/\/www.schlossnotdienst-hamburg.de\/sicherheitstechnik-grindel\/wp-content\/uploads\/Verbundsicherheitsscheibe3.jpg\",\"datePublished\":\"2023-06-01T15:31:20+00:00\",\"dateModified\":\"2023-08-11T10:08:06+00:00\",\"description\":\"Sicherheitstechnik Grindel aus Hamburg bietet Ihnen Fenster-Reparaturen und Instandsetzung von Fenstern und T\u00fcren. Tel.: 040 - 44 79 85\",\"breadcrumb\":{\"@id\":\"https:\/\/www.schlossnotdienst-hamburg.de\/sicherheitstechnik-grindel\/fenstersicherheit\/#breadcrumb\"},\"inLanguage\":\"de\",\"potentialAction\":[{\"@type\":\"ReadAction\",\"target\":[\"https:\/\/www.schlossnotdienst-hamburg.de\/sicherheitstechnik-grindel\/fenstersicherheit\/\"]}]},{\"@type\":\"ImageObject\",\"inLanguage\":\"de\",\"@id\":\"https:\/\/www.schlossnotdienst-hamburg.de\/sicherheitstechnik-grindel\/fenstersicherheit\/#primaryimage\",\"url\":\"https:\/\/www.schlossnotdienst-hamburg.de\/sicherheitstechnik-grindel\/wp-content\/uploads\/Verbundsicherheitsscheibe3.jpg\",\"contentUrl\":\"https:\/\/www.schlossnotdienst-hamburg.de\/sicherheitstechnik-grindel\/wp-content\/uploads\/Verbundsicherheitsscheibe3.jpg\",\"width\":800,\"height\":600},{\"@type\":\"BreadcrumbList\",\"@id\":\"https:\/\/www.schlossnotdienst-hamburg.de\/sicherheitstechnik-grindel\/fenstersicherheit\/#breadcrumb\",\"itemListElement\":[{\"@type\":\"ListItem\",\"position\":1,\"name\":\"Startseite\",\"item\":\"https:\/\/www.schlossnotdienst-hamburg.de\/sicherheitstechnik-grindel\/\"},{\"@type\":\"ListItem\",\"position\":2,\"name\":\"Fenstersicherheit\"}]},{\"@type\":\"WebSite\",\"@id\":\"https:\/\/www.schlossnotdienst-hamburg.de\/sicherheitstechnik-grindel\/#website\",\"url\":\"https:\/\/www.schlossnotdienst-hamburg.de\/sicherheitstechnik-grindel\/\",\"name\":\"Sicherheitstechnik Grindel\",\"description\":\"\",\"potentialAction\":[{\"@type\":\"SearchAction\",\"target\":{\"@type\":\"EntryPoint\",\"urlTemplate\":\"https:\/\/www.schlossnotdienst-hamburg.de\/sicherheitstechnik-grindel\/?s={search_term_string}\"},\"query-input\":{\"@type\":\"PropertyValueSpecification\",\"valueRequired\":true,\"valueName\":\"search_term_string\"}}],\"inLanguage\":\"de\"}]}<\/script>\n<!-- \/ Yoast SEO plugin. -->","yoast_head_json":{"title":"Fenster-Reparaturen und Instandsetzung von Fenstern und T\u00fcren","description":"Sicherheitstechnik Grindel aus Hamburg bietet Ihnen Fenster-Reparaturen und Instandsetzung von Fenstern und T\u00fcren. Tel.: 040 - 44 79 85","robots":{"index":"index","follow":"follow","max-snippet":"max-snippet:-1","max-image-preview":"max-image-preview:large","max-video-preview":"max-video-preview:-1"},"canonical":"https:\/\/www.schlossnotdienst-hamburg.de\/sicherheitstechnik-grindel\/fenstersicherheit\/","og_locale":"de_DE","og_type":"article","og_title":"Fenster-Reparaturen und Instandsetzung von Fenstern und T\u00fcren","og_description":"Sicherheitstechnik Grindel aus Hamburg bietet Ihnen Fenster-Reparaturen und Instandsetzung von Fenstern und T\u00fcren. Tel.: 040 - 44 79 85","og_url":"https:\/\/www.schlossnotdienst-hamburg.de\/sicherheitstechnik-grindel\/fenstersicherheit\/","og_site_name":"Sicherheitstechnik Grindel","article_modified_time":"2023-08-11T10:08:06+00:00","og_image":[{"url":"https:\/\/www.schlossnotdienst-hamburg.de\/sicherheitstechnik-grindel\/wp-content\/uploads\/Verbundsicherheitsscheibe3.jpg","type":"","width":"","height":""}],"twitter_card":"summary_large_image","twitter_misc":{"Gesch\u00e4tzte Lesezeit":"4\u00a0Minuten"},"schema":{"@context":"https:\/\/schema.org","@graph":[{"@type":"WebPage","@id":"https:\/\/www.schlossnotdienst-hamburg.de\/sicherheitstechnik-grindel\/fenstersicherheit\/","url":"https:\/\/www.schlossnotdienst-hamburg.de\/sicherheitstechnik-grindel\/fenstersicherheit\/","name":"Fenster-Reparaturen und Instandsetzung von Fenstern und T\u00fcren","isPartOf":{"@id":"https:\/\/www.schlossnotdienst-hamburg.de\/sicherheitstechnik-grindel\/#website"},"primaryImageOfPage":{"@id":"https:\/\/www.schlossnotdienst-hamburg.de\/sicherheitstechnik-grindel\/fenstersicherheit\/#primaryimage"},"image":{"@id":"https:\/\/www.schlossnotdienst-hamburg.de\/sicherheitstechnik-grindel\/fenstersicherheit\/#primaryimage"},"thumbnailUrl":"https:\/\/www.schlossnotdienst-hamburg.de\/sicherheitstechnik-grindel\/wp-content\/uploads\/Verbundsicherheitsscheibe3.jpg","datePublished":"2023-06-01T15:31:20+00:00","dateModified":"2023-08-11T10:08:06+00:00","description":"Sicherheitstechnik Grindel aus Hamburg bietet Ihnen Fenster-Reparaturen und Instandsetzung von Fenstern und T\u00fcren. Tel.: 040 - 44 79 85","breadcrumb":{"@id":"https:\/\/www.schlossnotdienst-hamburg.de\/sicherheitstechnik-grindel\/fenstersicherheit\/#breadcrumb"},"inLanguage":"de","potentialAction":[{"@type":"ReadAction","target":["https:\/\/www.schlossnotdienst-hamburg.de\/sicherheitstechnik-grindel\/fenstersicherheit\/"]}]},{"@type":"ImageObject","inLanguage":"de","@id":"https:\/\/www.schlossnotdienst-hamburg.de\/sicherheitstechnik-grindel\/fenstersicherheit\/#primaryimage","url":"https:\/\/www.schlossnotdienst-hamburg.de\/sicherheitstechnik-grindel\/wp-content\/uploads\/Verbundsicherheitsscheibe3.jpg","contentUrl":"https:\/\/www.schlossnotdienst-hamburg.de\/sicherheitstechnik-grindel\/wp-content\/uploads\/Verbundsicherheitsscheibe3.jpg","width":800,"height":600},{"@type":"BreadcrumbList","@id":"https:\/\/www.schlossnotdienst-hamburg.de\/sicherheitstechnik-grindel\/fenstersicherheit\/#breadcrumb","itemListElement":[{"@type":"ListItem","position":1,"name":"Startseite","item":"https:\/\/www.schlossnotdienst-hamburg.de\/sicherheitstechnik-grindel\/"},{"@type":"ListItem","position":2,"name":"Fenstersicherheit"}]},{"@type":"WebSite","@id":"https:\/\/www.schlossnotdienst-hamburg.de\/sicherheitstechnik-grindel\/#website","url":"https:\/\/www.schlossnotdienst-hamburg.de\/sicherheitstechnik-grindel\/","name":"Sicherheitstechnik Grindel","description":"","potentialAction":[{"@type":"SearchAction","target":{"@type":"EntryPoint","urlTemplate":"https:\/\/www.schlossnotdienst-hamburg.de\/sicherheitstechnik-grindel\/?s={search_term_string}"},"query-input":{"@type":"PropertyValueSpecification","valueRequired":true,"valueName":"search_term_string"}}],"inLanguage":"de"}]}},"_links":{"self":[{"href":"https:\/\/www.schlossnotdienst-hamburg.de\/sicherheitstechnik-grindel\/wp-json\/wp\/v2\/pages\/35","targetHints":{"allow":["GET"]}}],"collection":[{"href":"https:\/\/www.schlossnotdienst-hamburg.de\/sicherheitstechnik-grindel\/wp-json\/wp\/v2\/pages"}],"about":[{"href":"https:\/\/www.schlossnotdienst-hamburg.de\/sicherheitstechnik-grindel\/wp-json\/wp\/v2\/types\/page"}],"author":[{"embeddable":true,"href":"https:\/\/www.schlossnotdienst-hamburg.de\/sicherheitstechnik-grindel\/wp-json\/wp\/v2\/users\/1"}],"replies":[{"embeddable":true,"href":"https:\/\/www.schlossnotdienst-hamburg.de\/sicherheitstechnik-grindel\/wp-json\/wp\/v2\/comments?post=35"}],"version-history":[{"count":8,"href":"https:\/\/www.schlossnotdienst-hamburg.de\/sicherheitstechnik-grindel\/wp-json\/wp\/v2\/pages\/35\/revisions"}],"predecessor-version":[{"id":192,"href":"https:\/\/www.schlossnotdienst-hamburg.de\/sicherheitstechnik-grindel\/wp-json\/wp\/v2\/pages\/35\/revisions\/192"}],"wp:attachment":[{"href":"https:\/\/www.schlossnotdienst-hamburg.de\/sicherheitstechnik-grindel\/wp-json\/wp\/v2\/media?parent=35"}],"curies":[{"name":"wp","href":"https:\/\/api.w.org\/{rel}","templated":true}]}}