{"id":193,"date":"2023-08-11T12:11:25","date_gmt":"2023-08-11T10:11:25","guid":{"rendered":"https:\/\/www.schlossnotdienst-hamburg.de\/sicherheitstechnik-grindel\/?page_id=193"},"modified":"2023-08-11T12:11:25","modified_gmt":"2023-08-11T10:11:25","slug":"einbruchschutz-hamburg","status":"publish","type":"page","link":"https:\/\/www.schlossnotdienst-hamburg.de\/sicherheitstechnik-grindel\/einbruchschutz-hamburg\/","title":{"rendered":"Einbruchschutz Hamburg"},"content":{"rendered":"<h1>Einbruchschutz Hamburg &#8211; Sicherheitstechnik Grindel<\/h1>\n<p>Sicherheitstechnik Grindel ber\u00e4t Sie gerne auch zu den Thema Einbruchschutz in Hamburg und Umgebung.<br \/>\nAu\u00dferdem zu Einbruchsicherung und professionellen Schlie\u00dfanlagen.<\/p>\n<h2>Unser 24-Stunden Einbruchschutz und Schlo\u00dfnotdienst-Service in Hamburg<\/h2>\n<p><a href=\"tel:+4940447985\"><font size=\"+3\">040 &#8211; 44 79 85<\/font><\/a><br \/>\n<strong>Sie erreichen uns Tag &amp; Nacht!<\/strong><br \/>\n<strong><a href=\"mailto:info@sicherheitstechnik-grindel.de\">e-Mail: info@sicherheitstechnik-grindel.de<\/a><\/strong><\/p>\n<div class=\"abstand10\">   <\/div>\n<div class=\"csmm\">\n<div class=\"zweispalten\">\n<p>Wussten Sie, dass in 80% der F\u00e4lle ein Komplett-Austausch nicht notwendig ist?<br \/>\nFerner Sie dabei bis \u00fcber 50% Heizenergie sparen k\u00f6nnen?<br \/>\nWeiterhin hierdurch keine Zusatzkosten f\u00fcr Maurer- und Malerarbeiten anfallen?<\/p>\n<p>Schl\u00fcsselnotdienst, Glasnotdienst und Tischlernotdienst in Hamburg.<br \/>\nWir sorgen in Hamburg und Umgebung daf\u00fcr, dass Sie problemlos in Ihr Haus gelangen \u2013 auch dann, wenn einmal der Schl\u00fcssel fehlt.<\/p>\n<p>Wir sichern Ihr Zuhause vor Einbruch und Vandalismus. Zu Schutz Ihrer Familie setzen wir immer auf die neuesten Sicherheitsstandards.<br \/>\nRufen Sie uns jederzeit an! Wir bieten Ihnen einen <a href=\"https:\/\/www.schlossnotdienst-hamburg.de\/sicherheitstechnik-grindel\/24h-notfallservice\/\">24h-Service<\/a> nicht nur zum Thema Einbruchschutz.<\/p>\n<\/div>\n<div class=\"zweispalten\">\n<p><img decoding=\"async\" src=\"https:\/\/www.schlossnotdienst-hamburg.de\/sicherheitstechnik-grindel\/wp-content\/uploads\/Frau_Mit_Tasse.jpg\" alt=\"Einbruchschutz f\u00fcr Hamburg\"><\/p>\n<\/div>\n<\/div>\n<h3>Einbruchschutz f\u00fcr Hamburger Wohnungen, H\u00e4user und B\u00fcros vom Fachmann<\/h3>\n<p>Hamburg ist nicht nur die &#8222;sch\u00f6nste Stadt der Welt&#8220;, sondern auch eine Stadt der Kriminalit\u00e4t und des Einbruchs. In wenigen anderen St\u00e4dten finden prozentual im Verh\u00e4ltnis zur Bev\u00f6lkerung mehr Einbr\u00fcche statt, als in Hamburg. Deshalb ist es f\u00fcr alle Hamburger wichtig ihr Eigentum, permanent und nicht nur im Urlaub, zu sch\u00fctzen.<\/p>\n<h3>Ma\u00dfgeschneiderten Einbruchsschutz in Hamburg<\/h3>\n<p>Das Team von Sicherheitstechnik Grindel bietet hierf\u00fcr seit vielen Jahren ma\u00dfgeschneiderte L\u00f6sungen im Bereich Einbruchschutz. Wir k\u00f6nnen alles rund um den Einbruchschutz in Hamburg bieten, damit Sie zuk\u00fcnftig ruhig schlafen k\u00f6nnen. \u00dcbrigens sind die Urlaubszeit und die Winterzeit die Perioden, in denen die meisten Einbr\u00fcche stattfinden. Sch\u00fctzen Sie sich und Ihr Eigentum rechtzeitig!<\/p>\n<h3>Effektiver Einbruchsschutz ist nicht 20 Jahre alt<\/h3>\n<p>Haben Sie sich Ihr T\u00fcrschlo\u00df einmal genauer angesehen? Ist es vielleicht schon 20 Jahre oder sogar noch \u00e4lter? Verf\u00fcgt Ihre Garage m\u00f6glicherweise \u00fcber einen Zugang zum Haus? Haben Sie abschlie\u00dfbare Fenstergriffe? Sicherheitstechnik Grindel in Hamburg ber\u00e4t Sie gerne zum Thema Einbruchschutz und nennt Ihnen M\u00f6glichkeiten Ihre Wohnung oder Ihr Haus einbruchsicher zu gestalten. Oftmals ist kein gro\u00dfer Aufwand notwendig, um Ihre R\u00e4umlichkeiten abzusichern. So sind zum Beispiel Funkalarmanlagen schnell und sauber montiert und bieten einen hochwirksamen Einbruchschutz. Wir sind seit vielen Jahren im Bereich Sicherheitstechnik und Einbruchschutz t\u00e4tig. Verlassen Sie sich auf unsere Erfahrung und unser Know-how. Unsere Mitarbeiter besuchen regelm\u00e4\u00dfig Informationsveranstaltungen, Messen und Fortbildungen und sind stets auf dem neuesten Kenntnisstand moderner Sicherheitstechnik. Wir beraten Sie zum Thema Einbruchschutz f\u00fcr Wohnungen und H\u00e4user in Hamburg, f\u00fcr B\u00fcros und andere gewerblich genutzte Geb\u00e4ude.<\/p>\n<p>Wir beraten Sie gerne zu den Themen Einbruchsicherung und professionelle Schlie\u00dfanlagen von T\u00fcren und Fenstern.<br \/>\n<strong><a href=\"mailto:info@sicherheitstechnik-grindel.de\">e-Mail: info@sicherheitstechnik-grindel.de<\/a><\/strong><\/p>\n<p><a href=\"https:\/\/www.k-einbruch.de\/\" rel=\"noopener noreferrer\" target=\"_blank\"><img decoding=\"async\" src=\"https:\/\/www.schlossnotdienst-hamburg.de\/sicherheitstechnik-grindel\/wp-content\/uploads\/siegel_banner_kurz.gif\" alt=\"Einbruchschutz Hamburg\"><\/a><\/p>\n<p>\u00bb <a href=\"https:\/\/www.schlossnotdienst-hamburg.de\/schluesseldienst-grindel\/\" rel=\"noopener noreferrer\" target=\"_blank\">Schl\u00fcsselnotdienst Hamburg<\/a><\/p>\n","protected":false},"excerpt":{"rendered":"<p>Einbruchschutz Hamburg &#8211; Sicherheitstechnik Grindel Sicherheitstechnik Grindel ber\u00e4t Sie gerne auch zu den Thema Einbruchschutz in Hamburg und Umgebung. Au\u00dferdem zu Einbruchsicherung und professionellen Schlie\u00dfanlagen. Unser 24-Stunden Einbruchschutz und Schlo\u00dfnotdienst-Service in Hamburg 040 &#8211; 44 79 85 Sie erreichen uns Tag &amp; Nacht! e-Mail: info@sicherheitstechnik-grindel.de Wussten Sie, dass in 80% der F\u00e4lle ein Komplett-Austausch nicht &hellip; <a href=\"https:\/\/www.schlossnotdienst-hamburg.de\/sicherheitstechnik-grindel\/einbruchschutz-hamburg\/\" class=\"more-link\"><span class=\"screen-reader-text\">\u201eEinbruchschutz Hamburg\u201c <\/span>weiterlesen<\/a><\/p>\n","protected":false},"author":1,"featured_media":0,"parent":0,"menu_order":40,"comment_status":"closed","ping_status":"closed","template":"","meta":{"footnotes":""},"class_list":["post-193","page","type-page","status-publish","hentry"],"yoast_head":"<!-- This site is optimized with the Yoast SEO plugin v26.9 - https:\/\/yoast.com\/product\/yoast-seo-wordpress\/ -->\n<title>Einbruchschutz Hamburg - Sicherheitstechnik Grindel<\/title>\n<meta name=\"description\" content=\"Sicherheitstechnik Grindel ber\u00e4t Sie gerne zu den Thema Einbruchschutz in Hamburg und Umgebung. Tel.: 040 - 44 79 85\" \/>\n<meta name=\"robots\" content=\"index, follow, max-snippet:-1, max-image-preview:large, max-video-preview:-1\" \/>\n<link rel=\"canonical\" href=\"https:\/\/www.schlossnotdienst-hamburg.de\/sicherheitstechnik-grindel\/einbruchschutz-hamburg\/\" \/>\n<meta property=\"og:locale\" content=\"de_DE\" \/>\n<meta property=\"og:type\" content=\"article\" \/>\n<meta property=\"og:title\" content=\"Einbruchschutz Hamburg - Sicherheitstechnik Grindel\" \/>\n<meta property=\"og:description\" content=\"Sicherheitstechnik Grindel ber\u00e4t Sie gerne zu den Thema Einbruchschutz in Hamburg und Umgebung. Tel.: 040 - 44 79 85\" \/>\n<meta property=\"og:url\" content=\"https:\/\/www.schlossnotdienst-hamburg.de\/sicherheitstechnik-grindel\/einbruchschutz-hamburg\/\" \/>\n<meta property=\"og:site_name\" content=\"Sicherheitstechnik Grindel\" \/>\n<meta property=\"og:image\" content=\"https:\/\/www.schlossnotdienst-hamburg.de\/sicherheitstechnik-grindel\/wp-content\/uploads\/Frau_Mit_Tasse.jpg\" \/>\n<meta name=\"twitter:card\" content=\"summary_large_image\" \/>\n<script type=\"application\/ld+json\" class=\"yoast-schema-graph\">{\"@context\":\"https:\/\/schema.org\",\"@graph\":[{\"@type\":\"WebPage\",\"@id\":\"https:\/\/www.schlossnotdienst-hamburg.de\/sicherheitstechnik-grindel\/einbruchschutz-hamburg\/\",\"url\":\"https:\/\/www.schlossnotdienst-hamburg.de\/sicherheitstechnik-grindel\/einbruchschutz-hamburg\/\",\"name\":\"Einbruchschutz Hamburg - Sicherheitstechnik Grindel\",\"isPartOf\":{\"@id\":\"https:\/\/www.schlossnotdienst-hamburg.de\/sicherheitstechnik-grindel\/#website\"},\"primaryImageOfPage\":{\"@id\":\"https:\/\/www.schlossnotdienst-hamburg.de\/sicherheitstechnik-grindel\/einbruchschutz-hamburg\/#primaryimage\"},\"image\":{\"@id\":\"https:\/\/www.schlossnotdienst-hamburg.de\/sicherheitstechnik-grindel\/einbruchschutz-hamburg\/#primaryimage\"},\"thumbnailUrl\":\"https:\/\/www.schlossnotdienst-hamburg.de\/sicherheitstechnik-grindel\/wp-content\/uploads\/Frau_Mit_Tasse.jpg\",\"datePublished\":\"2023-08-11T10:11:25+00:00\",\"description\":\"Sicherheitstechnik Grindel ber\u00e4t Sie gerne zu den Thema Einbruchschutz in Hamburg und Umgebung. Tel.: 040 - 44 79 85\",\"breadcrumb\":{\"@id\":\"https:\/\/www.schlossnotdienst-hamburg.de\/sicherheitstechnik-grindel\/einbruchschutz-hamburg\/#breadcrumb\"},\"inLanguage\":\"de\",\"potentialAction\":[{\"@type\":\"ReadAction\",\"target\":[\"https:\/\/www.schlossnotdienst-hamburg.de\/sicherheitstechnik-grindel\/einbruchschutz-hamburg\/\"]}]},{\"@type\":\"ImageObject\",\"inLanguage\":\"de\",\"@id\":\"https:\/\/www.schlossnotdienst-hamburg.de\/sicherheitstechnik-grindel\/einbruchschutz-hamburg\/#primaryimage\",\"url\":\"https:\/\/www.schlossnotdienst-hamburg.de\/sicherheitstechnik-grindel\/wp-content\/uploads\/Frau_Mit_Tasse.jpg\",\"contentUrl\":\"https:\/\/www.schlossnotdienst-hamburg.de\/sicherheitstechnik-grindel\/wp-content\/uploads\/Frau_Mit_Tasse.jpg\",\"width\":580,\"height\":351},{\"@type\":\"BreadcrumbList\",\"@id\":\"https:\/\/www.schlossnotdienst-hamburg.de\/sicherheitstechnik-grindel\/einbruchschutz-hamburg\/#breadcrumb\",\"itemListElement\":[{\"@type\":\"ListItem\",\"position\":1,\"name\":\"Startseite\",\"item\":\"https:\/\/www.schlossnotdienst-hamburg.de\/sicherheitstechnik-grindel\/\"},{\"@type\":\"ListItem\",\"position\":2,\"name\":\"Einbruchschutz Hamburg\"}]},{\"@type\":\"WebSite\",\"@id\":\"https:\/\/www.schlossnotdienst-hamburg.de\/sicherheitstechnik-grindel\/#website\",\"url\":\"https:\/\/www.schlossnotdienst-hamburg.de\/sicherheitstechnik-grindel\/\",\"name\":\"Sicherheitstechnik Grindel\",\"description\":\"\",\"potentialAction\":[{\"@type\":\"SearchAction\",\"target\":{\"@type\":\"EntryPoint\",\"urlTemplate\":\"https:\/\/www.schlossnotdienst-hamburg.de\/sicherheitstechnik-grindel\/?s={search_term_string}\"},\"query-input\":{\"@type\":\"PropertyValueSpecification\",\"valueRequired\":true,\"valueName\":\"search_term_string\"}}],\"inLanguage\":\"de\"}]}<\/script>\n<!-- \/ Yoast SEO plugin. -->","yoast_head_json":{"title":"Einbruchschutz Hamburg - Sicherheitstechnik Grindel","description":"Sicherheitstechnik Grindel ber\u00e4t Sie gerne zu den Thema Einbruchschutz in Hamburg und Umgebung. Tel.: 040 - 44 79 85","robots":{"index":"index","follow":"follow","max-snippet":"max-snippet:-1","max-image-preview":"max-image-preview:large","max-video-preview":"max-video-preview:-1"},"canonical":"https:\/\/www.schlossnotdienst-hamburg.de\/sicherheitstechnik-grindel\/einbruchschutz-hamburg\/","og_locale":"de_DE","og_type":"article","og_title":"Einbruchschutz Hamburg - Sicherheitstechnik Grindel","og_description":"Sicherheitstechnik Grindel ber\u00e4t Sie gerne zu den Thema Einbruchschutz in Hamburg und Umgebung. Tel.: 040 - 44 79 85","og_url":"https:\/\/www.schlossnotdienst-hamburg.de\/sicherheitstechnik-grindel\/einbruchschutz-hamburg\/","og_site_name":"Sicherheitstechnik Grindel","og_image":[{"url":"https:\/\/www.schlossnotdienst-hamburg.de\/sicherheitstechnik-grindel\/wp-content\/uploads\/Frau_Mit_Tasse.jpg","type":"","width":"","height":""}],"twitter_card":"summary_large_image","schema":{"@context":"https:\/\/schema.org","@graph":[{"@type":"WebPage","@id":"https:\/\/www.schlossnotdienst-hamburg.de\/sicherheitstechnik-grindel\/einbruchschutz-hamburg\/","url":"https:\/\/www.schlossnotdienst-hamburg.de\/sicherheitstechnik-grindel\/einbruchschutz-hamburg\/","name":"Einbruchschutz Hamburg - Sicherheitstechnik Grindel","isPartOf":{"@id":"https:\/\/www.schlossnotdienst-hamburg.de\/sicherheitstechnik-grindel\/#website"},"primaryImageOfPage":{"@id":"https:\/\/www.schlossnotdienst-hamburg.de\/sicherheitstechnik-grindel\/einbruchschutz-hamburg\/#primaryimage"},"image":{"@id":"https:\/\/www.schlossnotdienst-hamburg.de\/sicherheitstechnik-grindel\/einbruchschutz-hamburg\/#primaryimage"},"thumbnailUrl":"https:\/\/www.schlossnotdienst-hamburg.de\/sicherheitstechnik-grindel\/wp-content\/uploads\/Frau_Mit_Tasse.jpg","datePublished":"2023-08-11T10:11:25+00:00","description":"Sicherheitstechnik Grindel ber\u00e4t Sie gerne zu den Thema Einbruchschutz in Hamburg und Umgebung. Tel.: 040 - 44 79 85","breadcrumb":{"@id":"https:\/\/www.schlossnotdienst-hamburg.de\/sicherheitstechnik-grindel\/einbruchschutz-hamburg\/#breadcrumb"},"inLanguage":"de","potentialAction":[{"@type":"ReadAction","target":["https:\/\/www.schlossnotdienst-hamburg.de\/sicherheitstechnik-grindel\/einbruchschutz-hamburg\/"]}]},{"@type":"ImageObject","inLanguage":"de","@id":"https:\/\/www.schlossnotdienst-hamburg.de\/sicherheitstechnik-grindel\/einbruchschutz-hamburg\/#primaryimage","url":"https:\/\/www.schlossnotdienst-hamburg.de\/sicherheitstechnik-grindel\/wp-content\/uploads\/Frau_Mit_Tasse.jpg","contentUrl":"https:\/\/www.schlossnotdienst-hamburg.de\/sicherheitstechnik-grindel\/wp-content\/uploads\/Frau_Mit_Tasse.jpg","width":580,"height":351},{"@type":"BreadcrumbList","@id":"https:\/\/www.schlossnotdienst-hamburg.de\/sicherheitstechnik-grindel\/einbruchschutz-hamburg\/#breadcrumb","itemListElement":[{"@type":"ListItem","position":1,"name":"Startseite","item":"https:\/\/www.schlossnotdienst-hamburg.de\/sicherheitstechnik-grindel\/"},{"@type":"ListItem","position":2,"name":"Einbruchschutz Hamburg"}]},{"@type":"WebSite","@id":"https:\/\/www.schlossnotdienst-hamburg.de\/sicherheitstechnik-grindel\/#website","url":"https:\/\/www.schlossnotdienst-hamburg.de\/sicherheitstechnik-grindel\/","name":"Sicherheitstechnik Grindel","description":"","potentialAction":[{"@type":"SearchAction","target":{"@type":"EntryPoint","urlTemplate":"https:\/\/www.schlossnotdienst-hamburg.de\/sicherheitstechnik-grindel\/?s={search_term_string}"},"query-input":{"@type":"PropertyValueSpecification","valueRequired":true,"valueName":"search_term_string"}}],"inLanguage":"de"}]}},"_links":{"self":[{"href":"https:\/\/www.schlossnotdienst-hamburg.de\/sicherheitstechnik-grindel\/wp-json\/wp\/v2\/pages\/193","targetHints":{"allow":["GET"]}}],"collection":[{"href":"https:\/\/www.schlossnotdienst-hamburg.de\/sicherheitstechnik-grindel\/wp-json\/wp\/v2\/pages"}],"about":[{"href":"https:\/\/www.schlossnotdienst-hamburg.de\/sicherheitstechnik-grindel\/wp-json\/wp\/v2\/types\/page"}],"author":[{"embeddable":true,"href":"https:\/\/www.schlossnotdienst-hamburg.de\/sicherheitstechnik-grindel\/wp-json\/wp\/v2\/users\/1"}],"replies":[{"embeddable":true,"href":"https:\/\/www.schlossnotdienst-hamburg.de\/sicherheitstechnik-grindel\/wp-json\/wp\/v2\/comments?post=193"}],"version-history":[{"count":1,"href":"https:\/\/www.schlossnotdienst-hamburg.de\/sicherheitstechnik-grindel\/wp-json\/wp\/v2\/pages\/193\/revisions"}],"predecessor-version":[{"id":194,"href":"https:\/\/www.schlossnotdienst-hamburg.de\/sicherheitstechnik-grindel\/wp-json\/wp\/v2\/pages\/193\/revisions\/194"}],"wp:attachment":[{"href":"https:\/\/www.schlossnotdienst-hamburg.de\/sicherheitstechnik-grindel\/wp-json\/wp\/v2\/media?parent=193"}],"curies":[{"name":"wp","href":"https:\/\/api.w.org\/{rel}","templated":true}]}}