{"id":182,"date":"2023-06-09T12:26:51","date_gmt":"2023-06-09T10:26:51","guid":{"rendered":"https:\/\/www.schlossnotdienst-hamburg.de\/sicherheitstechnik-grindel\/?page_id=182"},"modified":"2023-08-11T12:20:56","modified_gmt":"2023-08-11T10:20:56","slug":"24h-notfallservice-in-hamburg","status":"publish","type":"page","link":"https:\/\/www.schlossnotdienst-hamburg.de\/sicherheitstechnik-grindel\/24h-notfallservice-in-hamburg\/","title":{"rendered":"24h-Notfallservice in Hamburg"},"content":{"rendered":"<h1>24h-Notfallservice in Hamburg<\/h1>\n<div class=\"csmm\">\n<div class=\"zweispalten\">\n<p><strong>Rund um die Uhr f\u00fcr Sie da!<\/strong><\/p>\n<p>Sollten Sie einen pl\u00f6tzlichen Notfall mit einem Ihrer T\u00fcren oder Fenster haben, so rufen Sie uns an! Unser 24h-Notfallservice in Hamburg ist rund um die Uhr und an allen Wochentagen f\u00fcr Sie da.<br \/>\nWir kommen sofort.<\/p>\n<h3>24h-Notfallservice in Hamburg<\/h3>\n<p><a href=\"tel:+4940447985\"><font size=\"+4\">040 &#8211; 44 79 85<\/font><\/a> <\/p>\n<p><strong>Hohe Qualit\u00e4t durch jahrelange Erfahrung<\/strong><br \/>\nDie langj\u00e4hrige Erfahrung unserer fachkundigen Mitarbeiter bringt Ihnen viele Vorteile. Sodass wir die Regeln des Handwerks und das Wissen \u00fcber neue Techniken im Handwerk und \u00fcber Entwicklungen bei den Materialien verbinden. Deshalb Ihnen h\u00f6chsten Standard anbieten.<\/p>\n<p>Dieses kommt Ihnen bei jeder Schaufensterreparatur und jeder anderen Reparatur eines Fensters zugute.<\/p>\n<\/div>\n<div class=\"zweispaltenr\">\n<p><img decoding=\"async\" src=\"https:\/\/www.schlossnotdienst-hamburg.de\/sicherheitstechnik-grindel\/wp-content\/uploads\/Telefon.jpg\" alt=\"24h- Schlossnotdienst in Hamburg\"><\/p>\n<\/div>\n<\/div>\n<p><img decoding=\"async\" src=\"https:\/\/www.schlossnotdienst-hamburg.de\/sicherheitstechnik-grindel\/wp-content\/uploads\/Glasnotdienst2020.jpg\" alt=\"Glasnotdienst Hamburg\" \/><\/p>\n<p>Wir beraten Sie gerne zu den Themen Einbruchsicherung und professionelle Schlie\u00dfanlagen von T\u00fcren und Fenstern.<br \/>\n<strong><a href=\"mailto:info@sicherheitstechnik-grindel.de\">e-Mail: info@sicherheitstechnik-grindel.de<\/a><\/strong><\/p>\n<div class=\"abstand10\">   <\/div>\n<p><a href=\"https:\/\/www.k-einbruch.de\/\" rel=\"noopener noreferrer\" target=\"_blank\"><img decoding=\"async\" src=\"https:\/\/www.schlossnotdienst-hamburg.de\/sicherheitstechnik-grindel\/wp-content\/uploads\/siegel_banner_kurz.gif\" alt=\"Einbruchschutz Hamburg\"><\/a><\/p>\n<p>\u00bb <a href=\"http:\/\/www.schluesseldienst-grindel.de\/\" rel=\"noopener noreferrer\" target=\"_blank\">Schl\u00fcsselnotdienst Hamburg<\/a><\/p>\n<p>Es ist keine Seltenheit. Die eingeworfene Schaufensterscheibe oder das zersprungene K\u00fcchenfenster in Hamburg. Da sind die F\u00e4higkeiten und Fertigkeiten von Sicherheitstechnik Grindel in Hamburg gefragt. Unser Glasnotdienst ist Ihr Ansprechpartner, wenn es um die Reparatur oder den Ersatz von Glasscheiben geht. Ihr Leistungsspektrum an Glasarbeiten ist umfangreich und vielf\u00e4ltig. Von Verglasungen aller Art \u00fcber W\u00e4rmed\u00e4mmung und Schallschutz bis hin zum 24 Stunden Notfall-Dienst. Unser 24h-Notdienst ist die richtige Adresse in Hamburg.<\/p>\n<p><strong>Verglasungen aller Art<\/strong><br \/>\nDamit Ihre Fensterscheiben Ihren Anspr\u00fcchen gerecht werden, bieten wir die optimale L\u00f6sung f\u00fcr Sicherheitsglas und W\u00e4rmed\u00e4mmung.<\/p>\n<p><strong>24h NOTDIENST<\/strong><br \/>\nSie erreichen uns 24 Stunden jeden Tag. Unser Hamburger Glasdienst ist bei Ihnen an Ort und Stelle wenn es darauf ankommt. Egal ob es sich um ein Loch im Fenster, ein Riss im Schaufenster oder eine gebrochene Terrassent\u00fcr handelt.<\/p>\n<h3>Notverglasung \u2013 im Notfall eine g\u00fcnstige L\u00f6sung<\/h3>\n<p>Eine Notverglasung ist bei einem pl\u00f6tzlichen Bruch der Scheiben nicht wegzudenken.<\/p>\n<p>Wir bieten das komplette Leistungsspektrum an Glaserarbeiten sowohl f\u00fcr private als auch f\u00fcr gewerbliche Kunden.<\/p>\n<h3>Fenster &amp; T\u00fcren modernisieren statt austauschen!<\/h3>\n<div class=\"csmm\">\n<div class=\"zweispalten\">\n<p><strong>Modernisieren<\/strong><\/p>\n<p>Das Plus an Sicherheit &#8211; effektive Einbruchhemmung<\/p>\n<p>Wohnungseinbr\u00fcche nehmen st\u00e4ndig zu. Leicht zug\u00e4ngliche und technisch veraltete Fenster und T\u00fcren beg\u00fcnstigen diese Tatsache unn\u00f6tigerweise.<\/p>\n<p>Sicherheitsverriegelungen und Sicherheitsschlie\u00dfst\u00fccke wirken besonders einbruchhemmend. Der Vorteil ist die au\u00dfergew\u00f6hnliche Widerstandsf\u00e4higkeit gegen das Aushebeln ihrer Fenster.<\/p>\n<p>Fast 80 % der Einbr\u00fcche in Einfamilienh\u00e4usern erfolgen \u00fcber Fenster und Fenstert\u00fcren. Bei dem Gro\u00dfteil dieser Einbr\u00fcche werden Fensterrahmen aufgehebelt oder die Verglasung zerst\u00f6rt. Wir bieten Ihnen eine Aufr\u00fcstung ihrer vorhandenen Fenster<br \/>\nmit praxisgetesteten Sicherheitsbeschl\u00e4gen und Spezialverglasungen, die zusammen nahezu un\u00fcberwindbare Sicherheitsvorkehrungen darstellen und die Abschreckung erh\u00f6hen. Denn die Statistik zeigt auch, dass 45 % der abgebrochenen Einbruchversuche aufgrund eingebauter Sicherungstechnik scheitern.<\/p>\n<\/div>\n<div class=\"zweispalten\">\n<p><img decoding=\"async\" src=\"https:\/\/www.schlossnotdienst-hamburg.de\/sicherheitstechnik-grindel\/wp-content\/uploads\/Verbundsicherheitsscheibe3.jpg\" alt=\"Verbundsicherheitsscheibe\"><\/p>\n<h3>24h-Notfallservice<\/h3>\n<p><a href=\"tel:+4940447985\"><font size=\"+3\">040 &#8211; 44 79 85<\/font><\/a>\n<\/div>\n<\/div>\n<div class=\"csmm\">\n<p><strong>Schallschutz<\/strong> &#8211; Lassen Sie den L\u00e4rm drau\u00dfen<\/p>\n<p>L\u00e4ngst ist erwiesen, dass L\u00e4rm auch Auswirkungen auf das Wohlbefinden und die Gesundheit haben kann. Deshalb ist es f\u00fcr Sie wichtig, L\u00e4rmquellen fr\u00fchzeitig zu erkennen und durch eine schalltechnische \u00dcberarbeitung ihrer Fenster und T\u00fcren wirksam vorzubeugen. Bei einer Umr\u00fcstung mit einer Schallschutz-Verglasung erreichen wir einen optimalen L\u00e4rmschutz.<\/p>\n<\/div>\n<p><a href=\"https:\/\/www.schlossnotdienst-hamburg.de\/sicherheitstechnik-grindel\/news\/\">\u00bb Zur News-\u00dcbersicht<\/a><\/p>\n","protected":false},"excerpt":{"rendered":"<p>24h-Notfallservice in Hamburg Rund um die Uhr f\u00fcr Sie da! Sollten Sie einen pl\u00f6tzlichen Notfall mit einem Ihrer T\u00fcren oder Fenster haben, so rufen Sie uns an! Unser 24h-Notfallservice in Hamburg ist rund um die Uhr und an allen Wochentagen f\u00fcr Sie da. Wir kommen sofort. 24h-Notfallservice in Hamburg 040 &#8211; 44 79 85 Hohe &hellip; <a href=\"https:\/\/www.schlossnotdienst-hamburg.de\/sicherheitstechnik-grindel\/24h-notfallservice-in-hamburg\/\" class=\"more-link\"><span class=\"screen-reader-text\">\u201e24h-Notfallservice in Hamburg\u201c <\/span>weiterlesen<\/a><\/p>\n","protected":false},"author":1,"featured_media":0,"parent":0,"menu_order":20,"comment_status":"closed","ping_status":"closed","template":"","meta":{"footnotes":""},"class_list":["post-182","page","type-page","status-publish","hentry"],"yoast_head":"<!-- This site is optimized with the Yoast SEO plugin v26.9 - https:\/\/yoast.com\/product\/yoast-seo-wordpress\/ -->\n<title>24h-Notfallservice in Hamburg<\/title>\n<meta name=\"description\" content=\"24h-Notfallservice f\u00fcr Fenster, T\u00fcren und Glasbruch in Hamburg. Sicherheitstechnik Grindel aus Hamburg. Tel: 040 \u2013 44 79 85\" \/>\n<meta name=\"robots\" content=\"index, follow, max-snippet:-1, max-image-preview:large, max-video-preview:-1\" \/>\n<link rel=\"canonical\" href=\"https:\/\/www.schlossnotdienst-hamburg.de\/sicherheitstechnik-grindel\/24h-notfallservice-in-hamburg\/\" \/>\n<meta property=\"og:locale\" content=\"de_DE\" \/>\n<meta property=\"og:type\" content=\"article\" \/>\n<meta property=\"og:title\" content=\"24h-Notfallservice in Hamburg\" \/>\n<meta property=\"og:description\" content=\"24h-Notfallservice f\u00fcr Fenster, T\u00fcren und Glasbruch in Hamburg. Sicherheitstechnik Grindel aus Hamburg. Tel: 040 \u2013 44 79 85\" \/>\n<meta property=\"og:url\" content=\"https:\/\/www.schlossnotdienst-hamburg.de\/sicherheitstechnik-grindel\/24h-notfallservice-in-hamburg\/\" \/>\n<meta property=\"og:site_name\" content=\"Sicherheitstechnik Grindel\" \/>\n<meta property=\"article:modified_time\" content=\"2023-08-11T10:20:56+00:00\" \/>\n<meta property=\"og:image\" content=\"https:\/\/www.schlossnotdienst-hamburg.de\/sicherheitstechnik-grindel\/wp-content\/uploads\/Telefon.jpg\" \/>\n<meta name=\"twitter:card\" content=\"summary_large_image\" \/>\n<meta name=\"twitter:label1\" content=\"Gesch\u00e4tzte Lesezeit\" \/>\n\t<meta name=\"twitter:data1\" content=\"4\u00a0Minuten\" \/>\n<script type=\"application\/ld+json\" class=\"yoast-schema-graph\">{\"@context\":\"https:\/\/schema.org\",\"@graph\":[{\"@type\":\"WebPage\",\"@id\":\"https:\/\/www.schlossnotdienst-hamburg.de\/sicherheitstechnik-grindel\/24h-notfallservice-in-hamburg\/\",\"url\":\"https:\/\/www.schlossnotdienst-hamburg.de\/sicherheitstechnik-grindel\/24h-notfallservice-in-hamburg\/\",\"name\":\"24h-Notfallservice in Hamburg\",\"isPartOf\":{\"@id\":\"https:\/\/www.schlossnotdienst-hamburg.de\/sicherheitstechnik-grindel\/#website\"},\"primaryImageOfPage\":{\"@id\":\"https:\/\/www.schlossnotdienst-hamburg.de\/sicherheitstechnik-grindel\/24h-notfallservice-in-hamburg\/#primaryimage\"},\"image\":{\"@id\":\"https:\/\/www.schlossnotdienst-hamburg.de\/sicherheitstechnik-grindel\/24h-notfallservice-in-hamburg\/#primaryimage\"},\"thumbnailUrl\":\"https:\/\/www.schlossnotdienst-hamburg.de\/sicherheitstechnik-grindel\/wp-content\/uploads\/Telefon.jpg\",\"datePublished\":\"2023-06-09T10:26:51+00:00\",\"dateModified\":\"2023-08-11T10:20:56+00:00\",\"description\":\"24h-Notfallservice f\u00fcr Fenster, T\u00fcren und Glasbruch in Hamburg. Sicherheitstechnik Grindel aus Hamburg. Tel: 040 \u2013 44 79 85\",\"breadcrumb\":{\"@id\":\"https:\/\/www.schlossnotdienst-hamburg.de\/sicherheitstechnik-grindel\/24h-notfallservice-in-hamburg\/#breadcrumb\"},\"inLanguage\":\"de\",\"potentialAction\":[{\"@type\":\"ReadAction\",\"target\":[\"https:\/\/www.schlossnotdienst-hamburg.de\/sicherheitstechnik-grindel\/24h-notfallservice-in-hamburg\/\"]}]},{\"@type\":\"ImageObject\",\"inLanguage\":\"de\",\"@id\":\"https:\/\/www.schlossnotdienst-hamburg.de\/sicherheitstechnik-grindel\/24h-notfallservice-in-hamburg\/#primaryimage\",\"url\":\"https:\/\/www.schlossnotdienst-hamburg.de\/sicherheitstechnik-grindel\/wp-content\/uploads\/Telefon.jpg\",\"contentUrl\":\"https:\/\/www.schlossnotdienst-hamburg.de\/sicherheitstechnik-grindel\/wp-content\/uploads\/Telefon.jpg\",\"width\":580,\"height\":382},{\"@type\":\"BreadcrumbList\",\"@id\":\"https:\/\/www.schlossnotdienst-hamburg.de\/sicherheitstechnik-grindel\/24h-notfallservice-in-hamburg\/#breadcrumb\",\"itemListElement\":[{\"@type\":\"ListItem\",\"position\":1,\"name\":\"Startseite\",\"item\":\"https:\/\/www.schlossnotdienst-hamburg.de\/sicherheitstechnik-grindel\/\"},{\"@type\":\"ListItem\",\"position\":2,\"name\":\"24h-Notfallservice in Hamburg\"}]},{\"@type\":\"WebSite\",\"@id\":\"https:\/\/www.schlossnotdienst-hamburg.de\/sicherheitstechnik-grindel\/#website\",\"url\":\"https:\/\/www.schlossnotdienst-hamburg.de\/sicherheitstechnik-grindel\/\",\"name\":\"Sicherheitstechnik Grindel\",\"description\":\"\",\"potentialAction\":[{\"@type\":\"SearchAction\",\"target\":{\"@type\":\"EntryPoint\",\"urlTemplate\":\"https:\/\/www.schlossnotdienst-hamburg.de\/sicherheitstechnik-grindel\/?s={search_term_string}\"},\"query-input\":{\"@type\":\"PropertyValueSpecification\",\"valueRequired\":true,\"valueName\":\"search_term_string\"}}],\"inLanguage\":\"de\"}]}<\/script>\n<!-- \/ Yoast SEO plugin. -->","yoast_head_json":{"title":"24h-Notfallservice in Hamburg","description":"24h-Notfallservice f\u00fcr Fenster, T\u00fcren und Glasbruch in Hamburg. Sicherheitstechnik Grindel aus Hamburg. Tel: 040 \u2013 44 79 85","robots":{"index":"index","follow":"follow","max-snippet":"max-snippet:-1","max-image-preview":"max-image-preview:large","max-video-preview":"max-video-preview:-1"},"canonical":"https:\/\/www.schlossnotdienst-hamburg.de\/sicherheitstechnik-grindel\/24h-notfallservice-in-hamburg\/","og_locale":"de_DE","og_type":"article","og_title":"24h-Notfallservice in Hamburg","og_description":"24h-Notfallservice f\u00fcr Fenster, T\u00fcren und Glasbruch in Hamburg. Sicherheitstechnik Grindel aus Hamburg. Tel: 040 \u2013 44 79 85","og_url":"https:\/\/www.schlossnotdienst-hamburg.de\/sicherheitstechnik-grindel\/24h-notfallservice-in-hamburg\/","og_site_name":"Sicherheitstechnik Grindel","article_modified_time":"2023-08-11T10:20:56+00:00","og_image":[{"url":"https:\/\/www.schlossnotdienst-hamburg.de\/sicherheitstechnik-grindel\/wp-content\/uploads\/Telefon.jpg","type":"","width":"","height":""}],"twitter_card":"summary_large_image","twitter_misc":{"Gesch\u00e4tzte Lesezeit":"4\u00a0Minuten"},"schema":{"@context":"https:\/\/schema.org","@graph":[{"@type":"WebPage","@id":"https:\/\/www.schlossnotdienst-hamburg.de\/sicherheitstechnik-grindel\/24h-notfallservice-in-hamburg\/","url":"https:\/\/www.schlossnotdienst-hamburg.de\/sicherheitstechnik-grindel\/24h-notfallservice-in-hamburg\/","name":"24h-Notfallservice in Hamburg","isPartOf":{"@id":"https:\/\/www.schlossnotdienst-hamburg.de\/sicherheitstechnik-grindel\/#website"},"primaryImageOfPage":{"@id":"https:\/\/www.schlossnotdienst-hamburg.de\/sicherheitstechnik-grindel\/24h-notfallservice-in-hamburg\/#primaryimage"},"image":{"@id":"https:\/\/www.schlossnotdienst-hamburg.de\/sicherheitstechnik-grindel\/24h-notfallservice-in-hamburg\/#primaryimage"},"thumbnailUrl":"https:\/\/www.schlossnotdienst-hamburg.de\/sicherheitstechnik-grindel\/wp-content\/uploads\/Telefon.jpg","datePublished":"2023-06-09T10:26:51+00:00","dateModified":"2023-08-11T10:20:56+00:00","description":"24h-Notfallservice f\u00fcr Fenster, T\u00fcren und Glasbruch in Hamburg. Sicherheitstechnik Grindel aus Hamburg. Tel: 040 \u2013 44 79 85","breadcrumb":{"@id":"https:\/\/www.schlossnotdienst-hamburg.de\/sicherheitstechnik-grindel\/24h-notfallservice-in-hamburg\/#breadcrumb"},"inLanguage":"de","potentialAction":[{"@type":"ReadAction","target":["https:\/\/www.schlossnotdienst-hamburg.de\/sicherheitstechnik-grindel\/24h-notfallservice-in-hamburg\/"]}]},{"@type":"ImageObject","inLanguage":"de","@id":"https:\/\/www.schlossnotdienst-hamburg.de\/sicherheitstechnik-grindel\/24h-notfallservice-in-hamburg\/#primaryimage","url":"https:\/\/www.schlossnotdienst-hamburg.de\/sicherheitstechnik-grindel\/wp-content\/uploads\/Telefon.jpg","contentUrl":"https:\/\/www.schlossnotdienst-hamburg.de\/sicherheitstechnik-grindel\/wp-content\/uploads\/Telefon.jpg","width":580,"height":382},{"@type":"BreadcrumbList","@id":"https:\/\/www.schlossnotdienst-hamburg.de\/sicherheitstechnik-grindel\/24h-notfallservice-in-hamburg\/#breadcrumb","itemListElement":[{"@type":"ListItem","position":1,"name":"Startseite","item":"https:\/\/www.schlossnotdienst-hamburg.de\/sicherheitstechnik-grindel\/"},{"@type":"ListItem","position":2,"name":"24h-Notfallservice in Hamburg"}]},{"@type":"WebSite","@id":"https:\/\/www.schlossnotdienst-hamburg.de\/sicherheitstechnik-grindel\/#website","url":"https:\/\/www.schlossnotdienst-hamburg.de\/sicherheitstechnik-grindel\/","name":"Sicherheitstechnik Grindel","description":"","potentialAction":[{"@type":"SearchAction","target":{"@type":"EntryPoint","urlTemplate":"https:\/\/www.schlossnotdienst-hamburg.de\/sicherheitstechnik-grindel\/?s={search_term_string}"},"query-input":{"@type":"PropertyValueSpecification","valueRequired":true,"valueName":"search_term_string"}}],"inLanguage":"de"}]}},"_links":{"self":[{"href":"https:\/\/www.schlossnotdienst-hamburg.de\/sicherheitstechnik-grindel\/wp-json\/wp\/v2\/pages\/182","targetHints":{"allow":["GET"]}}],"collection":[{"href":"https:\/\/www.schlossnotdienst-hamburg.de\/sicherheitstechnik-grindel\/wp-json\/wp\/v2\/pages"}],"about":[{"href":"https:\/\/www.schlossnotdienst-hamburg.de\/sicherheitstechnik-grindel\/wp-json\/wp\/v2\/types\/page"}],"author":[{"embeddable":true,"href":"https:\/\/www.schlossnotdienst-hamburg.de\/sicherheitstechnik-grindel\/wp-json\/wp\/v2\/users\/1"}],"replies":[{"embeddable":true,"href":"https:\/\/www.schlossnotdienst-hamburg.de\/sicherheitstechnik-grindel\/wp-json\/wp\/v2\/comments?post=182"}],"version-history":[{"count":5,"href":"https:\/\/www.schlossnotdienst-hamburg.de\/sicherheitstechnik-grindel\/wp-json\/wp\/v2\/pages\/182\/revisions"}],"predecessor-version":[{"id":199,"href":"https:\/\/www.schlossnotdienst-hamburg.de\/sicherheitstechnik-grindel\/wp-json\/wp\/v2\/pages\/182\/revisions\/199"}],"wp:attachment":[{"href":"https:\/\/www.schlossnotdienst-hamburg.de\/sicherheitstechnik-grindel\/wp-json\/wp\/v2\/media?parent=182"}],"curies":[{"name":"wp","href":"https:\/\/api.w.org\/{rel}","templated":true}]}}