{"id":177,"date":"2023-06-09T12:15:46","date_gmt":"2023-06-09T10:15:46","guid":{"rendered":"https:\/\/www.schlossnotdienst-hamburg.de\/sicherheitstechnik-grindel\/?page_id=177"},"modified":"2023-06-09T12:23:15","modified_gmt":"2023-06-09T10:23:15","slug":"tuer-notreparatur-nach-einbruch","status":"publish","type":"page","link":"https:\/\/www.schlossnotdienst-hamburg.de\/sicherheitstechnik-grindel\/news\/tuer-notreparatur-nach-einbruch\/","title":{"rendered":"T\u00fcr-Notreparatur nach Einbruch"},"content":{"rendered":"<h1>T\u00fcr-Notreparatur nach Einbruch<\/h1>\n<p>Einbau eines neuen T\u00fcrschloss und T\u00fcrgriff<br \/>\n&nbsp;&nbsp;<br \/>\n<img decoding=\"async\" src=\"https:\/\/www.schlossnotdienst-hamburg.de\/sicherheitstechnik-grindel\/wp-content\/uploads\/AustauschTuerschloss1.jpg\" alt=\"T\u00fcr-Notreparatur nach Einbruch\" \/><br \/>\n&nbsp;&nbsp;<br \/>\n<img decoding=\"async\" src=\"https:\/\/www.schlossnotdienst-hamburg.de\/sicherheitstechnik-grindel\/wp-content\/uploads\/AustauschTuerschloss3.jpg\" alt=\"Austausch T\u00fcrschloss\" \/><\/p>\n<p>&nbsp;&nbsp;<\/p>\n<p><a href=\"https:\/\/www.schlossnotdienst-hamburg.de\/sicherheitstechnik-grindel\/news\/\">&raquo; Zur News-\u00dcbersicht<\/a><\/p>\n","protected":false},"excerpt":{"rendered":"<p>T\u00fcr-Notreparatur nach Einbruch Einbau eines neuen T\u00fcrschloss und T\u00fcrgriff &nbsp;&nbsp; &nbsp;&nbsp; &nbsp;&nbsp; &raquo; Zur News-\u00dcbersicht<\/p>\n","protected":false},"author":1,"featured_media":0,"parent":58,"menu_order":55,"comment_status":"closed","ping_status":"closed","template":"","meta":{"footnotes":""},"class_list":["post-177","page","type-page","status-publish","hentry"],"yoast_head":"<!-- This site is optimized with the Yoast SEO plugin v26.9 - https:\/\/yoast.com\/product\/yoast-seo-wordpress\/ -->\n<title>T\u00fcr-Notreparatur nach Einbruch - Sicherheitstechnik Grindel<\/title>\n<meta name=\"robots\" content=\"index, follow, max-snippet:-1, max-image-preview:large, max-video-preview:-1\" \/>\n<link rel=\"canonical\" href=\"https:\/\/www.schlossnotdienst-hamburg.de\/sicherheitstechnik-grindel\/news\/tuer-notreparatur-nach-einbruch\/\" \/>\n<meta property=\"og:locale\" content=\"de_DE\" \/>\n<meta property=\"og:type\" content=\"article\" \/>\n<meta property=\"og:title\" content=\"T\u00fcr-Notreparatur nach Einbruch - Sicherheitstechnik Grindel\" \/>\n<meta property=\"og:description\" content=\"T\u00fcr-Notreparatur nach Einbruch Einbau eines neuen T\u00fcrschloss und T\u00fcrgriff &nbsp;&nbsp; &nbsp;&nbsp; &nbsp;&nbsp; &raquo; Zur News-\u00dcbersicht\" \/>\n<meta property=\"og:url\" content=\"https:\/\/www.schlossnotdienst-hamburg.de\/sicherheitstechnik-grindel\/news\/tuer-notreparatur-nach-einbruch\/\" \/>\n<meta property=\"og:site_name\" content=\"Sicherheitstechnik Grindel\" \/>\n<meta property=\"article:modified_time\" content=\"2023-06-09T10:23:15+00:00\" \/>\n<meta property=\"og:image\" content=\"https:\/\/www.schlossnotdienst-hamburg.de\/sicherheitstechnik-grindel\/wp-content\/uploads\/AustauschTuerschloss1.jpg\" \/>\n<meta name=\"twitter:card\" content=\"summary_large_image\" \/>\n<meta name=\"twitter:label1\" content=\"Gesch\u00e4tzte Lesezeit\" \/>\n\t<meta name=\"twitter:data1\" content=\"1\u00a0Minute\" \/>\n<script type=\"application\/ld+json\" class=\"yoast-schema-graph\">{\"@context\":\"https:\/\/schema.org\",\"@graph\":[{\"@type\":\"WebPage\",\"@id\":\"https:\/\/www.schlossnotdienst-hamburg.de\/sicherheitstechnik-grindel\/news\/tuer-notreparatur-nach-einbruch\/\",\"url\":\"https:\/\/www.schlossnotdienst-hamburg.de\/sicherheitstechnik-grindel\/news\/tuer-notreparatur-nach-einbruch\/\",\"name\":\"T\u00fcr-Notreparatur nach Einbruch - Sicherheitstechnik Grindel\",\"isPartOf\":{\"@id\":\"https:\/\/www.schlossnotdienst-hamburg.de\/sicherheitstechnik-grindel\/#website\"},\"primaryImageOfPage\":{\"@id\":\"https:\/\/www.schlossnotdienst-hamburg.de\/sicherheitstechnik-grindel\/news\/tuer-notreparatur-nach-einbruch\/#primaryimage\"},\"image\":{\"@id\":\"https:\/\/www.schlossnotdienst-hamburg.de\/sicherheitstechnik-grindel\/news\/tuer-notreparatur-nach-einbruch\/#primaryimage\"},\"thumbnailUrl\":\"https:\/\/www.schlossnotdienst-hamburg.de\/sicherheitstechnik-grindel\/wp-content\/uploads\/AustauschTuerschloss1.jpg\",\"datePublished\":\"2023-06-09T10:15:46+00:00\",\"dateModified\":\"2023-06-09T10:23:15+00:00\",\"breadcrumb\":{\"@id\":\"https:\/\/www.schlossnotdienst-hamburg.de\/sicherheitstechnik-grindel\/news\/tuer-notreparatur-nach-einbruch\/#breadcrumb\"},\"inLanguage\":\"de\",\"potentialAction\":[{\"@type\":\"ReadAction\",\"target\":[\"https:\/\/www.schlossnotdienst-hamburg.de\/sicherheitstechnik-grindel\/news\/tuer-notreparatur-nach-einbruch\/\"]}]},{\"@type\":\"ImageObject\",\"inLanguage\":\"de\",\"@id\":\"https:\/\/www.schlossnotdienst-hamburg.de\/sicherheitstechnik-grindel\/news\/tuer-notreparatur-nach-einbruch\/#primaryimage\",\"url\":\"https:\/\/www.schlossnotdienst-hamburg.de\/sicherheitstechnik-grindel\/wp-content\/uploads\/AustauschTuerschloss1.jpg\",\"contentUrl\":\"https:\/\/www.schlossnotdienst-hamburg.de\/sicherheitstechnik-grindel\/wp-content\/uploads\/AustauschTuerschloss1.jpg\",\"width\":300,\"height\":400},{\"@type\":\"BreadcrumbList\",\"@id\":\"https:\/\/www.schlossnotdienst-hamburg.de\/sicherheitstechnik-grindel\/news\/tuer-notreparatur-nach-einbruch\/#breadcrumb\",\"itemListElement\":[{\"@type\":\"ListItem\",\"position\":1,\"name\":\"Startseite\",\"item\":\"https:\/\/www.schlossnotdienst-hamburg.de\/sicherheitstechnik-grindel\/\"},{\"@type\":\"ListItem\",\"position\":2,\"name\":\"News\",\"item\":\"https:\/\/www.schlossnotdienst-hamburg.de\/sicherheitstechnik-grindel\/news\/\"},{\"@type\":\"ListItem\",\"position\":3,\"name\":\"T\u00fcr-Notreparatur nach Einbruch\"}]},{\"@type\":\"WebSite\",\"@id\":\"https:\/\/www.schlossnotdienst-hamburg.de\/sicherheitstechnik-grindel\/#website\",\"url\":\"https:\/\/www.schlossnotdienst-hamburg.de\/sicherheitstechnik-grindel\/\",\"name\":\"Sicherheitstechnik Grindel\",\"description\":\"\",\"potentialAction\":[{\"@type\":\"SearchAction\",\"target\":{\"@type\":\"EntryPoint\",\"urlTemplate\":\"https:\/\/www.schlossnotdienst-hamburg.de\/sicherheitstechnik-grindel\/?s={search_term_string}\"},\"query-input\":{\"@type\":\"PropertyValueSpecification\",\"valueRequired\":true,\"valueName\":\"search_term_string\"}}],\"inLanguage\":\"de\"}]}<\/script>\n<!-- \/ Yoast SEO plugin. -->","yoast_head_json":{"title":"T\u00fcr-Notreparatur nach Einbruch - Sicherheitstechnik Grindel","robots":{"index":"index","follow":"follow","max-snippet":"max-snippet:-1","max-image-preview":"max-image-preview:large","max-video-preview":"max-video-preview:-1"},"canonical":"https:\/\/www.schlossnotdienst-hamburg.de\/sicherheitstechnik-grindel\/news\/tuer-notreparatur-nach-einbruch\/","og_locale":"de_DE","og_type":"article","og_title":"T\u00fcr-Notreparatur nach Einbruch - Sicherheitstechnik Grindel","og_description":"T\u00fcr-Notreparatur nach Einbruch Einbau eines neuen T\u00fcrschloss und T\u00fcrgriff &nbsp;&nbsp; &nbsp;&nbsp; &nbsp;&nbsp; &raquo; Zur News-\u00dcbersicht","og_url":"https:\/\/www.schlossnotdienst-hamburg.de\/sicherheitstechnik-grindel\/news\/tuer-notreparatur-nach-einbruch\/","og_site_name":"Sicherheitstechnik Grindel","article_modified_time":"2023-06-09T10:23:15+00:00","og_image":[{"url":"https:\/\/www.schlossnotdienst-hamburg.de\/sicherheitstechnik-grindel\/wp-content\/uploads\/AustauschTuerschloss1.jpg","type":"","width":"","height":""}],"twitter_card":"summary_large_image","twitter_misc":{"Gesch\u00e4tzte Lesezeit":"1\u00a0Minute"},"schema":{"@context":"https:\/\/schema.org","@graph":[{"@type":"WebPage","@id":"https:\/\/www.schlossnotdienst-hamburg.de\/sicherheitstechnik-grindel\/news\/tuer-notreparatur-nach-einbruch\/","url":"https:\/\/www.schlossnotdienst-hamburg.de\/sicherheitstechnik-grindel\/news\/tuer-notreparatur-nach-einbruch\/","name":"T\u00fcr-Notreparatur nach Einbruch - Sicherheitstechnik Grindel","isPartOf":{"@id":"https:\/\/www.schlossnotdienst-hamburg.de\/sicherheitstechnik-grindel\/#website"},"primaryImageOfPage":{"@id":"https:\/\/www.schlossnotdienst-hamburg.de\/sicherheitstechnik-grindel\/news\/tuer-notreparatur-nach-einbruch\/#primaryimage"},"image":{"@id":"https:\/\/www.schlossnotdienst-hamburg.de\/sicherheitstechnik-grindel\/news\/tuer-notreparatur-nach-einbruch\/#primaryimage"},"thumbnailUrl":"https:\/\/www.schlossnotdienst-hamburg.de\/sicherheitstechnik-grindel\/wp-content\/uploads\/AustauschTuerschloss1.jpg","datePublished":"2023-06-09T10:15:46+00:00","dateModified":"2023-06-09T10:23:15+00:00","breadcrumb":{"@id":"https:\/\/www.schlossnotdienst-hamburg.de\/sicherheitstechnik-grindel\/news\/tuer-notreparatur-nach-einbruch\/#breadcrumb"},"inLanguage":"de","potentialAction":[{"@type":"ReadAction","target":["https:\/\/www.schlossnotdienst-hamburg.de\/sicherheitstechnik-grindel\/news\/tuer-notreparatur-nach-einbruch\/"]}]},{"@type":"ImageObject","inLanguage":"de","@id":"https:\/\/www.schlossnotdienst-hamburg.de\/sicherheitstechnik-grindel\/news\/tuer-notreparatur-nach-einbruch\/#primaryimage","url":"https:\/\/www.schlossnotdienst-hamburg.de\/sicherheitstechnik-grindel\/wp-content\/uploads\/AustauschTuerschloss1.jpg","contentUrl":"https:\/\/www.schlossnotdienst-hamburg.de\/sicherheitstechnik-grindel\/wp-content\/uploads\/AustauschTuerschloss1.jpg","width":300,"height":400},{"@type":"BreadcrumbList","@id":"https:\/\/www.schlossnotdienst-hamburg.de\/sicherheitstechnik-grindel\/news\/tuer-notreparatur-nach-einbruch\/#breadcrumb","itemListElement":[{"@type":"ListItem","position":1,"name":"Startseite","item":"https:\/\/www.schlossnotdienst-hamburg.de\/sicherheitstechnik-grindel\/"},{"@type":"ListItem","position":2,"name":"News","item":"https:\/\/www.schlossnotdienst-hamburg.de\/sicherheitstechnik-grindel\/news\/"},{"@type":"ListItem","position":3,"name":"T\u00fcr-Notreparatur nach Einbruch"}]},{"@type":"WebSite","@id":"https:\/\/www.schlossnotdienst-hamburg.de\/sicherheitstechnik-grindel\/#website","url":"https:\/\/www.schlossnotdienst-hamburg.de\/sicherheitstechnik-grindel\/","name":"Sicherheitstechnik Grindel","description":"","potentialAction":[{"@type":"SearchAction","target":{"@type":"EntryPoint","urlTemplate":"https:\/\/www.schlossnotdienst-hamburg.de\/sicherheitstechnik-grindel\/?s={search_term_string}"},"query-input":{"@type":"PropertyValueSpecification","valueRequired":true,"valueName":"search_term_string"}}],"inLanguage":"de"}]}},"_links":{"self":[{"href":"https:\/\/www.schlossnotdienst-hamburg.de\/sicherheitstechnik-grindel\/wp-json\/wp\/v2\/pages\/177","targetHints":{"allow":["GET"]}}],"collection":[{"href":"https:\/\/www.schlossnotdienst-hamburg.de\/sicherheitstechnik-grindel\/wp-json\/wp\/v2\/pages"}],"about":[{"href":"https:\/\/www.schlossnotdienst-hamburg.de\/sicherheitstechnik-grindel\/wp-json\/wp\/v2\/types\/page"}],"author":[{"embeddable":true,"href":"https:\/\/www.schlossnotdienst-hamburg.de\/sicherheitstechnik-grindel\/wp-json\/wp\/v2\/users\/1"}],"replies":[{"embeddable":true,"href":"https:\/\/www.schlossnotdienst-hamburg.de\/sicherheitstechnik-grindel\/wp-json\/wp\/v2\/comments?post=177"}],"version-history":[{"count":3,"href":"https:\/\/www.schlossnotdienst-hamburg.de\/sicherheitstechnik-grindel\/wp-json\/wp\/v2\/pages\/177\/revisions"}],"predecessor-version":[{"id":181,"href":"https:\/\/www.schlossnotdienst-hamburg.de\/sicherheitstechnik-grindel\/wp-json\/wp\/v2\/pages\/177\/revisions\/181"}],"up":[{"embeddable":true,"href":"https:\/\/www.schlossnotdienst-hamburg.de\/sicherheitstechnik-grindel\/wp-json\/wp\/v2\/pages\/58"}],"wp:attachment":[{"href":"https:\/\/www.schlossnotdienst-hamburg.de\/sicherheitstechnik-grindel\/wp-json\/wp\/v2\/media?parent=177"}],"curies":[{"name":"wp","href":"https:\/\/api.w.org\/{rel}","templated":true}]}}