{"id":11,"date":"2023-05-29T17:13:24","date_gmt":"2023-05-29T15:13:24","guid":{"rendered":"https:\/\/www.schlossnotdienst-hamburg.de\/sicherheitstechnik-grindel\/?page_id=11"},"modified":"2023-06-01T17:41:47","modified_gmt":"2023-06-01T15:41:47","slug":"impressum","status":"publish","type":"page","link":"https:\/\/www.schlossnotdienst-hamburg.de\/sicherheitstechnik-grindel\/impressum\/","title":{"rendered":"Impressum"},"content":{"rendered":"<h1>Impressum<\/h1>\n<p>Inhaber: Hakki Genc<br \/>\nGlasdienst Grindel<br \/>\nGrindelallee 79<br \/>\n20146 Hamburg<\/p>\n<p><strong>Kontakt:<\/strong><\/p>\n<p>Telefon: <span class=\\\"keinumbruch\\\"><a href=\\\"tel:+4940447985\\\"><strong>040 &#8211; 44 79 85<\/strong><\/a><\/span><br \/>\nTelefax: 040 &#8211; 450 37 970<br \/>\ne-Mail: <a href=\\\"mailto:info@sicherheitstechnik-grindel.de\\\">info@sicherheitstechnik-grindel.de<\/a><\/p>\n<p>Quelle: erstellt mit dem <a href=\\\"http:\/\/www.e-recht24.de\/impressum-generator.html\\\" target=\\\"_blank\\\" rel=\\\"noopener\\\">Impressum-Generator Einzelunternehmer von eRecht24<\/a>.<\/p>\n<p><strong>Bildquellen:<\/strong><br \/>\nTwo locksmith, repairmen, workers in uniform installing, working&#8230;: \u00a9 Svitlana &raquo; <a href=\"https:\/\/stock.adobe.com\/de\/images\/two-locksmith-repairmen-workers-in-uniform-installing-working-with-house-door-lock-using-screwdriver-repair-door-lock-service-concept\/367388591\" rel=\"noopener\" target=\"_blank\">Adobe Stock<\/a><br \/>\nSchl\u00fcsselmacher zeigt einer Kundin Schl\u00fcssel Rohlinge: \u00a9 Kzenon &raquo; <a href=\"https:\/\/stock.adobe.com\/de\/images\/schlusselmacher-zeigt-einer-kundin-schlussel-rohlinge\/266425255\" target=\"_blank\" rel=\"noopener\">Adobe Stock<\/a><br \/>\nFemale hands hold the metal core of lock and key closeup&#8230;: \u00a9 H_Ko &raquo; <a href=\"https:\/\/stock.adobe.com\/de\/images\/female-hands-hold-the-metal-core-of-lock-and-key-closeup-opening-of-locks-service-concept\/382796820\" rel=\"noopener\" target=\"_blank\">Adobe Stock<\/a><\/p>\n<p><strong>Haftungsausschluss:<\/strong><\/p>\n<p><strong>Haftung f\u00fcr Inhalte<\/strong><\/p>\n<p>Die Inhalte unserer Seiten wurden mit gr\u00f6\u00dfter Sorgfalt erstellt. F\u00fcr die Richtigkeit, Vollst\u00e4ndigkeit und Aktualit\u00e4t der Inhalte k\u00f6nnen wir jedoch keine Gew\u00e4hr \u00fcbernehmen. Als Diensteanbieter sind wir gem\u00e4\u00df \u00a7 7 Abs.1 TMG f\u00fcr eigene Inhalte auf diesen Seiten nach den allgemeinen Gesetzen verantwortlich. Nach \u00a7\u00a7 8 bis 10 TMG sind wir als Diensteanbieter jedoch nicht verpflichtet, \u00fcbermittelte oder gespeicherte fremde Informationen zu \u00fcberwachen oder nach Umst\u00e4nden zu forschen, die auf eine rechtswidrige T\u00e4tigkeit hinweisen. Verpflichtungen zur Entfernung oder Sperrung der Nutzung von Informationen nach den allgemeinen Gesetzen bleiben hiervon unber\u00fchrt. Eine diesbez\u00fcgliche Haftung ist jedoch erst ab dem Zeitpunkt der Kenntnis einer konkreten Rechtsverletzung m\u00f6glich. Bei Bekanntwerden von entsprechenden Rechtsverletzungen werden wir diese Inhalte umgehend entfernen.<\/p>\n<p><strong>Haftung f\u00fcr Links<\/strong><\/p>\n<p>Unser Angebot enth\u00e4lt Links zu externen Webseiten Dritter, auf deren Inhalte wir keinen Einfluss haben. Deshalb k\u00f6nnen wir f\u00fcr diese fremden Inhalte auch keine Gew\u00e4hr \u00fcbernehmen. F\u00fcr die Inhalte der verlinkten Seiten ist stets der jeweilige Anbieter oder Betreiber der Seiten verantwortlich. Die verlinkten Seiten wurden zum Zeitpunkt der Verlinkung auf m\u00f6gliche Rechtsverst\u00f6\u00dfe \u00fcberpr\u00fcft. Rechtswidrige Inhalte waren zum Zeitpunkt der Verlinkung nicht erkennbar. Eine permanente inhaltliche Kontrolle der verlinkten Seiten ist jedoch ohne konkrete Anhaltspunkte einer Rechtsverletzung nicht zumutbar. Bei Bekanntwerden von Rechtsverletzungen werden wir derartige Links umgehend entfernen.<\/p>\n<p><strong>Urheberrecht<\/strong><\/p>\n<p>Die durch die Seitenbetreiber erstellten Inhalte und Werke auf diesen Seiten unterliegen dem deutschen Urheberrecht. Die Vervielf\u00e4ltigung, Bearbeitung, Verbreitung und jede Art der Verwertung au\u00dferhalb der Grenzen des Urheberrechtes bed\u00fcrfen der schriftlichen Zustimmung des jeweiligen Autors bzw. Erstellers. Downloads und Kopien dieser Seite sind nur f\u00fcr den privaten, nicht kommerziellen Gebrauch gestattet. Soweit die Inhalte auf dieser Seite nicht vom Betreiber erstellt wurden, werden die Urheberrechte Dritter beachtet. Insbesondere werden Inhalte Dritter als solche gekennzeichnet. Sollten Sie trotzdem auf eine Urheberrechtsverletzung aufmerksam werden, bitten wir um einen entsprechenden Hinweis. Bei Bekanntwerden von Rechtsverletzungen werden wir derartige Inhalte umgehend entfernen.<\/p>\n<p><strong>Datenschutz<\/strong><\/p>\n<p>Die Nutzung unserer Webseite ist in der Regel ohne Angabe personenbezogener Daten m\u00f6glich. Soweit auf unseren Seiten personenbezogene Daten (beispielsweise Name, Anschrift oder eMail-Adressen) erhoben werden, erfolgt dies, soweit m\u00f6glich, stets auf freiwilliger Basis. Diese Daten werden ohne Ihre ausdr\u00fcckliche Zustimmung nicht an Dritte weitergegeben.<\/p>\n<p>Wir weisen darauf hin, dass die Daten\u00fcbertragung im Internet (z.B. bei der Kommunikation per E-Mail) Sicherheitsl\u00fccken aufweisen kann. Ein l\u00fcckenloser Schutz der Daten vor dem Zugriff durch Dritte ist nicht m\u00f6glich.<\/p>\n<p>Der Nutzung von im Rahmen der Impressumspflicht ver\u00f6ffentlichten Kontaktdaten durch Dritte zur \u00dcbersendung von nicht ausdr\u00fccklich angeforderter Werbung und Informationsmaterialien wird hiermit ausdr\u00fccklich widersprochen. Die Betreiber der Seiten behalten sich ausdr\u00fccklich rechtliche Schritte im Falle der unverlangten Zusendung von Werbeinformationen, etwa durch Spam-Mails, vor.<\/p>\n<p>Quelle: Disclaimer von eRecht24, dem Portal zum Internetrecht von Rechtsanwalt S\u00f6ren Siebert.<\/p>\n","protected":false},"excerpt":{"rendered":"<p>Impressum Inhaber: Hakki Genc Glasdienst Grindel Grindelallee 79 20146 Hamburg Kontakt: Telefon: 040 &#8211; 44 79 85 Telefax: 040 &#8211; 450 37 970 e-Mail: info@sicherheitstechnik-grindel.de Quelle: erstellt mit dem Impressum-Generator Einzelunternehmer von eRecht24. Bildquellen: Two locksmith, repairmen, workers in uniform installing, working&#8230;: \u00a9 Svitlana &raquo; Adobe Stock Schl\u00fcsselmacher zeigt einer Kundin Schl\u00fcssel Rohlinge: \u00a9 Kzenon &hellip; <a href=\"https:\/\/www.schlossnotdienst-hamburg.de\/sicherheitstechnik-grindel\/impressum\/\" class=\"more-link\"><span class=\"screen-reader-text\">\u201eImpressum\u201c <\/span>weiterlesen<\/a><\/p>\n","protected":false},"author":1,"featured_media":0,"parent":0,"menu_order":80,"comment_status":"closed","ping_status":"closed","template":"","meta":{"footnotes":""},"class_list":["post-11","page","type-page","status-publish","hentry"],"yoast_head":"<!-- This site is optimized with the Yoast SEO plugin v26.9 - https:\/\/yoast.com\/product\/yoast-seo-wordpress\/ -->\n<title>Impressum - Sicherheitstechnik Grindel<\/title>\n<meta name=\"robots\" content=\"index, follow, max-snippet:-1, max-image-preview:large, max-video-preview:-1\" \/>\n<link rel=\"canonical\" href=\"https:\/\/www.schlossnotdienst-hamburg.de\/sicherheitstechnik-grindel\/impressum\/\" \/>\n<meta property=\"og:locale\" content=\"de_DE\" \/>\n<meta property=\"og:type\" content=\"article\" \/>\n<meta property=\"og:title\" content=\"Impressum - Sicherheitstechnik Grindel\" \/>\n<meta property=\"og:description\" content=\"Impressum Inhaber: Hakki Genc Glasdienst Grindel Grindelallee 79 20146 Hamburg Kontakt: Telefon: 040 &#8211; 44 79 85 Telefax: 040 &#8211; 450 37 970 e-Mail: info@sicherheitstechnik-grindel.de Quelle: erstellt mit dem Impressum-Generator Einzelunternehmer von eRecht24. Bildquellen: Two locksmith, repairmen, workers in uniform installing, working&#8230;: \u00a9 Svitlana &raquo; Adobe Stock Schl\u00fcsselmacher zeigt einer Kundin Schl\u00fcssel Rohlinge: \u00a9 Kzenon &hellip; \u201eImpressum\u201c weiterlesen\" \/>\n<meta property=\"og:url\" content=\"https:\/\/www.schlossnotdienst-hamburg.de\/sicherheitstechnik-grindel\/impressum\/\" \/>\n<meta property=\"og:site_name\" content=\"Sicherheitstechnik Grindel\" \/>\n<meta property=\"article:modified_time\" content=\"2023-06-01T15:41:47+00:00\" \/>\n<meta name=\"twitter:card\" content=\"summary_large_image\" \/>\n<meta name=\"twitter:label1\" content=\"Gesch\u00e4tzte Lesezeit\" \/>\n\t<meta name=\"twitter:data1\" content=\"3\u00a0Minuten\" \/>\n<script type=\"application\/ld+json\" class=\"yoast-schema-graph\">{\"@context\":\"https:\/\/schema.org\",\"@graph\":[{\"@type\":\"WebPage\",\"@id\":\"https:\/\/www.schlossnotdienst-hamburg.de\/sicherheitstechnik-grindel\/impressum\/\",\"url\":\"https:\/\/www.schlossnotdienst-hamburg.de\/sicherheitstechnik-grindel\/impressum\/\",\"name\":\"Impressum - Sicherheitstechnik Grindel\",\"isPartOf\":{\"@id\":\"https:\/\/www.schlossnotdienst-hamburg.de\/sicherheitstechnik-grindel\/#website\"},\"datePublished\":\"2023-05-29T15:13:24+00:00\",\"dateModified\":\"2023-06-01T15:41:47+00:00\",\"breadcrumb\":{\"@id\":\"https:\/\/www.schlossnotdienst-hamburg.de\/sicherheitstechnik-grindel\/impressum\/#breadcrumb\"},\"inLanguage\":\"de\",\"potentialAction\":[{\"@type\":\"ReadAction\",\"target\":[\"https:\/\/www.schlossnotdienst-hamburg.de\/sicherheitstechnik-grindel\/impressum\/\"]}]},{\"@type\":\"BreadcrumbList\",\"@id\":\"https:\/\/www.schlossnotdienst-hamburg.de\/sicherheitstechnik-grindel\/impressum\/#breadcrumb\",\"itemListElement\":[{\"@type\":\"ListItem\",\"position\":1,\"name\":\"Startseite\",\"item\":\"https:\/\/www.schlossnotdienst-hamburg.de\/sicherheitstechnik-grindel\/\"},{\"@type\":\"ListItem\",\"position\":2,\"name\":\"Impressum\"}]},{\"@type\":\"WebSite\",\"@id\":\"https:\/\/www.schlossnotdienst-hamburg.de\/sicherheitstechnik-grindel\/#website\",\"url\":\"https:\/\/www.schlossnotdienst-hamburg.de\/sicherheitstechnik-grindel\/\",\"name\":\"Sicherheitstechnik Grindel\",\"description\":\"\",\"potentialAction\":[{\"@type\":\"SearchAction\",\"target\":{\"@type\":\"EntryPoint\",\"urlTemplate\":\"https:\/\/www.schlossnotdienst-hamburg.de\/sicherheitstechnik-grindel\/?s={search_term_string}\"},\"query-input\":{\"@type\":\"PropertyValueSpecification\",\"valueRequired\":true,\"valueName\":\"search_term_string\"}}],\"inLanguage\":\"de\"}]}<\/script>\n<!-- \/ Yoast SEO plugin. -->","yoast_head_json":{"title":"Impressum - Sicherheitstechnik Grindel","robots":{"index":"index","follow":"follow","max-snippet":"max-snippet:-1","max-image-preview":"max-image-preview:large","max-video-preview":"max-video-preview:-1"},"canonical":"https:\/\/www.schlossnotdienst-hamburg.de\/sicherheitstechnik-grindel\/impressum\/","og_locale":"de_DE","og_type":"article","og_title":"Impressum - Sicherheitstechnik Grindel","og_description":"Impressum Inhaber: Hakki Genc Glasdienst Grindel Grindelallee 79 20146 Hamburg Kontakt: Telefon: 040 &#8211; 44 79 85 Telefax: 040 &#8211; 450 37 970 e-Mail: info@sicherheitstechnik-grindel.de Quelle: erstellt mit dem Impressum-Generator Einzelunternehmer von eRecht24. Bildquellen: Two locksmith, repairmen, workers in uniform installing, working&#8230;: \u00a9 Svitlana &raquo; Adobe Stock Schl\u00fcsselmacher zeigt einer Kundin Schl\u00fcssel Rohlinge: \u00a9 Kzenon &hellip; \u201eImpressum\u201c weiterlesen","og_url":"https:\/\/www.schlossnotdienst-hamburg.de\/sicherheitstechnik-grindel\/impressum\/","og_site_name":"Sicherheitstechnik Grindel","article_modified_time":"2023-06-01T15:41:47+00:00","twitter_card":"summary_large_image","twitter_misc":{"Gesch\u00e4tzte Lesezeit":"3\u00a0Minuten"},"schema":{"@context":"https:\/\/schema.org","@graph":[{"@type":"WebPage","@id":"https:\/\/www.schlossnotdienst-hamburg.de\/sicherheitstechnik-grindel\/impressum\/","url":"https:\/\/www.schlossnotdienst-hamburg.de\/sicherheitstechnik-grindel\/impressum\/","name":"Impressum - Sicherheitstechnik Grindel","isPartOf":{"@id":"https:\/\/www.schlossnotdienst-hamburg.de\/sicherheitstechnik-grindel\/#website"},"datePublished":"2023-05-29T15:13:24+00:00","dateModified":"2023-06-01T15:41:47+00:00","breadcrumb":{"@id":"https:\/\/www.schlossnotdienst-hamburg.de\/sicherheitstechnik-grindel\/impressum\/#breadcrumb"},"inLanguage":"de","potentialAction":[{"@type":"ReadAction","target":["https:\/\/www.schlossnotdienst-hamburg.de\/sicherheitstechnik-grindel\/impressum\/"]}]},{"@type":"BreadcrumbList","@id":"https:\/\/www.schlossnotdienst-hamburg.de\/sicherheitstechnik-grindel\/impressum\/#breadcrumb","itemListElement":[{"@type":"ListItem","position":1,"name":"Startseite","item":"https:\/\/www.schlossnotdienst-hamburg.de\/sicherheitstechnik-grindel\/"},{"@type":"ListItem","position":2,"name":"Impressum"}]},{"@type":"WebSite","@id":"https:\/\/www.schlossnotdienst-hamburg.de\/sicherheitstechnik-grindel\/#website","url":"https:\/\/www.schlossnotdienst-hamburg.de\/sicherheitstechnik-grindel\/","name":"Sicherheitstechnik Grindel","description":"","potentialAction":[{"@type":"SearchAction","target":{"@type":"EntryPoint","urlTemplate":"https:\/\/www.schlossnotdienst-hamburg.de\/sicherheitstechnik-grindel\/?s={search_term_string}"},"query-input":{"@type":"PropertyValueSpecification","valueRequired":true,"valueName":"search_term_string"}}],"inLanguage":"de"}]}},"_links":{"self":[{"href":"https:\/\/www.schlossnotdienst-hamburg.de\/sicherheitstechnik-grindel\/wp-json\/wp\/v2\/pages\/11","targetHints":{"allow":["GET"]}}],"collection":[{"href":"https:\/\/www.schlossnotdienst-hamburg.de\/sicherheitstechnik-grindel\/wp-json\/wp\/v2\/pages"}],"about":[{"href":"https:\/\/www.schlossnotdienst-hamburg.de\/sicherheitstechnik-grindel\/wp-json\/wp\/v2\/types\/page"}],"author":[{"embeddable":true,"href":"https:\/\/www.schlossnotdienst-hamburg.de\/sicherheitstechnik-grindel\/wp-json\/wp\/v2\/users\/1"}],"replies":[{"embeddable":true,"href":"https:\/\/www.schlossnotdienst-hamburg.de\/sicherheitstechnik-grindel\/wp-json\/wp\/v2\/comments?post=11"}],"version-history":[{"count":5,"href":"https:\/\/www.schlossnotdienst-hamburg.de\/sicherheitstechnik-grindel\/wp-json\/wp\/v2\/pages\/11\/revisions"}],"predecessor-version":[{"id":40,"href":"https:\/\/www.schlossnotdienst-hamburg.de\/sicherheitstechnik-grindel\/wp-json\/wp\/v2\/pages\/11\/revisions\/40"}],"wp:attachment":[{"href":"https:\/\/www.schlossnotdienst-hamburg.de\/sicherheitstechnik-grindel\/wp-json\/wp\/v2\/media?parent=11"}],"curies":[{"name":"wp","href":"https:\/\/api.w.org\/{rel}","templated":true}]}}