{"id":5,"date":"2023-05-31T08:44:02","date_gmt":"2023-05-31T06:44:02","guid":{"rendered":"https:\/\/www.schlossnotdienst-hamburg.de\/schluesseldienst-grindel\/?page_id=5"},"modified":"2023-06-26T10:28:21","modified_gmt":"2023-06-26T08:28:21","slug":"home","status":"publish","type":"page","link":"https:\/\/www.schlossnotdienst-hamburg.de\/schluesseldienst-grindel\/","title":{"rendered":"Home"},"content":{"rendered":"<h1>Schl\u00fcsseldienst Grindel Hamburg &#8211; seit 1968 zuverl\u00e4ssig, fachlich kompetent und preiswert.<\/h1>\n<p>Sie ben\u00f6tigen einen seri\u00f6sen Schl\u00fcsseldienst bzw. Schlossnotdienst weil Ihr Schl\u00fcssel abgebrochen ist?<br \/>\nAls kompetenter und g\u00fcnstiger Schl\u00fcsselnotdienst f\u00fcr Hamburg k\u00f6nnen alle Stadtteile Hamburgs sehr schnell bedient werden. Vermeiden Sie es, Opfer von unseri\u00f6sen Schl\u00fcsselnotdiensten zu werden. Lassen Sie sich seri\u00f6s und sicher weiterhelfen.<\/p>\n<h3>Schlossnotdienst bzw. Schl\u00fcsseldienst und Glasnotdienst 24\/7 in Hamburg.<\/h3>\n<div class=\"csmm\">\n<div class=\"zweispalten\">\nDie T\u00fcr ist zugefallen, Sie haben sich ausgesperrt?<br \/>\nHaben Sie den Schl\u00fcssel verloren?<br \/>\nFerner ist Ihr Schloss kaputt?<br \/>\nSie f\u00fchlen sich nicht sicher in Ihrer Wohnung?<\/p>\n<div class=\"abstand10\"> <\/div>\n<p>Unser Schl\u00fcsselnotdienst ist in nur 10-15 Minuten bei Ihnen! Tag + Nacht f\u00fcr Sie da im gesamten Gro\u00dfraum Hamburg. Ein Monteur ist in 10-15 Minuten nach Anruf bei Ihnen!<\/p>\n<p>Gerade noch in der Wohnung und schon ist es passiert?!<br \/>\nDie T\u00fcr f\u00e4llt Ihnen ins Schlo\u00df. Und der Schl\u00fcssel &#8211; der liegt in Ihrer Wohnung. Was nun? Unser Schl\u00fcsseldienst Grindel hilft Ihnen wenn es mal kritisch wird und das zu absolut fairen Preisen.<\/p>\n<p><strong>Wir lassen Sie nicht im Stich!<br \/>\nRufen Sie uns jetzt kostenfrei an:<br \/>\n<a href=\"tel:+4940447985\"><font size=\"+4\">040 &#8211; 44 79 85<\/font><\/a><\/strong>\n<\/div>\n<div class=\"zweispaltenr\"><img decoding=\"async\" src=\"https:\/\/www.schlossnotdienst-hamburg.de\/schluesseldienst-grindel\/wp-content\/uploads\/glasdienstGrindelHamburg.jpg\" alt=\"Schlossnotdienst Grindel Schl\u00fcsseldienst Hamburg\" \/><\/p>\n<\/div>\n<\/div>\n<h2>T\u00e4glich 24h erreichbar!<\/h2>\n<div class=\"csmm\">\n<div class=\"zweispalten\">In allen Hamburger Bezirken sind wir als Schl\u00fcsseldienst bzw. Schl\u00fcsselnotdienst unterwegs. Ist Ihre T\u00fcr zugefallen, dann \u00f6ffnen wir Ihnen die T\u00fcr. Rund um die Uhr! Wir sehen uns als einer der seri\u00f6sesten und g\u00fcnstigsten Schl\u00fcsseldienste Hamburgs, bzw. Schl\u00fcsselnotdienst in Hamburg.<a href=\"http:\/\/www.k-einbruch.de\/\" target=\"_blank\" rel=\"noopener noreferrer\"><img decoding=\"async\" src=\"https:\/\/www.schlossnotdienst-hamburg.de\/schluesseldienst-grindel\/wp-content\/uploads\/siegel_banner_kurz.gif\" alt=\"Schl\u00fcsselnotdienst Hamburg KeinBruch\" \/><\/a><\/div>\n<div class=\"zweispaltenr\">\n<h3>Unser Schl\u00fcsseldienst und Notdienst f\u00fcr Hamburg bietet:<\/h3>\n<p>Schl\u00fcsselnotdienst, Schl\u00fcsseldienst f\u00fcr Hamburg und Umgebung.<br \/>\nFaire Preise, Seri\u00f6s und innovativer Schl\u00fcsseldienst<br \/>\nEbenso bieten wir Ihnen einen <a href=\"\/24-std-notdienst\/\">24 Stunden-Service<\/a><br \/>\nErstellung von Nachschl\u00fcssel (ABUS, CES, BKS&#8230;)<br \/>\nEntfernung abgebrochener Schl\u00fcssel<br \/>\nSchliessanlagen<br \/>\nWeiterhin sind wir f\u00fcr Gleichschliessungen, Garagentor\u00f6ffnungen und Briefkastenanlagen f\u00fcr Sie Ihr Ansprechpartner.<\/p>\n<\/div>\n<\/div>\n<div class=\"csmm\">\n<div class=\"zweispalten\">\n<p>Nat\u00fcrlich \u00f6ffnet unser Schl\u00fcsseldienst Hamburg auch innerhalb eines Hauses gelegene T\u00fcren. Ebenfalls der Verlust eines Kellerschl\u00fcssels kommt h\u00e4ufig vor, aber auch Zimmerschl\u00fcssel k\u00f6nnen verloren gehen. Diese T\u00fcren und auch z.B. von Wohnwagen \u00f6ffnet unser Schl\u00fcsseldienst Hamburg, wenn der Eigent\u00fcmer seinen Schl\u00fcssel verloren hat.<\/p>\n<p><img decoding=\"async\" src=\"https:\/\/www.schlossnotdienst-hamburg.de\/schluesseldienst-grindel\/wp-content\/uploads\/Beschlagsysteme.jpg\" alt=\"Beschlagsysteme Schl\u00fcsseldienst\" \/><\/p>\n<\/div>\n<div class=\"zweispaltenr\">\n<p>Au\u00dfer bei verlorenen Schl\u00fcsseln oder zugefallenen T\u00fcren, hilft der Schl\u00fcsselnotdienst Hamburg auch, wenn ein Schl\u00fcssel im Schloss abbricht. Dar\u00fcber hinaus besteht die Leistung nicht nur aus dem \u00d6ffnen von T\u00fcren. In Hamburg und Umgebung entfernt der Schl\u00fcsseldienstmitarbeiter auf Wunsch des Kunden den abgebrochenen Schl\u00fcssel aus dem Schloss. Auch die Anfertigung von Ersatzschl\u00fcsseln geh\u00f6rt zu den Aufgaben unseres Schl\u00fcsseldienstes. Nebenbei k\u00f6nnen Ersatzschl\u00fcssel in vielen F\u00e4llen in Hamburg direkt vor Ort erfolgen.<\/p>\n<h3>Zu unseren weiteren Dienstleistungen z\u00e4hlt der Glasnotdienst!<\/h3>\n<p>Unser Glasnotdienst in Hamburg steht Ihnen rund um das Thema Glas mit Rat und Tat zur Seite. Wir bieten Ihnen jahrelange Erfahrung als Glasnotdienst in Hamburg und Umgebung. Auch bei individuellen W\u00fcnschen und Glaskonzepten sind wir Ihnen gerne behilflich. Rufen Sie uns einfach unter folgender Telefonnummer an: 040 \u2013 44 79 85<\/p>\n<p>Sie m\u00f6chten mehr erfahren? Dann besuchen Sie doch unsere <a href=\"https:\/\/www.glasdienst-grindel.de\/\">Glasnotdienst-Webseite www.glasdienst-grindel.de<\/a>.<\/p>\n<\/div>\n<\/div>\n<h3>Sicherheitstechnik Grindel in Hamburg<\/h3>\n<p>Sich vorzustellen, dass in die eigenen vier W\u00e4nde eingebrochen wird. Allein der Gedanke daran ist schon ein Horrorszenario! Neben dem Sachschaden, spielt die pers\u00f6nliche Sicherheit mindestens eine genauso gro\u00dfe Rolle.<\/p>\n<p>Freuen Sie sich, dass Sie ein Schl\u00fcsseldienst in der N\u00e4he haben. Denn Diebe werden immer dreister, schlauer und gef\u00e4hrlicher. Laut Polizei-Statistik bleibt es aber bei einem Drittel der Taten bei einem versuchten Einbruch. Denn die Zeit ist ein sehr gro\u00dfer Faktor! Die ersten drei Minuten sind bei einem Einbruch entscheidend, und jede Minute z\u00e4hlt. Umso l\u00e4nger ein Einbrecher ben\u00f6tigt um ein Objekt einzudringen, desto h\u00f6her ist sein Risiko.<\/p>\n<p>Wir sichern Ihre Wohnung gegen Einbruch ab und r\u00fcsten mit Panzerriegel, Stangenschlo\u00df oder Zusatzschl\u00f6sser nach.<br \/>\nLassen Sie sich vom Schl\u00fcsseldienst Grindel in Hamburg ausf\u00fchrlich beraten.<\/p>\n<h3>Hohe Qualit\u00e4t durch jahrelange Erfahrung<\/h3>\n<p>Langj\u00e4hrige Erfahrung unserer fachkundigen Mitarbeiter bringt Ihnen den Vorteil!<br \/>\nSo, das wir die Regeln des Handwerks und das Wissen \u00fcber neue Techniken im Handwerk und \u00fcber Entwicklungen bei den Materialien verbinden und Ihnen deshalb h\u00f6chsten Standard anbieten.<br \/>\nIn Hamburg muss niemand wegen eines verlorenen Schl\u00fcssels die Nacht vor seiner eigenen T\u00fcr verbringen. Unser Schl\u00fcsseldienst Grindel in Hamburg kommt jederzeit gerne in jeden Stadtteil. Uns erreichen t\u00e4glich Notrufe auch aus allen Stadtteilen Hamburgs. Mal ist die Haust\u00fcr zugeschlagen, mal ist eine Schlie\u00dfanlage defekt. In Hamburg hat sich herumgesprochen, dass auf die Mitarbeiter vom Schl\u00fcsseldienst Grindel immer Verlass ist.<\/p>\n<h3>Schl\u00fcssel nachmachen bei unserem Schl\u00fcsseldienst in Hamburg<\/h3>\n<p>Schl\u00fcssel ersetzen geh\u00f6rt ebenfalls zu den zahlreichen Dienstleistungen, die unser Schl\u00fcsseldienst in Hamburg anbietet.<\/p>\n<h3>Rufen Sie uns jetzt an!<\/h3>\n<p>Wenn Sie gerade jetzt unsere Hilfe brauchen, rufen Sie uns sofort an und schon in k\u00fcrzester Zeit wird unser Schl\u00fcsseldienst in Hamburg  an Ort und Stelle sein. Gerne helfen wir Ihnen und freuen uns auf Sie!<\/p>\n<div class=\"csmm\">\n<div class=\"zweispalten\">\n<p><img decoding=\"async\" src=\"https:\/\/www.schlossnotdienst-hamburg.de\/schluesseldienst-grindel\/wp-content\/uploads\/glasdienst-grindel-tuerschl.jpg\" alt=\"E204 Elektronischer (Doppelknauf-) Zylinder easy 2.0\" \/><\/p>\n<\/div>\n<div class=\"zweispaltenr\">\n<h2>Neu bei Schl\u00fcsseldienst Grindel:<\/h2>\n<p><strong>Ein Highlight: E204 Elektronischer (Doppelknauf-) Zylinder easy 2.0 mit Transponder! Sprechen Sie uns an!<\/strong><\/p>\n<div class=\"abstand25\"> <\/div>\n<hr \/>\n<div class=\"abstand25\"> <\/div>\n<p><strong>Zur Absicherung guter Zweir\u00e4der bei uns erh\u00e4ltlich: <\/strong><br \/>\nDas ABUS Steel-O-Flex Iven 8200 Panzerkabelschloss.<br \/>\n<img decoding=\"async\" src=\"https:\/\/www.schlossnotdienst-hamburg.de\/schluesseldienst-grindel\/wp-content\/uploads\/ABUS-Steel-O-Flex-Iven-8200.jpg\" alt=\"ABUS Steel-O-Flex Iven 8200 Panzerkabelschloss\" \/><br \/>\nNeue, funktionale, langlebige und hochflexible Ivy-Kunstfaserummantelung zum Schutz vor Lacksch\u00e4den.<br \/>\nStahlh\u00fclsen, Geh\u00e4use sowie tragende Teile des Verriegelungsmechanismus aus speziell geh\u00e4rtetem Stahl gefertigt.<br \/>\n&nbsp;&nbsp;<br \/>\n<strong>Hier geht es zur Virtual Tour:<\/strong><br \/>\n<a href=\"https:\/\/wise-solution.de\/2023\/schl%c3%bcsseldienstgrindel\/\" rel=\"noopener\" target=\"_blank\"><img decoding=\"async\" src=\"https:\/\/www.schlossnotdienst-hamburg.de\/schluesseldienst-grindel\/wp-content\/uploads\/rundgang.jpg\" alt=\"Virtual Tour\" \/><\/a>\n<\/div>\n<\/div>\n","protected":false},"excerpt":{"rendered":"<p>Schl\u00fcsseldienst Grindel Hamburg &#8211; seit 1968 zuverl\u00e4ssig, fachlich kompetent und preiswert. Sie ben\u00f6tigen einen seri\u00f6sen Schl\u00fcsseldienst bzw. Schlossnotdienst weil Ihr Schl\u00fcssel abgebrochen ist? Als kompetenter und g\u00fcnstiger Schl\u00fcsselnotdienst f\u00fcr Hamburg k\u00f6nnen alle Stadtteile Hamburgs sehr schnell bedient werden. Vermeiden Sie es, Opfer von unseri\u00f6sen Schl\u00fcsselnotdiensten zu werden. Lassen Sie sich seri\u00f6s und sicher weiterhelfen. Schlossnotdienst &hellip; <a href=\"https:\/\/www.schlossnotdienst-hamburg.de\/schluesseldienst-grindel\/\" class=\"more-link\"><span class=\"screen-reader-text\">\u201eHome\u201c<\/span> weiterlesen<\/a><\/p>\n","protected":false},"author":1,"featured_media":0,"parent":0,"menu_order":0,"comment_status":"closed","ping_status":"closed","template":"","meta":{"footnotes":""},"class_list":["post-5","page","type-page","status-publish","hentry"],"yoast_head":"<!-- This site is optimized with the Yoast SEO plugin v25.5 - https:\/\/yoast.com\/wordpress\/plugins\/seo\/ -->\n<title>Schl\u00fcsseldienst Grindel - Schlossnotdienst in Hamburg<\/title>\n<meta name=\"description\" content=\"Schl\u00fcsseldienst Schlossnotdienst Grindel Hamburg \u2013 seit 1968 zuverl\u00e4ssig, fachlich kompetent und preiswert.\" \/>\n<meta name=\"robots\" content=\"index, follow, max-snippet:-1, max-image-preview:large, max-video-preview:-1\" \/>\n<link rel=\"canonical\" href=\"https:\/\/www.schlossnotdienst-hamburg.de\/schluesseldienst-grindel\/\" \/>\n<meta property=\"og:locale\" content=\"de_DE\" \/>\n<meta property=\"og:type\" content=\"article\" \/>\n<meta property=\"og:title\" content=\"Schl\u00fcsseldienst Grindel - Schlossnotdienst in Hamburg\" \/>\n<meta property=\"og:description\" content=\"Schl\u00fcsseldienst Schlossnotdienst Grindel Hamburg \u2013 seit 1968 zuverl\u00e4ssig, fachlich kompetent und preiswert.\" \/>\n<meta property=\"og:url\" content=\"https:\/\/www.schlossnotdienst-hamburg.de\/schluesseldienst-grindel\/\" \/>\n<meta property=\"og:site_name\" content=\"Schl\u00fcsseldienst Grindel\" \/>\n<meta property=\"article:modified_time\" content=\"2023-06-26T08:28:21+00:00\" \/>\n<meta property=\"og:image\" content=\"https:\/\/www.schlossnotdienst-hamburg.de\/schluesseldienst-grindel\/wp-content\/uploads\/glasdienstGrindelHamburg.jpg\" \/>\n<meta name=\"twitter:card\" content=\"summary_large_image\" \/>\n<meta name=\"twitter:label1\" content=\"Gesch\u00e4tzte Lesezeit\" \/>\n\t<meta name=\"twitter:data1\" content=\"6\u00a0Minuten\" \/>\n<script type=\"application\/ld+json\" class=\"yoast-schema-graph\">{\"@context\":\"https:\/\/schema.org\",\"@graph\":[{\"@type\":\"WebPage\",\"@id\":\"https:\/\/www.schlossnotdienst-hamburg.de\/schluesseldienst-grindel\/\",\"url\":\"https:\/\/www.schlossnotdienst-hamburg.de\/schluesseldienst-grindel\/\",\"name\":\"Schl\u00fcsseldienst Grindel - Schlossnotdienst in Hamburg\",\"isPartOf\":{\"@id\":\"https:\/\/www.schlossnotdienst-hamburg.de\/schluesseldienst-grindel\/#website\"},\"primaryImageOfPage\":{\"@id\":\"https:\/\/www.schlossnotdienst-hamburg.de\/schluesseldienst-grindel\/#primaryimage\"},\"image\":{\"@id\":\"https:\/\/www.schlossnotdienst-hamburg.de\/schluesseldienst-grindel\/#primaryimage\"},\"thumbnailUrl\":\"https:\/\/www.schlossnotdienst-hamburg.de\/schluesseldienst-grindel\/wp-content\/uploads\/glasdienstGrindelHamburg.jpg\",\"datePublished\":\"2023-05-31T06:44:02+00:00\",\"dateModified\":\"2023-06-26T08:28:21+00:00\",\"description\":\"Schl\u00fcsseldienst Schlossnotdienst Grindel Hamburg \u2013 seit 1968 zuverl\u00e4ssig, fachlich kompetent und preiswert.\",\"breadcrumb\":{\"@id\":\"https:\/\/www.schlossnotdienst-hamburg.de\/schluesseldienst-grindel\/#breadcrumb\"},\"inLanguage\":\"de\",\"potentialAction\":[{\"@type\":\"ReadAction\",\"target\":[\"https:\/\/www.schlossnotdienst-hamburg.de\/schluesseldienst-grindel\/\"]}]},{\"@type\":\"ImageObject\",\"inLanguage\":\"de\",\"@id\":\"https:\/\/www.schlossnotdienst-hamburg.de\/schluesseldienst-grindel\/#primaryimage\",\"url\":\"https:\/\/www.schlossnotdienst-hamburg.de\/schluesseldienst-grindel\/wp-content\/uploads\/glasdienstGrindelHamburg.jpg\",\"contentUrl\":\"https:\/\/www.schlossnotdienst-hamburg.de\/schluesseldienst-grindel\/wp-content\/uploads\/glasdienstGrindelHamburg.jpg\",\"width\":368,\"height\":250},{\"@type\":\"BreadcrumbList\",\"@id\":\"https:\/\/www.schlossnotdienst-hamburg.de\/schluesseldienst-grindel\/#breadcrumb\",\"itemListElement\":[{\"@type\":\"ListItem\",\"position\":1,\"name\":\"Startseite\",\"item\":\"https:\/\/www.schlossnotdienst-hamburg.de\/schluesseldienst-grindel\/\"},{\"@type\":\"ListItem\",\"position\":2,\"name\":\"Home\"}]},{\"@type\":\"WebSite\",\"@id\":\"https:\/\/www.schlossnotdienst-hamburg.de\/schluesseldienst-grindel\/#website\",\"url\":\"https:\/\/www.schlossnotdienst-hamburg.de\/schluesseldienst-grindel\/\",\"name\":\"Schl\u00fcsseldienst Grindel\",\"description\":\"\",\"potentialAction\":[{\"@type\":\"SearchAction\",\"target\":{\"@type\":\"EntryPoint\",\"urlTemplate\":\"https:\/\/www.schlossnotdienst-hamburg.de\/schluesseldienst-grindel\/?s={search_term_string}\"},\"query-input\":{\"@type\":\"PropertyValueSpecification\",\"valueRequired\":true,\"valueName\":\"search_term_string\"}}],\"inLanguage\":\"de\"}]}<\/script>\n<!-- \/ Yoast SEO plugin. -->","yoast_head_json":{"title":"Schl\u00fcsseldienst Grindel - Schlossnotdienst in Hamburg","description":"Schl\u00fcsseldienst Schlossnotdienst Grindel Hamburg \u2013 seit 1968 zuverl\u00e4ssig, fachlich kompetent und preiswert.","robots":{"index":"index","follow":"follow","max-snippet":"max-snippet:-1","max-image-preview":"max-image-preview:large","max-video-preview":"max-video-preview:-1"},"canonical":"https:\/\/www.schlossnotdienst-hamburg.de\/schluesseldienst-grindel\/","og_locale":"de_DE","og_type":"article","og_title":"Schl\u00fcsseldienst Grindel - Schlossnotdienst in Hamburg","og_description":"Schl\u00fcsseldienst Schlossnotdienst Grindel Hamburg \u2013 seit 1968 zuverl\u00e4ssig, fachlich kompetent und preiswert.","og_url":"https:\/\/www.schlossnotdienst-hamburg.de\/schluesseldienst-grindel\/","og_site_name":"Schl\u00fcsseldienst Grindel","article_modified_time":"2023-06-26T08:28:21+00:00","og_image":[{"url":"https:\/\/www.schlossnotdienst-hamburg.de\/schluesseldienst-grindel\/wp-content\/uploads\/glasdienstGrindelHamburg.jpg","type":"","width":"","height":""}],"twitter_card":"summary_large_image","twitter_misc":{"Gesch\u00e4tzte Lesezeit":"6\u00a0Minuten"},"schema":{"@context":"https:\/\/schema.org","@graph":[{"@type":"WebPage","@id":"https:\/\/www.schlossnotdienst-hamburg.de\/schluesseldienst-grindel\/","url":"https:\/\/www.schlossnotdienst-hamburg.de\/schluesseldienst-grindel\/","name":"Schl\u00fcsseldienst Grindel - Schlossnotdienst in Hamburg","isPartOf":{"@id":"https:\/\/www.schlossnotdienst-hamburg.de\/schluesseldienst-grindel\/#website"},"primaryImageOfPage":{"@id":"https:\/\/www.schlossnotdienst-hamburg.de\/schluesseldienst-grindel\/#primaryimage"},"image":{"@id":"https:\/\/www.schlossnotdienst-hamburg.de\/schluesseldienst-grindel\/#primaryimage"},"thumbnailUrl":"https:\/\/www.schlossnotdienst-hamburg.de\/schluesseldienst-grindel\/wp-content\/uploads\/glasdienstGrindelHamburg.jpg","datePublished":"2023-05-31T06:44:02+00:00","dateModified":"2023-06-26T08:28:21+00:00","description":"Schl\u00fcsseldienst Schlossnotdienst Grindel Hamburg \u2013 seit 1968 zuverl\u00e4ssig, fachlich kompetent und preiswert.","breadcrumb":{"@id":"https:\/\/www.schlossnotdienst-hamburg.de\/schluesseldienst-grindel\/#breadcrumb"},"inLanguage":"de","potentialAction":[{"@type":"ReadAction","target":["https:\/\/www.schlossnotdienst-hamburg.de\/schluesseldienst-grindel\/"]}]},{"@type":"ImageObject","inLanguage":"de","@id":"https:\/\/www.schlossnotdienst-hamburg.de\/schluesseldienst-grindel\/#primaryimage","url":"https:\/\/www.schlossnotdienst-hamburg.de\/schluesseldienst-grindel\/wp-content\/uploads\/glasdienstGrindelHamburg.jpg","contentUrl":"https:\/\/www.schlossnotdienst-hamburg.de\/schluesseldienst-grindel\/wp-content\/uploads\/glasdienstGrindelHamburg.jpg","width":368,"height":250},{"@type":"BreadcrumbList","@id":"https:\/\/www.schlossnotdienst-hamburg.de\/schluesseldienst-grindel\/#breadcrumb","itemListElement":[{"@type":"ListItem","position":1,"name":"Startseite","item":"https:\/\/www.schlossnotdienst-hamburg.de\/schluesseldienst-grindel\/"},{"@type":"ListItem","position":2,"name":"Home"}]},{"@type":"WebSite","@id":"https:\/\/www.schlossnotdienst-hamburg.de\/schluesseldienst-grindel\/#website","url":"https:\/\/www.schlossnotdienst-hamburg.de\/schluesseldienst-grindel\/","name":"Schl\u00fcsseldienst Grindel","description":"","potentialAction":[{"@type":"SearchAction","target":{"@type":"EntryPoint","urlTemplate":"https:\/\/www.schlossnotdienst-hamburg.de\/schluesseldienst-grindel\/?s={search_term_string}"},"query-input":{"@type":"PropertyValueSpecification","valueRequired":true,"valueName":"search_term_string"}}],"inLanguage":"de"}]}},"_links":{"self":[{"href":"https:\/\/www.schlossnotdienst-hamburg.de\/schluesseldienst-grindel\/wp-json\/wp\/v2\/pages\/5","targetHints":{"allow":["GET"]}}],"collection":[{"href":"https:\/\/www.schlossnotdienst-hamburg.de\/schluesseldienst-grindel\/wp-json\/wp\/v2\/pages"}],"about":[{"href":"https:\/\/www.schlossnotdienst-hamburg.de\/schluesseldienst-grindel\/wp-json\/wp\/v2\/types\/page"}],"author":[{"embeddable":true,"href":"https:\/\/www.schlossnotdienst-hamburg.de\/schluesseldienst-grindel\/wp-json\/wp\/v2\/users\/1"}],"replies":[{"embeddable":true,"href":"https:\/\/www.schlossnotdienst-hamburg.de\/schluesseldienst-grindel\/wp-json\/wp\/v2\/comments?post=5"}],"version-history":[{"count":3,"href":"https:\/\/www.schlossnotdienst-hamburg.de\/schluesseldienst-grindel\/wp-json\/wp\/v2\/pages\/5\/revisions"}],"predecessor-version":[{"id":173,"href":"https:\/\/www.schlossnotdienst-hamburg.de\/schluesseldienst-grindel\/wp-json\/wp\/v2\/pages\/5\/revisions\/173"}],"wp:attachment":[{"href":"https:\/\/www.schlossnotdienst-hamburg.de\/schluesseldienst-grindel\/wp-json\/wp\/v2\/media?parent=5"}],"curies":[{"name":"wp","href":"https:\/\/api.w.org\/{rel}","templated":true}]}}