{"id":34,"date":"2023-06-14T11:01:56","date_gmt":"2023-06-14T09:01:56","guid":{"rendered":"https:\/\/www.schlossnotdienst-hamburg.de\/schluesseldienst-grindel\/?page_id=34"},"modified":"2023-06-14T11:19:31","modified_gmt":"2023-06-14T09:19:31","slug":"schluesseldienst-hamburg-harburg","status":"publish","type":"page","link":"https:\/\/www.schlossnotdienst-hamburg.de\/schluesseldienst-grindel\/schluesseldienst-hamburg-harburg\/","title":{"rendered":"Schl\u00fcsseldienst Hamburg Harburg"},"content":{"rendered":"<h1>Schl\u00fcsseldienst in Hamburg Harburg<\/h1>\n<h3>Schlossnotdienst und Schl\u00fcsseldienst in Hamburg-Harburg.<\/h3>\n<div class=\"csmm\">\n<div class=\"zweispalten\">Ist Ihr Schl\u00fcssel abgebrochen oder verloren gegangen?<br \/>\nDie Wohnungst\u00fcr ist zugefallen oder Ihr Schloss kaputt?<br \/>\nUnser Schl\u00fcsseldienst ist in nur wenigen Minuten bei Ihnen in Harburg!<br \/>\nRund um die Uhr sind wir f\u00fcr Sie im Gro\u00dfraum Hamburg da.<br \/>\nUnser Schl\u00fcsselnotdienst hilft Ihnen wenns mal kritisch wird und das zu absolut fairen Preisen.<\/p>\n<h2>T\u00e4glich 24h erreichbar!<\/h2>\n<p><strong>Wir lassen Sie nicht im Stich!<br \/>\nRufen Sie uns jetzt kostenfrei an:<br \/>\n<a href=\"tel:+4940447985\"><font size=\"+4\">040 &#8211; 44 79 85<\/font><\/a><\/strong> <\/p>\n<\/div>\n<div class=\"zweispaltenr\"><img decoding=\"async\" src=\"https:\/\/www.schlossnotdienst-hamburg.de\/schluesseldienst-grindel\/wp-content\/uploads\/glasdienstGrindelHamburg.jpg\" alt=\"Schl\u00fcsselnotdienst Harburg Hamburg\" \/><\/div>\n<\/div>\n<h3>Unser Schl\u00fcsselnotdienst f\u00fcr Hamburg-Harburg bietet Ihnen faire Preise.<\/h3>\n<p>Wir sind ein seri\u00f6ser und innovativer Schl\u00fcsseldienst.<br \/>\nEbenso bieten wir Ihnen einen <a href=\"\/24-std-notdienst\/\">24 Stunden-Service<\/a>, die Erstellung von Nachschl\u00fcssel und Entfernung abgebrochener Schl\u00fcssel.<br \/>\nWeiterhin sind wir f\u00fcr Gleichschliessungen, Garagentor\u00f6ffnungen und Briefkastenanlagen f\u00fcr Sie in Hamburg Ihr Ansprechpartner.<\/p>\n<div class=\"csmm\">\n<div class=\"zweispalten\">Unser Schl\u00fcsseldienst in Hamburg-Harburg \u00f6ffnet auch innerhalb eines Hauses gelegene T\u00fcren. Ebenfalls der Verlust eines Kellerschl\u00fcssels kommt h\u00e4ufig vor, aber auch Zimmerschl\u00fcssel k\u00f6nnen verloren gehen. Ferner \u00f6ffnen wir auch T\u00fcren von Wohnwagen, wenn der Eigent\u00fcmer seinen Schl\u00fcssel verloren hat.<\/p>\n<p><img decoding=\"async\" src=\"https:\/\/www.schlossnotdienst-hamburg.de\/schluesseldienst-grindel\/wp-content\/uploads\/Beschlagsysteme.jpg\" alt=\"Schl\u00fcsseldienst Grindel Hamburg\" \/>\n<\/div>\n<div class=\"zweispaltenr\">Au\u00dfer bei verlorenen Schl\u00fcsseln oder zugefallenen T\u00fcren, hilft der Schl\u00fcsselnotdienst Hamburg auch, wenn ein Schl\u00fcssel im Schloss abbricht. Dar\u00fcber hinaus besteht die Leistung nicht nur aus dem \u00d6ffnen von T\u00fcren. In Hamburg und Umgebung, sondern entfernt der Schl\u00fcsseldienstmitarbeiter auf Wunsch des Kunden den abgebrochenen Schl\u00fcssel aus dem Schloss. Auch die Anfertigung von Ersatzschl\u00fcsseln geh\u00f6rt zu den Aufgaben unseres Schl\u00fcsseldienstes. Nebenbei k\u00f6nnen Ersatzschl\u00fcssel in vielen F\u00e4llen in Hamburg direkt vor Ort erfolgen.<\/p>\n<h3>Zu unseren weiteren Dienstleistungen z\u00e4hlt der Glasnotdienst!<\/h3>\n<p>Unser Glasnotdienst in Hamburg steht Ihnen rund um das Thema Glas mit Rat und Tat zur Seite. Wir bieten Ihnen jahrelange Erfahrung als Glasnotdienst in Hamburg und Umgebung. Auch bei individuellen W\u00fcnschen und Glaskonzepten sind wir Ihnen gerne behilflich. Rufen Sie uns einfach unter folgender Telefonnummer an: 040 \u2013 44 79 85<\/p>\n<p>Sie m\u00f6chten mehr erfahren? Dann besuchen Sie doch unsere <a href=\"https:\/\/www.schlossnotdienst-hamburg.de\/glasdienst-grindel\/\">Glasnotdienst-Webseite www.glasdienst-grindel.de<\/a>.\n<\/div>\n<\/div>\n","protected":false},"excerpt":{"rendered":"<p>Schl\u00fcsseldienst in Hamburg Harburg Schlossnotdienst und Schl\u00fcsseldienst in Hamburg-Harburg. Ist Ihr Schl\u00fcssel abgebrochen oder verloren gegangen? Die Wohnungst\u00fcr ist zugefallen oder Ihr Schloss kaputt? Unser Schl\u00fcsseldienst ist in nur wenigen Minuten bei Ihnen in Harburg! Rund um die Uhr sind wir f\u00fcr Sie im Gro\u00dfraum Hamburg da. Unser Schl\u00fcsselnotdienst hilft Ihnen wenns mal kritisch wird &hellip; <a href=\"https:\/\/www.schlossnotdienst-hamburg.de\/schluesseldienst-grindel\/schluesseldienst-hamburg-harburg\/\" class=\"more-link\"><span class=\"screen-reader-text\">\u201eSchl\u00fcsseldienst Hamburg Harburg\u201c<\/span> weiterlesen<\/a><\/p>\n","protected":false},"author":1,"featured_media":0,"parent":0,"menu_order":33,"comment_status":"closed","ping_status":"closed","template":"","meta":{"footnotes":""},"class_list":["post-34","page","type-page","status-publish","hentry"],"yoast_head":"<!-- This site is optimized with the Yoast SEO plugin v25.5 - https:\/\/yoast.com\/wordpress\/plugins\/seo\/ -->\n<title>Schl\u00fcsseldienst Harburg \u2705 Schl\u00fcsselnotdienst Hamburg-Harburg<\/title>\n<meta name=\"description\" content=\"Schl\u00fcsselnotdienst Grindel f\u00fcr Hamburg Harburg \u2705 faire Preise \u2705 Schl\u00fcsseldienst in Harburg \u2705 Tel. 040 \/ 44 79 85 - 24h\" \/>\n<meta name=\"robots\" content=\"index, follow, max-snippet:-1, max-image-preview:large, max-video-preview:-1\" \/>\n<link rel=\"canonical\" href=\"https:\/\/www.schlossnotdienst-hamburg.de\/schluesseldienst-grindel\/schluesseldienst-hamburg-harburg\/\" \/>\n<meta property=\"og:locale\" content=\"de_DE\" \/>\n<meta property=\"og:type\" content=\"article\" \/>\n<meta property=\"og:title\" content=\"Schl\u00fcsseldienst Harburg \u2705 Schl\u00fcsselnotdienst Hamburg-Harburg\" \/>\n<meta property=\"og:description\" content=\"Schl\u00fcsselnotdienst Grindel f\u00fcr Hamburg Harburg \u2705 faire Preise \u2705 Schl\u00fcsseldienst in Harburg \u2705 Tel. 040 \/ 44 79 85 - 24h\" \/>\n<meta property=\"og:url\" content=\"https:\/\/www.schlossnotdienst-hamburg.de\/schluesseldienst-grindel\/schluesseldienst-hamburg-harburg\/\" \/>\n<meta property=\"og:site_name\" content=\"Schl\u00fcsseldienst Grindel\" \/>\n<meta property=\"article:modified_time\" content=\"2023-06-14T09:19:31+00:00\" \/>\n<meta property=\"og:image\" content=\"https:\/\/www.schlossnotdienst-hamburg.de\/schluesseldienst-grindel\/wp-content\/uploads\/glasdienstGrindelHamburg.jpg\" \/>\n<meta name=\"twitter:card\" content=\"summary_large_image\" \/>\n<script type=\"application\/ld+json\" class=\"yoast-schema-graph\">{\"@context\":\"https:\/\/schema.org\",\"@graph\":[{\"@type\":\"WebPage\",\"@id\":\"https:\/\/www.schlossnotdienst-hamburg.de\/schluesseldienst-grindel\/schluesseldienst-hamburg-harburg\/\",\"url\":\"https:\/\/www.schlossnotdienst-hamburg.de\/schluesseldienst-grindel\/schluesseldienst-hamburg-harburg\/\",\"name\":\"Schl\u00fcsseldienst Harburg \u2705 Schl\u00fcsselnotdienst Hamburg-Harburg\",\"isPartOf\":{\"@id\":\"https:\/\/www.schlossnotdienst-hamburg.de\/schluesseldienst-grindel\/#website\"},\"primaryImageOfPage\":{\"@id\":\"https:\/\/www.schlossnotdienst-hamburg.de\/schluesseldienst-grindel\/schluesseldienst-hamburg-harburg\/#primaryimage\"},\"image\":{\"@id\":\"https:\/\/www.schlossnotdienst-hamburg.de\/schluesseldienst-grindel\/schluesseldienst-hamburg-harburg\/#primaryimage\"},\"thumbnailUrl\":\"https:\/\/www.schlossnotdienst-hamburg.de\/schluesseldienst-grindel\/wp-content\/uploads\/glasdienstGrindelHamburg.jpg\",\"datePublished\":\"2023-06-14T09:01:56+00:00\",\"dateModified\":\"2023-06-14T09:19:31+00:00\",\"description\":\"Schl\u00fcsselnotdienst Grindel f\u00fcr Hamburg Harburg \u2705 faire Preise \u2705 Schl\u00fcsseldienst in Harburg \u2705 Tel. 040 \/ 44 79 85 - 24h\",\"breadcrumb\":{\"@id\":\"https:\/\/www.schlossnotdienst-hamburg.de\/schluesseldienst-grindel\/schluesseldienst-hamburg-harburg\/#breadcrumb\"},\"inLanguage\":\"de\",\"potentialAction\":[{\"@type\":\"ReadAction\",\"target\":[\"https:\/\/www.schlossnotdienst-hamburg.de\/schluesseldienst-grindel\/schluesseldienst-hamburg-harburg\/\"]}]},{\"@type\":\"ImageObject\",\"inLanguage\":\"de\",\"@id\":\"https:\/\/www.schlossnotdienst-hamburg.de\/schluesseldienst-grindel\/schluesseldienst-hamburg-harburg\/#primaryimage\",\"url\":\"https:\/\/www.schlossnotdienst-hamburg.de\/schluesseldienst-grindel\/wp-content\/uploads\/glasdienstGrindelHamburg.jpg\",\"contentUrl\":\"https:\/\/www.schlossnotdienst-hamburg.de\/schluesseldienst-grindel\/wp-content\/uploads\/glasdienstGrindelHamburg.jpg\",\"width\":368,\"height\":250},{\"@type\":\"BreadcrumbList\",\"@id\":\"https:\/\/www.schlossnotdienst-hamburg.de\/schluesseldienst-grindel\/schluesseldienst-hamburg-harburg\/#breadcrumb\",\"itemListElement\":[{\"@type\":\"ListItem\",\"position\":1,\"name\":\"Startseite\",\"item\":\"https:\/\/www.schlossnotdienst-hamburg.de\/schluesseldienst-grindel\/\"},{\"@type\":\"ListItem\",\"position\":2,\"name\":\"Schl\u00fcsseldienst Hamburg Harburg\"}]},{\"@type\":\"WebSite\",\"@id\":\"https:\/\/www.schlossnotdienst-hamburg.de\/schluesseldienst-grindel\/#website\",\"url\":\"https:\/\/www.schlossnotdienst-hamburg.de\/schluesseldienst-grindel\/\",\"name\":\"Schl\u00fcsseldienst Grindel\",\"description\":\"\",\"potentialAction\":[{\"@type\":\"SearchAction\",\"target\":{\"@type\":\"EntryPoint\",\"urlTemplate\":\"https:\/\/www.schlossnotdienst-hamburg.de\/schluesseldienst-grindel\/?s={search_term_string}\"},\"query-input\":{\"@type\":\"PropertyValueSpecification\",\"valueRequired\":true,\"valueName\":\"search_term_string\"}}],\"inLanguage\":\"de\"}]}<\/script>\n<!-- \/ Yoast SEO plugin. -->","yoast_head_json":{"title":"Schl\u00fcsseldienst Harburg \u2705 Schl\u00fcsselnotdienst Hamburg-Harburg","description":"Schl\u00fcsselnotdienst Grindel f\u00fcr Hamburg Harburg \u2705 faire Preise \u2705 Schl\u00fcsseldienst in Harburg \u2705 Tel. 040 \/ 44 79 85 - 24h","robots":{"index":"index","follow":"follow","max-snippet":"max-snippet:-1","max-image-preview":"max-image-preview:large","max-video-preview":"max-video-preview:-1"},"canonical":"https:\/\/www.schlossnotdienst-hamburg.de\/schluesseldienst-grindel\/schluesseldienst-hamburg-harburg\/","og_locale":"de_DE","og_type":"article","og_title":"Schl\u00fcsseldienst Harburg \u2705 Schl\u00fcsselnotdienst Hamburg-Harburg","og_description":"Schl\u00fcsselnotdienst Grindel f\u00fcr Hamburg Harburg \u2705 faire Preise \u2705 Schl\u00fcsseldienst in Harburg \u2705 Tel. 040 \/ 44 79 85 - 24h","og_url":"https:\/\/www.schlossnotdienst-hamburg.de\/schluesseldienst-grindel\/schluesseldienst-hamburg-harburg\/","og_site_name":"Schl\u00fcsseldienst Grindel","article_modified_time":"2023-06-14T09:19:31+00:00","og_image":[{"url":"https:\/\/www.schlossnotdienst-hamburg.de\/schluesseldienst-grindel\/wp-content\/uploads\/glasdienstGrindelHamburg.jpg","type":"","width":"","height":""}],"twitter_card":"summary_large_image","schema":{"@context":"https:\/\/schema.org","@graph":[{"@type":"WebPage","@id":"https:\/\/www.schlossnotdienst-hamburg.de\/schluesseldienst-grindel\/schluesseldienst-hamburg-harburg\/","url":"https:\/\/www.schlossnotdienst-hamburg.de\/schluesseldienst-grindel\/schluesseldienst-hamburg-harburg\/","name":"Schl\u00fcsseldienst Harburg \u2705 Schl\u00fcsselnotdienst Hamburg-Harburg","isPartOf":{"@id":"https:\/\/www.schlossnotdienst-hamburg.de\/schluesseldienst-grindel\/#website"},"primaryImageOfPage":{"@id":"https:\/\/www.schlossnotdienst-hamburg.de\/schluesseldienst-grindel\/schluesseldienst-hamburg-harburg\/#primaryimage"},"image":{"@id":"https:\/\/www.schlossnotdienst-hamburg.de\/schluesseldienst-grindel\/schluesseldienst-hamburg-harburg\/#primaryimage"},"thumbnailUrl":"https:\/\/www.schlossnotdienst-hamburg.de\/schluesseldienst-grindel\/wp-content\/uploads\/glasdienstGrindelHamburg.jpg","datePublished":"2023-06-14T09:01:56+00:00","dateModified":"2023-06-14T09:19:31+00:00","description":"Schl\u00fcsselnotdienst Grindel f\u00fcr Hamburg Harburg \u2705 faire Preise \u2705 Schl\u00fcsseldienst in Harburg \u2705 Tel. 040 \/ 44 79 85 - 24h","breadcrumb":{"@id":"https:\/\/www.schlossnotdienst-hamburg.de\/schluesseldienst-grindel\/schluesseldienst-hamburg-harburg\/#breadcrumb"},"inLanguage":"de","potentialAction":[{"@type":"ReadAction","target":["https:\/\/www.schlossnotdienst-hamburg.de\/schluesseldienst-grindel\/schluesseldienst-hamburg-harburg\/"]}]},{"@type":"ImageObject","inLanguage":"de","@id":"https:\/\/www.schlossnotdienst-hamburg.de\/schluesseldienst-grindel\/schluesseldienst-hamburg-harburg\/#primaryimage","url":"https:\/\/www.schlossnotdienst-hamburg.de\/schluesseldienst-grindel\/wp-content\/uploads\/glasdienstGrindelHamburg.jpg","contentUrl":"https:\/\/www.schlossnotdienst-hamburg.de\/schluesseldienst-grindel\/wp-content\/uploads\/glasdienstGrindelHamburg.jpg","width":368,"height":250},{"@type":"BreadcrumbList","@id":"https:\/\/www.schlossnotdienst-hamburg.de\/schluesseldienst-grindel\/schluesseldienst-hamburg-harburg\/#breadcrumb","itemListElement":[{"@type":"ListItem","position":1,"name":"Startseite","item":"https:\/\/www.schlossnotdienst-hamburg.de\/schluesseldienst-grindel\/"},{"@type":"ListItem","position":2,"name":"Schl\u00fcsseldienst Hamburg Harburg"}]},{"@type":"WebSite","@id":"https:\/\/www.schlossnotdienst-hamburg.de\/schluesseldienst-grindel\/#website","url":"https:\/\/www.schlossnotdienst-hamburg.de\/schluesseldienst-grindel\/","name":"Schl\u00fcsseldienst Grindel","description":"","potentialAction":[{"@type":"SearchAction","target":{"@type":"EntryPoint","urlTemplate":"https:\/\/www.schlossnotdienst-hamburg.de\/schluesseldienst-grindel\/?s={search_term_string}"},"query-input":{"@type":"PropertyValueSpecification","valueRequired":true,"valueName":"search_term_string"}}],"inLanguage":"de"}]}},"_links":{"self":[{"href":"https:\/\/www.schlossnotdienst-hamburg.de\/schluesseldienst-grindel\/wp-json\/wp\/v2\/pages\/34","targetHints":{"allow":["GET"]}}],"collection":[{"href":"https:\/\/www.schlossnotdienst-hamburg.de\/schluesseldienst-grindel\/wp-json\/wp\/v2\/pages"}],"about":[{"href":"https:\/\/www.schlossnotdienst-hamburg.de\/schluesseldienst-grindel\/wp-json\/wp\/v2\/types\/page"}],"author":[{"embeddable":true,"href":"https:\/\/www.schlossnotdienst-hamburg.de\/schluesseldienst-grindel\/wp-json\/wp\/v2\/users\/1"}],"replies":[{"embeddable":true,"href":"https:\/\/www.schlossnotdienst-hamburg.de\/schluesseldienst-grindel\/wp-json\/wp\/v2\/comments?post=34"}],"version-history":[{"count":2,"href":"https:\/\/www.schlossnotdienst-hamburg.de\/schluesseldienst-grindel\/wp-json\/wp\/v2\/pages\/34\/revisions"}],"predecessor-version":[{"id":36,"href":"https:\/\/www.schlossnotdienst-hamburg.de\/schluesseldienst-grindel\/wp-json\/wp\/v2\/pages\/34\/revisions\/36"}],"wp:attachment":[{"href":"https:\/\/www.schlossnotdienst-hamburg.de\/schluesseldienst-grindel\/wp-json\/wp\/v2\/media?parent=34"}],"curies":[{"name":"wp","href":"https:\/\/api.w.org\/{rel}","templated":true}]}}