{"id":174,"date":"2023-06-26T10:29:53","date_gmt":"2023-06-26T08:29:53","guid":{"rendered":"https:\/\/www.schlossnotdienst-hamburg.de\/schluesseldienst-grindel\/?page_id=174"},"modified":"2023-06-26T10:36:08","modified_gmt":"2023-06-26T08:36:08","slug":"tuersicherungen","status":"publish","type":"page","link":"https:\/\/www.schlossnotdienst-hamburg.de\/schluesseldienst-grindel\/tuersicherungen\/","title":{"rendered":"T\u00fcrsicherungen"},"content":{"rendered":"<h1>T\u00fcrsicherungen<\/h1>\n<p>Basisausstattung jeder Eingangst\u00fcr sind gepr\u00fcfte Sicherheitsschlie\u00dfbleche mit Mauerankern, stabile Einsteckschl\u00f6sser, Schutzbeschl\u00e4ge mit Ziehschutz, sowie T\u00fcrzylinder mit Sicherungskarte. Der mechanische Grundschutz wird durch die fachgerechte Montage von Panzerriegelschl\u00f6ssern, oder alternativ T\u00fcrzusatzschl\u00f6ssern und Scharnierseiten-Sicherungen erreicht. Voraussetzung ist eine ausreichende Stabilit\u00e4t der T\u00fcrkonstruktion. (Quelle: abus.de)<\/p>\n<p>Hier finden Sie eine Auswahl an T\u00fcrsicherungen:<\/p>\n<h2>Produkte<\/h2>\n<div class=\"csmm\">\n<div class=\"dreispalten\">\n<img decoding=\"async\" src=\"https:\/\/www.schlossnotdienst-hamburg.de\/schluesseldienst-grindel\/wp-content\/uploads\/13table33.jpg\" alt=\"Panzerriegel\"><br \/>\nPanzerriegel<\/div>\n<div class=\"dreispaltenr\">\n<img decoding=\"async\" src=\"https:\/\/www.schlossnotdienst-hamburg.de\/schluesseldienst-grindel\/wp-content\/uploads\/14table33.jpg\" alt=\"T\u00fcr-Zusatzschl\u00f6sser\"><br \/>\nT\u00fcr-Zusatzschl\u00f6sser<\/div>\n<div class=\"dreispaltenr\">\n<img decoding=\"async\" src=\"https:\/\/www.schlossnotdienst-hamburg.de\/schluesseldienst-grindel\/wp-content\/uploads\/15table34.jpg\" alt=\"Scharnierseitensicherungen\"><br \/>\nScharnierseitensicherungen<\/div>\n<\/div>\n<div class=\"csmm\">\n<div class=\"dreispalten\">\n<img decoding=\"async\" src=\"https:\/\/www.schlossnotdienst-hamburg.de\/schluesseldienst-grindel\/wp-content\/uploads\/16table33.jpg\" alt=\"Sicherheitsketten\"><br \/>\nSicherheitsketten<\/div>\n<div class=\"dreispaltenr\">\n<img decoding=\"async\" src=\"https:\/\/www.schlossnotdienst-hamburg.de\/schluesseldienst-grindel\/wp-content\/uploads\/17table33.jpg\" alt=\"T\u00fcrzylinder\"><br \/>\nT\u00fcrzylinder<\/div>\n<div class=\"dreispaltenr\">\n<img decoding=\"async\" src=\"https:\/\/www.schlossnotdienst-hamburg.de\/schluesseldienst-grindel\/wp-content\/uploads\/18table34.jpg\" alt=\"Schutzbeschl\u00e4ge\"><br \/>\nSchutzbeschl\u00e4ge<\/div>\n<\/div>\n<div class=\"csmm\">\n<div class=\"dreispalten\">\n<img decoding=\"async\" src=\"https:\/\/www.schlossnotdienst-hamburg.de\/schluesseldienst-grindel\/wp-content\/uploads\/19table33.jpg\" alt=\"Schutzrosetten\"><br \/>\nSchutzrosetten<\/div>\n<div class=\"dreispaltenr\">\n<img decoding=\"async\" src=\"https:\/\/www.schlossnotdienst-hamburg.de\/schluesseldienst-grindel\/wp-content\/uploads\/20table33.jpg\" alt=\"Einsteckschl\u00f6sser\"><br \/>\nEinsteckschl\u00f6sser<\/div>\n<div class=\"dreispaltenr\">\n<img decoding=\"async\" src=\"https:\/\/www.schlossnotdienst-hamburg.de\/schluesseldienst-grindel\/wp-content\/uploads\/21table34.jpg\" alt=\"T\u00fcrschlie\u00dfer\"><br \/>\nT\u00fcrschlie\u00dfer<\/div>\n<\/div>\n<div class=\"clear\"> <\/div>\n<p>Einbrecher bringen diverse m\u00f6glichen Werkzeuge mit, um sich Zutritt zu Ihrem Wohnhaus oder Ihrer Wohnung zu verschaffen. Was sie nicht mitbringen ist Zeit.<br \/>\nDenn je mehr Zeit verstreicht, desto h\u00f6her ist das Risiko entdeckt zu werden. Deshalb nehmen sich Einbrecher meistens nicht mehr als f\u00fcnf Minuten Zeit.<br \/>\nDanach geben sie meistens ihr Vorhaben auf. Sorgen Sie daf\u00fcr, dass ein Einbruchversuch bei Ihnen m\u00f6glichst viel Zeit in Anspruch nimmt. <\/p>\n<p>Dabei gilt: das schw\u00e4chste Glied in der Kette ist entscheidend. Selbst der beste Schlie\u00dfzylinder ist ohne einen hervorragenden Sicherheitsschutzbeschlag nicht viel wert.<br \/>\nDer Sicherheitsbeschlag n\u00fctzt Ihnen nichts, wenn ein mangelhaftes Sicherheits-Schliessblech das Aufhebeln Ihrer T\u00fcr zum Kinderspiel macht. <\/p>\n<h2>Das Verriegelungssystem<\/h2>\n<p>Wenn ein Einsteckschloss nur einem Riegel eingebaut ist, stellt sich die Frage nach einem Zusatzschloss oder Panzerriegel. Die Erfahrung hat gezeigt, dass ein einziger Verriegelungspunkt nicht ausreicht, Angriffen von Hebelwerkzeugen stand zu halten.<br \/>\nFerner sollte das Schloss und der Profilzylinder von einem von innen verschraubten Schutzbeschlag gegen weitere Einbruchsmethoden gesichert sein.<\/p>\n<p>Moderne Hauseingangst\u00fcren mit Mehrfach-Verriegelungssystemen sind gegen Aufbruch durch Aufhebeln meist recht gut gesch\u00fctzt. Hier sollte man sich die Beschl\u00e4ge und den Schliesszylinder genauer ansehen und sicherstellen, dass die Bauteile der gleichen Widerstandsklasse angeh\u00f6ren, wie die T\u00fcr selbst.<\/p>\n<h2>Das Schliessblech<\/h2>\n<p>Das Gegenst\u00fcck vom Schloss sitzt im T\u00fcrrahmen und nimmt beim schliessen die Falle und den Riegel auf. Hier handelt es sich um einen der h\u00e4ufigsten, bei der Absicherung oft vernachl\u00e4ssigten Schwachpunkte einer T\u00fcr.<br \/>\nSowohl Falzt\u00fcren als auch Stumpft\u00fcren lassen sich mit einer Zarge aus Holz meist durch ein Winkelschlie\u00dfblech bzw. Flachschlie\u00dfblech mit Mauerverankerung nachr\u00fcsten.<br \/>\nBei Wohnungseingangst\u00fcren mit Stahlzarge ist das Schliessblech meist in dieselbe integriert und selten stabil genug, einem kr\u00e4ftigen Fu\u00dftritt standzuhalten.<\/p>\n<p>Sehen Sie sich doch mal unsere Einbauarten auf der <a href=\"https:\/\/www.schlossnotdienst-hamburg.de\/schluesseldienst-grindel\/news\/\">Schl\u00fcsseldienst-News<\/a>-Seite an!<\/p>\n<p><strong>Wurde Ihre T\u00fcr aufgebrochen? Oder einfach versucht die T\u00fcr gewaltsam zu \u00f6ffen? Wir reparieren den Schaden professionell!<\/strong><br \/>\n<img decoding=\"async\" src=\"https:\/\/www.schlossnotdienst-hamburg.de\/schluesseldienst-grindel\/wp-content\/uploads\/vorhernachher2.jpg\" alt=\"T\u00fcrreparaturen nach Einbruch\" \/><\/p>\n<h2>Und wenn Sie einen Glasschaden haben:<\/h2>\n<p>Unser Glasdienst in Hamburg steht Ihnen auch mit Rat und Tat zur Seite. Wir haben jahrelange Erfahrung als Glasnotdienst in Hamburg und Umgebung. Rufen Sie uns einfach unter folgender Telefonnummer an:<br \/>\n<a href=\"tel:+4940447985\"><font size=\"+4\">040 &#8211; 44 79 85<\/font><\/a><\/strong><br \/>\n&#8230;. unter dieser Nummer erreichen Sie uns Tag &#038; Nacht.<\/p>\n<p>Sie m\u00f6chten mehr erfahren? Besuchen Sie doch unter: <a href=\"https:\/\/www.schlossnotdienst-hamburg.de\/glasdienst-grindel\/\" title=\"Glasnotdienst Hamburg\">www.glasdienst-grindel.de<\/a>.<\/p>\n","protected":false},"excerpt":{"rendered":"<p>T\u00fcrsicherungen Basisausstattung jeder Eingangst\u00fcr sind gepr\u00fcfte Sicherheitsschlie\u00dfbleche mit Mauerankern, stabile Einsteckschl\u00f6sser, Schutzbeschl\u00e4ge mit Ziehschutz, sowie T\u00fcrzylinder mit Sicherungskarte. Der mechanische Grundschutz wird durch die fachgerechte Montage von Panzerriegelschl\u00f6ssern, oder alternativ T\u00fcrzusatzschl\u00f6ssern und Scharnierseiten-Sicherungen erreicht. Voraussetzung ist eine ausreichende Stabilit\u00e4t der T\u00fcrkonstruktion. (Quelle: abus.de) Hier finden Sie eine Auswahl an T\u00fcrsicherungen: Produkte Panzerriegel T\u00fcr-Zusatzschl\u00f6sser Scharnierseitensicherungen Sicherheitsketten &hellip; <a href=\"https:\/\/www.schlossnotdienst-hamburg.de\/schluesseldienst-grindel\/tuersicherungen\/\" class=\"more-link\"><span class=\"screen-reader-text\">\u201eT\u00fcrsicherungen\u201c<\/span> weiterlesen<\/a><\/p>\n","protected":false},"author":1,"featured_media":0,"parent":0,"menu_order":40,"comment_status":"closed","ping_status":"closed","template":"","meta":{"footnotes":""},"class_list":["post-174","page","type-page","status-publish","hentry"],"yoast_head":"<!-- This site is optimized with the Yoast SEO plugin v25.5 - https:\/\/yoast.com\/wordpress\/plugins\/seo\/ -->\n<title>T\u00fcrsicherungen Einbruchschutz Hamburg \u2705 24h: 040-447985<\/title>\n<meta name=\"description\" content=\"T\u00fcrsicherungen und Einbruchschutz in Hamburg \u2705 24h-Notdienst: 040-447985 \u2705 Beste Qualit\u00e4t f\u00fcr Ihre Sicherheit! Schl\u00fcsseldienst Grindel.\" \/>\n<meta name=\"robots\" content=\"index, follow, max-snippet:-1, max-image-preview:large, max-video-preview:-1\" \/>\n<link rel=\"canonical\" href=\"https:\/\/www.schlossnotdienst-hamburg.de\/schluesseldienst-grindel\/tuersicherungen\/\" \/>\n<meta property=\"og:locale\" content=\"de_DE\" \/>\n<meta property=\"og:type\" content=\"article\" \/>\n<meta property=\"og:title\" content=\"T\u00fcrsicherungen Einbruchschutz Hamburg \u2705 24h: 040-447985\" \/>\n<meta property=\"og:description\" content=\"T\u00fcrsicherungen und Einbruchschutz in Hamburg \u2705 24h-Notdienst: 040-447985 \u2705 Beste Qualit\u00e4t f\u00fcr Ihre Sicherheit! Schl\u00fcsseldienst Grindel.\" \/>\n<meta property=\"og:url\" content=\"https:\/\/www.schlossnotdienst-hamburg.de\/schluesseldienst-grindel\/tuersicherungen\/\" \/>\n<meta property=\"og:site_name\" content=\"Schl\u00fcsseldienst Grindel\" \/>\n<meta property=\"article:modified_time\" content=\"2023-06-26T08:36:08+00:00\" \/>\n<meta property=\"og:image\" content=\"https:\/\/www.schlossnotdienst-hamburg.de\/schluesseldienst-grindel\/wp-content\/uploads\/13table33.jpg\" \/>\n<meta name=\"twitter:card\" content=\"summary_large_image\" \/>\n<meta name=\"twitter:label1\" content=\"Gesch\u00e4tzte Lesezeit\" \/>\n\t<meta name=\"twitter:data1\" content=\"5\u00a0Minuten\" \/>\n<script type=\"application\/ld+json\" class=\"yoast-schema-graph\">{\"@context\":\"https:\/\/schema.org\",\"@graph\":[{\"@type\":\"WebPage\",\"@id\":\"https:\/\/www.schlossnotdienst-hamburg.de\/schluesseldienst-grindel\/tuersicherungen\/\",\"url\":\"https:\/\/www.schlossnotdienst-hamburg.de\/schluesseldienst-grindel\/tuersicherungen\/\",\"name\":\"T\u00fcrsicherungen Einbruchschutz Hamburg \u2705 24h: 040-447985\",\"isPartOf\":{\"@id\":\"https:\/\/www.schlossnotdienst-hamburg.de\/schluesseldienst-grindel\/#website\"},\"primaryImageOfPage\":{\"@id\":\"https:\/\/www.schlossnotdienst-hamburg.de\/schluesseldienst-grindel\/tuersicherungen\/#primaryimage\"},\"image\":{\"@id\":\"https:\/\/www.schlossnotdienst-hamburg.de\/schluesseldienst-grindel\/tuersicherungen\/#primaryimage\"},\"thumbnailUrl\":\"https:\/\/www.schlossnotdienst-hamburg.de\/schluesseldienst-grindel\/wp-content\/uploads\/13table33.jpg\",\"datePublished\":\"2023-06-26T08:29:53+00:00\",\"dateModified\":\"2023-06-26T08:36:08+00:00\",\"description\":\"T\u00fcrsicherungen und Einbruchschutz in Hamburg \u2705 24h-Notdienst: 040-447985 \u2705 Beste Qualit\u00e4t f\u00fcr Ihre Sicherheit! Schl\u00fcsseldienst Grindel.\",\"breadcrumb\":{\"@id\":\"https:\/\/www.schlossnotdienst-hamburg.de\/schluesseldienst-grindel\/tuersicherungen\/#breadcrumb\"},\"inLanguage\":\"de\",\"potentialAction\":[{\"@type\":\"ReadAction\",\"target\":[\"https:\/\/www.schlossnotdienst-hamburg.de\/schluesseldienst-grindel\/tuersicherungen\/\"]}]},{\"@type\":\"ImageObject\",\"inLanguage\":\"de\",\"@id\":\"https:\/\/www.schlossnotdienst-hamburg.de\/schluesseldienst-grindel\/tuersicherungen\/#primaryimage\",\"url\":\"https:\/\/www.schlossnotdienst-hamburg.de\/schluesseldienst-grindel\/wp-content\/uploads\/13table33.jpg\",\"contentUrl\":\"https:\/\/www.schlossnotdienst-hamburg.de\/schluesseldienst-grindel\/wp-content\/uploads\/13table33.jpg\"},{\"@type\":\"BreadcrumbList\",\"@id\":\"https:\/\/www.schlossnotdienst-hamburg.de\/schluesseldienst-grindel\/tuersicherungen\/#breadcrumb\",\"itemListElement\":[{\"@type\":\"ListItem\",\"position\":1,\"name\":\"Startseite\",\"item\":\"https:\/\/www.schlossnotdienst-hamburg.de\/schluesseldienst-grindel\/\"},{\"@type\":\"ListItem\",\"position\":2,\"name\":\"T\u00fcrsicherungen\"}]},{\"@type\":\"WebSite\",\"@id\":\"https:\/\/www.schlossnotdienst-hamburg.de\/schluesseldienst-grindel\/#website\",\"url\":\"https:\/\/www.schlossnotdienst-hamburg.de\/schluesseldienst-grindel\/\",\"name\":\"Schl\u00fcsseldienst Grindel\",\"description\":\"\",\"potentialAction\":[{\"@type\":\"SearchAction\",\"target\":{\"@type\":\"EntryPoint\",\"urlTemplate\":\"https:\/\/www.schlossnotdienst-hamburg.de\/schluesseldienst-grindel\/?s={search_term_string}\"},\"query-input\":{\"@type\":\"PropertyValueSpecification\",\"valueRequired\":true,\"valueName\":\"search_term_string\"}}],\"inLanguage\":\"de\"}]}<\/script>\n<!-- \/ Yoast SEO plugin. -->","yoast_head_json":{"title":"T\u00fcrsicherungen Einbruchschutz Hamburg \u2705 24h: 040-447985","description":"T\u00fcrsicherungen und Einbruchschutz in Hamburg \u2705 24h-Notdienst: 040-447985 \u2705 Beste Qualit\u00e4t f\u00fcr Ihre Sicherheit! Schl\u00fcsseldienst Grindel.","robots":{"index":"index","follow":"follow","max-snippet":"max-snippet:-1","max-image-preview":"max-image-preview:large","max-video-preview":"max-video-preview:-1"},"canonical":"https:\/\/www.schlossnotdienst-hamburg.de\/schluesseldienst-grindel\/tuersicherungen\/","og_locale":"de_DE","og_type":"article","og_title":"T\u00fcrsicherungen Einbruchschutz Hamburg \u2705 24h: 040-447985","og_description":"T\u00fcrsicherungen und Einbruchschutz in Hamburg \u2705 24h-Notdienst: 040-447985 \u2705 Beste Qualit\u00e4t f\u00fcr Ihre Sicherheit! Schl\u00fcsseldienst Grindel.","og_url":"https:\/\/www.schlossnotdienst-hamburg.de\/schluesseldienst-grindel\/tuersicherungen\/","og_site_name":"Schl\u00fcsseldienst Grindel","article_modified_time":"2023-06-26T08:36:08+00:00","og_image":[{"url":"https:\/\/www.schlossnotdienst-hamburg.de\/schluesseldienst-grindel\/wp-content\/uploads\/13table33.jpg","type":"","width":"","height":""}],"twitter_card":"summary_large_image","twitter_misc":{"Gesch\u00e4tzte Lesezeit":"5\u00a0Minuten"},"schema":{"@context":"https:\/\/schema.org","@graph":[{"@type":"WebPage","@id":"https:\/\/www.schlossnotdienst-hamburg.de\/schluesseldienst-grindel\/tuersicherungen\/","url":"https:\/\/www.schlossnotdienst-hamburg.de\/schluesseldienst-grindel\/tuersicherungen\/","name":"T\u00fcrsicherungen Einbruchschutz Hamburg \u2705 24h: 040-447985","isPartOf":{"@id":"https:\/\/www.schlossnotdienst-hamburg.de\/schluesseldienst-grindel\/#website"},"primaryImageOfPage":{"@id":"https:\/\/www.schlossnotdienst-hamburg.de\/schluesseldienst-grindel\/tuersicherungen\/#primaryimage"},"image":{"@id":"https:\/\/www.schlossnotdienst-hamburg.de\/schluesseldienst-grindel\/tuersicherungen\/#primaryimage"},"thumbnailUrl":"https:\/\/www.schlossnotdienst-hamburg.de\/schluesseldienst-grindel\/wp-content\/uploads\/13table33.jpg","datePublished":"2023-06-26T08:29:53+00:00","dateModified":"2023-06-26T08:36:08+00:00","description":"T\u00fcrsicherungen und Einbruchschutz in Hamburg \u2705 24h-Notdienst: 040-447985 \u2705 Beste Qualit\u00e4t f\u00fcr Ihre Sicherheit! Schl\u00fcsseldienst Grindel.","breadcrumb":{"@id":"https:\/\/www.schlossnotdienst-hamburg.de\/schluesseldienst-grindel\/tuersicherungen\/#breadcrumb"},"inLanguage":"de","potentialAction":[{"@type":"ReadAction","target":["https:\/\/www.schlossnotdienst-hamburg.de\/schluesseldienst-grindel\/tuersicherungen\/"]}]},{"@type":"ImageObject","inLanguage":"de","@id":"https:\/\/www.schlossnotdienst-hamburg.de\/schluesseldienst-grindel\/tuersicherungen\/#primaryimage","url":"https:\/\/www.schlossnotdienst-hamburg.de\/schluesseldienst-grindel\/wp-content\/uploads\/13table33.jpg","contentUrl":"https:\/\/www.schlossnotdienst-hamburg.de\/schluesseldienst-grindel\/wp-content\/uploads\/13table33.jpg"},{"@type":"BreadcrumbList","@id":"https:\/\/www.schlossnotdienst-hamburg.de\/schluesseldienst-grindel\/tuersicherungen\/#breadcrumb","itemListElement":[{"@type":"ListItem","position":1,"name":"Startseite","item":"https:\/\/www.schlossnotdienst-hamburg.de\/schluesseldienst-grindel\/"},{"@type":"ListItem","position":2,"name":"T\u00fcrsicherungen"}]},{"@type":"WebSite","@id":"https:\/\/www.schlossnotdienst-hamburg.de\/schluesseldienst-grindel\/#website","url":"https:\/\/www.schlossnotdienst-hamburg.de\/schluesseldienst-grindel\/","name":"Schl\u00fcsseldienst Grindel","description":"","potentialAction":[{"@type":"SearchAction","target":{"@type":"EntryPoint","urlTemplate":"https:\/\/www.schlossnotdienst-hamburg.de\/schluesseldienst-grindel\/?s={search_term_string}"},"query-input":{"@type":"PropertyValueSpecification","valueRequired":true,"valueName":"search_term_string"}}],"inLanguage":"de"}]}},"_links":{"self":[{"href":"https:\/\/www.schlossnotdienst-hamburg.de\/schluesseldienst-grindel\/wp-json\/wp\/v2\/pages\/174","targetHints":{"allow":["GET"]}}],"collection":[{"href":"https:\/\/www.schlossnotdienst-hamburg.de\/schluesseldienst-grindel\/wp-json\/wp\/v2\/pages"}],"about":[{"href":"https:\/\/www.schlossnotdienst-hamburg.de\/schluesseldienst-grindel\/wp-json\/wp\/v2\/types\/page"}],"author":[{"embeddable":true,"href":"https:\/\/www.schlossnotdienst-hamburg.de\/schluesseldienst-grindel\/wp-json\/wp\/v2\/users\/1"}],"replies":[{"embeddable":true,"href":"https:\/\/www.schlossnotdienst-hamburg.de\/schluesseldienst-grindel\/wp-json\/wp\/v2\/comments?post=174"}],"version-history":[{"count":2,"href":"https:\/\/www.schlossnotdienst-hamburg.de\/schluesseldienst-grindel\/wp-json\/wp\/v2\/pages\/174\/revisions"}],"predecessor-version":[{"id":197,"href":"https:\/\/www.schlossnotdienst-hamburg.de\/schluesseldienst-grindel\/wp-json\/wp\/v2\/pages\/174\/revisions\/197"}],"wp:attachment":[{"href":"https:\/\/www.schlossnotdienst-hamburg.de\/schluesseldienst-grindel\/wp-json\/wp\/v2\/media?parent=174"}],"curies":[{"name":"wp","href":"https:\/\/api.w.org\/{rel}","templated":true}]}}