{"id":119,"date":"2023-06-21T09:41:36","date_gmt":"2023-06-21T07:41:36","guid":{"rendered":"https:\/\/www.schlossnotdienst-hamburg.de\/schluesseldienst-grindel\/?page_id=119"},"modified":"2023-06-21T09:41:36","modified_gmt":"2023-06-21T07:41:36","slug":"schluesseldienst-hamburg-niendorf","status":"publish","type":"page","link":"https:\/\/www.schlossnotdienst-hamburg.de\/schluesseldienst-grindel\/schluesseldienst-hamburg-niendorf\/","title":{"rendered":"Schl\u00fcsseldienst Hamburg Niendorf"},"content":{"rendered":"<h1>24\/7 Schl\u00fcsseldienst f\u00fcr Hamburg Niendorf<\/h1>\n<h3>Schlossnotdienst und Schl\u00fcsseldienst in Hamburg Niendorf<\/h3>\n<div class=\"csmm\">\n<div class=\"zweispalten\">Ihr Schl\u00fcssel ist abgebrochen oder verloren gegangen?<br \/>\nIst Ihre Wohnungst\u00fcr zugefallen oder Ihr Schloss kaputt?<br \/>\nSchl\u00fcsseldienst Grindel ist in nur wenigen Minuten bei Ihnen in Niendorf.<br \/>\nIhr Schl\u00fcsselnotdienst Grindel hilft Ihnen wenn es mal kritisch wird. Und das zu absolut fairen Preisen.<\/p>\n<h2>T\u00e4glich 24h telefonisch erreichbar!<\/h2>\n<p><strong>Rufen Sie uns jetzt kostenfrei an:<br \/>\n<a href=\"tel:+4940447985\"><font size=\"+4\">040 &#8211; 44 79 85<\/font><\/a><\/strong> <\/p>\n<\/div>\n<div class=\"zweispaltenr\"><img decoding=\"async\" src=\"https:\/\/www.schlossnotdienst-hamburg.de\/schluesseldienst-grindel\/wp-content\/uploads\/glasdienstGrindelHamburg.jpg\" alt=\"Schl\u00fcsseldienst Niendorf\" \/><\/div>\n<\/div>\n<h3>Schl\u00fcsseldienst und Glasnotdienst in Niendorf<\/h3>\n<p>Ebenso bieten wir Ihnen einen 24 Stunden-Service, die Erstellung von Nachschl\u00fcssel und Entfernung abgebrochener Schl\u00fcssel.<br \/>\nWeiterhin sind wir f\u00fcr Garagentor\u00f6ffnungen und Briefkastenanlagen f\u00fcr Sie in Hamburg Niendorf Ihr Ansprechpartner.<\/p>\n<div class=\"csmm\">\n<div class=\"zweispalten\">Unser Schl\u00fcsseldienst in Hamburg \u00f6ffnet auch Zimmert\u00fcren. Ebenfalls der Verlust eines Kellerschl\u00fcssels kommt h\u00e4ufig vor, aber auch Zimmerschl\u00fcssel k\u00f6nnen verloren gehen. Ferner \u00f6ffnen wir auch T\u00fcren von Wohnwagen, wenn der Eigent\u00fcmer seinen Schl\u00fcssel verloren hat.<\/p>\n<p><img decoding=\"async\" src=\"https:\/\/www.schlossnotdienst-hamburg.de\/schluesseldienst-grindel\/wp-content\/uploads\/Beschlagsysteme.jpg\" alt=\"Schl\u00fcsseldienst Grindel Hamburg\" \/>\n<\/div>\n<div class=\"zweispaltenr\">Au\u00dfer bei verlorenen Schl\u00fcsseln oder zugefallenen T\u00fcren, hilft der Schl\u00fcsselnotdienst Hamburg auch, wenn ein Schl\u00fcssel im Schloss abbricht. Dar\u00fcber hinaus besteht die Leistung nicht nur aus dem \u00d6ffnen von T\u00fcren. In Hamburg und Umgebung, sondern entfernt der Schl\u00fcsseldienstmitarbeiter auf Wunsch des Kunden den abgebrochenen Schl\u00fcssel aus dem Schloss. Auch die Anfertigung von Ersatzschl\u00fcsseln geh\u00f6rt zu den Aufgaben unseres Schl\u00fcsseldienstes. Nebenbei k\u00f6nnen Ersatzschl\u00fcssel in vielen F\u00e4llen in Hamburg direkt vor Ort erfolgen.<\/p>\n<h3>Wir bieten Ihnen auch Glasnotdienst!<\/h3>\n<p>Unser Glasnotdienst in Hamburg steht Ihnen rund um das Thema Glas mit Rat und Tat zur Seite. Wir bieten Ihnen jahrelange Erfahrung als Glasnotdienst in Hamburg und Umgebung. Auch bei individuellen W\u00fcnschen und Glaskonzepten sind wir Ihnen gerne behilflich. Rufen Sie uns einfach unter folgender Telefonnummer an: 040 \u2013 44 79 85<\/p>\n<p>Sie m\u00f6chten mehr erfahren? Dann besuchen Sie unsere Glasnotdienst-Seite <a href=\"https:\/\/www.schlossnotdienst-hamburg.de\/glasdienst-grindel\/\">www.glasdienst-grindel.de<\/a>.\n<\/div>\n<\/div>\n","protected":false},"excerpt":{"rendered":"<p>24\/7 Schl\u00fcsseldienst f\u00fcr Hamburg Niendorf Schlossnotdienst und Schl\u00fcsseldienst in Hamburg Niendorf Ihr Schl\u00fcssel ist abgebrochen oder verloren gegangen? Ist Ihre Wohnungst\u00fcr zugefallen oder Ihr Schloss kaputt? Schl\u00fcsseldienst Grindel ist in nur wenigen Minuten bei Ihnen in Niendorf. Ihr Schl\u00fcsselnotdienst Grindel hilft Ihnen wenn es mal kritisch wird. Und das zu absolut fairen Preisen. T\u00e4glich 24h &hellip; <a href=\"https:\/\/www.schlossnotdienst-hamburg.de\/schluesseldienst-grindel\/schluesseldienst-hamburg-niendorf\/\" class=\"more-link\"><span class=\"screen-reader-text\">\u201eSchl\u00fcsseldienst Hamburg Niendorf\u201c<\/span> weiterlesen<\/a><\/p>\n","protected":false},"author":1,"featured_media":0,"parent":0,"menu_order":57,"comment_status":"closed","ping_status":"closed","template":"","meta":{"footnotes":""},"class_list":["post-119","page","type-page","status-publish","hentry"],"yoast_head":"<!-- This site is optimized with the Yoast SEO plugin v25.5 - https:\/\/yoast.com\/wordpress\/plugins\/seo\/ -->\n<title>24\/7 Schl\u00fcsseldienst und Schlossnotdienst f\u00fcr Hamburg Niendorf<\/title>\n<meta name=\"description\" content=\"Ihr Schl\u00fcsseldienst f\u00fcr Hamburg Niendorf bietet Ihnen faire Preise. 24 Stunden Schl\u00fcsseldienst bzw. Glasnotdienst in Niendorf.\" \/>\n<meta name=\"robots\" content=\"index, follow, max-snippet:-1, max-image-preview:large, max-video-preview:-1\" \/>\n<link rel=\"canonical\" href=\"https:\/\/www.schlossnotdienst-hamburg.de\/schluesseldienst-grindel\/schluesseldienst-hamburg-niendorf\/\" \/>\n<meta property=\"og:locale\" content=\"de_DE\" \/>\n<meta property=\"og:type\" content=\"article\" \/>\n<meta property=\"og:title\" content=\"24\/7 Schl\u00fcsseldienst und Schlossnotdienst f\u00fcr Hamburg Niendorf\" \/>\n<meta property=\"og:description\" content=\"Ihr Schl\u00fcsseldienst f\u00fcr Hamburg Niendorf bietet Ihnen faire Preise. 24 Stunden Schl\u00fcsseldienst bzw. Glasnotdienst in Niendorf.\" \/>\n<meta property=\"og:url\" content=\"https:\/\/www.schlossnotdienst-hamburg.de\/schluesseldienst-grindel\/schluesseldienst-hamburg-niendorf\/\" \/>\n<meta property=\"og:site_name\" content=\"Schl\u00fcsseldienst Grindel\" \/>\n<meta property=\"og:image\" content=\"https:\/\/www.schlossnotdienst-hamburg.de\/schluesseldienst-grindel\/wp-content\/uploads\/glasdienstGrindelHamburg.jpg\" \/>\n<meta name=\"twitter:card\" content=\"summary_large_image\" \/>\n<script type=\"application\/ld+json\" class=\"yoast-schema-graph\">{\"@context\":\"https:\/\/schema.org\",\"@graph\":[{\"@type\":\"WebPage\",\"@id\":\"https:\/\/www.schlossnotdienst-hamburg.de\/schluesseldienst-grindel\/schluesseldienst-hamburg-niendorf\/\",\"url\":\"https:\/\/www.schlossnotdienst-hamburg.de\/schluesseldienst-grindel\/schluesseldienst-hamburg-niendorf\/\",\"name\":\"24\/7 Schl\u00fcsseldienst und Schlossnotdienst f\u00fcr Hamburg Niendorf\",\"isPartOf\":{\"@id\":\"https:\/\/www.schlossnotdienst-hamburg.de\/schluesseldienst-grindel\/#website\"},\"primaryImageOfPage\":{\"@id\":\"https:\/\/www.schlossnotdienst-hamburg.de\/schluesseldienst-grindel\/schluesseldienst-hamburg-niendorf\/#primaryimage\"},\"image\":{\"@id\":\"https:\/\/www.schlossnotdienst-hamburg.de\/schluesseldienst-grindel\/schluesseldienst-hamburg-niendorf\/#primaryimage\"},\"thumbnailUrl\":\"https:\/\/www.schlossnotdienst-hamburg.de\/schluesseldienst-grindel\/wp-content\/uploads\/glasdienstGrindelHamburg.jpg\",\"datePublished\":\"2023-06-21T07:41:36+00:00\",\"description\":\"Ihr Schl\u00fcsseldienst f\u00fcr Hamburg Niendorf bietet Ihnen faire Preise. 24 Stunden Schl\u00fcsseldienst bzw. Glasnotdienst in Niendorf.\",\"breadcrumb\":{\"@id\":\"https:\/\/www.schlossnotdienst-hamburg.de\/schluesseldienst-grindel\/schluesseldienst-hamburg-niendorf\/#breadcrumb\"},\"inLanguage\":\"de\",\"potentialAction\":[{\"@type\":\"ReadAction\",\"target\":[\"https:\/\/www.schlossnotdienst-hamburg.de\/schluesseldienst-grindel\/schluesseldienst-hamburg-niendorf\/\"]}]},{\"@type\":\"ImageObject\",\"inLanguage\":\"de\",\"@id\":\"https:\/\/www.schlossnotdienst-hamburg.de\/schluesseldienst-grindel\/schluesseldienst-hamburg-niendorf\/#primaryimage\",\"url\":\"https:\/\/www.schlossnotdienst-hamburg.de\/schluesseldienst-grindel\/wp-content\/uploads\/glasdienstGrindelHamburg.jpg\",\"contentUrl\":\"https:\/\/www.schlossnotdienst-hamburg.de\/schluesseldienst-grindel\/wp-content\/uploads\/glasdienstGrindelHamburg.jpg\",\"width\":368,\"height\":250},{\"@type\":\"BreadcrumbList\",\"@id\":\"https:\/\/www.schlossnotdienst-hamburg.de\/schluesseldienst-grindel\/schluesseldienst-hamburg-niendorf\/#breadcrumb\",\"itemListElement\":[{\"@type\":\"ListItem\",\"position\":1,\"name\":\"Startseite\",\"item\":\"https:\/\/www.schlossnotdienst-hamburg.de\/schluesseldienst-grindel\/\"},{\"@type\":\"ListItem\",\"position\":2,\"name\":\"Schl\u00fcsseldienst Hamburg Niendorf\"}]},{\"@type\":\"WebSite\",\"@id\":\"https:\/\/www.schlossnotdienst-hamburg.de\/schluesseldienst-grindel\/#website\",\"url\":\"https:\/\/www.schlossnotdienst-hamburg.de\/schluesseldienst-grindel\/\",\"name\":\"Schl\u00fcsseldienst Grindel\",\"description\":\"\",\"potentialAction\":[{\"@type\":\"SearchAction\",\"target\":{\"@type\":\"EntryPoint\",\"urlTemplate\":\"https:\/\/www.schlossnotdienst-hamburg.de\/schluesseldienst-grindel\/?s={search_term_string}\"},\"query-input\":{\"@type\":\"PropertyValueSpecification\",\"valueRequired\":true,\"valueName\":\"search_term_string\"}}],\"inLanguage\":\"de\"}]}<\/script>\n<!-- \/ Yoast SEO plugin. -->","yoast_head_json":{"title":"24\/7 Schl\u00fcsseldienst und Schlossnotdienst f\u00fcr Hamburg Niendorf","description":"Ihr Schl\u00fcsseldienst f\u00fcr Hamburg Niendorf bietet Ihnen faire Preise. 24 Stunden Schl\u00fcsseldienst bzw. Glasnotdienst in Niendorf.","robots":{"index":"index","follow":"follow","max-snippet":"max-snippet:-1","max-image-preview":"max-image-preview:large","max-video-preview":"max-video-preview:-1"},"canonical":"https:\/\/www.schlossnotdienst-hamburg.de\/schluesseldienst-grindel\/schluesseldienst-hamburg-niendorf\/","og_locale":"de_DE","og_type":"article","og_title":"24\/7 Schl\u00fcsseldienst und Schlossnotdienst f\u00fcr Hamburg Niendorf","og_description":"Ihr Schl\u00fcsseldienst f\u00fcr Hamburg Niendorf bietet Ihnen faire Preise. 24 Stunden Schl\u00fcsseldienst bzw. Glasnotdienst in Niendorf.","og_url":"https:\/\/www.schlossnotdienst-hamburg.de\/schluesseldienst-grindel\/schluesseldienst-hamburg-niendorf\/","og_site_name":"Schl\u00fcsseldienst Grindel","og_image":[{"url":"https:\/\/www.schlossnotdienst-hamburg.de\/schluesseldienst-grindel\/wp-content\/uploads\/glasdienstGrindelHamburg.jpg","type":"","width":"","height":""}],"twitter_card":"summary_large_image","schema":{"@context":"https:\/\/schema.org","@graph":[{"@type":"WebPage","@id":"https:\/\/www.schlossnotdienst-hamburg.de\/schluesseldienst-grindel\/schluesseldienst-hamburg-niendorf\/","url":"https:\/\/www.schlossnotdienst-hamburg.de\/schluesseldienst-grindel\/schluesseldienst-hamburg-niendorf\/","name":"24\/7 Schl\u00fcsseldienst und Schlossnotdienst f\u00fcr Hamburg Niendorf","isPartOf":{"@id":"https:\/\/www.schlossnotdienst-hamburg.de\/schluesseldienst-grindel\/#website"},"primaryImageOfPage":{"@id":"https:\/\/www.schlossnotdienst-hamburg.de\/schluesseldienst-grindel\/schluesseldienst-hamburg-niendorf\/#primaryimage"},"image":{"@id":"https:\/\/www.schlossnotdienst-hamburg.de\/schluesseldienst-grindel\/schluesseldienst-hamburg-niendorf\/#primaryimage"},"thumbnailUrl":"https:\/\/www.schlossnotdienst-hamburg.de\/schluesseldienst-grindel\/wp-content\/uploads\/glasdienstGrindelHamburg.jpg","datePublished":"2023-06-21T07:41:36+00:00","description":"Ihr Schl\u00fcsseldienst f\u00fcr Hamburg Niendorf bietet Ihnen faire Preise. 24 Stunden Schl\u00fcsseldienst bzw. Glasnotdienst in Niendorf.","breadcrumb":{"@id":"https:\/\/www.schlossnotdienst-hamburg.de\/schluesseldienst-grindel\/schluesseldienst-hamburg-niendorf\/#breadcrumb"},"inLanguage":"de","potentialAction":[{"@type":"ReadAction","target":["https:\/\/www.schlossnotdienst-hamburg.de\/schluesseldienst-grindel\/schluesseldienst-hamburg-niendorf\/"]}]},{"@type":"ImageObject","inLanguage":"de","@id":"https:\/\/www.schlossnotdienst-hamburg.de\/schluesseldienst-grindel\/schluesseldienst-hamburg-niendorf\/#primaryimage","url":"https:\/\/www.schlossnotdienst-hamburg.de\/schluesseldienst-grindel\/wp-content\/uploads\/glasdienstGrindelHamburg.jpg","contentUrl":"https:\/\/www.schlossnotdienst-hamburg.de\/schluesseldienst-grindel\/wp-content\/uploads\/glasdienstGrindelHamburg.jpg","width":368,"height":250},{"@type":"BreadcrumbList","@id":"https:\/\/www.schlossnotdienst-hamburg.de\/schluesseldienst-grindel\/schluesseldienst-hamburg-niendorf\/#breadcrumb","itemListElement":[{"@type":"ListItem","position":1,"name":"Startseite","item":"https:\/\/www.schlossnotdienst-hamburg.de\/schluesseldienst-grindel\/"},{"@type":"ListItem","position":2,"name":"Schl\u00fcsseldienst Hamburg Niendorf"}]},{"@type":"WebSite","@id":"https:\/\/www.schlossnotdienst-hamburg.de\/schluesseldienst-grindel\/#website","url":"https:\/\/www.schlossnotdienst-hamburg.de\/schluesseldienst-grindel\/","name":"Schl\u00fcsseldienst Grindel","description":"","potentialAction":[{"@type":"SearchAction","target":{"@type":"EntryPoint","urlTemplate":"https:\/\/www.schlossnotdienst-hamburg.de\/schluesseldienst-grindel\/?s={search_term_string}"},"query-input":{"@type":"PropertyValueSpecification","valueRequired":true,"valueName":"search_term_string"}}],"inLanguage":"de"}]}},"_links":{"self":[{"href":"https:\/\/www.schlossnotdienst-hamburg.de\/schluesseldienst-grindel\/wp-json\/wp\/v2\/pages\/119","targetHints":{"allow":["GET"]}}],"collection":[{"href":"https:\/\/www.schlossnotdienst-hamburg.de\/schluesseldienst-grindel\/wp-json\/wp\/v2\/pages"}],"about":[{"href":"https:\/\/www.schlossnotdienst-hamburg.de\/schluesseldienst-grindel\/wp-json\/wp\/v2\/types\/page"}],"author":[{"embeddable":true,"href":"https:\/\/www.schlossnotdienst-hamburg.de\/schluesseldienst-grindel\/wp-json\/wp\/v2\/users\/1"}],"replies":[{"embeddable":true,"href":"https:\/\/www.schlossnotdienst-hamburg.de\/schluesseldienst-grindel\/wp-json\/wp\/v2\/comments?post=119"}],"version-history":[{"count":1,"href":"https:\/\/www.schlossnotdienst-hamburg.de\/schluesseldienst-grindel\/wp-json\/wp\/v2\/pages\/119\/revisions"}],"predecessor-version":[{"id":120,"href":"https:\/\/www.schlossnotdienst-hamburg.de\/schluesseldienst-grindel\/wp-json\/wp\/v2\/pages\/119\/revisions\/120"}],"wp:attachment":[{"href":"https:\/\/www.schlossnotdienst-hamburg.de\/schluesseldienst-grindel\/wp-json\/wp\/v2\/media?parent=119"}],"curies":[{"name":"wp","href":"https:\/\/api.w.org\/{rel}","templated":true}]}}