{"id":88,"date":"2023-08-24T09:05:11","date_gmt":"2023-08-24T07:05:11","guid":{"rendered":"https:\/\/www.schlossnotdienst-hamburg.de\/glasdienst-grindel\/?page_id=88"},"modified":"2023-08-24T09:06:00","modified_gmt":"2023-08-24T07:06:00","slug":"bad-und-wandspiegel","status":"publish","type":"page","link":"https:\/\/www.schlossnotdienst-hamburg.de\/glasdienst-grindel\/bad-und-wandspiegel\/","title":{"rendered":"Bad- und Wandspiegel"},"content":{"rendered":"<h1>Spiegel, Bad- und Wandspiegel<\/h1>\n<p><img decoding=\"async\" src=\"https:\/\/www.schlossnotdienst-hamburg.de\/glasdienst-grindel\/wp-content\/uploads\/Spiegel.jpg\" alt=\"Spiegel Badspiegel\" \/><\/p>\n<p>Bei uns bekommen Sie Spiegel in Ihrem Wunschma\u00df!<br \/>\nAuch Glas und Holz in Ihrer Wunschgr\u00f6\u00dfe ist sofort bestellbar.<\/p>\n<h2>Finden Sie den richtigen Spiegel f\u00fcr Ihren Wohnraum!<\/h2>\n<p>Schon seit langer Zeit dienen Spiegel als optische Aufwertung von Wohnr\u00e4umen und als stylische Wohnaccessoires. Im Wohnzimmer \u00fcberaus \u00e4sthetisch, im Eingangsbereich und &#8211; in der Form eines Ankleidespiegels &#8211; im Schlafzimmer \u00e4u\u00dferst praktisch.<\/p>\n<p><strong>Badezimmerspiegel<\/strong> verleihen dem Raum mehr Tiefe und lassen ihn gr\u00f6\u00dfer wirken.<\/p>\n<p>Service steht bei uns an erster Stelle. Falls Sie fragen zu unseren Produkten haben, dann setzen Sie sich mit uns in Verbindung. Durch unsere eigene Logistik liefern wir Ihnen Ihr Wunschprodukt.<\/p>\n<p>Beratung &amp; Service: <span class=\"keinumbruch\"><a href=\"tel:+4940447985\"><strong>040 &#8211; 44 79 85<\/strong><\/a><\/span><\/p>\n<p><strong>Rufen Sie gleich an uns lassen sich kostenlos beraten!<\/strong><\/p>\n<p>&#8211; ESG oder VSG-Sicherheitsglas<br \/>\n&#8211; W\u00e4rmeschutz-Isolierglas<br \/>\n&#8211; Lacobel<br \/>\n&#8211; Ornament-Glas<br \/>\n&#8211; Drahtglas bzw. Drahtornamentglas<\/p>\n<h2>&#8230; als toller Blickfang<\/h2>\n<p>Noch mal schnell einen Blick riskieren! Mit einem Spiegel k\u00f6nnen Sie sicherstellen, gut gestylt das Haus zu verlassen. Ob im Flur, im Bad oder im Schlafzimmer, ein Spiegel gibt Ihnen stets eine Auskunft \u00fcber Ihr Outfit. Obendrein eignen sich Spiegel toll zur Dekoration. Kleinere R\u00e4ume wirken durch sie gr\u00f6\u00dfer und dank der Lichtreflektion erhellen sie den Wohnbereich.<\/p>\n<h3>&#8230;in diversen Ausf\u00fchrungen<\/h3>\n<p>Wir bieten Ihnen eine gro\u00dfe Auswahl an Spiegeln mit Rahmen, aber auch rahmenlose, sodass auch f\u00fcr Ihren Wohnraum schnell der passende gefunden ist.<br \/>\nWohn- und Dekospiegel, wie ein Spiegelfenster, lassen auch Flur oder den Eingangsbereich wohnlicher wirken. Ein n\u00fctzliches und tolles Wohnaccessoire.<\/p>\n<h1>Glaserei Grindel Hamburg &#8211; ORNAMENTGLAS<\/h1>\n<p>Ornamentglas ist lichtdurchl\u00e4ssig! Aber nur bedingt durchsichtig. Die Durschsichtigkeit ergibt sich durch die verwendeten Muster. Au\u00dfderdem durch die Tiefe der Ornamentierung und ob die Musterung auf einer oder auf beiden Seiten des Glases vorhanden ist.<\/p>\n<p>Das Glas findet meist dort Anwendung, wo Lichtdurchl\u00e4ssigkeit erw\u00fcnscht ist. Durchsicht aber nicht erw\u00fcnscht ist. Ornamentgl\u00e4ser k\u00f6nnen nat\u00fcrlich auch als dekoratives Accessoire genutzt werden. Bestes Beispiel sind daf\u00fcr Haust\u00fcren oder im Bad.<\/p>\n<p>Am h\u00e4ufigsten werden Ornamentglasscheiben verwendet f\u00fcr: Badfenster, Glast\u00fcren, Trennw\u00e4nde aber auch als Oberlichte und Lampenverglasungen.<\/p>\n<p><strong>Altdeutsch K weiss<\/strong><br \/>\n<img decoding=\"async\" src=\"https:\/\/www.schlossnotdienst-hamburg.de\/glasdienst-grindel\/wp-content\/uploads\/AltdeutschKweiss.jpg\" alt=\"Ornamentglas Altdeutsch\" \/><\/p>\n<p><strong>Chincilla<\/strong><br \/>\n<img decoding=\"async\" src=\"https:\/\/www.schlossnotdienst-hamburg.de\/glasdienst-grindel\/wp-content\/uploads\/Chincilla.jpg\" alt=\"Ornamentglas Chincilla\" \/><\/p>\n<p><strong>Kathedral<\/strong><br \/>\n<img decoding=\"async\" src=\"https:\/\/www.schlossnotdienst-hamburg.de\/glasdienst-grindel\/wp-content\/uploads\/kathedral.jpg\" alt=\"Ornamentglas Kathedral\" \/><\/p>\n<p>Ornamentgl\u00e4ser sind Gu\u00dfgl\u00e4ser. Durch Walzen eines Basisglases entsteht die gew\u00fcnschte Struktur auf der Oberfl\u00e4che. Ornamentgl\u00e4ser werden dort eingesetzt, wo man mit Glas gestalten m\u00f6chte oder eine klare Durchsicht nicht gew\u00fcnscht ist.<\/p>\n","protected":false},"excerpt":{"rendered":"<p>Spiegel, Bad- und Wandspiegel Bei uns bekommen Sie Spiegel in Ihrem Wunschma\u00df! Auch Glas und Holz in Ihrer Wunschgr\u00f6\u00dfe ist sofort bestellbar. Finden Sie den richtigen Spiegel f\u00fcr Ihren Wohnraum! Schon seit langer Zeit dienen Spiegel als optische Aufwertung von Wohnr\u00e4umen und als stylische Wohnaccessoires. Im Wohnzimmer \u00fcberaus \u00e4sthetisch, im Eingangsbereich und &#8211; in der &hellip; <a href=\"https:\/\/www.schlossnotdienst-hamburg.de\/glasdienst-grindel\/bad-und-wandspiegel\/\" class=\"more-link\"><span class=\"screen-reader-text\">\u201eBad- und Wandspiegel\u201c<\/span> weiterlesen<\/a><\/p>\n","protected":false},"author":1,"featured_media":0,"parent":0,"menu_order":80,"comment_status":"closed","ping_status":"closed","template":"","meta":{"footnotes":""},"class_list":["post-88","page","type-page","status-publish","hentry"],"yoast_head":"<!-- This site is optimized with the Yoast SEO plugin v23.1 - https:\/\/yoast.com\/wordpress\/plugins\/seo\/ -->\n<title>Spiegel, Bad- und Wandspiegel Glasdienst Grindel<\/title>\n<meta name=\"description\" content=\"Bei uns bekommen Sie Spiegel in Ihrem Wunschma\u00df! Service steht bei uns an erster Stelle. Glasdienst Grindel aus Hamburg.\" \/>\n<meta name=\"robots\" content=\"index, follow, max-snippet:-1, max-image-preview:large, max-video-preview:-1\" \/>\n<link rel=\"canonical\" href=\"https:\/\/www.schlossnotdienst-hamburg.de\/glasdienst-grindel\/bad-und-wandspiegel\/\" \/>\n<meta property=\"og:locale\" content=\"de_DE\" \/>\n<meta property=\"og:type\" content=\"article\" \/>\n<meta property=\"og:title\" content=\"Spiegel, Bad- und Wandspiegel Glasdienst Grindel\" \/>\n<meta property=\"og:description\" content=\"Bei uns bekommen Sie Spiegel in Ihrem Wunschma\u00df! Service steht bei uns an erster Stelle. Glasdienst Grindel aus Hamburg.\" \/>\n<meta property=\"og:url\" content=\"https:\/\/www.schlossnotdienst-hamburg.de\/glasdienst-grindel\/bad-und-wandspiegel\/\" \/>\n<meta property=\"og:site_name\" content=\"Glasdienst Grindel\" \/>\n<meta property=\"article:modified_time\" content=\"2023-08-24T07:06:00+00:00\" \/>\n<meta property=\"og:image\" content=\"https:\/\/www.schlossnotdienst-hamburg.de\/glasdienst-grindel\/wp-content\/uploads\/Spiegel.jpg\" \/>\n<meta name=\"twitter:card\" content=\"summary_large_image\" \/>\n<meta name=\"twitter:label1\" content=\"Gesch\u00e4tzte Lesezeit\" \/>\n\t<meta name=\"twitter:data1\" content=\"3\u00a0Minuten\" \/>\n<script type=\"application\/ld+json\" class=\"yoast-schema-graph\">{\"@context\":\"https:\/\/schema.org\",\"@graph\":[{\"@type\":\"WebPage\",\"@id\":\"https:\/\/www.schlossnotdienst-hamburg.de\/glasdienst-grindel\/bad-und-wandspiegel\/\",\"url\":\"https:\/\/www.schlossnotdienst-hamburg.de\/glasdienst-grindel\/bad-und-wandspiegel\/\",\"name\":\"Spiegel, Bad- und Wandspiegel Glasdienst Grindel\",\"isPartOf\":{\"@id\":\"https:\/\/www.schlossnotdienst-hamburg.de\/glasdienst-grindel\/#website\"},\"primaryImageOfPage\":{\"@id\":\"https:\/\/www.schlossnotdienst-hamburg.de\/glasdienst-grindel\/bad-und-wandspiegel\/#primaryimage\"},\"image\":{\"@id\":\"https:\/\/www.schlossnotdienst-hamburg.de\/glasdienst-grindel\/bad-und-wandspiegel\/#primaryimage\"},\"thumbnailUrl\":\"https:\/\/www.schlossnotdienst-hamburg.de\/glasdienst-grindel\/wp-content\/uploads\/Spiegel.jpg\",\"datePublished\":\"2023-08-24T07:05:11+00:00\",\"dateModified\":\"2023-08-24T07:06:00+00:00\",\"description\":\"Bei uns bekommen Sie Spiegel in Ihrem Wunschma\u00df! Service steht bei uns an erster Stelle. Glasdienst Grindel aus Hamburg.\",\"breadcrumb\":{\"@id\":\"https:\/\/www.schlossnotdienst-hamburg.de\/glasdienst-grindel\/bad-und-wandspiegel\/#breadcrumb\"},\"inLanguage\":\"de\",\"potentialAction\":[{\"@type\":\"ReadAction\",\"target\":[\"https:\/\/www.schlossnotdienst-hamburg.de\/glasdienst-grindel\/bad-und-wandspiegel\/\"]}]},{\"@type\":\"ImageObject\",\"inLanguage\":\"de\",\"@id\":\"https:\/\/www.schlossnotdienst-hamburg.de\/glasdienst-grindel\/bad-und-wandspiegel\/#primaryimage\",\"url\":\"https:\/\/www.schlossnotdienst-hamburg.de\/glasdienst-grindel\/wp-content\/uploads\/Spiegel.jpg\",\"contentUrl\":\"https:\/\/www.schlossnotdienst-hamburg.de\/glasdienst-grindel\/wp-content\/uploads\/Spiegel.jpg\",\"width\":660,\"height\":381},{\"@type\":\"BreadcrumbList\",\"@id\":\"https:\/\/www.schlossnotdienst-hamburg.de\/glasdienst-grindel\/bad-und-wandspiegel\/#breadcrumb\",\"itemListElement\":[{\"@type\":\"ListItem\",\"position\":1,\"name\":\"Startseite\",\"item\":\"https:\/\/www.schlossnotdienst-hamburg.de\/glasdienst-grindel\/\"},{\"@type\":\"ListItem\",\"position\":2,\"name\":\"Bad- und Wandspiegel\"}]},{\"@type\":\"WebSite\",\"@id\":\"https:\/\/www.schlossnotdienst-hamburg.de\/glasdienst-grindel\/#website\",\"url\":\"https:\/\/www.schlossnotdienst-hamburg.de\/glasdienst-grindel\/\",\"name\":\"Glasdienst Grindel\",\"description\":\"\",\"potentialAction\":[{\"@type\":\"SearchAction\",\"target\":{\"@type\":\"EntryPoint\",\"urlTemplate\":\"https:\/\/www.schlossnotdienst-hamburg.de\/glasdienst-grindel\/?s={search_term_string}\"},\"query-input\":\"required name=search_term_string\"}],\"inLanguage\":\"de\"}]}<\/script>\n<!-- \/ Yoast SEO plugin. -->","yoast_head_json":{"title":"Spiegel, Bad- und Wandspiegel Glasdienst Grindel","description":"Bei uns bekommen Sie Spiegel in Ihrem Wunschma\u00df! Service steht bei uns an erster Stelle. Glasdienst Grindel aus Hamburg.","robots":{"index":"index","follow":"follow","max-snippet":"max-snippet:-1","max-image-preview":"max-image-preview:large","max-video-preview":"max-video-preview:-1"},"canonical":"https:\/\/www.schlossnotdienst-hamburg.de\/glasdienst-grindel\/bad-und-wandspiegel\/","og_locale":"de_DE","og_type":"article","og_title":"Spiegel, Bad- und Wandspiegel Glasdienst Grindel","og_description":"Bei uns bekommen Sie Spiegel in Ihrem Wunschma\u00df! Service steht bei uns an erster Stelle. Glasdienst Grindel aus Hamburg.","og_url":"https:\/\/www.schlossnotdienst-hamburg.de\/glasdienst-grindel\/bad-und-wandspiegel\/","og_site_name":"Glasdienst Grindel","article_modified_time":"2023-08-24T07:06:00+00:00","og_image":[{"url":"https:\/\/www.schlossnotdienst-hamburg.de\/glasdienst-grindel\/wp-content\/uploads\/Spiegel.jpg"}],"twitter_card":"summary_large_image","twitter_misc":{"Gesch\u00e4tzte Lesezeit":"3\u00a0Minuten"},"schema":{"@context":"https:\/\/schema.org","@graph":[{"@type":"WebPage","@id":"https:\/\/www.schlossnotdienst-hamburg.de\/glasdienst-grindel\/bad-und-wandspiegel\/","url":"https:\/\/www.schlossnotdienst-hamburg.de\/glasdienst-grindel\/bad-und-wandspiegel\/","name":"Spiegel, Bad- und Wandspiegel Glasdienst Grindel","isPartOf":{"@id":"https:\/\/www.schlossnotdienst-hamburg.de\/glasdienst-grindel\/#website"},"primaryImageOfPage":{"@id":"https:\/\/www.schlossnotdienst-hamburg.de\/glasdienst-grindel\/bad-und-wandspiegel\/#primaryimage"},"image":{"@id":"https:\/\/www.schlossnotdienst-hamburg.de\/glasdienst-grindel\/bad-und-wandspiegel\/#primaryimage"},"thumbnailUrl":"https:\/\/www.schlossnotdienst-hamburg.de\/glasdienst-grindel\/wp-content\/uploads\/Spiegel.jpg","datePublished":"2023-08-24T07:05:11+00:00","dateModified":"2023-08-24T07:06:00+00:00","description":"Bei uns bekommen Sie Spiegel in Ihrem Wunschma\u00df! Service steht bei uns an erster Stelle. Glasdienst Grindel aus Hamburg.","breadcrumb":{"@id":"https:\/\/www.schlossnotdienst-hamburg.de\/glasdienst-grindel\/bad-und-wandspiegel\/#breadcrumb"},"inLanguage":"de","potentialAction":[{"@type":"ReadAction","target":["https:\/\/www.schlossnotdienst-hamburg.de\/glasdienst-grindel\/bad-und-wandspiegel\/"]}]},{"@type":"ImageObject","inLanguage":"de","@id":"https:\/\/www.schlossnotdienst-hamburg.de\/glasdienst-grindel\/bad-und-wandspiegel\/#primaryimage","url":"https:\/\/www.schlossnotdienst-hamburg.de\/glasdienst-grindel\/wp-content\/uploads\/Spiegel.jpg","contentUrl":"https:\/\/www.schlossnotdienst-hamburg.de\/glasdienst-grindel\/wp-content\/uploads\/Spiegel.jpg","width":660,"height":381},{"@type":"BreadcrumbList","@id":"https:\/\/www.schlossnotdienst-hamburg.de\/glasdienst-grindel\/bad-und-wandspiegel\/#breadcrumb","itemListElement":[{"@type":"ListItem","position":1,"name":"Startseite","item":"https:\/\/www.schlossnotdienst-hamburg.de\/glasdienst-grindel\/"},{"@type":"ListItem","position":2,"name":"Bad- und Wandspiegel"}]},{"@type":"WebSite","@id":"https:\/\/www.schlossnotdienst-hamburg.de\/glasdienst-grindel\/#website","url":"https:\/\/www.schlossnotdienst-hamburg.de\/glasdienst-grindel\/","name":"Glasdienst Grindel","description":"","potentialAction":[{"@type":"SearchAction","target":{"@type":"EntryPoint","urlTemplate":"https:\/\/www.schlossnotdienst-hamburg.de\/glasdienst-grindel\/?s={search_term_string}"},"query-input":"required name=search_term_string"}],"inLanguage":"de"}]}},"_links":{"self":[{"href":"https:\/\/www.schlossnotdienst-hamburg.de\/glasdienst-grindel\/wp-json\/wp\/v2\/pages\/88","targetHints":{"allow":["GET"]}}],"collection":[{"href":"https:\/\/www.schlossnotdienst-hamburg.de\/glasdienst-grindel\/wp-json\/wp\/v2\/pages"}],"about":[{"href":"https:\/\/www.schlossnotdienst-hamburg.de\/glasdienst-grindel\/wp-json\/wp\/v2\/types\/page"}],"author":[{"embeddable":true,"href":"https:\/\/www.schlossnotdienst-hamburg.de\/glasdienst-grindel\/wp-json\/wp\/v2\/users\/1"}],"replies":[{"embeddable":true,"href":"https:\/\/www.schlossnotdienst-hamburg.de\/glasdienst-grindel\/wp-json\/wp\/v2\/comments?post=88"}],"version-history":[{"count":1,"href":"https:\/\/www.schlossnotdienst-hamburg.de\/glasdienst-grindel\/wp-json\/wp\/v2\/pages\/88\/revisions"}],"predecessor-version":[{"id":89,"href":"https:\/\/www.schlossnotdienst-hamburg.de\/glasdienst-grindel\/wp-json\/wp\/v2\/pages\/88\/revisions\/89"}],"wp:attachment":[{"href":"https:\/\/www.schlossnotdienst-hamburg.de\/glasdienst-grindel\/wp-json\/wp\/v2\/media?parent=88"}],"curies":[{"name":"wp","href":"https:\/\/api.w.org\/{rel}","templated":true}]}}