{"id":86,"date":"2023-08-24T09:02:04","date_gmt":"2023-08-24T07:02:04","guid":{"rendered":"https:\/\/www.schlossnotdienst-hamburg.de\/glasdienst-grindel\/?page_id=86"},"modified":"2023-08-24T09:02:04","modified_gmt":"2023-08-24T07:02:04","slug":"esg-vsg-sicherheitsglas","status":"publish","type":"page","link":"https:\/\/www.schlossnotdienst-hamburg.de\/glasdienst-grindel\/esg-vsg-sicherheitsglas\/","title":{"rendered":"ESG VSG Sicherheitsglas"},"content":{"rendered":"<h1>ESG Sicherheitsglas &#8211; von Glasdienst Grindel aus Hamburg<\/h1>\n<p>Einscheiben-Sicherheitsglas ESG besteht aus einer einzigen, speziell w\u00e4rmebehandelten Scheibe &#8211; und ist dadurch hoch biegefest. Den Gestaltungsspielr\u00e4umen von ESG als Architekturelement sind kaum Grenzen gesetzt. Bei Glasbruch zerkr\u00fcmelt ESG in kleine St\u00fccke, welche nicht verletzen k\u00f6nnen.<\/p>\n<p><img decoding=\"async\" src=\"https:\/\/www.schlossnotdienst-hamburg.de\/glasdienst-grindel\/wp-content\/uploads\/ESG-Sicherheitsglas.jpg\" alt=\"ESG Sicherheitsglas\" \/><\/p>\n<p>Als Bestandteil verschiedener Verglasungen kommt Einscheibensicherheitsgla nahezu \u00fcberall im Innen- und Au\u00dfenbereich zum Einsatz.<\/p>\n<p>Das f\u00e4lschlicherweise oft als geh\u00e4rtetes Glas bezeichnete Einscheibensicherheitsglas entsteht durch thermisches Vorspannen von Floatglas. Als Ausgangsmaterial kann aber auch Ornamentglas verwendet werden. Bei diesem Prozess wird die ebene Scheibe bis zu einem Transformationspunkt auf mehr als 600\u00b0C erhitzt und anschlie\u00dfend schlagartig durch schnelles Anblasen mit Luft abgek\u00fchlt. So wird das Glas in einen Eigenspannungszustand versetzt, bei dem der Kern der Scheibe unter Zugbeanspruchung und die Oberfl\u00e4che unter Druckbeanspruchung steht. Dieser Vorgang macht das Glas biegezugfester, aber nicht h\u00e4rter. Durch die eingepr\u00e4gte Oberfl\u00e4chendruckspannung kann der festigkeitsmindernde Einfluss von Oberfl\u00e4chendefekten erst wirksam werden, wenn durch Last oder Zwang Zugspannungen an der Oberfl\u00e4che erzeugt werden. Daher nimmt auch die Temperaturwechselbest\u00e4ndigkeit durch die Vorspannung erheblich zu (ca.200 K).<\/p>\n<h3>Drahtglas und Drahtornamentglas &#8211; von Glasdienst Grindel aus Hamburg<\/h3>\n<p>Drahtornamentglas oder auch Drahtglas ist ein Glas mit strukturierten Oberfl\u00e4chen. Es hat eine schm\u00fcckende und gestalterische Wirkung. Weiterhin ist es lichstreuend und durchsichthemmend eingesetzbar.<\/p>\n<p><img decoding=\"async\" src=\"https:\/\/www.schlossnotdienst-hamburg.de\/glasdienst-grindel\/wp-content\/uploads\/DrahtglasHamburg.jpg\" alt=\"Drahtglas der Glaserei Grindel\" \/><\/p>\n<p>Drahtornamentglas ist Gu\u00dfglas mit einer Einlage aus Draht. Ferner erh\u00f6ht das eingelegte Drahtgeflecht die Stabilit\u00e4t des Glases und bindet die Glasfl\u00e4che bei etwaigem Glasbruch.<\/p>\n<p>Durch die Kombination der Materialien Stahldraht und Glas, ist Drahtglas bei gro\u00dfen thermischen Schwankungen nicht geeignet.<\/p>\n<p><strong>Verwendung:<\/strong><br \/>\nBei Verglasungen von Fenster- und T\u00fcr\u00f6ffnungen, sowie M\u00f6belbau- und Innenausbau (Lichtausschnitte).<br \/>\nVerglasung bei Vord\u00e4chern \u00fcber T\u00fcreing\u00e4ngen, Balkon\u00fcberdachungen und Wintergartenschr\u00e4gverglasungen.<\/p>\n<p>Als \u00dcberkopfverglasung darf das Glas nur bis zu einer Spannweite von 70 cm eingebaut werden.<\/p>\n<h3>Herstellung von Drahtornamentglas<\/h3>\n<p>Zuerst wird das geschmolzene Glas wird auf rotierende Walzen gegossen. Anschlie\u00dfend in die Form eines langen Bandes gewalzt. Vor dem Abk\u00fchlen des noch z\u00e4hfl\u00fcssigen Glasbandes wird ein Geflecht aus Draht eingelegt. \u00dcberdies wird mit Pr\u00e4gewalzen ein Muster (Ornament) in das noch z\u00e4he Glas gedr\u00fcckt.<\/p>\n<p>\u00dcbrigens kann Drahtglas und Drahtornamentglas mit herk\u00f6mmlichen Glasschneidesystemen geschnitten werden. Es muss auf das exakte Durchschneiden der Drahteinlage geachtet werden. Zuletzt wird es geschnitten und es ist notwendig, das die Schnittfl\u00e4chen versiegelt werden. Dies ist vordringlich notwendig bei Drahtglasscheiben, die nicht allseitig umschlossen sind. Das ist aufgrund der m\u00f6glichen Rostbildung an den Schnittkanten der Drahteinlagen n\u00f6tig.<\/p>\n<p>Wie alle Ornamentgl\u00e4ser ist Drahtglas ohne Nachbearbeitung nicht transparent, sondern transluzent. F\u00fcr die Herstellung von durchsichtigem Drahtglas, muss es nachtr\u00e4glich poliert werden. Es wird \u00fcblicherweise in 7 mm Dicke hergestellt. Des weiteren kann es farblos oder auch eingef\u00e4rbt sein. Genauso wie neben glatten Oberf\u00e4chen sind auch ornamentierte Oberfl\u00e4chen m\u00f6glich. Der Wert seiner charakteristischen Biegefestigkeit entspricht dem des Gussglases. Er ist deutlich niedriger als bei Floatglas. Ausserdem kann Drahtglas feuerhemmend wirken.<\/p>\n<p>Eine Steigerung der Biegefestigkeit kann durch die Drahteinlage nicht erreicht werden. Die unterschiedlichen W\u00e4rmeausdehnungskoeffizienten von Draht und Glas f\u00fchren bei einer Erw\u00e4rmung sehr h\u00e4ufig zum Bruch des Glases.<\/p>\n<h3>VSG Sicherheitsglas &#8211; Glaserei Grindel\/Hamburg<\/h3>\n<p>VSG-Sicherheitsglas gibt es in klar und matt. Verbund- Sicherheitsglas (VSG) verdankt seine Sicherheitseigenschaften einer rei\u00dffesten und elastischen Folie zwischen den Glasscheiben. Diese Folie ist \u00fcber die gesamte Fl\u00e4che der Glasscheiben hochelastisch, transparent, matt oder farbig verbunden. Die Folie ist unsichtbar mit den Scheiben laminiert. Weiterhin ist es alterungs- sowie UV-best\u00e4ndig. VSG zerf\u00e4llt nicht bei Glasbruch. Sondern bleibt es durch seine Resttragf\u00e4higkeit formstabil. VSG ist zum Beispiel ideal f\u00fcr begehbares Glas f\u00fcr Glasb\u00f6den.<\/p>\n<p><img decoding=\"async\" src=\"https:\/\/www.schlossnotdienst-hamburg.de\/glasdienst-grindel\/wp-content\/uploads\/vsg-sicherheitsglas-hamburg.jpg\" alt=\"VSG Sicherheitsglas\" \/><\/p>\n<h2>Einsatzbereiche f\u00fcr VSG-Glas<\/h2>\n<p>In Deutschland muss VSG bei \u00dcberkopfverglasungen aus Gr\u00fcnden der Resttragf\u00e4higkeit Bestandteil des Scheibenaufbaus sein.<\/p>\n<p>Zunehmend werden aber auch im Fassadenbereich punktgelagerte Verglasungen aus VSG eingesetzt. Bei Vertikalverglasungen kann im Unterschied zu \u00dcberkopfverglasungen bei der Zerst\u00f6rung beider Scheiben auch mit VSG aus ESG-Sicherheitsglas eine gute Resttragf\u00e4higkeit erreicht werden. Das Eigengewicht des Glases wirkt dabei in der Scheibenebene und die Bruchst\u00fccke werden durch die splitterbindende Wirkung der Folie zusammengehalten. Manche Verbundgl\u00e4ser mit einem Gie\u00dfharzverbund werden im Rahmen von Zulassungen inzwischen auch als VSG eingestuft.<\/p>\n<h3>Hochwertiges Sicherheitsglas (VSG) und seine Formen<\/h3>\n<p>Verbundsicherheitsglas kann neben normalem Flachglas wie Floatglas auch aus Einscheibensicherheitsglas (ESG) bestehen. Floatglas ist normales Fensterglas. Es hat seinen Namen nur aufgrund der neuen Herstellungsweise erhalten. Bei diesem Produktionsverfahren treibt geschmolzenes Glas auf einer Zinnschmelze. Auf dem es sich planparallel ausbreiten und als Band oder Scheibe ausbilden kann. Sobald es auf Raumtemperatur langsam abgek\u00fchlt ist, wird es in Form geschnitten. Wenn es kaputt geht w\u00fcrde es ohne eingearbeitete Folie in scharfkantige Bruchst\u00fccke zerfallen. Das Flachglas ist jedoch eine hervorragende Basis f\u00fcr hochwertige Sicherheitsgl\u00e4ser mit doppelter Folienlage. F\u00fcr Einscheibensicherheitsglas wird Floatglas thermisch vorgespannt und pl\u00f6tzlich abgek\u00fchlt. So bleibt es im Eigenspannungszustand und erh\u00e4lt eine h\u00f6here Biegezugfestigkeit. Es wird jedoch nicht h\u00e4rter.<\/p>\n<h3>Verbundglas<\/h3>\n<p><img decoding=\"async\" src=\"https:\/\/www.schlossnotdienst-hamburg.de\/glasdienst-grindel\/wp-content\/uploads\/Verbundglas.jpg\" alt=\"Verbundglas\" \/><\/p>\n<p>Der Aufbau des Verbundglases (VG) entspricht dem des VSG, als Zwischenmaterialien werden allerdings keine PVB-Folien verwendet. Die Designm\u00f6glichkeiten sind sehr vielf\u00e4ltig. So k\u00f6nnen nicht nur verschiedene Wandbel\u00e4ge oder Schichtstoffdekore mit dem Glas laminiert werden. Es k\u00f6nnen auch Fotos oder Siebdruckdekore durch den Verbund aufgewertet werden. Sie erhalten eine faszinierende Tiefenwirkung. Ferner k\u00f6nnen die Laminate f\u00fcr den Au\u00dfen- als auch f\u00fcr den Innenbereich hergestellt werden.<\/p>\n<p><strong>Wenn Sie an Verbundglas interessiert sind, dann rufen Sie uns an: 040 &#8211; 44 79 85<\/strong><\/p>\n","protected":false},"excerpt":{"rendered":"<p>ESG Sicherheitsglas &#8211; von Glasdienst Grindel aus Hamburg Einscheiben-Sicherheitsglas ESG besteht aus einer einzigen, speziell w\u00e4rmebehandelten Scheibe &#8211; und ist dadurch hoch biegefest. Den Gestaltungsspielr\u00e4umen von ESG als Architekturelement sind kaum Grenzen gesetzt. Bei Glasbruch zerkr\u00fcmelt ESG in kleine St\u00fccke, welche nicht verletzen k\u00f6nnen. Als Bestandteil verschiedener Verglasungen kommt Einscheibensicherheitsgla nahezu \u00fcberall im Innen- und &hellip; <a href=\"https:\/\/www.schlossnotdienst-hamburg.de\/glasdienst-grindel\/esg-vsg-sicherheitsglas\/\" class=\"more-link\"><span class=\"screen-reader-text\">\u201eESG VSG Sicherheitsglas\u201c<\/span> weiterlesen<\/a><\/p>\n","protected":false},"author":1,"featured_media":0,"parent":0,"menu_order":70,"comment_status":"closed","ping_status":"closed","template":"","meta":{"footnotes":""},"class_list":["post-86","page","type-page","status-publish","hentry"],"yoast_head":"<!-- This site is optimized with the Yoast SEO plugin v23.1 - https:\/\/yoast.com\/wordpress\/plugins\/seo\/ -->\n<title>ESG VSG Sicherheitsglas Glasdienst Grindel Hamburg<\/title>\n<meta name=\"description\" content=\"ESG VSG Sicherheitsglas, Verbundglas und mehr. Drahtglas und Drahtornamentglas vom Glasdienst Grindel aus Hamburg.\" \/>\n<meta name=\"robots\" content=\"index, follow, max-snippet:-1, max-image-preview:large, max-video-preview:-1\" \/>\n<link rel=\"canonical\" href=\"https:\/\/www.schlossnotdienst-hamburg.de\/glasdienst-grindel\/esg-vsg-sicherheitsglas\/\" \/>\n<meta property=\"og:locale\" content=\"de_DE\" \/>\n<meta property=\"og:type\" content=\"article\" \/>\n<meta property=\"og:title\" content=\"ESG VSG Sicherheitsglas Glasdienst Grindel Hamburg\" \/>\n<meta property=\"og:description\" content=\"ESG VSG Sicherheitsglas, Verbundglas und mehr. Drahtglas und Drahtornamentglas vom Glasdienst Grindel aus Hamburg.\" \/>\n<meta property=\"og:url\" content=\"https:\/\/www.schlossnotdienst-hamburg.de\/glasdienst-grindel\/esg-vsg-sicherheitsglas\/\" \/>\n<meta property=\"og:site_name\" content=\"Glasdienst Grindel\" \/>\n<meta property=\"og:image\" content=\"https:\/\/www.schlossnotdienst-hamburg.de\/glasdienst-grindel\/wp-content\/uploads\/ESG-Sicherheitsglas.jpg\" \/>\n<meta name=\"twitter:card\" content=\"summary_large_image\" \/>\n<script type=\"application\/ld+json\" class=\"yoast-schema-graph\">{\"@context\":\"https:\/\/schema.org\",\"@graph\":[{\"@type\":\"WebPage\",\"@id\":\"https:\/\/www.schlossnotdienst-hamburg.de\/glasdienst-grindel\/esg-vsg-sicherheitsglas\/\",\"url\":\"https:\/\/www.schlossnotdienst-hamburg.de\/glasdienst-grindel\/esg-vsg-sicherheitsglas\/\",\"name\":\"ESG VSG Sicherheitsglas Glasdienst Grindel Hamburg\",\"isPartOf\":{\"@id\":\"https:\/\/www.schlossnotdienst-hamburg.de\/glasdienst-grindel\/#website\"},\"primaryImageOfPage\":{\"@id\":\"https:\/\/www.schlossnotdienst-hamburg.de\/glasdienst-grindel\/esg-vsg-sicherheitsglas\/#primaryimage\"},\"image\":{\"@id\":\"https:\/\/www.schlossnotdienst-hamburg.de\/glasdienst-grindel\/esg-vsg-sicherheitsglas\/#primaryimage\"},\"thumbnailUrl\":\"https:\/\/www.schlossnotdienst-hamburg.de\/glasdienst-grindel\/wp-content\/uploads\/ESG-Sicherheitsglas.jpg\",\"datePublished\":\"2023-08-24T07:02:04+00:00\",\"dateModified\":\"2023-08-24T07:02:04+00:00\",\"description\":\"ESG VSG Sicherheitsglas, Verbundglas und mehr. Drahtglas und Drahtornamentglas vom Glasdienst Grindel aus Hamburg.\",\"breadcrumb\":{\"@id\":\"https:\/\/www.schlossnotdienst-hamburg.de\/glasdienst-grindel\/esg-vsg-sicherheitsglas\/#breadcrumb\"},\"inLanguage\":\"de\",\"potentialAction\":[{\"@type\":\"ReadAction\",\"target\":[\"https:\/\/www.schlossnotdienst-hamburg.de\/glasdienst-grindel\/esg-vsg-sicherheitsglas\/\"]}]},{\"@type\":\"ImageObject\",\"inLanguage\":\"de\",\"@id\":\"https:\/\/www.schlossnotdienst-hamburg.de\/glasdienst-grindel\/esg-vsg-sicherheitsglas\/#primaryimage\",\"url\":\"https:\/\/www.schlossnotdienst-hamburg.de\/glasdienst-grindel\/wp-content\/uploads\/ESG-Sicherheitsglas.jpg\",\"contentUrl\":\"https:\/\/www.schlossnotdienst-hamburg.de\/glasdienst-grindel\/wp-content\/uploads\/ESG-Sicherheitsglas.jpg\",\"width\":575,\"height\":353},{\"@type\":\"BreadcrumbList\",\"@id\":\"https:\/\/www.schlossnotdienst-hamburg.de\/glasdienst-grindel\/esg-vsg-sicherheitsglas\/#breadcrumb\",\"itemListElement\":[{\"@type\":\"ListItem\",\"position\":1,\"name\":\"Startseite\",\"item\":\"https:\/\/www.schlossnotdienst-hamburg.de\/glasdienst-grindel\/\"},{\"@type\":\"ListItem\",\"position\":2,\"name\":\"ESG VSG Sicherheitsglas\"}]},{\"@type\":\"WebSite\",\"@id\":\"https:\/\/www.schlossnotdienst-hamburg.de\/glasdienst-grindel\/#website\",\"url\":\"https:\/\/www.schlossnotdienst-hamburg.de\/glasdienst-grindel\/\",\"name\":\"Glasdienst Grindel\",\"description\":\"\",\"potentialAction\":[{\"@type\":\"SearchAction\",\"target\":{\"@type\":\"EntryPoint\",\"urlTemplate\":\"https:\/\/www.schlossnotdienst-hamburg.de\/glasdienst-grindel\/?s={search_term_string}\"},\"query-input\":\"required name=search_term_string\"}],\"inLanguage\":\"de\"}]}<\/script>\n<!-- \/ Yoast SEO plugin. -->","yoast_head_json":{"title":"ESG VSG Sicherheitsglas Glasdienst Grindel Hamburg","description":"ESG VSG Sicherheitsglas, Verbundglas und mehr. Drahtglas und Drahtornamentglas vom Glasdienst Grindel aus Hamburg.","robots":{"index":"index","follow":"follow","max-snippet":"max-snippet:-1","max-image-preview":"max-image-preview:large","max-video-preview":"max-video-preview:-1"},"canonical":"https:\/\/www.schlossnotdienst-hamburg.de\/glasdienst-grindel\/esg-vsg-sicherheitsglas\/","og_locale":"de_DE","og_type":"article","og_title":"ESG VSG Sicherheitsglas Glasdienst Grindel Hamburg","og_description":"ESG VSG Sicherheitsglas, Verbundglas und mehr. Drahtglas und Drahtornamentglas vom Glasdienst Grindel aus Hamburg.","og_url":"https:\/\/www.schlossnotdienst-hamburg.de\/glasdienst-grindel\/esg-vsg-sicherheitsglas\/","og_site_name":"Glasdienst Grindel","og_image":[{"url":"https:\/\/www.schlossnotdienst-hamburg.de\/glasdienst-grindel\/wp-content\/uploads\/ESG-Sicherheitsglas.jpg"}],"twitter_card":"summary_large_image","schema":{"@context":"https:\/\/schema.org","@graph":[{"@type":"WebPage","@id":"https:\/\/www.schlossnotdienst-hamburg.de\/glasdienst-grindel\/esg-vsg-sicherheitsglas\/","url":"https:\/\/www.schlossnotdienst-hamburg.de\/glasdienst-grindel\/esg-vsg-sicherheitsglas\/","name":"ESG VSG Sicherheitsglas Glasdienst Grindel Hamburg","isPartOf":{"@id":"https:\/\/www.schlossnotdienst-hamburg.de\/glasdienst-grindel\/#website"},"primaryImageOfPage":{"@id":"https:\/\/www.schlossnotdienst-hamburg.de\/glasdienst-grindel\/esg-vsg-sicherheitsglas\/#primaryimage"},"image":{"@id":"https:\/\/www.schlossnotdienst-hamburg.de\/glasdienst-grindel\/esg-vsg-sicherheitsglas\/#primaryimage"},"thumbnailUrl":"https:\/\/www.schlossnotdienst-hamburg.de\/glasdienst-grindel\/wp-content\/uploads\/ESG-Sicherheitsglas.jpg","datePublished":"2023-08-24T07:02:04+00:00","dateModified":"2023-08-24T07:02:04+00:00","description":"ESG VSG Sicherheitsglas, Verbundglas und mehr. Drahtglas und Drahtornamentglas vom Glasdienst Grindel aus Hamburg.","breadcrumb":{"@id":"https:\/\/www.schlossnotdienst-hamburg.de\/glasdienst-grindel\/esg-vsg-sicherheitsglas\/#breadcrumb"},"inLanguage":"de","potentialAction":[{"@type":"ReadAction","target":["https:\/\/www.schlossnotdienst-hamburg.de\/glasdienst-grindel\/esg-vsg-sicherheitsglas\/"]}]},{"@type":"ImageObject","inLanguage":"de","@id":"https:\/\/www.schlossnotdienst-hamburg.de\/glasdienst-grindel\/esg-vsg-sicherheitsglas\/#primaryimage","url":"https:\/\/www.schlossnotdienst-hamburg.de\/glasdienst-grindel\/wp-content\/uploads\/ESG-Sicherheitsglas.jpg","contentUrl":"https:\/\/www.schlossnotdienst-hamburg.de\/glasdienst-grindel\/wp-content\/uploads\/ESG-Sicherheitsglas.jpg","width":575,"height":353},{"@type":"BreadcrumbList","@id":"https:\/\/www.schlossnotdienst-hamburg.de\/glasdienst-grindel\/esg-vsg-sicherheitsglas\/#breadcrumb","itemListElement":[{"@type":"ListItem","position":1,"name":"Startseite","item":"https:\/\/www.schlossnotdienst-hamburg.de\/glasdienst-grindel\/"},{"@type":"ListItem","position":2,"name":"ESG VSG Sicherheitsglas"}]},{"@type":"WebSite","@id":"https:\/\/www.schlossnotdienst-hamburg.de\/glasdienst-grindel\/#website","url":"https:\/\/www.schlossnotdienst-hamburg.de\/glasdienst-grindel\/","name":"Glasdienst Grindel","description":"","potentialAction":[{"@type":"SearchAction","target":{"@type":"EntryPoint","urlTemplate":"https:\/\/www.schlossnotdienst-hamburg.de\/glasdienst-grindel\/?s={search_term_string}"},"query-input":"required name=search_term_string"}],"inLanguage":"de"}]}},"_links":{"self":[{"href":"https:\/\/www.schlossnotdienst-hamburg.de\/glasdienst-grindel\/wp-json\/wp\/v2\/pages\/86","targetHints":{"allow":["GET"]}}],"collection":[{"href":"https:\/\/www.schlossnotdienst-hamburg.de\/glasdienst-grindel\/wp-json\/wp\/v2\/pages"}],"about":[{"href":"https:\/\/www.schlossnotdienst-hamburg.de\/glasdienst-grindel\/wp-json\/wp\/v2\/types\/page"}],"author":[{"embeddable":true,"href":"https:\/\/www.schlossnotdienst-hamburg.de\/glasdienst-grindel\/wp-json\/wp\/v2\/users\/1"}],"replies":[{"embeddable":true,"href":"https:\/\/www.schlossnotdienst-hamburg.de\/glasdienst-grindel\/wp-json\/wp\/v2\/comments?post=86"}],"version-history":[{"count":1,"href":"https:\/\/www.schlossnotdienst-hamburg.de\/glasdienst-grindel\/wp-json\/wp\/v2\/pages\/86\/revisions"}],"predecessor-version":[{"id":87,"href":"https:\/\/www.schlossnotdienst-hamburg.de\/glasdienst-grindel\/wp-json\/wp\/v2\/pages\/86\/revisions\/87"}],"wp:attachment":[{"href":"https:\/\/www.schlossnotdienst-hamburg.de\/glasdienst-grindel\/wp-json\/wp\/v2\/media?parent=86"}],"curies":[{"name":"wp","href":"https:\/\/api.w.org\/{rel}","templated":true}]}}