{"id":78,"date":"2023-08-16T10:52:49","date_gmt":"2023-08-16T08:52:49","guid":{"rendered":"https:\/\/www.schlossnotdienst-hamburg.de\/glasdienst-grindel\/?page_id=78"},"modified":"2023-08-16T10:57:49","modified_gmt":"2023-08-16T08:57:49","slug":"reparaturverglasungen","status":"publish","type":"page","link":"https:\/\/www.schlossnotdienst-hamburg.de\/glasdienst-grindel\/reparaturverglasungen\/","title":{"rendered":"Reparaturverglasungen"},"content":{"rendered":"<h1>Glaserei Hamburg &#8211; Reparaturverglasungen<\/h1>\n<p><img decoding=\"async\" src=\"https:\/\/www.schlossnotdienst-hamburg.de\/glasdienst-grindel\/wp-content\/uploads\/Glasnotdienstservice.jpg\" alt=\"Reparaturverglasungen schnell und sicher\" \/><\/p>\n<p><strong>Ihre Glaserei in Hamburg &#8211; Schnell und sicher!<\/strong><\/p>\n<p>Ihre Glaserei f\u00fcr Hamburg<br \/>\nGlasarbeiten aller Art<br \/>\nindividuelle Anfertigung<br \/>\nReparatur und Neuverglasung<\/p>\n<p><span class=\"keinumbruch\"><a href=\"tel:+4940447985\"><strong>Telefon: 040 &#8211; 44 79 85<\/strong><\/a><\/span><\/p>\n<p>Wir f\u00fchren f\u00fcr Sie Reparaturverglasungen an Fenstern, Schaufenstern, Haust\u00fcren, Zimmert\u00fcren, etc. aus. Je nach Situation mit Isolierglas, Einfachglas oder Ornamentglas. Auf Wunsch rechnen wir direkt mit Ihrer Versicherung ab. Sprechen Sie darum mit uns, wir helfen Ihnen gerne.<\/p>\n<p>F\u00fcr Sie nehmen wir vor Ort Ma\u00df. Damit alles genau pa\u00dft. Sprechen Sie uns an, wir k\u00f6nnen Ihnen mit Sicherheit helfen.<\/p>\n<p><img decoding=\"async\" src=\"https:\/\/www.schlossnotdienst-hamburg.de\/glasdienst-grindel\/wp-content\/uploads\/glasdienst-grindel.jpg\" alt=\"Reparaturverglasungen Glasnotdienst\" \/><\/p>\n<p>Eine Glasscheibe ist in Ihrem Haus oder Ihrer Wohnung zu Bruch gegangen? Es gibt wohl kaum einen Bauherrn, der sich dabei noch nie um Reparaturverglasungen k\u00fcmmern musste. Was soll man als Erstes tun? Wenn eine Fensterscheibe zu Bruch gegangen ist? Wichtig ist, dass Sie die Ruhe bewahren und umsichtig handeln. Ist eine Fensterscheibe oder anderes Objekt aus Glas in tausend Teile zersplittert? Dann sollten Sie zuerst daf\u00fcr sorgen, dass Kinder und andere Personen nicht durch scharfe Splitter verletzt werden k\u00f6nnen. Bringen Sie alle Personen in Sicherheit! Rufen Sie sofort unseren Fenster-Notdienst f\u00fcr Reparaturverglasungen im Raum Hamburg an.<\/p>\n<p><strong>ORNAMENTGLAS &#8211; Basisglas mit Struktur<\/strong><br \/>\nOrnamentglas &#8211; auch Gussglas oder Stukturglas genannt &#8211; erh\u00e4lt seine Form und seine besondere Oberfl\u00e4che durch ein Walzverfahren. Das Glas verliert dadurch seine klare Durchsichtigkeit. Es eignet sich aber genau deshalb bestens als sichtminderndes Gestaltungselement. Und das in Verbindung mit einer hohen Lichtdurchl\u00e4ssigkeit.<\/p>\n<h3>Lohnende Investition<\/h3>\n<p>Ferner ist W\u00e4rmed\u00e4mmglas eine Investition, die Ihre Wohnqualit\u00e4t erheblich steigert. Die Glasbeschichtung verhindert das unerw\u00fcnschte Eindringen von \u00fcbersch\u00fcssiger W\u00e4rmestrahlung nach Innen und folglich das Austreten von Heizw\u00e4rme nach Au\u00dfen.<\/p>\n<p>Durch die W\u00e4rmeschutz-Isolierverglasung bleibt die Scheibenoberfl\u00e4che auf der Raumseite angenehm warm. Sie bietet zudem einen hervorragenden Schallschutz.<\/p>\n<h3>Ressourcen schonen!<\/h3>\n<p>Weiterhin helfen wir Ihnen dauerhaft Energie zu sparen und somit Ihre Kosten deutlich zu senken. Bei unseren Arbeiten sind wir stets darauf bedacht, dass sich Ihre Investitionen im Rahmen halten. Das bedeutet: Wenn es uns m\u00f6glich ist, erhalten wir Ihren Rahmen und tauschen lediglich die Scheibe aus.<\/p>\n<p>Rufen Sie uns an: <span class=\\\"keinumbruch\\\"><a href=\\\"tel:+4940447985\\\"><strong>040 &#8211; 44 79 85<\/strong><\/a><\/span><br \/>\ne-Mail: <strong><a href=\\\"mailto:info@sicherheitstechnik-grindel.de\\\">info@sicherheitstechnik-grindel.de<\/a><\/strong><\/p>\n<p>Weiterhin empfehlen wir Ihnen den folgenden Notdienst f\u00fcr T\u00e4tigkeiten in anderen Aufgabengebieten:<br \/>\n<a href=\"http:\/\/www.schluesseldienst-grindel.de\/\">www.schluesseldienst-grindel.de<\/a> -> der Schl\u00fcsseldienst in Hamburg<\/p>\n","protected":false},"excerpt":{"rendered":"<p>Glaserei Hamburg &#8211; Reparaturverglasungen Ihre Glaserei in Hamburg &#8211; Schnell und sicher! Ihre Glaserei f\u00fcr Hamburg Glasarbeiten aller Art individuelle Anfertigung Reparatur und Neuverglasung Telefon: 040 &#8211; 44 79 85 Wir f\u00fchren f\u00fcr Sie Reparaturverglasungen an Fenstern, Schaufenstern, Haust\u00fcren, Zimmert\u00fcren, etc. aus. Je nach Situation mit Isolierglas, Einfachglas oder Ornamentglas. Auf Wunsch rechnen wir direkt &hellip; <a href=\"https:\/\/www.schlossnotdienst-hamburg.de\/glasdienst-grindel\/reparaturverglasungen\/\" class=\"more-link\"><span class=\"screen-reader-text\">\u201eReparaturverglasungen\u201c<\/span> weiterlesen<\/a><\/p>\n","protected":false},"author":1,"featured_media":0,"parent":0,"menu_order":50,"comment_status":"closed","ping_status":"closed","template":"","meta":{"footnotes":""},"class_list":["post-78","page","type-page","status-publish","hentry"],"yoast_head":"<!-- This site is optimized with the Yoast SEO plugin v23.1 - https:\/\/yoast.com\/wordpress\/plugins\/seo\/ -->\n<title>Reparaturverglasungen<\/title>\n<meta name=\"description\" content=\"Reparaturverglasungen vom Glasdienst Grindel aus Hamburg. Ihre Glaserei in Hamburg - Schnell und sicher! Telefon: 040 - 44 79 85\" \/>\n<meta name=\"robots\" content=\"index, follow, max-snippet:-1, max-image-preview:large, max-video-preview:-1\" \/>\n<link rel=\"canonical\" href=\"https:\/\/www.schlossnotdienst-hamburg.de\/glasdienst-grindel\/reparaturverglasungen\/\" \/>\n<meta property=\"og:locale\" content=\"de_DE\" \/>\n<meta property=\"og:type\" content=\"article\" \/>\n<meta property=\"og:title\" content=\"Reparaturverglasungen\" \/>\n<meta property=\"og:description\" content=\"Reparaturverglasungen vom Glasdienst Grindel aus Hamburg. Ihre Glaserei in Hamburg - Schnell und sicher! Telefon: 040 - 44 79 85\" \/>\n<meta property=\"og:url\" content=\"https:\/\/www.schlossnotdienst-hamburg.de\/glasdienst-grindel\/reparaturverglasungen\/\" \/>\n<meta property=\"og:site_name\" content=\"Glasdienst Grindel\" \/>\n<meta property=\"article:modified_time\" content=\"2023-08-16T08:57:49+00:00\" \/>\n<meta property=\"og:image\" content=\"https:\/\/www.schlossnotdienst-hamburg.de\/glasdienst-grindel\/wp-content\/uploads\/Glasnotdienstservice.jpg\" \/>\n<meta name=\"twitter:card\" content=\"summary_large_image\" \/>\n<meta name=\"twitter:label1\" content=\"Gesch\u00e4tzte Lesezeit\" \/>\n\t<meta name=\"twitter:data1\" content=\"3\u00a0Minuten\" \/>\n<script type=\"application\/ld+json\" class=\"yoast-schema-graph\">{\"@context\":\"https:\/\/schema.org\",\"@graph\":[{\"@type\":\"WebPage\",\"@id\":\"https:\/\/www.schlossnotdienst-hamburg.de\/glasdienst-grindel\/reparaturverglasungen\/\",\"url\":\"https:\/\/www.schlossnotdienst-hamburg.de\/glasdienst-grindel\/reparaturverglasungen\/\",\"name\":\"Reparaturverglasungen\",\"isPartOf\":{\"@id\":\"https:\/\/www.schlossnotdienst-hamburg.de\/glasdienst-grindel\/#website\"},\"primaryImageOfPage\":{\"@id\":\"https:\/\/www.schlossnotdienst-hamburg.de\/glasdienst-grindel\/reparaturverglasungen\/#primaryimage\"},\"image\":{\"@id\":\"https:\/\/www.schlossnotdienst-hamburg.de\/glasdienst-grindel\/reparaturverglasungen\/#primaryimage\"},\"thumbnailUrl\":\"https:\/\/www.schlossnotdienst-hamburg.de\/glasdienst-grindel\/wp-content\/uploads\/Glasnotdienstservice.jpg\",\"datePublished\":\"2023-08-16T08:52:49+00:00\",\"dateModified\":\"2023-08-16T08:57:49+00:00\",\"description\":\"Reparaturverglasungen vom Glasdienst Grindel aus Hamburg. Ihre Glaserei in Hamburg - Schnell und sicher! Telefon: 040 - 44 79 85\",\"breadcrumb\":{\"@id\":\"https:\/\/www.schlossnotdienst-hamburg.de\/glasdienst-grindel\/reparaturverglasungen\/#breadcrumb\"},\"inLanguage\":\"de\",\"potentialAction\":[{\"@type\":\"ReadAction\",\"target\":[\"https:\/\/www.schlossnotdienst-hamburg.de\/glasdienst-grindel\/reparaturverglasungen\/\"]}]},{\"@type\":\"ImageObject\",\"inLanguage\":\"de\",\"@id\":\"https:\/\/www.schlossnotdienst-hamburg.de\/glasdienst-grindel\/reparaturverglasungen\/#primaryimage\",\"url\":\"https:\/\/www.schlossnotdienst-hamburg.de\/glasdienst-grindel\/wp-content\/uploads\/Glasnotdienstservice.jpg\",\"contentUrl\":\"https:\/\/www.schlossnotdienst-hamburg.de\/glasdienst-grindel\/wp-content\/uploads\/Glasnotdienstservice.jpg\",\"width\":424,\"height\":283},{\"@type\":\"BreadcrumbList\",\"@id\":\"https:\/\/www.schlossnotdienst-hamburg.de\/glasdienst-grindel\/reparaturverglasungen\/#breadcrumb\",\"itemListElement\":[{\"@type\":\"ListItem\",\"position\":1,\"name\":\"Startseite\",\"item\":\"https:\/\/www.schlossnotdienst-hamburg.de\/glasdienst-grindel\/\"},{\"@type\":\"ListItem\",\"position\":2,\"name\":\"Reparaturverglasungen\"}]},{\"@type\":\"WebSite\",\"@id\":\"https:\/\/www.schlossnotdienst-hamburg.de\/glasdienst-grindel\/#website\",\"url\":\"https:\/\/www.schlossnotdienst-hamburg.de\/glasdienst-grindel\/\",\"name\":\"Glasdienst Grindel\",\"description\":\"\",\"potentialAction\":[{\"@type\":\"SearchAction\",\"target\":{\"@type\":\"EntryPoint\",\"urlTemplate\":\"https:\/\/www.schlossnotdienst-hamburg.de\/glasdienst-grindel\/?s={search_term_string}\"},\"query-input\":\"required name=search_term_string\"}],\"inLanguage\":\"de\"}]}<\/script>\n<!-- \/ Yoast SEO plugin. -->","yoast_head_json":{"title":"Reparaturverglasungen","description":"Reparaturverglasungen vom Glasdienst Grindel aus Hamburg. Ihre Glaserei in Hamburg - Schnell und sicher! Telefon: 040 - 44 79 85","robots":{"index":"index","follow":"follow","max-snippet":"max-snippet:-1","max-image-preview":"max-image-preview:large","max-video-preview":"max-video-preview:-1"},"canonical":"https:\/\/www.schlossnotdienst-hamburg.de\/glasdienst-grindel\/reparaturverglasungen\/","og_locale":"de_DE","og_type":"article","og_title":"Reparaturverglasungen","og_description":"Reparaturverglasungen vom Glasdienst Grindel aus Hamburg. Ihre Glaserei in Hamburg - Schnell und sicher! Telefon: 040 - 44 79 85","og_url":"https:\/\/www.schlossnotdienst-hamburg.de\/glasdienst-grindel\/reparaturverglasungen\/","og_site_name":"Glasdienst Grindel","article_modified_time":"2023-08-16T08:57:49+00:00","og_image":[{"url":"https:\/\/www.schlossnotdienst-hamburg.de\/glasdienst-grindel\/wp-content\/uploads\/Glasnotdienstservice.jpg"}],"twitter_card":"summary_large_image","twitter_misc":{"Gesch\u00e4tzte Lesezeit":"3\u00a0Minuten"},"schema":{"@context":"https:\/\/schema.org","@graph":[{"@type":"WebPage","@id":"https:\/\/www.schlossnotdienst-hamburg.de\/glasdienst-grindel\/reparaturverglasungen\/","url":"https:\/\/www.schlossnotdienst-hamburg.de\/glasdienst-grindel\/reparaturverglasungen\/","name":"Reparaturverglasungen","isPartOf":{"@id":"https:\/\/www.schlossnotdienst-hamburg.de\/glasdienst-grindel\/#website"},"primaryImageOfPage":{"@id":"https:\/\/www.schlossnotdienst-hamburg.de\/glasdienst-grindel\/reparaturverglasungen\/#primaryimage"},"image":{"@id":"https:\/\/www.schlossnotdienst-hamburg.de\/glasdienst-grindel\/reparaturverglasungen\/#primaryimage"},"thumbnailUrl":"https:\/\/www.schlossnotdienst-hamburg.de\/glasdienst-grindel\/wp-content\/uploads\/Glasnotdienstservice.jpg","datePublished":"2023-08-16T08:52:49+00:00","dateModified":"2023-08-16T08:57:49+00:00","description":"Reparaturverglasungen vom Glasdienst Grindel aus Hamburg. Ihre Glaserei in Hamburg - Schnell und sicher! Telefon: 040 - 44 79 85","breadcrumb":{"@id":"https:\/\/www.schlossnotdienst-hamburg.de\/glasdienst-grindel\/reparaturverglasungen\/#breadcrumb"},"inLanguage":"de","potentialAction":[{"@type":"ReadAction","target":["https:\/\/www.schlossnotdienst-hamburg.de\/glasdienst-grindel\/reparaturverglasungen\/"]}]},{"@type":"ImageObject","inLanguage":"de","@id":"https:\/\/www.schlossnotdienst-hamburg.de\/glasdienst-grindel\/reparaturverglasungen\/#primaryimage","url":"https:\/\/www.schlossnotdienst-hamburg.de\/glasdienst-grindel\/wp-content\/uploads\/Glasnotdienstservice.jpg","contentUrl":"https:\/\/www.schlossnotdienst-hamburg.de\/glasdienst-grindel\/wp-content\/uploads\/Glasnotdienstservice.jpg","width":424,"height":283},{"@type":"BreadcrumbList","@id":"https:\/\/www.schlossnotdienst-hamburg.de\/glasdienst-grindel\/reparaturverglasungen\/#breadcrumb","itemListElement":[{"@type":"ListItem","position":1,"name":"Startseite","item":"https:\/\/www.schlossnotdienst-hamburg.de\/glasdienst-grindel\/"},{"@type":"ListItem","position":2,"name":"Reparaturverglasungen"}]},{"@type":"WebSite","@id":"https:\/\/www.schlossnotdienst-hamburg.de\/glasdienst-grindel\/#website","url":"https:\/\/www.schlossnotdienst-hamburg.de\/glasdienst-grindel\/","name":"Glasdienst Grindel","description":"","potentialAction":[{"@type":"SearchAction","target":{"@type":"EntryPoint","urlTemplate":"https:\/\/www.schlossnotdienst-hamburg.de\/glasdienst-grindel\/?s={search_term_string}"},"query-input":"required name=search_term_string"}],"inLanguage":"de"}]}},"_links":{"self":[{"href":"https:\/\/www.schlossnotdienst-hamburg.de\/glasdienst-grindel\/wp-json\/wp\/v2\/pages\/78","targetHints":{"allow":["GET"]}}],"collection":[{"href":"https:\/\/www.schlossnotdienst-hamburg.de\/glasdienst-grindel\/wp-json\/wp\/v2\/pages"}],"about":[{"href":"https:\/\/www.schlossnotdienst-hamburg.de\/glasdienst-grindel\/wp-json\/wp\/v2\/types\/page"}],"author":[{"embeddable":true,"href":"https:\/\/www.schlossnotdienst-hamburg.de\/glasdienst-grindel\/wp-json\/wp\/v2\/users\/1"}],"replies":[{"embeddable":true,"href":"https:\/\/www.schlossnotdienst-hamburg.de\/glasdienst-grindel\/wp-json\/wp\/v2\/comments?post=78"}],"version-history":[{"count":3,"href":"https:\/\/www.schlossnotdienst-hamburg.de\/glasdienst-grindel\/wp-json\/wp\/v2\/pages\/78\/revisions"}],"predecessor-version":[{"id":83,"href":"https:\/\/www.schlossnotdienst-hamburg.de\/glasdienst-grindel\/wp-json\/wp\/v2\/pages\/78\/revisions\/83"}],"wp:attachment":[{"href":"https:\/\/www.schlossnotdienst-hamburg.de\/glasdienst-grindel\/wp-json\/wp\/v2\/media?parent=78"}],"curies":[{"name":"wp","href":"https:\/\/api.w.org\/{rel}","templated":true}]}}