{"id":5,"date":"2023-05-28T12:51:07","date_gmt":"2023-05-28T10:51:07","guid":{"rendered":"https:\/\/www.schlossnotdienst-hamburg.de\/glasdienst-grindel\/?page_id=5"},"modified":"2023-12-04T12:34:31","modified_gmt":"2023-12-04T11:34:31","slug":"home","status":"publish","type":"page","link":"https:\/\/www.schlossnotdienst-hamburg.de\/glasdienst-grindel\/","title":{"rendered":"Home"},"content":{"rendered":"<h1>Glasnotdienst Grindel in Hamburg<\/h1>\n<p>Unser Glasnotdienst in Hamburg steht Ihnen rund um das Thema Glas mit Rat und Tat zur Seite. Wir bieten Ihnen jahrelange Erfahrung als Glasnotdienst in Hamburg und Umgebung. Auch bei individuellen W\u00fcnschen und Glaskonzepten sind wir Ihnen gerne behilflich. <\/p>\n<p>Rufen Sie uns einfach unter folgender Telefonnummer an: <span class=\"keinumbruch\"><a href=\"tel:+4940447985\"><strong>040 &#8211; 44 79 85<\/strong><\/a><\/span><\/p>\n<p><strong><a href=\"mailto:info@sicherheitstechnik-grindel.de\">e-Mail: info@sicherheitstechnik-grindel.de<\/a><\/strong><\/p>\n<h3>24h Notdienst im Gro\u00dfraum Hamburg, Glasbruch?<\/h3>\n<p>Ob bei Unfall mit Glasbruchschaden, Einbruch oder Unwetter stehen wir Ihnen mit unserem Notdienst 24 Stunden an 365 Tagen zur Verf\u00fcgung.<\/p>\n<h3>Nicht nur die Winterzeit ist Einbruchzeit, sch\u00fctzen Sie sich durch Fenstermodernisierung!<br \/><a href=\"https:\/\/www.schlossnotdienst-hamburg.de\/glasdienst-grindel\/fenstermodernisierung\/\" title=\"Fenstermodernisierung aus Hamburg\">&raquo; Mehr zum Thema Fenstermodernisierung finden Sie hier.<\/a><\/h3>\n<div class=\"csmm\">\n<div class=\"zweispalten\">\n<p><img decoding=\"async\" src=\"https:\/\/www.schlossnotdienst-hamburg.de\/glasdienst-grindel\/wp-content\/uploads\/Glasnotdienstservice.jpg\" alt=\"Glasnotdienstservice bzw. Glaserei\" \/><\/p>\n<\/div>\n<div class=\"zweispalten\">\nBeispielsweise Isolierverglasungen im Neubau oder Reparaturverglasungen bis hin zu Ma\u00dfanfertigungen aller Art. Wir sind Ihr kompetenter Ansprechpartner. Unsere Mitarbeiter arbeiten im Sinne des Kunden und wechseln nach M\u00f6glichkeit nur das Glas aus. Das spart Ihnen unn\u00f6tige Ausgaben!<\/p>\n<p>F\u00fcr Ihren Schutz und Ihrer wirkvollen Einrichtung kommen u.a. einbruchshemmende Gl\u00e4ser zur Ausf\u00fchrung. Auch die mechanische Sicherung an Fenstern und T\u00fcren ist entscheidend!<\/p>\n<h2>Unser Glasnotdienst bietet Ihnen einen Glasnotdienst rund um die Uhr!<\/h2>\n<\/div>\n<p>Ob Isolierverglasungen im Neubau, Reparaturverglasungen bis hin zu Ma\u00dfanfertigungen aller Art! Wir sind Ihr kompetenter Ansprechpartner und Ihre Glaserei. Unsere Mitarbeiter arbeiten im Sinne des Kunden und wechseln nach M\u00f6glichkeit nur das Glas aus. Das spart Ihnen unn\u00f6tige Ausgaben!<\/p>\n<p>F\u00fcr Ihren Schutz und Ihrer wirkvollen Einrichtung kommen u.a. einbruchshemmende Gl\u00e4ser zur Ausf\u00fchrung. Auch die mechanische Sicherung an Fenstern und T\u00fcren ist entscheidend!<\/p>\n<div class=\"csmm2\">\n<div class=\"dreispalten\">\n<p><em>Wir bieten neben Neuanfertigungen von Fenstern und T\u00fcren, nat\u00fcrlich auch Reparaturen an! Bei Wohnraumverglasung und anderen Projekten aus Glas erstellen wir nach Ihren W\u00fcnschen entsprechend eine Planung und setzen diese dann zeitnah um.<\/em><\/p>\n<\/div>\n<div class=\"dreispaltenr\">\n<p><em>Auch bei Glaszuschnitten und im Glashandel beraten wir Sie kompetent \u00fcber die zahlreichen Qualit\u00e4ten von Glas. Rufen Sie uns an! Zu unserem Service geh\u00f6rt auch der Sofortglasnotdienst. Gerade nach einem Glasbruch von Fensterscheiben ist er f\u00fcr Sie sehr wichtig. Wir haben eine gro\u00dfe Menge verschiedenster Glasarten auf Lager.<\/em><\/p>\n<\/div>\n<div class=\"dreispaltenr\">\n<p><em>Glas ist ein edler Werkstoff. Nicht nur im Wohnbereich kann er f\u00fcr edle Optik sorgen. Saubere Arbeit und termingetreue Abwicklung geh\u00f6ren auch dazu. Fragen Sie uns! Wir beraten Sie gern und finden eine L\u00f6sung und erf\u00fcllen sehr gern Ihre W\u00fcnsche.<\/em><\/p>\n<\/div>\n<\/div>\n<div class=\"clear\"><\/div>\n<p>Denn auf den folgenden Seiten erfahren Sie das wichtigste \u00fcber unser Unternehmen und unsere Leistungen. Falls Sie Fragen oder Interesse an unseren Dienstleistungen haben, nehmen Sie bitte Kontakt mit uns auf.<\/p>\n<p>Wir bieten unseren Kunden einen 24 Stunden Notdienst f\u00fcr Ihre Glassch\u00e4den. Pers\u00f6nliche Beratung, sowie zuverl\u00e4ssige Ausf\u00fchrung sind uns ebenso wichtig wie saubere Arbeit und termingetreue Abwicklung. <\/p>\n<p><img decoding=\"async\" src=\"https:\/\/www.schlossnotdienst-hamburg.de\/glasdienst-grindel\/wp-content\/uploads\/Glasnotdienst2020.jpg\" alt=\"Glasnotdienst\" \/><\/p>\n<p><strong>Rufen Sie uns an und zwar unter unserer 24-Stunden-Hotline: 040 &#8211; 44 79 85<\/strong><\/p>\n<div class=\"csmm\">\n<div class=\"zweispalten\">\n<p>Wenn es um Schl\u00fcsselnotdienst bzw. Schlossnotdienst geht, dann besuchen Sie bitte <a href=\"https:\/\/www.schluesseldienst-grindel.de\/\" target=\"_blank\" title=\"Schl\u00fcsseldienst Grindel aus Hamburg\" rel=\"noopener noreferrer\">www.schluesseldienst-grindel.de<\/a>!<\/p>\n<p>T\u00fcren und Fenster modernisieren statt austauschen!<\/p>\n<p>Wussten Sie, dass in 80% der F\u00e4lle ein Komplett-Austausch nicht notwendig ist?<\/p>\n<p>Zudem Sie dabei bis \u00fcber 50% Heizenergie sparen k\u00f6nnen?<\/p>\n<p>Hierdurch keine Zusatzkosten f\u00fcr Maurer- und Malerarbeiten anfallen?<\/p>\n<p>\u00dcberdies sind unsere Techniker schnell bei Ihnen vor Ort, zumal es keine teure Callcenter Telefonnummer gibt!<\/p>\n<p>Kurzum bieten wir saubere Arbeiten und Soforthilfe nach einem Einbruch, ebenso wie Notverglasung.<\/p>\n<p>Zudem werden zugefallene T\u00fcren in 95% aller F\u00e4lle ohne Zerst\u00f6rung des Profilzylinders ge\u00f6ffnet.<\/p><\/div>\n<div class=\"zweispalten\">\n<p><img decoding=\"async\" src=\"https:\/\/www.schlossnotdienst-hamburg.de\/glasdienst-grindel\/wp-content\/uploads\/glastuer.jpg\" alt=\"Glast\u00fcren\" \/><\/p>\n<\/div>\n<\/div>\n<div class=\"csmm\">\n<div class=\"zweispalten\">\n<h3>Faire Preise beim Glasnotdienst<\/h3>\n<p>Wir garantieren keine b\u00f6sen \u00dcberraschungen und wenn wir zu Ihnen heraus fahren dann rechnen wir pauschal ab.<\/p>\n<p>Ausserdem sind die Fahrtkosten sowie die MwSt. sind bei uns im Preis schon enthalten.<\/p>\n<p>Des Weiteren ist dieses unsere Garantie f\u00fcr faire Preise.<\/p>\n<p>Eine Notverglasung ist bei einem pl\u00f6tzlichen Bruch der Scheiben nicht wegzudenken.<\/p>\n<\/div>\n<div class=\"zweispalten\">\n<p><img decoding=\"async\" src=\"https:\/\/www.schlossnotdienst-hamburg.de\/glasdienst-grindel\/wp-content\/uploads\/Notverglasung.jpg\" alt=\"Notverglasung Glasnotdienst in Hamburg\" \/><\/p>\n<\/div>\n<\/div>\n","protected":false},"excerpt":{"rendered":"<p>Glasnotdienst Grindel in Hamburg Unser Glasnotdienst in Hamburg steht Ihnen rund um das Thema Glas mit Rat und Tat zur Seite. Wir bieten Ihnen jahrelange Erfahrung als Glasnotdienst in Hamburg und Umgebung. Auch bei individuellen W\u00fcnschen und Glaskonzepten sind wir Ihnen gerne behilflich. Rufen Sie uns einfach unter folgender Telefonnummer an: 040 &#8211; 44 79 &hellip; <a href=\"https:\/\/www.schlossnotdienst-hamburg.de\/glasdienst-grindel\/\" class=\"more-link\"><span class=\"screen-reader-text\">\u201eHome\u201c<\/span> weiterlesen<\/a><\/p>\n","protected":false},"author":1,"featured_media":0,"parent":0,"menu_order":0,"comment_status":"closed","ping_status":"closed","template":"","meta":{"footnotes":""},"class_list":["post-5","page","type-page","status-publish","hentry"],"yoast_head":"<!-- This site is optimized with the Yoast SEO plugin v23.1 - https:\/\/yoast.com\/wordpress\/plugins\/seo\/ -->\n<title>Glaserei Grindel 24h-Glasnotdienst Hamburg<\/title>\n<meta name=\"description\" content=\"Glaserei Grindel 24h-Glasnotdienst Hamburg, wir bieten unseren Kunden - und solchen die es werden wollen - Glasdienst Grindel.\" \/>\n<meta name=\"robots\" content=\"index, follow, max-snippet:-1, max-image-preview:large, max-video-preview:-1\" \/>\n<link rel=\"canonical\" href=\"https:\/\/www.schlossnotdienst-hamburg.de\/glasdienst-grindel\/\" \/>\n<meta property=\"og:locale\" content=\"de_DE\" \/>\n<meta property=\"og:type\" content=\"article\" \/>\n<meta property=\"og:title\" content=\"Glaserei Grindel 24h-Glasnotdienst Hamburg\" \/>\n<meta property=\"og:description\" content=\"Glaserei Grindel 24h-Glasnotdienst Hamburg, wir bieten unseren Kunden - und solchen die es werden wollen - Glasdienst Grindel.\" \/>\n<meta property=\"og:url\" content=\"https:\/\/www.schlossnotdienst-hamburg.de\/glasdienst-grindel\/\" \/>\n<meta property=\"og:site_name\" content=\"Glasdienst Grindel\" \/>\n<meta property=\"article:modified_time\" content=\"2023-12-04T11:34:31+00:00\" \/>\n<meta property=\"og:image\" content=\"https:\/\/www.schlossnotdienst-hamburg.de\/glasdienst-grindel\/wp-content\/uploads\/Glasnotdienstservice.jpg\" \/>\n<meta name=\"twitter:card\" content=\"summary_large_image\" \/>\n<meta name=\"twitter:label1\" content=\"Gesch\u00e4tzte Lesezeit\" \/>\n\t<meta name=\"twitter:data1\" content=\"4\u00a0Minuten\" \/>\n<script type=\"application\/ld+json\" class=\"yoast-schema-graph\">{\"@context\":\"https:\/\/schema.org\",\"@graph\":[{\"@type\":\"WebPage\",\"@id\":\"https:\/\/www.schlossnotdienst-hamburg.de\/glasdienst-grindel\/\",\"url\":\"https:\/\/www.schlossnotdienst-hamburg.de\/glasdienst-grindel\/\",\"name\":\"Glaserei Grindel 24h-Glasnotdienst Hamburg\",\"isPartOf\":{\"@id\":\"https:\/\/www.schlossnotdienst-hamburg.de\/glasdienst-grindel\/#website\"},\"primaryImageOfPage\":{\"@id\":\"https:\/\/www.schlossnotdienst-hamburg.de\/glasdienst-grindel\/#primaryimage\"},\"image\":{\"@id\":\"https:\/\/www.schlossnotdienst-hamburg.de\/glasdienst-grindel\/#primaryimage\"},\"thumbnailUrl\":\"https:\/\/www.schlossnotdienst-hamburg.de\/glasdienst-grindel\/wp-content\/uploads\/Glasnotdienstservice.jpg\",\"datePublished\":\"2023-05-28T10:51:07+00:00\",\"dateModified\":\"2023-12-04T11:34:31+00:00\",\"description\":\"Glaserei Grindel 24h-Glasnotdienst Hamburg, wir bieten unseren Kunden - und solchen die es werden wollen - Glasdienst Grindel.\",\"breadcrumb\":{\"@id\":\"https:\/\/www.schlossnotdienst-hamburg.de\/glasdienst-grindel\/#breadcrumb\"},\"inLanguage\":\"de\",\"potentialAction\":[{\"@type\":\"ReadAction\",\"target\":[\"https:\/\/www.schlossnotdienst-hamburg.de\/glasdienst-grindel\/\"]}]},{\"@type\":\"ImageObject\",\"inLanguage\":\"de\",\"@id\":\"https:\/\/www.schlossnotdienst-hamburg.de\/glasdienst-grindel\/#primaryimage\",\"url\":\"https:\/\/www.schlossnotdienst-hamburg.de\/glasdienst-grindel\/wp-content\/uploads\/Glasnotdienstservice.jpg\",\"contentUrl\":\"https:\/\/www.schlossnotdienst-hamburg.de\/glasdienst-grindel\/wp-content\/uploads\/Glasnotdienstservice.jpg\",\"width\":424,\"height\":283},{\"@type\":\"BreadcrumbList\",\"@id\":\"https:\/\/www.schlossnotdienst-hamburg.de\/glasdienst-grindel\/#breadcrumb\",\"itemListElement\":[{\"@type\":\"ListItem\",\"position\":1,\"name\":\"Startseite\",\"item\":\"https:\/\/www.schlossnotdienst-hamburg.de\/glasdienst-grindel\/\"},{\"@type\":\"ListItem\",\"position\":2,\"name\":\"Home\"}]},{\"@type\":\"WebSite\",\"@id\":\"https:\/\/www.schlossnotdienst-hamburg.de\/glasdienst-grindel\/#website\",\"url\":\"https:\/\/www.schlossnotdienst-hamburg.de\/glasdienst-grindel\/\",\"name\":\"Glasdienst Grindel\",\"description\":\"\",\"potentialAction\":[{\"@type\":\"SearchAction\",\"target\":{\"@type\":\"EntryPoint\",\"urlTemplate\":\"https:\/\/www.schlossnotdienst-hamburg.de\/glasdienst-grindel\/?s={search_term_string}\"},\"query-input\":\"required name=search_term_string\"}],\"inLanguage\":\"de\"}]}<\/script>\n<!-- \/ Yoast SEO plugin. -->","yoast_head_json":{"title":"Glaserei Grindel 24h-Glasnotdienst Hamburg","description":"Glaserei Grindel 24h-Glasnotdienst Hamburg, wir bieten unseren Kunden - und solchen die es werden wollen - Glasdienst Grindel.","robots":{"index":"index","follow":"follow","max-snippet":"max-snippet:-1","max-image-preview":"max-image-preview:large","max-video-preview":"max-video-preview:-1"},"canonical":"https:\/\/www.schlossnotdienst-hamburg.de\/glasdienst-grindel\/","og_locale":"de_DE","og_type":"article","og_title":"Glaserei Grindel 24h-Glasnotdienst Hamburg","og_description":"Glaserei Grindel 24h-Glasnotdienst Hamburg, wir bieten unseren Kunden - und solchen die es werden wollen - Glasdienst Grindel.","og_url":"https:\/\/www.schlossnotdienst-hamburg.de\/glasdienst-grindel\/","og_site_name":"Glasdienst Grindel","article_modified_time":"2023-12-04T11:34:31+00:00","og_image":[{"url":"https:\/\/www.schlossnotdienst-hamburg.de\/glasdienst-grindel\/wp-content\/uploads\/Glasnotdienstservice.jpg"}],"twitter_card":"summary_large_image","twitter_misc":{"Gesch\u00e4tzte Lesezeit":"4\u00a0Minuten"},"schema":{"@context":"https:\/\/schema.org","@graph":[{"@type":"WebPage","@id":"https:\/\/www.schlossnotdienst-hamburg.de\/glasdienst-grindel\/","url":"https:\/\/www.schlossnotdienst-hamburg.de\/glasdienst-grindel\/","name":"Glaserei Grindel 24h-Glasnotdienst Hamburg","isPartOf":{"@id":"https:\/\/www.schlossnotdienst-hamburg.de\/glasdienst-grindel\/#website"},"primaryImageOfPage":{"@id":"https:\/\/www.schlossnotdienst-hamburg.de\/glasdienst-grindel\/#primaryimage"},"image":{"@id":"https:\/\/www.schlossnotdienst-hamburg.de\/glasdienst-grindel\/#primaryimage"},"thumbnailUrl":"https:\/\/www.schlossnotdienst-hamburg.de\/glasdienst-grindel\/wp-content\/uploads\/Glasnotdienstservice.jpg","datePublished":"2023-05-28T10:51:07+00:00","dateModified":"2023-12-04T11:34:31+00:00","description":"Glaserei Grindel 24h-Glasnotdienst Hamburg, wir bieten unseren Kunden - und solchen die es werden wollen - Glasdienst Grindel.","breadcrumb":{"@id":"https:\/\/www.schlossnotdienst-hamburg.de\/glasdienst-grindel\/#breadcrumb"},"inLanguage":"de","potentialAction":[{"@type":"ReadAction","target":["https:\/\/www.schlossnotdienst-hamburg.de\/glasdienst-grindel\/"]}]},{"@type":"ImageObject","inLanguage":"de","@id":"https:\/\/www.schlossnotdienst-hamburg.de\/glasdienst-grindel\/#primaryimage","url":"https:\/\/www.schlossnotdienst-hamburg.de\/glasdienst-grindel\/wp-content\/uploads\/Glasnotdienstservice.jpg","contentUrl":"https:\/\/www.schlossnotdienst-hamburg.de\/glasdienst-grindel\/wp-content\/uploads\/Glasnotdienstservice.jpg","width":424,"height":283},{"@type":"BreadcrumbList","@id":"https:\/\/www.schlossnotdienst-hamburg.de\/glasdienst-grindel\/#breadcrumb","itemListElement":[{"@type":"ListItem","position":1,"name":"Startseite","item":"https:\/\/www.schlossnotdienst-hamburg.de\/glasdienst-grindel\/"},{"@type":"ListItem","position":2,"name":"Home"}]},{"@type":"WebSite","@id":"https:\/\/www.schlossnotdienst-hamburg.de\/glasdienst-grindel\/#website","url":"https:\/\/www.schlossnotdienst-hamburg.de\/glasdienst-grindel\/","name":"Glasdienst Grindel","description":"","potentialAction":[{"@type":"SearchAction","target":{"@type":"EntryPoint","urlTemplate":"https:\/\/www.schlossnotdienst-hamburg.de\/glasdienst-grindel\/?s={search_term_string}"},"query-input":"required name=search_term_string"}],"inLanguage":"de"}]}},"_links":{"self":[{"href":"https:\/\/www.schlossnotdienst-hamburg.de\/glasdienst-grindel\/wp-json\/wp\/v2\/pages\/5","targetHints":{"allow":["GET"]}}],"collection":[{"href":"https:\/\/www.schlossnotdienst-hamburg.de\/glasdienst-grindel\/wp-json\/wp\/v2\/pages"}],"about":[{"href":"https:\/\/www.schlossnotdienst-hamburg.de\/glasdienst-grindel\/wp-json\/wp\/v2\/types\/page"}],"author":[{"embeddable":true,"href":"https:\/\/www.schlossnotdienst-hamburg.de\/glasdienst-grindel\/wp-json\/wp\/v2\/users\/1"}],"replies":[{"embeddable":true,"href":"https:\/\/www.schlossnotdienst-hamburg.de\/glasdienst-grindel\/wp-json\/wp\/v2\/comments?post=5"}],"version-history":[{"count":15,"href":"https:\/\/www.schlossnotdienst-hamburg.de\/glasdienst-grindel\/wp-json\/wp\/v2\/pages\/5\/revisions"}],"predecessor-version":[{"id":104,"href":"https:\/\/www.schlossnotdienst-hamburg.de\/glasdienst-grindel\/wp-json\/wp\/v2\/pages\/5\/revisions\/104"}],"wp:attachment":[{"href":"https:\/\/www.schlossnotdienst-hamburg.de\/glasdienst-grindel\/wp-json\/wp\/v2\/media?parent=5"}],"curies":[{"name":"wp","href":"https:\/\/api.w.org\/{rel}","templated":true}]}}