{"id":22,"date":"2023-05-29T16:07:09","date_gmt":"2023-05-29T14:07:09","guid":{"rendered":"https:\/\/www.schlossnotdienst-hamburg.de\/glasdienst-grindel\/?page_id=22"},"modified":"2023-08-16T10:38:46","modified_gmt":"2023-08-16T08:38:46","slug":"fenstermodernisierung","status":"publish","type":"page","link":"https:\/\/www.schlossnotdienst-hamburg.de\/glasdienst-grindel\/fenstermodernisierung\/","title":{"rendered":"Fenstermodernisierung"},"content":{"rendered":"<h1>Fenstermodernisierung<\/h1>\n<p><strong>Fenstermodernisierung spart bares Geld und noch viel mehr!<\/strong><\/p>\n<p>Weit \u00fcber 70% aller Fensterverglasungen in Deutschland sind beispielsweise energetisch marode, also umweltsch\u00e4dlich!<\/p>\n<p><strong>Sind Ihre Fenster auch betroffen?<\/strong><\/p>\n<p>Das wissen Sie hingegen wahrscheinlich nicht einmal. Denn Ihr Glas sieht noch genau so gut aus wie immer. Gut aussehen bedeutet aber im Grunde genommen nicht gut d\u00e4mmen.<\/p>\n<p><strong>So wird zuerst modernisiert<\/strong><\/p>\n<p>Ihre alten Fenster werden mit einer modernen W\u00e4rmed\u00e4mmverglasung ausgestattet und die Dichtungen und Beschl\u00e4ge werden kontrolliert. Anschliessend nachgestellt und bei Erfordernis ausgetauscht.<\/p>\n<p><strong>Das Ergebnis ist eindeutig:<\/strong><\/p>\n<p>Bis zu 70% bessere W\u00e4rmed\u00e4mmwirkung ihrer \u201ealten\u201c Bestandsfenster und T\u00fcren. Fenstermodernisierung die sich wirklich lohnt!<\/p>\n<div class=\"abstand10\"> <\/div>\n<div id='gallery-1' class='gallery galleryid-22 gallery-columns-2 gallery-size-thumbnail'><figure class='gallery-item'>\n\t\t\t<div class='gallery-icon landscape'>\n\t\t\t\t<a href='https:\/\/www.schlossnotdienst-hamburg.de\/glasdienst-grindel\/wp-content\/uploads\/Fenstermodernisierung7.jpg'><img loading=\"lazy\" decoding=\"async\" width=\"150\" height=\"150\" src=\"https:\/\/www.schlossnotdienst-hamburg.de\/glasdienst-grindel\/wp-content\/uploads\/Fenstermodernisierung7-150x150.jpg\" class=\"attachment-thumbnail size-thumbnail\" alt=\"\" \/><\/a>\n\t\t\t<\/div><\/figure><figure class='gallery-item'>\n\t\t\t<div class='gallery-icon landscape'>\n\t\t\t\t<a href='https:\/\/www.schlossnotdienst-hamburg.de\/glasdienst-grindel\/wp-content\/uploads\/Fenstermodernisierung5.jpg'><img loading=\"lazy\" decoding=\"async\" width=\"150\" height=\"150\" src=\"https:\/\/www.schlossnotdienst-hamburg.de\/glasdienst-grindel\/wp-content\/uploads\/Fenstermodernisierung5-150x150.jpg\" class=\"attachment-thumbnail size-thumbnail\" alt=\"\" \/><\/a>\n\t\t\t<\/div><\/figure><figure class='gallery-item'>\n\t\t\t<div class='gallery-icon landscape'>\n\t\t\t\t<a href='https:\/\/www.schlossnotdienst-hamburg.de\/glasdienst-grindel\/wp-content\/uploads\/Fenstermodernisierung1.jpg'><img loading=\"lazy\" decoding=\"async\" width=\"150\" height=\"150\" src=\"https:\/\/www.schlossnotdienst-hamburg.de\/glasdienst-grindel\/wp-content\/uploads\/Fenstermodernisierung1-150x150.jpg\" class=\"attachment-thumbnail size-thumbnail\" alt=\"\" \/><\/a>\n\t\t\t<\/div><\/figure><figure class='gallery-item'>\n\t\t\t<div class='gallery-icon landscape'>\n\t\t\t\t<a href='https:\/\/www.schlossnotdienst-hamburg.de\/glasdienst-grindel\/wp-content\/uploads\/Fenstermodernisierung2.jpg'><img loading=\"lazy\" decoding=\"async\" width=\"150\" height=\"150\" src=\"https:\/\/www.schlossnotdienst-hamburg.de\/glasdienst-grindel\/wp-content\/uploads\/Fenstermodernisierung2-150x150.jpg\" class=\"attachment-thumbnail size-thumbnail\" alt=\"\" \/><\/a>\n\t\t\t<\/div><\/figure>\n\t\t<\/div>\n\n<div class=\"abstand10\"> <\/div>\n<p><strong>Das Plus an Sicherheit ist die effektive Einbruchhemmung<\/strong><\/p>\n<p>Schliesslich nehmen Wohnungseinbr\u00fcche st\u00e4ndig zu. Leicht zug\u00e4ngliche und technisch veraltete Fenster und T\u00fcren beg\u00fcnstigen diese Tatsache unn\u00f6tigerweise.<\/p>\n<p>Sicherheitsverriegelungen und Sicherheitsschlie\u00dfst\u00fccke wirken besonders einbruchhemmend. Der Vorteil ist die au\u00dfergew\u00f6hnliche Widerstandsf\u00e4higkeit gegen das Aushebeln ihrer Fenster.<\/p>\n<p>\u00dcbrigens erfolgen fast 80 % der Einbr\u00fcche in Einfamilienh\u00e4usern \u00fcber Fenster und Fenstert\u00fcren. Bei dem Gro\u00dfteil dieser Einbr\u00fcche werden Fensterrahmen aufgehebelt, oder aber die Verglasung zerst\u00f6rt. Wir bieten Ihnen eine Aufr\u00fcstung ihrer vorhandenen Fenster. Mit praxisgetesteten Sicherheitsbeschl\u00e4gen und Spezialverglasungen! Die zusammen nahezu un\u00fcberwindbare Sicherheitsvorkehrungen darstellen und die Abschreckung erh\u00f6hen. Denn die Statistik zeigt auch, dass 45 % der abgebrochenen Einbruchversuche aufgrund eingebauter Sicherungstechnik scheitern.<\/p>\n<h3>Was kosten neue Fenster und der entsprechende Fenstereinbau?<\/h3>\n<p>Immerhin stellen schlecht isolierte und alte Fenster eine gro\u00dfe L\u00fccke in der W\u00e4rmed\u00e4mmung eines Hauses dar. Eine Erneuerung der Fenster ist dann in jedem Fall \u00f6kologisch sinnvoll. Die Einsparungen der Kosten sind in den meisten F\u00e4llen so hoch, dass neue Fenster auch finanziell sehr lohnenswert sind. Wer ein Fenster sanieren m\u00f6chte, sollte sich zuerst \u00fcber den Sanierungsbedarf Gedanken machen. Weiterhin sinnvoll ist der Fensteraustausch bei einfach verglasten Fenstern, die sehr viel W\u00e4rme nach au\u00dfen dringen lassen. Bedenkt man obenrein, dass die Lebensdauer von Fenstern ca. 30 Jahre betr\u00e4gt, spart man mit modernen Fenstern folglich Geld ein.<\/p>\n<p>Deshalb helfen wir Ihnen gerne weiter! Mit anderen Worten unterst\u00fctzen wir Sie bei der Sanierung. Erfahren Sie mehr \u00fcber die Kosten und Preise f\u00fcr neue Fenster.<\/p>\n<p>Wir als Glaserei in Hamburg bieten Ihnen g\u00fcnstig schnell und kompetente L\u00f6sungen!<\/p>\n<p>Kurzum durch die Sanierung der Fenster werden hohe W\u00e4rmemengen eingespart. Auch eine staatliche F\u00f6rderung ist m\u00f6glich, welche durch einen Energieberater beantragt werden.<\/p>\n<p>Rufen Sie uns an: <span class=\\\"keinumbruch\\\"><a href=\\\"tel:+4940447985\\\"><strong>040 &#8211; 44 79 85<\/strong><\/a><\/span><br \/>\ne-Mail: <strong><a href=\\\"mailto:info@sicherheitstechnik-grindel.de\\\">info@sicherheitstechnik-grindel.de<\/a><\/strong><\/p>\n<p>Weiterhin empfehlen wir Ihnen den folgenden Notdienst f\u00fcr T\u00e4tigkeiten in anderen Aufgabengebieten:<br \/>\n<a href=\"http:\/\/www.schluesseldienst-grindel.de\/\">www.schluesseldienst-grindel.de<\/a> -> der Schl\u00fcsseldienst in Hamburg<\/p>\n","protected":false},"excerpt":{"rendered":"<p>Fenstermodernisierung Fenstermodernisierung spart bares Geld und noch viel mehr! Weit \u00fcber 70% aller Fensterverglasungen in Deutschland sind beispielsweise energetisch marode, also umweltsch\u00e4dlich! Sind Ihre Fenster auch betroffen? Das wissen Sie hingegen wahrscheinlich nicht einmal. Denn Ihr Glas sieht noch genau so gut aus wie immer. Gut aussehen bedeutet aber im Grunde genommen nicht gut d\u00e4mmen. &hellip; <a href=\"https:\/\/www.schlossnotdienst-hamburg.de\/glasdienst-grindel\/fenstermodernisierung\/\" class=\"more-link\"><span class=\"screen-reader-text\">\u201eFenstermodernisierung\u201c<\/span> weiterlesen<\/a><\/p>\n","protected":false},"author":1,"featured_media":0,"parent":0,"menu_order":40,"comment_status":"closed","ping_status":"closed","template":"","meta":{"footnotes":""},"class_list":["post-22","page","type-page","status-publish","hentry"],"yoast_head":"<!-- This site is optimized with the Yoast SEO plugin v23.1 - https:\/\/yoast.com\/wordpress\/plugins\/seo\/ -->\n<title>Fenstermodernisierung vom Glasdienst Grindel aus Hamburg<\/title>\n<meta name=\"description\" content=\"Fenstermodernisierung vom Glasdienst Grindel aus Hamburg spart bares Geld und noch viel mehr! G\u00fcnstige und kompetente L\u00f6sungen!\" \/>\n<meta name=\"robots\" content=\"index, follow, max-snippet:-1, max-image-preview:large, max-video-preview:-1\" \/>\n<link rel=\"canonical\" href=\"https:\/\/www.schlossnotdienst-hamburg.de\/glasdienst-grindel\/fenstermodernisierung\/\" \/>\n<meta property=\"og:locale\" content=\"de_DE\" \/>\n<meta property=\"og:type\" content=\"article\" \/>\n<meta property=\"og:title\" content=\"Fenstermodernisierung vom Glasdienst Grindel aus Hamburg\" \/>\n<meta property=\"og:description\" content=\"Fenstermodernisierung vom Glasdienst Grindel aus Hamburg spart bares Geld und noch viel mehr! G\u00fcnstige und kompetente L\u00f6sungen!\" \/>\n<meta property=\"og:url\" content=\"https:\/\/www.schlossnotdienst-hamburg.de\/glasdienst-grindel\/fenstermodernisierung\/\" \/>\n<meta property=\"og:site_name\" content=\"Glasdienst Grindel\" \/>\n<meta property=\"article:modified_time\" content=\"2023-08-16T08:38:46+00:00\" \/>\n<meta property=\"og:image\" content=\"https:\/\/www.schlossnotdienst-hamburg.de\/glasdienst-grindel\/wp-content\/uploads\/Fenstermodernisierung7-150x150.jpg\" \/>\n<meta name=\"twitter:card\" content=\"summary_large_image\" \/>\n<meta name=\"twitter:label1\" content=\"Gesch\u00e4tzte Lesezeit\" \/>\n\t<meta name=\"twitter:data1\" content=\"3\u00a0Minuten\" \/>\n<script type=\"application\/ld+json\" class=\"yoast-schema-graph\">{\"@context\":\"https:\/\/schema.org\",\"@graph\":[{\"@type\":\"WebPage\",\"@id\":\"https:\/\/www.schlossnotdienst-hamburg.de\/glasdienst-grindel\/fenstermodernisierung\/\",\"url\":\"https:\/\/www.schlossnotdienst-hamburg.de\/glasdienst-grindel\/fenstermodernisierung\/\",\"name\":\"Fenstermodernisierung vom Glasdienst Grindel aus Hamburg\",\"isPartOf\":{\"@id\":\"https:\/\/www.schlossnotdienst-hamburg.de\/glasdienst-grindel\/#website\"},\"datePublished\":\"2023-05-29T14:07:09+00:00\",\"dateModified\":\"2023-08-16T08:38:46+00:00\",\"description\":\"Fenstermodernisierung vom Glasdienst Grindel aus Hamburg spart bares Geld und noch viel mehr! G\u00fcnstige und kompetente L\u00f6sungen!\",\"breadcrumb\":{\"@id\":\"https:\/\/www.schlossnotdienst-hamburg.de\/glasdienst-grindel\/fenstermodernisierung\/#breadcrumb\"},\"inLanguage\":\"de\",\"potentialAction\":[{\"@type\":\"ReadAction\",\"target\":[\"https:\/\/www.schlossnotdienst-hamburg.de\/glasdienst-grindel\/fenstermodernisierung\/\"]}]},{\"@type\":\"BreadcrumbList\",\"@id\":\"https:\/\/www.schlossnotdienst-hamburg.de\/glasdienst-grindel\/fenstermodernisierung\/#breadcrumb\",\"itemListElement\":[{\"@type\":\"ListItem\",\"position\":1,\"name\":\"Startseite\",\"item\":\"https:\/\/www.schlossnotdienst-hamburg.de\/glasdienst-grindel\/\"},{\"@type\":\"ListItem\",\"position\":2,\"name\":\"Fenstermodernisierung\"}]},{\"@type\":\"WebSite\",\"@id\":\"https:\/\/www.schlossnotdienst-hamburg.de\/glasdienst-grindel\/#website\",\"url\":\"https:\/\/www.schlossnotdienst-hamburg.de\/glasdienst-grindel\/\",\"name\":\"Glasdienst Grindel\",\"description\":\"\",\"potentialAction\":[{\"@type\":\"SearchAction\",\"target\":{\"@type\":\"EntryPoint\",\"urlTemplate\":\"https:\/\/www.schlossnotdienst-hamburg.de\/glasdienst-grindel\/?s={search_term_string}\"},\"query-input\":\"required name=search_term_string\"}],\"inLanguage\":\"de\"}]}<\/script>\n<!-- \/ Yoast SEO plugin. -->","yoast_head_json":{"title":"Fenstermodernisierung vom Glasdienst Grindel aus Hamburg","description":"Fenstermodernisierung vom Glasdienst Grindel aus Hamburg spart bares Geld und noch viel mehr! G\u00fcnstige und kompetente L\u00f6sungen!","robots":{"index":"index","follow":"follow","max-snippet":"max-snippet:-1","max-image-preview":"max-image-preview:large","max-video-preview":"max-video-preview:-1"},"canonical":"https:\/\/www.schlossnotdienst-hamburg.de\/glasdienst-grindel\/fenstermodernisierung\/","og_locale":"de_DE","og_type":"article","og_title":"Fenstermodernisierung vom Glasdienst Grindel aus Hamburg","og_description":"Fenstermodernisierung vom Glasdienst Grindel aus Hamburg spart bares Geld und noch viel mehr! G\u00fcnstige und kompetente L\u00f6sungen!","og_url":"https:\/\/www.schlossnotdienst-hamburg.de\/glasdienst-grindel\/fenstermodernisierung\/","og_site_name":"Glasdienst Grindel","article_modified_time":"2023-08-16T08:38:46+00:00","og_image":[{"url":"https:\/\/www.schlossnotdienst-hamburg.de\/glasdienst-grindel\/wp-content\/uploads\/Fenstermodernisierung7-150x150.jpg"}],"twitter_card":"summary_large_image","twitter_misc":{"Gesch\u00e4tzte Lesezeit":"3\u00a0Minuten"},"schema":{"@context":"https:\/\/schema.org","@graph":[{"@type":"WebPage","@id":"https:\/\/www.schlossnotdienst-hamburg.de\/glasdienst-grindel\/fenstermodernisierung\/","url":"https:\/\/www.schlossnotdienst-hamburg.de\/glasdienst-grindel\/fenstermodernisierung\/","name":"Fenstermodernisierung vom Glasdienst Grindel aus Hamburg","isPartOf":{"@id":"https:\/\/www.schlossnotdienst-hamburg.de\/glasdienst-grindel\/#website"},"datePublished":"2023-05-29T14:07:09+00:00","dateModified":"2023-08-16T08:38:46+00:00","description":"Fenstermodernisierung vom Glasdienst Grindel aus Hamburg spart bares Geld und noch viel mehr! G\u00fcnstige und kompetente L\u00f6sungen!","breadcrumb":{"@id":"https:\/\/www.schlossnotdienst-hamburg.de\/glasdienst-grindel\/fenstermodernisierung\/#breadcrumb"},"inLanguage":"de","potentialAction":[{"@type":"ReadAction","target":["https:\/\/www.schlossnotdienst-hamburg.de\/glasdienst-grindel\/fenstermodernisierung\/"]}]},{"@type":"BreadcrumbList","@id":"https:\/\/www.schlossnotdienst-hamburg.de\/glasdienst-grindel\/fenstermodernisierung\/#breadcrumb","itemListElement":[{"@type":"ListItem","position":1,"name":"Startseite","item":"https:\/\/www.schlossnotdienst-hamburg.de\/glasdienst-grindel\/"},{"@type":"ListItem","position":2,"name":"Fenstermodernisierung"}]},{"@type":"WebSite","@id":"https:\/\/www.schlossnotdienst-hamburg.de\/glasdienst-grindel\/#website","url":"https:\/\/www.schlossnotdienst-hamburg.de\/glasdienst-grindel\/","name":"Glasdienst Grindel","description":"","potentialAction":[{"@type":"SearchAction","target":{"@type":"EntryPoint","urlTemplate":"https:\/\/www.schlossnotdienst-hamburg.de\/glasdienst-grindel\/?s={search_term_string}"},"query-input":"required name=search_term_string"}],"inLanguage":"de"}]}},"_links":{"self":[{"href":"https:\/\/www.schlossnotdienst-hamburg.de\/glasdienst-grindel\/wp-json\/wp\/v2\/pages\/22","targetHints":{"allow":["GET"]}}],"collection":[{"href":"https:\/\/www.schlossnotdienst-hamburg.de\/glasdienst-grindel\/wp-json\/wp\/v2\/pages"}],"about":[{"href":"https:\/\/www.schlossnotdienst-hamburg.de\/glasdienst-grindel\/wp-json\/wp\/v2\/types\/page"}],"author":[{"embeddable":true,"href":"https:\/\/www.schlossnotdienst-hamburg.de\/glasdienst-grindel\/wp-json\/wp\/v2\/users\/1"}],"replies":[{"embeddable":true,"href":"https:\/\/www.schlossnotdienst-hamburg.de\/glasdienst-grindel\/wp-json\/wp\/v2\/comments?post=22"}],"version-history":[{"count":5,"href":"https:\/\/www.schlossnotdienst-hamburg.de\/glasdienst-grindel\/wp-json\/wp\/v2\/pages\/22\/revisions"}],"predecessor-version":[{"id":73,"href":"https:\/\/www.schlossnotdienst-hamburg.de\/glasdienst-grindel\/wp-json\/wp\/v2\/pages\/22\/revisions\/73"}],"wp:attachment":[{"href":"https:\/\/www.schlossnotdienst-hamburg.de\/glasdienst-grindel\/wp-json\/wp\/v2\/media?parent=22"}],"curies":[{"name":"wp","href":"https:\/\/api.w.org\/{rel}","templated":true}]}}