{"id":11,"date":"2023-05-28T14:57:40","date_gmt":"2023-05-28T12:57:40","guid":{"rendered":"https:\/\/www.schlossnotdienst-hamburg.de\/glasdienst-grindel\/?page_id=11"},"modified":"2023-08-16T10:31:05","modified_gmt":"2023-08-16T08:31:05","slug":"datenschutz","status":"publish","type":"page","link":"https:\/\/www.schlossnotdienst-hamburg.de\/glasdienst-grindel\/datenschutz\/","title":{"rendered":"Datenschutz"},"content":{"rendered":"<h1>Datenschutzerkl\u00e4rung<\/h1>\n<p>Sie sollen sich bei Ihrem Besuch unserer Internet-Seiten sicher f\u00fchlen. Deshalb gilt f\u00fcr glasdienst-grindel.de, dass der Schutz Ihrer Privatsph\u00e4re f\u00fcr uns von h\u00f6chster Bedeutung ist. Deshalb ist das Einhalten der gesetzlichen Bestimmungen zum Datenschutz f\u00fcr uns selbstverst\u00e4ndlich. Dar\u00fcber hinaus ist es uns wichtig, dass Sie jederzeit wissen, wann wir welche Daten speichern und wie wir sie verwenden.<\/p>\n<p><strong>Cookies<\/strong><\/p>\n<p>Diese Internetseite verwendet keine Cookies.<\/p>\n<p><strong>Server-Log-Files<\/strong><\/p>\n<p>Der Provider der Seiten erhebt und speichert automatisch Informationen in so genannten Server-Log Files, die Ihr Browser automatisch an uns \u00fcbermittelt. Dies sind:<\/p>\n<p>IP-Adresse (anonymisiert)<br \/>\nBrowsertyp und Browserversion<br \/>\nverwendetes Betriebssystem<br \/>\nReferrer URL<br \/>\nBesuchte Seite<br \/>\nHostname des zugreifenden Rechners<br \/>\nDatum und Uhrzeit der Serveranfrage<\/p>\n<p>Zweck der Erhebung der Log-Files ist der Betrieb der Website, die Sicherheit sowie die Optimierung unseres Angebotes. Wir behalten uns vor, diese Daten nachtr\u00e4glich zu pr\u00fcfen, wenn uns konkrete Anhaltspunkte f\u00fcr eine rechtswidrige Nutzung bekannt werden.<\/p>\n<p><strong>Google Webfonts<\/strong><\/p>\n<p>Diese Seite verwendet zur Darstellung der Schrift teilweise sogenannte Webfonts. Diese werden von Google bereitgestellt (http:\/\/www.google.com\/webfonts\/). Dazu l\u00e4dt beim aufrufen unserer Seite ihr Browser die ben\u00f6tigte Webfont in ihren Browsercache. Dies ist notwendig damit auch ihr Browser eine optisch verbesserte Darstellung unserer Texte anzeigen kann. Wenn ihr Browser diese Funktion nicht unterst\u00fctzt, wird eine Standardschrift von ihrem Computer zur Anzeige genutzt.<\/p>\n<p>Weitergehende Informationen zu Google Webfonts finden sie unter <a href=\"\/\/developers.google.com\/fonts\/faq?hl=de-DE&amp;csw=1\\&quot;\" target=\"\\&quot;_blank\\&quot;\" rel=\"\\&quot;noopener noopener\">https:\/\/developers.google.com\/fonts\/faq?hl=de-DE&amp;csw=1<\/a><\/p>\n<p>Allgemeine Informationen zum Thema Datenschutz bei Google finden sie unter <a href=\"\/\/www.google.com\/intl\/de-DE\/policies\/privacy\/\\&quot;\" target=\"\\&quot;_blank\\&quot;\" rel=\"\\&quot;noopener noopener\">http:\/\/www.google.com\/intl\/de-DE\/policies\/privacy\/<\/a><\/p>\n<p><strong>e-Mail<\/strong><\/p>\n<p>Wenn Sie uns eine E-Mail senden, so speichern und verwenden wir Ihre personenbezogenen Nutzerdaten (wie Name, Post- oder E-Mail-Anschrift, Telefonnummer etc.) lediglich zur Durchf\u00fchrung der angebotenen Dienstleistungen und f\u00fcr die Korrespondenz mit Ihnen.<\/p>\n<p>Wenn Sie Daten mit einer ungesch\u00fctzten E-Mail an uns senden, so weisen wir darauf hin, dass dann diese Daten\u00fcbertragung \u00fcber das Internet ungesichert erfolgt und die Daten somit theoretisch von Unbefugten zur Kenntnis genommen oder auch verf\u00e4lscht werden k\u00f6nnen.<\/p>\n<p><strong>Ihre Rechte als betroffene Person<\/strong><\/p>\n<p>Soweit Ihre personenbezogenen Daten anl\u00e4sslich des Besuchs unserer Webseite verarbeitet werden, stehen Ihnen als \\&#8220;betroffene Person\\&#8220; im Sinne der DSGVO folgende Rechte zu:<\/p>\n<p><strong>Auskunft<\/strong><\/p>\n<p>Sie k\u00f6nnen von uns Auskunft dar\u00fcber verlangen, ob personenbezogene Daten von Ihnen bei uns verarbeitet werden. Kein Auskunftsrecht besteht, wenn die Erteilung der begehrten Informationen gegen die Verschwiegenheitspflicht gem. \u00a7 83 StBerG versto\u00dfen w\u00fcrde oder die Informationen aus sonstigen Gr\u00fcnden, insbesondere wegen eines \u00fcberwiegenden berechtigten Interesses eines Dritten, geheim gehalten werden m\u00fcssen. Hiervon abweichend kann eine Pflicht zur Erteilung der Auskunft bestehen, wenn insbesondere unter Ber\u00fccksichtigung drohender Sch\u00e4den Ihre Interessen gegen\u00fcber dem Geheimhaltungsinteresse \u00fcberwiegen. Das Auskunftsrecht ist ferner ausgeschlossen, wenn die Daten nur deshalb gespeichert sind, weil sie aufgrund gesetzlicher oder satzungsm\u00e4\u00dfiger Aufbewahrungsfristen nicht gel\u00f6scht werden d\u00fcrfen oder ausschlie\u00dflich Zwecken der Datensicherung oder der Datenschutzkontrolle dienen, sofern die Auskunftserteilung einen unverh\u00e4ltnism\u00e4\u00dfig hohen Aufwand erfordern w\u00fcrde und die Verarbeitung zu anderen Zwecken durch geeignete technische und organisatorische Ma\u00dfnahmen ausgeschlossen ist. Sofern in Ihrem Fall das Auskunftsrecht nicht ausgeschlossen ist und Ihre personenbezogenen Daten von uns verarbeitet werden, k\u00f6nnen Sie von uns Auskunft \u00fcber folgende Informationen verlangen:<\/p>\n<p>&#8211; Zwecke der Verarbeitung,<br \/>\n&#8211; Kategorien der von Ihnen verarbeiteten personenbezogenen Daten,<br \/>\n&#8211; Empf\u00e4nger oder Kategorien von Empf\u00e4ngern, gegen\u00fcber denen Ihre personenbezogenen Daten offen gelegt werden, insbesondere bei Empf\u00e4ngern in Drittl\u00e4ndern,<br \/>\n&#8211; falls m\u00f6glich die geplante Dauer, f\u00fcr die Ihre personenbezogenen Daten gespeichert werden oder, falls dies nicht m\u00f6glich ist, die Kriterien f\u00fcr die Festlegung der Speicherdauer,<br \/>\n&#8211; das Bestehen eines Rechts auf Berichtigung oder L\u00f6schung oder Einschr\u00e4nkung der Verarbeitung der Sie betreffenden personenbezogenen Daten oder eines Widerspruchsrechts gegen diese Verarbeitung,<br \/>\n&#8211; das Bestehen eines Beschwerderechts bei einer Aufsichtsbeh\u00f6rde f\u00fcr den Datenschutz,<br \/>\n&#8211; sofern die personenbezogenen Daten nicht bei Ihnen als betroffene Person erhoben worden sind, die verf\u00fcgbaren Informationen \u00fcber die Datenherkunft,<br \/>\n&#8211; ggf. das Bestehen einer automatisierten Entscheidungsfindung einschlie\u00dflich Profiling und aussagekr\u00e4ftige Informationen \u00fcber die involvierte Logik sowie die Tragweite und angestrebten Auswirkungen automatisierter Entscheidungsfindungen,<br \/>\n&#8211; ggf. im Fall der \u00dcbermittlung an Empf\u00e4nger in Drittl\u00e4ndern, sofern kein Beschluss der EU-Kommission \u00fcber die Angemessenheit des Schutzniveaus nach Art. 45 Abs. 3 DSGVO vorliegt, Informationen dar\u00fcber, welche geeigneten Garantien gem. Art. 46 Abs. 2 DSGVO zum Schutze der personenbezogenen Daten vorgesehen sind.<\/p>\n<p><strong>Berichtigung und Vervollst\u00e4ndigung<\/strong><\/p>\n<p>Sofern Sie feststellen, dass uns unrichtige personenbezogene Daten von Ihnen vorliegen, k\u00f6nnen Sie von uns die unverz\u00fcgliche Berichtigung dieser unrichtigen Daten verlangen. Bei unvollst\u00e4ndigen Sie betreffenden personenbezogenen Daten k\u00f6nnen sie die Vervollst\u00e4ndigung verlangen.<\/p>\n<p><strong>L\u00f6schung<\/strong><\/p>\n<p>Sie haben ein Recht auf L\u00f6schung (\\&#8220;Recht auf Vergessenwerden\\&#8220;), sofern die Verarbeitung nicht zur Aus\u00fcbung des Rechts auf freie Meinungs\u00e4u\u00dferung, des Rechts auf Information oder zur Erf\u00fcllung einer rechtlichen Verpflichtung oder zur Wahrnehmung einer Aufgabe, die im \u00f6ffentlichen Interesse liegt, erforderlich ist und einer der nachstehenden Gr\u00fcnde zutrifft:<\/p>\n<p>&#8211; Die personenbezogenen Daten sind f\u00fcr die Zwecke, f\u00fcr die sie verarbeitet wurden, nicht mehr notwendig.<br \/>\n&#8211; Die Rechtfertigungsgrundlage f\u00fcr die Verarbeitung war ausschlie\u00dflich Ihre Einwilligung, welche Sie widerrufen haben.<br \/>\n&#8211; Sie haben Widerspruch gegen die Verarbeitung Ihrer personenbezogenen Daten eingelegt, die wir \u00f6ffentlich gemacht haben.<br \/>\n&#8211; Sie haben Widerspruch gegen die Verarbeitung von uns nicht \u00f6ffentlich gemachter personenbezogener Daten eingelegt und es liegen keine vorrangigen berechtigten Gr\u00fcnde f\u00fcr die Verarbeitung vor.<br \/>\n&#8211; Ihre personenbezogenen Daten wurden unrechtm\u00e4\u00dfig verarbeitet.<br \/>\n&#8211; Die L\u00f6schung der personenbezogenen Daten ist zur Erf\u00fcllung einer gesetzlichen Verpflichtung, der wir unterliegen, erforderlich.<\/p>\n<p>Kein Anspruch auf L\u00f6schung besteht, wenn die L\u00f6schung im Falle rechtm\u00e4\u00dfiger nicht automatisierter Datenverarbeitung wegen der besonderen Art der Speicherung nicht oder nur mit unverh\u00e4ltnism\u00e4\u00dfig hohem Aufwand m\u00f6glich und Ihr Interesse an der L\u00f6schung gering ist. In diesem Fall tritt an die Stelle einer L\u00f6schung die Einschr\u00e4nkung der Verarbeitung.<\/p>\n<p><strong>Einschr\u00e4nkung der Verarbeitung<\/strong><\/p>\n<p>Sie k\u00f6nnen von uns die Einschr\u00e4nkung der Verarbeitung verlangen, wenn einer der nachstehenden Gr\u00fcnde zutrifft:<br \/>\n&#8211; Sie bestreiten die Richtigkeit der personenbezogenen Daten. Die Einschr\u00e4nkung kann in diesem Fall f\u00fcr die Dauer verlangt werden, die es uns erm\u00f6glicht, die Richtigkeit der Daten zu \u00fcberpr\u00fcfen.<br \/>\n&#8211; Die Verarbeitung ist unrechtm\u00e4\u00dfig und Sie verlangen statt L\u00f6schung die Einschr\u00e4nkung der Nutzung Ihrer personenbezogenen Daten.<br \/>\n&#8211; Ihre personenbezogenen Daten werden von uns nicht l\u00e4nger f\u00fcr die Zwecke der Verarbeitung ben\u00f6tigt, die Sie jedoch zur Geltendmachung, Aus\u00fcbung oder Verteidigung von Rechtsanspr\u00fcchen ben\u00f6tigen.<br \/>\n&#8211; Sie haben Widerspruch gem. Art. 21 Abs. 1 DSGVO eingelegt. Die Einschr\u00e4nkung der Verarbeitung kann solange verlangt werden, wie noch nicht feststeht, ob unsere berechtigten Gr\u00fcnde gegen\u00fcber Ihren Gr\u00fcnden \u00fcberwiegen.<br \/>\nEinschr\u00e4nkung der Verarbeitung bedeutet, dass die personenbezogenen Daten nur mit Ihrer Einwilligung oder zur Geltendmachung, Aus\u00fcbung oder Verteidigung von Rechtsanspr\u00fcchen oder zum Schutz der Rechte einer anderen nat\u00fcrlichen oder juristischen Person oder aus Gr\u00fcnden eines wichtigen \u00f6ffentlichen Interesses verarbeitet werden. Bevor wir die Einschr\u00e4nkung aufheben, haben wir die Pflicht, Sie dar\u00fcber zu unterrichten.<\/p>\n<p><strong>Daten\u00fcbertragbarkeit<\/strong><\/p>\n<p>Sie haben ein Recht auf Daten\u00fcbertragbarkeit, sofern die Verarbeitung auf Ihrer Einwilligung (Art. 6 Abs. 1 Satz 1 Buchst. a) oder Art. 9 Abs. 2 Buchst. a) DSGVO) oder auf einem Vertrag beruht, dessen Vertragspartei Sie sind und die Verarbeitung mithilfe automatisierter Verfahren erfolgt. Das Recht auf Daten\u00fcbertragbarkeit beinhaltet in diesem Fall folgende Rechte, sofern hierdurch nicht die Rechte und Freiheiten anderer Personen beeintr\u00e4chtigt werden:Sie k\u00f6nnen von uns verlangen, die personenbezogenen Daten, die Sie uns bereit gestellt haben, in einem strukturierten, g\u00e4ngigen und maschinenlesbaren Format zu erhalten. Sie haben das Recht, diese Daten einem anderen Verantwortlichen ohne Behinderung unserseits zu \u00fcbermitteln. Soweit technisch machbar, k\u00f6nnen Sie von uns verlangen, dass wir Ihre personenbezogenen Daten direkt an einen anderen Verantwortlichen \u00fcbermitteln.<\/p>\n<p><strong>Widerspruch<\/strong><\/p>\n<p>Sofern die Verarbeitung auf Art. 6 Abs. 1 Satz 1 Buchst. e) DSGVO (Wahrnehmung einer Aufgabe im \u00f6ffentlichen Interesse oder in Aus\u00fcbung \u00f6ffentlicher Gewalt) oder auf Art. 6 Abs. 1 Satz 1 Buchst. f) DSGVO (berechtigtes Interesse des Verantwortlichen oder eines Dritten) beruht, haben Sie das Recht, aus Gr\u00fcnden, die sich aus Ihrer besonderen Situation ergeben, jederzeit gegen die Verarbeitung der Sie betreffenden personenbezogenen Daten Widerspruch einzulegen. Das gilt auch f\u00fcr ein auf Art. 6 Abs. 1 Satz 1 Buchst. e) oder Buchst. f) DSGVO gest\u00fctztes Profiling. Nach Aus\u00fcbung des Widerspruchsrechts verarbeiten wir Ihre personenbezogenen Daten nicht mehr, es sei denn, wir k\u00f6nnen zwingende schutzw\u00fcrdige Gr\u00fcnde f\u00fcr die Verarbeitung nachweisen, die Ihre Interessen, Rechte und Freiheiten \u00fcberwiegen, oder die Verarbeitung dient der Geltendmachung, Aus\u00fcbung oder Verteidigung von Rechtsanspr\u00fcchen.<br \/>\nSie k\u00f6nnen jederzeit Widerspruch gegen die Verarbeitung der Sie betreffenden personenbezogenen Daten zu Zwecken der Direktwerbung einlegen. Das gilt auch f\u00fcr ein Profiling, das mit einer solchen Direktwerbung in Verbindung steht. Nach Aus\u00fcbung dieses Widerspruchsrechts werden wir die betreffenden personenbezogenen Daten nicht mehr f\u00fcr Zwecke der Direktwerbung verwenden.<br \/>\nSie haben die M\u00f6glichkeit, den Widerspruch telefonisch, per E-Mail oder an unsere Postadresse formlos mitzuteilen.<\/p>\n<p><strong>Widerruf einer Einwilligung<\/strong><\/p>\n<p>Sie haben das Recht, eine erteilte Einwilligung jederzeit mit Wirkung f\u00fcr die Zukunft zu widerrufen. Der Widerruf der Einwilligung kann telefonisch, per E-Mail, ggf. per Telefax oder an unsere Postadresse formlos mitgeteilt werden. Durch den Widerruf wird die Rechtm\u00e4\u00dfigkeit der Datenverarbeitung, die aufgrund der Einwilligung bis zum Eingang des Widerrufs erfolgt ist, nicht ber\u00fchrt. Nach Eingang des Widerrufs wird die Datenverarbeitung, die ausschlie\u00dflich auf Ihrer Einwilligung beruhte, eingestellt.<\/p>\n<p><strong>Beschwerde<\/strong><\/p>\n<p>Wenn Sie der Ansicht sind, dass die Verarbeitung der Sie betreffenden personenbezogenen Daten rechtswidrig ist, k\u00f6nnen Sie Beschwerde bei einer Aufsichtsbeh\u00f6rde f\u00fcr den Datenschutz einlegen, die f\u00fcr den Ort Ihres Aufenthaltes oder Arbeitsplatzes oder f\u00fcr den Ort des mutma\u00dflichen Versto\u00dfes zust\u00e4ndig ist.<\/p>\n<p><strong>Stand und Aktualisierung dieser Datenschutzerkl\u00e4rung<\/strong><\/p>\n<p>Diese Datenschutzerkl\u00e4rung hat den Stand vom 15.02.2023. Wir behalten uns vor, die Datenschutzerkl\u00e4rung zu gegebener Zeit zu aktualisieren, um den Datenschutz zu verbessern und\/oder an ge\u00e4nderte Beh\u00f6rdenpraxis oder Rechtsprechung anzupassen.<\/p>\n<p><strong>Google Analytics:<\/strong><br \/>\nglasdienst-grindel.de nutzt kein Google Analytics.<\/p>\n<p><strong>Sicherheit bei der Verarbeitung pers\u00f6nlicher Daten<\/strong><\/p>\n<p>Wir setzen technische und organisatorische Sicherheitsma\u00dfnahmen ein, um Ihre durch uns verwalteten Daten gegen zuf\u00e4llige oder vors\u00e4tzliche Manipulationen, Verlust, Zerst\u00f6rung oder gegen den Zugriff unberechtigter Personen zu sch\u00fctzen.<\/p>\n<p>Unsere Sicherheitsma\u00dfnahmen werden entsprechend der technologischen Entwicklung fortlaufend verbessert.<\/p>\n<p><strong>Nutzung pers\u00f6nlicher Daten<\/strong><\/p>\n<p>Personenbezogene Daten werden von uns erhoben, verarbeitet und genutzt, soweit dies zur Durchf\u00fchrung der angebotenen Dienstleistungen erforderlich ist. Ferner geschieht dies, um zu pr\u00fcfen, ob Sie auf gesch\u00fctzte Internet-Seiten Zugriff nehmen d\u00fcrfen.<\/p>\n<p>Dar\u00fcber hinaus verwenden wir diese Daten gegebenenfalls zus\u00e4tzlich zu dem jeweils im Kontaktformular angegebenen Zweck, soweit Sie uns hierzu Ihre Einwilligung erteilt haben.<\/p>\n<p><strong>Nutzung anonymer statistischer Daten<\/strong><\/p>\n<p>Allgemeine Daten im Zusammenhang mit der Nutzung dieser Internet-Seiten (wie z.B. Zahl der Besuche, besuchte Seiten, Nutzungsdauer) werden von uns gespeichert und analysiert, um die Akzeptanz der einzelnen Internet-Seiten zu pr\u00fcfen. Sofern nicht anders angegeben, erfolgt die Erhebung dieser Daten in anonymisierter Form zu statistischen und Marktforschungszwecken. Wir behalten uns vor, diese Daten intern sowie extern zu verwenden.<\/p>\n<p><strong><br \/>\n<\/strong><strong>Weitergabe personenbezogener Informationen an Dritte<\/strong><\/p>\n<p>Wir wissen das von Ihnen entgegengebrachte Vertrauen zu sch\u00e4tzen und wenden \u00e4u\u00dferste Sorgfalt an, um Ihre pers\u00f6nlichen Angaben zu sch\u00fctzen.<\/p>\n<p>Wir verwenden Ihre personenbezogenen Informationen nur f\u00fcr interne Zwecke im Zuge der Kundenbeziehung und geben sie ansonsten nicht an Dritte weiter, bevor wir nicht Ihr ausdr\u00fcckliches Einverst\u00e4ndnis dazu eingeholt haben.<\/p>\n<p>Erhebungen von pers\u00f6nlichen Daten bzw. deren \u00dcbermittlungen an auskunftsberechtigte staatliche Einrichtungen und Beh\u00f6rden erfolgen nur im Rahmen zwingender Rechtsvorschriften bzw. sofern wir per Gerichtsbeschluss dazu verpflichtet werden.<\/p>\n<p>Unsere Partner sind von uns zur Verschwiegenheit und zur Einhaltung der Datenschutzbestimmungen und unserer Richtlinien verpflichtet.<\/p>\n<p><strong>Auskunftsrecht<\/strong><\/p>\n<p>Auf Wunsch erhalten Sie unentgeltlich Auskunft \u00fcber alle personenbezogenen Daten, die wir \u00fcber Sie gespeichert haben.<\/p>\n<p>Dar\u00fcber hinaus haben Sie die M\u00f6glichkeit, etwaige Fehler und unzutreffende Daten berichtigen, l\u00f6schen oder sperren zu lassen.<\/p>\n<p><strong>Widerruf<\/strong><\/p>\n<p>Ferner k\u00f6nnen Sie eine einmal erteilte Einwilligung zur Erhebung, Verarbeitung und Nutzung Ihrer personenbezogenen Daten jederzeit mit Wirkung f\u00fcr die Zukunft widerrufen. Wenn Sie uns personenbezogene Daten \u00fcberlassen, haben Sie jederzeit die M\u00f6glichkeit, diese einfach wieder l\u00f6schen zu lassen. Benutzen Sie in diesem Fall das am jeweiligen Ort vorhandene Formular zum Abmelden. Nach Best\u00e4tigung der Sicherheitsabfrage werden alle Ihre Daten zu diesem Service bei uns unwiederbringlich gel\u00f6scht.<\/p>\n<p>Firmentechnisch erforderliche Kundendaten oder sonstige von Ihnen freiwillig gelieferte Daten (z.B. f\u00fcr die Beantwortung einer Frage) sind von einer K\u00fcndigung eines Internet-Informationsdienstes beziehungsweise von einer L\u00f6schung nicht ber\u00fchrt.<\/p>\n<p><strong>Neuerungen<\/strong><\/p>\n<p>Die schnelle Entwicklung des Internets macht von Zeit zu Zeit Anpassungen in meinen Richtlinien \u00fcber die Privatsph\u00e4re \/ meiner Privacy Policy erforderlich. Sie werden an dieser Stelle \u00fcber die jeweiligen Neuerungen informiert.<\/p>\n<p>Obwohl wir nicht vorhaben, unsere Richtlinien \u00fcber die Privatsph\u00e4re oft zu \u00e4ndern, so ist es sinnvoll, wenn Sie bei Ihren Besuchen auf unseren Seiten, diese regelm\u00e4\u00dfig auf \u00c4nderungen \u00fcberpr\u00fcfen. So k\u00f6nnen Sie sicherstellen, dass Sie die aktuellen Richtlinien gelesen haben und diesen zustimmen.<\/p>\n<p>S\u00e4mtliche \u00c4nderungen in den Richtlinien \u00fcber die Privatsph\u00e4re werden vorausschauend sein. Wir werden keine r\u00fcckwirkenden \u00c4nderungen durchf\u00fchren, au\u00dfer dies wird vom Gesetzgeber vorgeschrieben.<\/p>\n<p><strong>Fragen, Anregungen, Kommentare<\/strong><\/p>\n<p>Wenn Sie Fragen hinsichtlich der Verarbeitung Ihrer pers\u00f6nlichen Daten oder zum Thema Datenschutz allgemein haben, k\u00f6nnen Sie sich an uns wenden. Wir helfen Ihnen auch im Falle von Auskunftsersuchen, Anregungen oder Beschwerden weiter.<\/p>\n<p>Stand: 15.02.2023<\/p>\n","protected":false},"excerpt":{"rendered":"<p>Datenschutzerkl\u00e4rung Sie sollen sich bei Ihrem Besuch unserer Internet-Seiten sicher f\u00fchlen. Deshalb gilt f\u00fcr glasdienst-grindel.de, dass der Schutz Ihrer Privatsph\u00e4re f\u00fcr uns von h\u00f6chster Bedeutung ist. Deshalb ist das Einhalten der gesetzlichen Bestimmungen zum Datenschutz f\u00fcr uns selbstverst\u00e4ndlich. Dar\u00fcber hinaus ist es uns wichtig, dass Sie jederzeit wissen, wann wir welche Daten speichern und wie &hellip; <a href=\"https:\/\/www.schlossnotdienst-hamburg.de\/glasdienst-grindel\/datenschutz\/\" class=\"more-link\"><span class=\"screen-reader-text\">\u201eDatenschutz\u201c<\/span> weiterlesen<\/a><\/p>\n","protected":false},"author":1,"featured_media":0,"parent":0,"menu_order":90,"comment_status":"closed","ping_status":"closed","template":"","meta":{"footnotes":""},"class_list":["post-11","page","type-page","status-publish","hentry"],"yoast_head":"<!-- This site is optimized with the Yoast SEO plugin v23.1 - https:\/\/yoast.com\/wordpress\/plugins\/seo\/ -->\n<title>Datenschutz - Glasdienst Grindel<\/title>\n<meta name=\"description\" content=\"Datenschutz Sicherheitstechnik Grindel aus Hamburg\" \/>\n<meta name=\"robots\" content=\"index, follow, max-snippet:-1, max-image-preview:large, max-video-preview:-1\" \/>\n<link rel=\"canonical\" href=\"https:\/\/www.schlossnotdienst-hamburg.de\/glasdienst-grindel\/datenschutz\/\" \/>\n<meta property=\"og:locale\" content=\"de_DE\" \/>\n<meta property=\"og:type\" content=\"article\" \/>\n<meta property=\"og:title\" content=\"Datenschutz - Glasdienst Grindel\" \/>\n<meta property=\"og:description\" content=\"Datenschutz Sicherheitstechnik Grindel aus Hamburg\" \/>\n<meta property=\"og:url\" content=\"https:\/\/www.schlossnotdienst-hamburg.de\/glasdienst-grindel\/datenschutz\/\" \/>\n<meta property=\"og:site_name\" content=\"Glasdienst Grindel\" \/>\n<meta property=\"article:modified_time\" content=\"2023-08-16T08:31:05+00:00\" \/>\n<meta name=\"twitter:card\" content=\"summary_large_image\" \/>\n<meta name=\"twitter:label1\" content=\"Gesch\u00e4tzte Lesezeit\" \/>\n\t<meta name=\"twitter:data1\" content=\"12\u00a0Minuten\" \/>\n<script type=\"application\/ld+json\" class=\"yoast-schema-graph\">{\"@context\":\"https:\/\/schema.org\",\"@graph\":[{\"@type\":\"WebPage\",\"@id\":\"https:\/\/www.schlossnotdienst-hamburg.de\/glasdienst-grindel\/datenschutz\/\",\"url\":\"https:\/\/www.schlossnotdienst-hamburg.de\/glasdienst-grindel\/datenschutz\/\",\"name\":\"Datenschutz - Glasdienst Grindel\",\"isPartOf\":{\"@id\":\"https:\/\/www.schlossnotdienst-hamburg.de\/glasdienst-grindel\/#website\"},\"datePublished\":\"2023-05-28T12:57:40+00:00\",\"dateModified\":\"2023-08-16T08:31:05+00:00\",\"description\":\"Datenschutz Sicherheitstechnik Grindel aus Hamburg\",\"breadcrumb\":{\"@id\":\"https:\/\/www.schlossnotdienst-hamburg.de\/glasdienst-grindel\/datenschutz\/#breadcrumb\"},\"inLanguage\":\"de\",\"potentialAction\":[{\"@type\":\"ReadAction\",\"target\":[\"https:\/\/www.schlossnotdienst-hamburg.de\/glasdienst-grindel\/datenschutz\/\"]}]},{\"@type\":\"BreadcrumbList\",\"@id\":\"https:\/\/www.schlossnotdienst-hamburg.de\/glasdienst-grindel\/datenschutz\/#breadcrumb\",\"itemListElement\":[{\"@type\":\"ListItem\",\"position\":1,\"name\":\"Startseite\",\"item\":\"https:\/\/www.schlossnotdienst-hamburg.de\/glasdienst-grindel\/\"},{\"@type\":\"ListItem\",\"position\":2,\"name\":\"Datenschutz\"}]},{\"@type\":\"WebSite\",\"@id\":\"https:\/\/www.schlossnotdienst-hamburg.de\/glasdienst-grindel\/#website\",\"url\":\"https:\/\/www.schlossnotdienst-hamburg.de\/glasdienst-grindel\/\",\"name\":\"Glasdienst Grindel\",\"description\":\"\",\"potentialAction\":[{\"@type\":\"SearchAction\",\"target\":{\"@type\":\"EntryPoint\",\"urlTemplate\":\"https:\/\/www.schlossnotdienst-hamburg.de\/glasdienst-grindel\/?s={search_term_string}\"},\"query-input\":\"required name=search_term_string\"}],\"inLanguage\":\"de\"}]}<\/script>\n<!-- \/ Yoast SEO plugin. -->","yoast_head_json":{"title":"Datenschutz - Glasdienst Grindel","description":"Datenschutz Sicherheitstechnik Grindel aus Hamburg","robots":{"index":"index","follow":"follow","max-snippet":"max-snippet:-1","max-image-preview":"max-image-preview:large","max-video-preview":"max-video-preview:-1"},"canonical":"https:\/\/www.schlossnotdienst-hamburg.de\/glasdienst-grindel\/datenschutz\/","og_locale":"de_DE","og_type":"article","og_title":"Datenschutz - Glasdienst Grindel","og_description":"Datenschutz Sicherheitstechnik Grindel aus Hamburg","og_url":"https:\/\/www.schlossnotdienst-hamburg.de\/glasdienst-grindel\/datenschutz\/","og_site_name":"Glasdienst Grindel","article_modified_time":"2023-08-16T08:31:05+00:00","twitter_card":"summary_large_image","twitter_misc":{"Gesch\u00e4tzte Lesezeit":"12\u00a0Minuten"},"schema":{"@context":"https:\/\/schema.org","@graph":[{"@type":"WebPage","@id":"https:\/\/www.schlossnotdienst-hamburg.de\/glasdienst-grindel\/datenschutz\/","url":"https:\/\/www.schlossnotdienst-hamburg.de\/glasdienst-grindel\/datenschutz\/","name":"Datenschutz - Glasdienst Grindel","isPartOf":{"@id":"https:\/\/www.schlossnotdienst-hamburg.de\/glasdienst-grindel\/#website"},"datePublished":"2023-05-28T12:57:40+00:00","dateModified":"2023-08-16T08:31:05+00:00","description":"Datenschutz Sicherheitstechnik Grindel aus Hamburg","breadcrumb":{"@id":"https:\/\/www.schlossnotdienst-hamburg.de\/glasdienst-grindel\/datenschutz\/#breadcrumb"},"inLanguage":"de","potentialAction":[{"@type":"ReadAction","target":["https:\/\/www.schlossnotdienst-hamburg.de\/glasdienst-grindel\/datenschutz\/"]}]},{"@type":"BreadcrumbList","@id":"https:\/\/www.schlossnotdienst-hamburg.de\/glasdienst-grindel\/datenschutz\/#breadcrumb","itemListElement":[{"@type":"ListItem","position":1,"name":"Startseite","item":"https:\/\/www.schlossnotdienst-hamburg.de\/glasdienst-grindel\/"},{"@type":"ListItem","position":2,"name":"Datenschutz"}]},{"@type":"WebSite","@id":"https:\/\/www.schlossnotdienst-hamburg.de\/glasdienst-grindel\/#website","url":"https:\/\/www.schlossnotdienst-hamburg.de\/glasdienst-grindel\/","name":"Glasdienst Grindel","description":"","potentialAction":[{"@type":"SearchAction","target":{"@type":"EntryPoint","urlTemplate":"https:\/\/www.schlossnotdienst-hamburg.de\/glasdienst-grindel\/?s={search_term_string}"},"query-input":"required name=search_term_string"}],"inLanguage":"de"}]}},"_links":{"self":[{"href":"https:\/\/www.schlossnotdienst-hamburg.de\/glasdienst-grindel\/wp-json\/wp\/v2\/pages\/11","targetHints":{"allow":["GET"]}}],"collection":[{"href":"https:\/\/www.schlossnotdienst-hamburg.de\/glasdienst-grindel\/wp-json\/wp\/v2\/pages"}],"about":[{"href":"https:\/\/www.schlossnotdienst-hamburg.de\/glasdienst-grindel\/wp-json\/wp\/v2\/types\/page"}],"author":[{"embeddable":true,"href":"https:\/\/www.schlossnotdienst-hamburg.de\/glasdienst-grindel\/wp-json\/wp\/v2\/users\/1"}],"replies":[{"embeddable":true,"href":"https:\/\/www.schlossnotdienst-hamburg.de\/glasdienst-grindel\/wp-json\/wp\/v2\/comments?post=11"}],"version-history":[{"count":4,"href":"https:\/\/www.schlossnotdienst-hamburg.de\/glasdienst-grindel\/wp-json\/wp\/v2\/pages\/11\/revisions"}],"predecessor-version":[{"id":59,"href":"https:\/\/www.schlossnotdienst-hamburg.de\/glasdienst-grindel\/wp-json\/wp\/v2\/pages\/11\/revisions\/59"}],"wp:attachment":[{"href":"https:\/\/www.schlossnotdienst-hamburg.de\/glasdienst-grindel\/wp-json\/wp\/v2\/media?parent=11"}],"curies":[{"name":"wp","href":"https:\/\/api.w.org\/{rel}","templated":true}]}}